{"id":29532,"date":"2026-02-05T11:08:36","date_gmt":"2026-02-05T10:08:36","guid":{"rendered":"https:\/\/browsomepro.com\/?post_type=product&#038;p=29532"},"modified":"2026-03-23T13:18:20","modified_gmt":"2026-03-23T12:18:20","slug":"noemi-free-lift-step-1","status":"publish","type":"product","link":"https:\/\/browsomepro.com\/hr\/proizvod\/noemi-free-lift-step-1\/","title":{"rendered":"NOEMI &#8211; Free Lift STEP 1"},"content":{"rendered":"\t\t<div data-elementor-type=\"product-post\" data-elementor-id=\"29532\" class=\"elementor elementor-29532 elementor-29531\" data-elementor-post-type=\"product\">\n\t\t\t\t<div class=\"elementor-element elementor-element-51712047 e-flex e-con-boxed e-con e-parent\" data-id=\"51712047\" data-element_type=\"container\">\n\t\t\t\t\t<div class=\"e-con-inner\">\n\t\t<div class=\"elementor-element elementor-element-845825a e-con-full e-flex e-con e-child\" data-id=\"845825a\" data-element_type=\"container\">\n\t\t\t\t<div class=\"elementor-element elementor-element-218a9f3e elementor-widget elementor-widget-image\" data-id=\"218a9f3e\" data-element_type=\"widget\" data-widget_type=\"image.default\">\n\t\t\t\t<div class=\"elementor-widget-container\">\n\t\t\t\t\t\t\t\t\t\t\t\t\t\t\t<img fetchpriority=\"high\" decoding=\"async\" width=\"2048\" height=\"2048\" src=\"https:\/\/browsomepro.com\/wp-content\/uploads\/2026\/02\/hf_20260205_100946_f823a47f-0b12-4972-b2e9-e10d355db69d.png\" class=\"attachment-full size-full wp-image-29546\" alt=\"\" srcset=\"https:\/\/browsomepro.com\/wp-content\/uploads\/2026\/02\/hf_20260205_100946_f823a47f-0b12-4972-b2e9-e10d355db69d.png 2048w, https:\/\/browsomepro.com\/wp-content\/uploads\/2026\/02\/hf_20260205_100946_f823a47f-0b12-4972-b2e9-e10d355db69d-300x300.png 300w, https:\/\/browsomepro.com\/wp-content\/uploads\/2026\/02\/hf_20260205_100946_f823a47f-0b12-4972-b2e9-e10d355db69d-1024x1024.png 1024w, https:\/\/browsomepro.com\/wp-content\/uploads\/2026\/02\/hf_20260205_100946_f823a47f-0b12-4972-b2e9-e10d355db69d-150x150.png 150w, https:\/\/browsomepro.com\/wp-content\/uploads\/2026\/02\/hf_20260205_100946_f823a47f-0b12-4972-b2e9-e10d355db69d-768x768.png 768w, https:\/\/browsomepro.com\/wp-content\/uploads\/2026\/02\/hf_20260205_100946_f823a47f-0b12-4972-b2e9-e10d355db69d-1536x1536.png 1536w, https:\/\/browsomepro.com\/wp-content\/uploads\/2026\/02\/hf_20260205_100946_f823a47f-0b12-4972-b2e9-e10d355db69d-990x990.png 990w, https:\/\/browsomepro.com\/wp-content\/uploads\/2026\/02\/hf_20260205_100946_f823a47f-0b12-4972-b2e9-e10d355db69d-441x441.png 441w, https:\/\/browsomepro.com\/wp-content\/uploads\/2026\/02\/hf_20260205_100946_f823a47f-0b12-4972-b2e9-e10d355db69d-100x100.png 100w, https:\/\/browsomepro.com\/wp-content\/uploads\/2026\/02\/hf_20260205_100946_f823a47f-0b12-4972-b2e9-e10d355db69d-800x800.png 800w\" sizes=\"(max-width: 360px) 147px, (max-width: 2048px) 100vw, 2048px\" \/>\t\t\t\t\t\t\t\t\t\t\t\t\t\t\t<\/div>\n\t\t\t\t<\/div>\n\t\t\t\t<\/div>\n\t\t<div class=\"elementor-element elementor-element-7bcdd384 e-con-full e-flex e-con e-child\" data-id=\"7bcdd384\" data-element_type=\"container\" data-settings=\"{&quot;background_background&quot;:&quot;classic&quot;}\">\n\t\t\t\t<div class=\"elementor-element elementor-element-4a52f4eb elementor-widget elementor-widget-heading\" data-id=\"4a52f4eb\" data-element_type=\"widget\" data-widget_type=\"heading.default\">\n\t\t\t\t<div class=\"elementor-widget-container\">\n\t\t\t\t\t<h2 class=\"elementor-heading-title elementor-size-default\">Bez ljepila. Bez balma.  <\/h2>\t\t\t\t<\/div>\n\t\t\t\t<\/div>\n\t\t\t\t<div class=\"elementor-element elementor-element-22a19f91 elementor-widget elementor-widget-text-editor\" data-id=\"22a19f91\" data-element_type=\"widget\" data-widget_type=\"text-editor.default\">\n\t\t\t\t<div class=\"elementor-widget-container\">\n\t\t\t\t\t\t\t\t\t<p data-start=\"146\" data-end=\"284\"><span data-start=\"146\" data-end=\"158\"><b>FREELIFT<\/b><\/span> je<b> prvi lash lift i brow lamination sustav<\/b> na svijetu <strong data-start=\"180\" data-end=\"230\">bez ljepila<\/strong>, <strong data-start=\"255\" data-end=\"283\">pokretan naprednom Cysteamine &amp; TGA formulom.<\/strong><\/p>\n<p data-start=\"286\" data-end=\"495\">Gusta, samofiksiraju\u0107a tekstura omogu\u0107uje da se <strong data-start=\"338\" data-end=\"406\">trepavice izravno prianjaju uz lifting blazinicu bez ljepila ili balma<\/strong>, osiguravaju\u0107i \u010di\u0161\u0107i rad, br\u017eu aplikaciju i savr\u0161eno kontrolirane rezultate lash lifta.<\/p>\n<p data-start=\"497\" data-end=\"657\">Oboga\u0107en <strong data-start=\"511\" data-end=\"569\">Cetearyl Alcoholom, CS-20, Isopropyl Myristateom i ureom<\/strong>, FREELIFT njeguje i \u0161titi dlaku, istovremeno pru\u017eaju\u0107i nje\u017ean, ali u\u010dinkovit lifting rezultat.<\/p>\n<p data-start=\"659\" data-end=\"846\"><img decoding=\"async\" class=\"emoji\" role=\"img\" draggable=\"false\" src=\"https:\/\/s.w.org\/images\/core\/emoji\/17.0.2\/svg\/2714.svg\" alt=\"\u2714\"> Pogodno <strong data-start=\"674\" data-end=\"698\">za klasi\u010dni lash lift<\/strong><strong data-start=\"703\" data-end=\"733\"> i napredne korejske tehnike.<\/strong><br data-start=\"733\" data-end=\"736\"><img decoding=\"async\" class=\"emoji\" role=\"img\" draggable=\"false\" src=\"https:\/\/s.w.org\/images\/core\/emoji\/17.0.2\/svg\/2714.svg\" alt=\"\u2714\"><strong data-start=\"738\" data-end=\"773\">Nisu potrebni dodatni proizvodi.&nbsp;<\/strong><\/p>\t\t\t\t\t\t\t\t<\/div>\n\t\t\t\t<\/div>\n\t\t\t\t<div class=\"elementor-element elementor-element-1edce71 elementor-widget elementor-widget-toggle\" data-id=\"1edce71\" data-element_type=\"widget\" data-widget_type=\"toggle.default\">\n\t\t\t\t<div class=\"elementor-widget-container\">\n\t\t\t\t\t\t\t<div class=\"elementor-toggle\">\n\t\t\t\t\t\t\t<div class=\"elementor-toggle-item\">\n\t\t\t\t\t<div id=\"elementor-tab-title-3231\" class=\"elementor-tab-title\" data-tab=\"1\" role=\"button\" aria-controls=\"elementor-tab-content-3231\" aria-expanded=\"false\">\n\t\t\t\t\t\t\t\t\t\t\t\t<span class=\"elementor-toggle-icon elementor-toggle-icon-left\" aria-hidden=\"true\">\n\t\t\t\t\t\t\t\t\t\t\t\t\t\t\t<span class=\"elementor-toggle-icon-closed\"><svg class=\"e-font-icon-svg e-fas-caret-right\" viewBox=\"0 0 192 512\" xmlns=\"http:\/\/www.w3.org\/2000\/svg\"><path d=\"M0 384.662V127.338c0-17.818 21.543-26.741 34.142-14.142l128.662 128.662c7.81 7.81 7.81 20.474 0 28.284L34.142 398.804C21.543 411.404 0 402.48 0 384.662z\"><\/path><\/svg><\/span>\n\t\t\t\t\t\t\t\t<span class=\"elementor-toggle-icon-opened\"><svg class=\"elementor-toggle-icon-opened e-font-icon-svg e-fas-caret-up\" viewBox=\"0 0 320 512\" xmlns=\"http:\/\/www.w3.org\/2000\/svg\"><path d=\"M288.662 352H31.338c-17.818 0-26.741-21.543-14.142-34.142l128.662-128.662c7.81-7.81 20.474-7.81 28.284 0l128.662 128.662c12.6 12.599 3.676 34.142-14.142 34.142z\"><\/path><\/svg><\/span>\n\t\t\t\t\t\t\t\t\t\t\t\t\t<\/span>\n\t\t\t\t\t\t\t\t\t\t\t\t<a class=\"elementor-toggle-title\" tabindex=\"0\">Vrijeme djelovanja<\/a>\n\t\t\t\t\t<\/div>\n\n\t\t\t\t\t<div id=\"elementor-tab-content-3231\" class=\"elementor-tab-content elementor-clearfix\" data-tab=\"1\" role=\"region\" aria-labelledby=\"elementor-tab-title-3231\"><ul data-start=\"1470\" data-end=\"1526\">\n<li data-start=\"1470\" data-end=\"1498\">\n<p data-start=\"1472\" data-end=\"1498\">Step 1: 6\u201311 minuta<\/p>\n<\/li>\n<li data-start=\"1499\" data-end=\"1526\">\n<p data-start=\"1501\" data-end=\"1526\"><strong data-start=\"1501\" data-end=\"1512\">Step 2:<\/strong> 6\u20138 minuta<\/p>\n<\/li>\n<\/ul>\n<p data-start=\"1528\" data-end=\"1755\"><b><span data-start=\"1531\" data-end=\"1551\">Savjet za aplikaciju:<\/span><\/b><br data-start=\"1551\" data-end=\"1554\"><strong data-start=\"1586\" data-end=\"1605\">Nanesi obilni, ravnomjerni sloj FREELIFT Step 1 <\/strong>od korijena prema vrhovima trepavica. <u><strong data-start=\"1649\" data-end=\"1682\">Osloni se na gustu teksturu proizvoda<\/strong><\/u> \u2014 ona prirodno fiksira trepavice na lifting blazinicu bez potrebe za ljepilom ili dodatnim proizvodima.<\/p>\n<\/div>\n\t\t\t\t<\/div>\n\t\t\t\t\t\t\t\t<\/div>\n\t\t\t\t\t\t<\/div>\n\t\t\t\t<\/div>\n\t\t\t\t<\/div>\n\t\t\t\t\t<\/div>\n\t\t\t\t<\/div>\n\t\t\t\t<\/div>\n\t\t","protected":false},"excerpt":{"rendered":"<p><strong>NOVO: prvi lash lift sustav na svijetu bez ljepila.<\/strong><\/p>\n<p>FREELIFT je inovativna lash lift i brow lamination losion formula na bazi Cysteamine i TGA tehnologije, osmi\u0161ljena da ti omogu\u0107i nje\u017ene, ali u\u010dinkovite rezultate podizanja \u2014 potpuno bez ljepila ili glue balma.<\/p>\n<p>Ono \u0161to FREELIFT \u010dini jedinstvenim je njegova gusta, samofiksiraju\u0107a tekstura koja omogu\u0107uje da se trepavice odmah prianjaju uz lifting blazinicu \u010dim nanese\u0161 proizvod. Ova revolucionarna formula uklanja potrebu za dodatnim proizvodima, pojednostavljuje tijek rada i daje ti potpunu kontrolu tijekom tretmana \u2014 \u0161to ga \u010dini idealnim za klasi\u010dni lash lift, ali i napredne korejske tehnike.<\/p>\n[cg_accordion title=\"Sastojci\"]<\/p>\n<p>Ingredients Step 1: Aqua, Cetearyl Alcohol, BTMS, CS-20(Alcohols C16-18, Ethoxylated, Stearamidopropyl Dimethylamine, Isopropyl Myristate, 2-Aminoethanethiol Hydrochloride, Ammonium Thioglycolate, Ethanolamine, Ammonium Bicarbonate, Urea, Ammonia, Poly(vinyl alcohol).<\/p>\n<p>[\/cg_accordion]\n<p>Veli\u010dina: <strong>10 ml<\/strong><br \/>\nProizvedeno u: <strong>Njema\u010dkoj<\/strong><br \/>\nRok upotrebe nakon otvaranja: 6 mjeseci<\/p>\n","protected":false},"featured_media":29537,"template":"","meta":{"_acf_changed":false,"_monsterinsights_skip_tracking":false,"_monsterinsights_sitenote_active":false,"_monsterinsights_sitenote_note":"","_monsterinsights_sitenote_category":0},"product_brand":[],"product_cat":[531,534,537,577,572,559,553,562,536,529],"product_tag":[],"class_list":{"0":"post-29532","1":"product","2":"type-product","3":"status-publish","4":"has-post-thumbnail","6":"product_cat-istrazi-po-brendu","7":"product_cat-korean-lash-lift-hr","8":"product_cat-laminacija-obrva","9":"product_cat-laminacija-obrva-hr-4","10":"product_cat-lash-lift-hr-4","11":"product_cat-lash-lift-proizvodi","12":"product_cat-najprodavaniji-proizvodi","13":"product_cat-noemi-hr","14":"product_cat-obrve","15":"product_cat-trepavice","17":"first","18":"outofstock","19":"taxable","20":"shipping-taxable","21":"purchasable","22":"product-type-simple"},"acf":[],"aioseo_notices":[],"_links":{"self":[{"href":"https:\/\/browsomepro.com\/hr\/wp-json\/wp\/v2\/product\/29532","targetHints":{"allow":["GET"]}}],"collection":[{"href":"https:\/\/browsomepro.com\/hr\/wp-json\/wp\/v2\/product"}],"about":[{"href":"https:\/\/browsomepro.com\/hr\/wp-json\/wp\/v2\/types\/product"}],"version-history":[{"count":5,"href":"https:\/\/browsomepro.com\/hr\/wp-json\/wp\/v2\/product\/29532\/revisions"}],"predecessor-version":[{"id":33779,"href":"https:\/\/browsomepro.com\/hr\/wp-json\/wp\/v2\/product\/29532\/revisions\/33779"}],"wp:featuredmedia":[{"embeddable":true,"href":"https:\/\/browsomepro.com\/hr\/wp-json\/wp\/v2\/media\/29537"}],"wp:attachment":[{"href":"https:\/\/browsomepro.com\/hr\/wp-json\/wp\/v2\/media?parent=29532"}],"wp:term":[{"taxonomy":"product_brand","embeddable":true,"href":"https:\/\/browsomepro.com\/hr\/wp-json\/wp\/v2\/product_brand?post=29532"},{"taxonomy":"product_cat","embeddable":true,"href":"https:\/\/browsomepro.com\/hr\/wp-json\/wp\/v2\/product_cat?post=29532"},{"taxonomy":"product_tag","embeddable":true,"href":"https:\/\/browsomepro.com\/hr\/wp-json\/wp\/v2\/product_tag?post=29532"}],"curies":[{"name":"wp","href":"https:\/\/api.w.org\/{rel}","templated":true}]}}