{"id":29353,"date":"2026-01-28T18:55:42","date_gmt":"2026-01-28T17:55:42","guid":{"rendered":"https:\/\/browsomepro.com\/?post_type=product&#038;p=29353"},"modified":"2026-02-14T08:55:11","modified_gmt":"2026-02-14T07:55:11","slug":"xlash-serum-za-trepavice-sensitive-3ml-copy-copy-copy-copy","status":"publish","type":"product","link":"https:\/\/browsomepro.com\/hr\/proizvod\/xlash-serum-za-trepavice-sensitive-3ml-copy-copy-copy-copy\/","title":{"rendered":"POWER KIT: XLASH Serum za trepavice + THUYA Argan krema"},"content":{"rendered":"\t\t<div data-elementor-type=\"product-post\" data-elementor-id=\"29353\" class=\"elementor elementor-29353 elementor-29352\" data-elementor-post-type=\"product\">\n\t\t\t\t<div class=\"elementor-element elementor-element-1080fe5 e-flex e-con-boxed e-con e-parent\" data-id=\"1080fe5\" data-element_type=\"container\">\n\t\t\t\t\t<div class=\"e-con-inner\">\n\t\t<div class=\"elementor-element elementor-element-d417ff6 e-con-full e-flex e-con e-child\" data-id=\"d417ff6\" data-element_type=\"container\" data-settings=\"{&quot;background_background&quot;:&quot;classic&quot;}\">\n\t\t\t\t<div class=\"elementor-element elementor-element-e8da0ac elementor-widget elementor-widget-text-editor\" data-id=\"e8da0ac\" data-element_type=\"widget\" data-widget_type=\"text-editor.default\">\n\t\t\t\t<div class=\"elementor-widget-container\">\n\t\t\t\t\t\t\t\t\t<h3>XLASH serum za trepavice: stvarni rezultati.<\/p>\n<p><\/h3>\n\t\t\t\t\t\t\t\t<\/div>\n\t\t\t\t<\/div>\n\t\t<div class=\"elementor-element elementor-element-394a1c5 e-con-full e-flex e-con e-child\" data-id=\"394a1c5\" data-element_type=\"container\">\n\t\t\t\t<div class=\"elementor-element elementor-element-abc4b34 elementor-widget elementor-widget-text-editor\" data-id=\"abc4b34\" data-element_type=\"widget\" data-widget_type=\"text-editor.default\">\n\t\t\t\t<div class=\"elementor-widget-container\">\n\t\t\t\t\t\t\t\t\t<p><strong>96%<\/strong> korisnica primijetilo je vidljivo du\u017ee trepavice.<\/p>\n<p><strong>86%<\/strong> korisnica prijavilo je br\u017ei rast trepavica.<\/p>\n<p><strong>100% j<\/strong>e primijetilo vidljive u\u010dinke nakon 12 tjedana kori\u0161tenja.<\/p>\n\t\t\t\t\t\t\t\t<\/div>\n\t\t\t\t<\/div>\n\t\t<div class=\"elementor-element elementor-element-d7d6db4 e-con-full e-flex e-con e-child\" data-id=\"d7d6db4\" data-element_type=\"container\">\n\t\t\t\t<div class=\"elementor-element elementor-element-ab2fe30 elementor-widget elementor-widget-text-editor\" data-id=\"ab2fe30\" data-element_type=\"widget\" data-widget_type=\"text-editor.default\">\n\t\t\t\t<div class=\"elementor-widget-container\">\n\t\t\t\t\t\t\t\t\t<div class=\"iAxCugCqsMbIILMRB\" data-instant-type=\"container\">\n<p class=\"i5kfz3mVFKBbm4WHu\" data-instant-dynamic-content-source=\"METAFIELD\" data-instant-type=\"text\">*na temelju neovisne 12-tjedne studije.<\/p>\n<\/div>\n\t\t\t\t\t\t\t\t<\/div>\n\t\t\t\t<\/div>\n\t\t\t\t<\/div>\n\t\t\t\t<\/div>\n\t\t\t\t<\/div>\n\t\t<div class=\"elementor-element elementor-element-b18927b e-con-full e-flex e-con e-child\" data-id=\"b18927b\" data-element_type=\"container\">\n\t\t\t\t<div class=\"elementor-element elementor-element-7eef510 elementor-widget elementor-widget-image\" data-id=\"7eef510\" data-element_type=\"widget\" data-widget_type=\"image.default\">\n\t\t\t\t<div class=\"elementor-widget-container\">\n\t\t\t\t\t\t\t\t\t\t\t\t\t\t\t<img fetchpriority=\"high\" decoding=\"async\" width=\"938\" height=\"700\" src=\"https:\/\/browsomepro.com\/wp-content\/uploads\/2026\/01\/Xlash_BeforeAfter_01.kpg_.webp\" class=\"attachment-full size-full wp-image-28549\" alt=\"\" srcset=\"https:\/\/browsomepro.com\/wp-content\/uploads\/2026\/01\/Xlash_BeforeAfter_01.kpg_.webp 938w, https:\/\/browsomepro.com\/wp-content\/uploads\/2026\/01\/Xlash_BeforeAfter_01.kpg_-300x224.webp 300w, https:\/\/browsomepro.com\/wp-content\/uploads\/2026\/01\/Xlash_BeforeAfter_01.kpg_-768x573.webp 768w, https:\/\/browsomepro.com\/wp-content\/uploads\/2026\/01\/Xlash_BeforeAfter_01.kpg_-441x329.webp 441w, https:\/\/browsomepro.com\/wp-content\/uploads\/2026\/01\/Xlash_BeforeAfter_01.kpg_-800x597.webp 800w, https:\/\/browsomepro.com\/wp-content\/uploads\/2026\/01\/Xlash_BeforeAfter_01.kpg_-150x112.webp 150w\" sizes=\"(max-width: 360px) 147px, (max-width: 938px) 100vw, 938px\" \/>\t\t\t\t\t\t\t\t\t\t\t\t\t\t\t<\/div>\n\t\t\t\t<\/div>\n\t\t\t\t<\/div>\n\t\t\t\t\t<\/div>\n\t\t\t\t<\/div>\n\t\t<div class=\"elementor-element elementor-element-e7a6b71 e-flex e-con-boxed e-con e-parent\" data-id=\"e7a6b71\" data-element_type=\"container\">\n\t\t\t\t\t<div class=\"e-con-inner\">\n\t\t<div class=\"elementor-element elementor-element-6d8f36d e-con-full e-flex e-con e-child\" data-id=\"6d8f36d\" data-element_type=\"container\">\n\t\t\t\t<div class=\"elementor-element elementor-element-024330f elementor-widget elementor-widget-image\" data-id=\"024330f\" data-element_type=\"widget\" data-widget_type=\"image.default\">\n\t\t\t\t<div class=\"elementor-widget-container\">\n\t\t\t\t\t\t\t\t\t\t\t\t\t\t\t<img decoding=\"async\" width=\"2000\" height=\"2000\" src=\"https:\/\/browsomepro.com\/wp-content\/uploads\/2024\/02\/THUYA-REGENERATING-CREAM-BROWSOME1.jpg\" class=\"attachment-full size-full wp-image-26965\" alt=\"\" srcset=\"https:\/\/browsomepro.com\/wp-content\/uploads\/2024\/02\/THUYA-REGENERATING-CREAM-BROWSOME1.jpg 2000w, https:\/\/browsomepro.com\/wp-content\/uploads\/2024\/02\/THUYA-REGENERATING-CREAM-BROWSOME1-300x300.jpg 300w, https:\/\/browsomepro.com\/wp-content\/uploads\/2024\/02\/THUYA-REGENERATING-CREAM-BROWSOME1-1024x1024.jpg 1024w, https:\/\/browsomepro.com\/wp-content\/uploads\/2024\/02\/THUYA-REGENERATING-CREAM-BROWSOME1-150x150.jpg 150w, https:\/\/browsomepro.com\/wp-content\/uploads\/2024\/02\/THUYA-REGENERATING-CREAM-BROWSOME1-768x768.jpg 768w, https:\/\/browsomepro.com\/wp-content\/uploads\/2024\/02\/THUYA-REGENERATING-CREAM-BROWSOME1-1536x1536.jpg 1536w, https:\/\/browsomepro.com\/wp-content\/uploads\/2024\/02\/THUYA-REGENERATING-CREAM-BROWSOME1-990x990.jpg 990w, https:\/\/browsomepro.com\/wp-content\/uploads\/2024\/02\/THUYA-REGENERATING-CREAM-BROWSOME1-441x441.jpg 441w, https:\/\/browsomepro.com\/wp-content\/uploads\/2024\/02\/THUYA-REGENERATING-CREAM-BROWSOME1-100x100.jpg 100w, https:\/\/browsomepro.com\/wp-content\/uploads\/2024\/02\/THUYA-REGENERATING-CREAM-BROWSOME1-800x800.jpg 800w\" sizes=\"(max-width: 360px) 147px, (max-width: 2000px) 100vw, 2000px\" \/>\t\t\t\t\t\t\t\t\t\t\t\t\t\t\t<\/div>\n\t\t\t\t<\/div>\n\t\t\t\t<\/div>\n\t\t<div class=\"elementor-element elementor-element-782a8a3 e-con-full e-flex e-con e-child\" data-id=\"782a8a3\" data-element_type=\"container\" data-settings=\"{&quot;background_background&quot;:&quot;classic&quot;}\">\n\t\t\t\t<div class=\"elementor-element elementor-element-e787291 elementor-widget elementor-widget-heading\" data-id=\"e787291\" data-element_type=\"widget\" data-widget_type=\"heading.default\">\n\t\t\t\t<div class=\"elementor-widget-container\">\n\t\t\t\t\t<h2 class=\"elementor-heading-title elementor-size-default\">2-u-1 hranjiva njega s arganovim uljem<br> <br> <br><\/h2>\t\t\t\t<\/div>\n\t\t\t\t<\/div>\n\t\t\t\t<div class=\"elementor-element elementor-element-a6dca36 elementor-widget elementor-widget-text-editor\" data-id=\"a6dca36\" data-element_type=\"widget\" data-widget_type=\"text-editor.default\">\n\t\t\t\t<div class=\"elementor-widget-container\">\n\t\t\t\t\t\t\t\t\t<p>Thuya Argan krema ima dvostruko djelovanje \u2014 njeguje i obrve i trepavice u jednoj sna\u017enoj formuli. <\/p>\n<p>Nakon tretmana poput brow laminacije i lash lifta, dla\u010dice mogu postati osjetljive na suho\u0107u i o\u0161te\u0107enja. Ova je formulacija posebno razvijena kako bi odgovorila na potrebe tretiranih dla\u010dica, pru\u017eaju\u0107i im hidrataciju i snagu upravo tamo gdje je najpotrebnije.  <\/p>\n<p>Thuya Argan krema klju\u010dan je korak nakon tretmana: intenzivno hidratizira dla\u010dice te poma\u017ee njihovoj obnovi i ja\u010danju.<\/p>\n<p>Arganovo ulje, poznato kao teku\u0107e zlato, bogato je vitaminom E i esencijalnim nutrijentima koji dubinski njeguju, obnavljaju i daju zdrav sjaj obrvama i trepavicama. <\/p>\n<p>Njegov jedinstveni sastav poma\u017ee oja\u010dati dla\u010dice iznutra, poti\u010de njihovu otpornost i elasti\u010dnost te daje prekrasan, sjajan izgled obrvama i trepavicama. <\/p>\n\t\t\t\t\t\t\t\t<\/div>\n\t\t\t\t<\/div>\n\t\t\t\t<\/div>\n\t\t\t\t\t<\/div>\n\t\t\t\t<\/div>\n\t\t\t\t<\/div>\n\t\t","protected":false},"excerpt":{"rendered":"<p><strong>Ultimativni set za njegu trepavica i obrva<\/strong><\/p>\n<p data-start=\"188\" data-end=\"341\">Ovaj duo je <strong data-start=\"258\" data-end=\"287\">must-have aftercare kombinacija <\/strong>koja poma\u017ee da obrve i trepavice ostanu zdrave <em data-start=\"325\" data-end=\"330\">i <\/em>poti\u010de njihov rast.<\/p>\n<p data-start=\"343\" data-end=\"629\"><strong data-start=\"346\" data-end=\"367\">Thuya Argan krema <\/strong>savr\u0161ena je <strong data-start=\"383\" data-end=\"428\">njega nakon laminacije obrva i uvijanja trepavica<\/strong>. Oboga\u0107ena arganovim uljem (teku\u0107e zlato \u2728) i vitaminom E, dubinski hidratizira, obnavlja i ja\u010da nakon kemijskih tretmana \u2014 ostavljaju\u0107i obrve i trepavice mekanima, sjajnima i otpornima iz dana u dan. <\/p>\n<p data-start=\"631\" data-end=\"950\"><strong data-start=\"634\" data-end=\"657\">XLASH serum za trepavice<\/strong> tvoja je tajna rasta. Klini\u010dki dokazano daje vidljive rezultate ve\u0107 nakon <strong data-start=\"742\" data-end=\"753\">4 tjedna<\/strong>, djeluju\u0107i uz liniju trepavica kako bi potaknuo dulje, gu\u0161\u0107e i punije trepavice \u2014 bez ekstenzija. S biotinom, ekstraktom ru\u017emarina i hijaluronskom kiselinom za ja\u010dinu, hidrataciju i manje lomljenja.  <\/p>\n<p data-start=\"952\" data-end=\"1022\" data-is-last-node=\"\" data-is-only-node=\"\"><strong data-start=\"952\" data-end=\"996\">Profesionalni rezultati po\u010dinju pravilnom njegom nakon tretmana.<\/strong><\/p>\n<p data-start=\"952\" data-end=\"1022\" data-is-last-node=\"\" data-is-only-node=\"\"><br data-start=\"996\" data-end=\"999\">Njeguj. Za\u0161titi. Potakni rast. \ud83d\udc95<\/p>\n[cg_accordion title=\"Sastojci\"] THUYA Argan krema: Paraffinum Liquidum (teku\u0107i parafin), Ricinus Communis Seed Oil (ricinusovo ulje), Gallic Acid (galna kiselina), Paraffin (parafin), Argania Spinosa (Argan) Kernel Oil (arganovo ulje), Helianthus Annuus (Sunflower) Seed Oil (ulje sjemenki suncokreta), Zea Mays Germ Oil (ulje klica kukuruza), Olea Europaea (Olive) Fruit Oil (maslinovo ulje), Vitis Vinifera Fruit Extract (ekstrakt gro\u017e\u0111a), Rosa Canina (Dog Rose) Fruit Extract (ekstrakt \u0161ipka), Decyl Oleate (decil oleat), Tocopherol (vitamin E).<\/p>\n<p>XLASH serum za trepavice:<\/p>\n<p>Aqua (voda), Propanediol, Glycerin (glicerin), Panthenol (pantenol), Biotinyl Tripeptide-1, Cocodimonium Hydroxypropyl Hydrolyzed Wheat Protein, Butylene Glycol, Hexylene Glycol, Centella Asiatica Extract, Polygonum Cuspidatum Root Extract, Scutellaria Baicalensis Root Extract, Camellia Sinensis Leaf Extract, Glycyrrhiza Glabra (Licorice) Root Extract (ekstrakt sladi\u0107a), Chamomilla Recutita (Matricaria) Flower Extract (ekstrakt kamilice), Rosmarinus Officinalis (Rosemary) Leaf Extract (ekstrakt ru\u017emarina), Fructose (fruktoza), Glucose (glukoza), Sucrose (saharoza), Urea (urea), Dextrin (dekstrin), Alanin (alanin), Glutamic Acid (glutaminska kiselina), Aspartic Acid (asparaginska kiselina), Hexyl Nicotinate, Hyaluronic Acid (hijaluronska kiselina), Alcohol Denat., Phenoxyethanol, Xanthan Gum (ksantan guma), Ethylhexylglycerin, Dechloro Dihydroxy Difluoro Ethylcloprostenolamide.<br \/>\n[\/cg_accordion]\n","protected":false},"featured_media":29356,"template":"","meta":{"_acf_changed":false,"_monsterinsights_skip_tracking":false,"_monsterinsights_sitenote_active":false,"_monsterinsights_sitenote_note":"","_monsterinsights_sitenote_category":0},"product_brand":[],"product_cat":[553,614],"product_tag":[],"class_list":{"0":"post-29353","1":"product","2":"type-product","3":"status-publish","4":"has-post-thumbnail","6":"product_cat-najprodavaniji-proizvodi","7":"product_cat-xlash-hr","9":"first","10":"instock","11":"sale","12":"taxable","13":"shipping-taxable","14":"purchasable","15":"product-type-simple"},"acf":[],"aioseo_notices":[],"_links":{"self":[{"href":"https:\/\/browsomepro.com\/hr\/wp-json\/wp\/v2\/product\/29353","targetHints":{"allow":["GET"]}}],"collection":[{"href":"https:\/\/browsomepro.com\/hr\/wp-json\/wp\/v2\/product"}],"about":[{"href":"https:\/\/browsomepro.com\/hr\/wp-json\/wp\/v2\/types\/product"}],"version-history":[{"count":7,"href":"https:\/\/browsomepro.com\/hr\/wp-json\/wp\/v2\/product\/29353\/revisions"}],"predecessor-version":[{"id":29386,"href":"https:\/\/browsomepro.com\/hr\/wp-json\/wp\/v2\/product\/29353\/revisions\/29386"}],"wp:featuredmedia":[{"embeddable":true,"href":"https:\/\/browsomepro.com\/hr\/wp-json\/wp\/v2\/media\/29356"}],"wp:attachment":[{"href":"https:\/\/browsomepro.com\/hr\/wp-json\/wp\/v2\/media?parent=29353"}],"wp:term":[{"taxonomy":"product_brand","embeddable":true,"href":"https:\/\/browsomepro.com\/hr\/wp-json\/wp\/v2\/product_brand?post=29353"},{"taxonomy":"product_cat","embeddable":true,"href":"https:\/\/browsomepro.com\/hr\/wp-json\/wp\/v2\/product_cat?post=29353"},{"taxonomy":"product_tag","embeddable":true,"href":"https:\/\/browsomepro.com\/hr\/wp-json\/wp\/v2\/product_tag?post=29353"}],"curies":[{"name":"wp","href":"https:\/\/api.w.org\/{rel}","templated":true}]}}