{"id":29101,"date":"2026-01-23T08:35:34","date_gmt":"2026-01-23T07:35:34","guid":{"rendered":"https:\/\/browsomepro.com\/?post_type=product&#038;p=29101"},"modified":"2026-02-16T03:18:33","modified_gmt":"2026-02-16T02:18:33","slug":"xlash-serum-za-trepavice-sensitive-3ml-copy","status":"publish","type":"product","link":"https:\/\/browsomepro.com\/hr\/proizvod\/xlash-serum-za-trepavice-sensitive-3ml-copy\/","title":{"rendered":"XLASH Obnavljaju\u0107i gel za podru\u010dje oko o\u010diju"},"content":{"rendered":"\t\t<div data-elementor-type=\"product-post\" data-elementor-id=\"29101\" class=\"elementor elementor-29101 elementor-29100\" data-elementor-post-type=\"product\">\n\t\t\t\t<div class=\"elementor-element elementor-element-59e3ea0 e-flex e-con-boxed e-con e-parent\" data-id=\"59e3ea0\" data-element_type=\"container\">\n\t\t\t\t\t<div class=\"e-con-inner\">\n\t\t<div class=\"elementor-element elementor-element-e4da597 e-con-full e-flex e-con e-child\" data-id=\"e4da597\" data-element_type=\"container\" data-settings=\"{&quot;background_background&quot;:&quot;classic&quot;}\">\n\t\t\t\t<div class=\"elementor-element elementor-element-3b43c70 elementor-widget elementor-widget-text-editor\" data-id=\"3b43c70\" data-element_type=\"widget\" data-widget_type=\"text-editor.default\">\n\t\t\t\t<div class=\"elementor-widget-container\">\n\t\t\t\t\t\t\t\t\t<h3>Vidljivi rezultati<\/h3>\n\t\t\t\t\t\t\t\t<\/div>\n\t\t\t\t<\/div>\n\t\t<div class=\"elementor-element elementor-element-57b4e71 e-con-full e-flex e-con e-child\" data-id=\"57b4e71\" data-element_type=\"container\">\n\t\t\t\t<div class=\"elementor-element elementor-element-467a2a5 elementor-widget elementor-widget-text-editor\" data-id=\"467a2a5\" data-element_type=\"widget\" data-widget_type=\"text-editor.default\">\n\t\t\t\t<div class=\"elementor-widget-container\">\n\t\t\t\t\t\t\t\t\t<p><strong>100% <\/strong>korisnika osje\u0107a ko\u017eu vidljivo gla\u0111om nakon kori\u0161tenja.<\/p>\n<p><strong>100%<\/strong> korisnika primje\u0107uje da proizvod intenzivno hidratizira ko\u017eu ispod o\u010diju.<\/p>\n<p><strong>100%<\/strong> korisnika navodi da proizvod umiruje podru\u010dje ispod o\u010diju.<\/p>\n\t\t\t\t\t\t\t\t<\/div>\n\t\t\t\t<\/div>\n\t\t<div class=\"elementor-element elementor-element-6a9afaa e-con-full e-flex e-con e-child\" data-id=\"6a9afaa\" data-element_type=\"container\">\n\t\t\t\t<div class=\"elementor-element elementor-element-176c02e elementor-widget elementor-widget-text-editor\" data-id=\"176c02e\" data-element_type=\"widget\" data-widget_type=\"text-editor.default\">\n\t\t\t\t<div class=\"elementor-widget-container\">\n\t\t\t\t\t\t\t\t\t<div class=\"iAxCugCqsMbIILMRB\" data-instant-type=\"container\">\n<p class=\"i5kfz3mVFKBbm4WHu\" data-instant-dynamic-content-source=\"METAFIELD\" data-instant-type=\"text\">*temeljeno na neovisnoj studiji u trajanju od 5 tjedana.<\/p>\n<\/div>\n\t\t\t\t\t\t\t\t<\/div>\n\t\t\t\t<\/div>\n\t\t\t\t<\/div>\n\t\t\t\t<\/div>\n\t\t\t\t<\/div>\n\t\t<div class=\"elementor-element elementor-element-d92bdb4 e-con-full e-flex e-con e-child\" data-id=\"d92bdb4\" data-element_type=\"container\">\n\t\t\t\t<div class=\"elementor-element elementor-element-4f18870 elementor-widget elementor-widget-image\" data-id=\"4f18870\" data-element_type=\"widget\" data-widget_type=\"image.default\">\n\t\t\t\t<div class=\"elementor-widget-container\">\n\t\t\t\t\t\t\t\t\t\t\t\t\t\t\t<img fetchpriority=\"high\" decoding=\"async\" width=\"938\" height=\"700\" src=\"https:\/\/browsomepro.com\/wp-content\/uploads\/2026\/01\/Rejuvenating_BeforeAfter_01.webp\" class=\"attachment-full size-full wp-image-29113\" alt=\"\" srcset=\"https:\/\/browsomepro.com\/wp-content\/uploads\/2026\/01\/Rejuvenating_BeforeAfter_01.webp 938w, https:\/\/browsomepro.com\/wp-content\/uploads\/2026\/01\/Rejuvenating_BeforeAfter_01-300x224.webp 300w, https:\/\/browsomepro.com\/wp-content\/uploads\/2026\/01\/Rejuvenating_BeforeAfter_01-768x573.webp 768w, https:\/\/browsomepro.com\/wp-content\/uploads\/2026\/01\/Rejuvenating_BeforeAfter_01-441x329.webp 441w, https:\/\/browsomepro.com\/wp-content\/uploads\/2026\/01\/Rejuvenating_BeforeAfter_01-800x597.webp 800w, https:\/\/browsomepro.com\/wp-content\/uploads\/2026\/01\/Rejuvenating_BeforeAfter_01-150x112.webp 150w\" sizes=\"(max-width: 360px) 147px, (max-width: 938px) 100vw, 938px\" \/>\t\t\t\t\t\t\t\t\t\t\t\t\t\t\t<\/div>\n\t\t\t\t<\/div>\n\t\t\t\t<\/div>\n\t\t\t\t\t<\/div>\n\t\t\t\t<\/div>\n\t\t<div class=\"elementor-element elementor-element-ecd943d e-flex e-con-boxed e-con e-parent\" data-id=\"ecd943d\" data-element_type=\"container\">\n\t\t\t\t\t<div class=\"e-con-inner\">\n\t\t<div class=\"elementor-element elementor-element-2fb387f e-con-full e-flex e-con e-child\" data-id=\"2fb387f\" data-element_type=\"container\" data-settings=\"{&quot;background_background&quot;:&quot;classic&quot;}\">\n\t\t\t\t<div class=\"elementor-element elementor-element-170ff7a elementor-widget elementor-widget-text-editor\" data-id=\"170ff7a\" data-element_type=\"widget\" data-widget_type=\"text-editor.default\">\n\t\t\t\t<div class=\"elementor-widget-container\">\n\t\t\t\t\t\t\t\t\t<h3> <\/h3>\n<h3>Za\u0161to \u0107e\u0161 ga obo\u017eavati<\/h3>\n<h3> <\/h3>\n\t\t\t\t\t\t\t\t<\/div>\n\t\t\t\t<\/div>\n\t\t<div class=\"elementor-element elementor-element-9195355 e-con-full e-flex e-con e-child\" data-id=\"9195355\" data-element_type=\"container\">\n\t\t\t\t<div class=\"elementor-element elementor-element-dce288b elementor-widget elementor-widget-text-editor\" data-id=\"dce288b\" data-element_type=\"widget\" data-widget_type=\"text-editor.default\">\n\t\t\t\t<div class=\"elementor-widget-container\">\n\t\t\t\t\t\t\t\t\t<ul>\n<li>Hidratizira, njeguje i daje puniji izgled<\/li>\n<li>Umiruje ko\u017eu, smanjuje nate\u010denost i \u010dini je podatnijom<\/li>\n<li>Poma\u017ee oja\u010dati prirodnu za\u0161titnu barijeru ko\u017ee i zadr\u017eati vlagu<\/li>\n<li>Proizvedeno u Koreji<\/li>\n<li>Vegan formula<\/li>\n<\/ul>\n\t\t\t\t\t\t\t\t<\/div>\n\t\t\t\t<\/div>\n\t\t\t\t<\/div>\n\t\t\t\t<\/div>\n\t\t<div class=\"elementor-element elementor-element-022cc09 e-con-full e-flex e-con e-child\" data-id=\"022cc09\" data-element_type=\"container\">\n\t\t\t\t<div class=\"elementor-element elementor-element-a3da7ef elementor-widget elementor-widget-image\" data-id=\"a3da7ef\" data-element_type=\"widget\" data-widget_type=\"image.default\">\n\t\t\t\t<div class=\"elementor-widget-container\">\n\t\t\t\t\t\t\t\t\t\t\t\t\t\t\t<img decoding=\"async\" width=\"1280\" height=\"951\" src=\"https:\/\/browsomepro.com\/wp-content\/uploads\/2026\/01\/Rejuvenating_LoveIt.webp\" class=\"attachment-full size-full wp-image-29116\" alt=\"\" srcset=\"https:\/\/browsomepro.com\/wp-content\/uploads\/2026\/01\/Rejuvenating_LoveIt.webp 1280w, https:\/\/browsomepro.com\/wp-content\/uploads\/2026\/01\/Rejuvenating_LoveIt-300x223.webp 300w, https:\/\/browsomepro.com\/wp-content\/uploads\/2026\/01\/Rejuvenating_LoveIt-1024x761.webp 1024w, https:\/\/browsomepro.com\/wp-content\/uploads\/2026\/01\/Rejuvenating_LoveIt-768x571.webp 768w, https:\/\/browsomepro.com\/wp-content\/uploads\/2026\/01\/Rejuvenating_LoveIt-990x736.webp 990w, https:\/\/browsomepro.com\/wp-content\/uploads\/2026\/01\/Rejuvenating_LoveIt-441x328.webp 441w, https:\/\/browsomepro.com\/wp-content\/uploads\/2026\/01\/Rejuvenating_LoveIt-800x594.webp 800w, https:\/\/browsomepro.com\/wp-content\/uploads\/2026\/01\/Rejuvenating_LoveIt-150x111.webp 150w\" sizes=\"(max-width: 360px) 147px, (max-width: 1280px) 100vw, 1280px\" \/>\t\t\t\t\t\t\t\t\t\t\t\t\t\t\t<\/div>\n\t\t\t\t<\/div>\n\t\t\t\t<\/div>\n\t\t\t\t\t<\/div>\n\t\t\t\t<\/div>\n\t\t<div class=\"elementor-element elementor-element-fdd3c39 e-flex e-con-boxed e-con e-parent\" data-id=\"fdd3c39\" data-element_type=\"container\">\n\t\t\t\t\t<div class=\"e-con-inner\">\n\t\t<div class=\"elementor-element elementor-element-2082564 e-con-full e-flex e-con e-child\" data-id=\"2082564\" data-element_type=\"container\" data-settings=\"{&quot;background_background&quot;:&quot;classic&quot;}\">\n\t\t\t\t<div class=\"elementor-element elementor-element-339415d elementor-widget elementor-widget-text-editor\" data-id=\"339415d\" data-element_type=\"widget\" data-widget_type=\"text-editor.default\">\n\t\t\t\t<div class=\"elementor-widget-container\">\n\t\t\t\t\t\t\t\t\t<h3> <\/h3>\n<h3 data-start=\"0\" data-end=\"16\">Na\u010din upotrebe:<\/h3>\n<h3 data-start=\"0\" data-end=\"16\"><span style=\"font-family: Inter; text-wrap-mode: initial; font-size: 16px;\"> <\/span><\/h3>\n\t\t\t\t\t\t\t\t<\/div>\n\t\t\t\t<\/div>\n\t\t<div class=\"elementor-element elementor-element-e6b813e e-con-full e-flex e-con e-child\" data-id=\"e6b813e\" data-element_type=\"container\">\n\t\t\t\t<div class=\"elementor-element elementor-element-24ddffe elementor-widget elementor-widget-text-editor\" data-id=\"24ddffe\" data-element_type=\"widget\" data-widget_type=\"text-editor.default\">\n\t\t\t\t<div class=\"elementor-widget-container\">\n\t\t\t\t\t\t\t\t\t<p>Nanesi eye gel na \u010distu i suhu ko\u017eu. Ostavi da djeluju 15 minuta (ili dulje po \u017eelji). Ukloni ih i nje\u017eno utapkaj preostali serum u ko\u017eu. Za dodatni osvje\u017eavaju\u0107i u\u010dinak, \u010duvaj ih u hladnjaku!   <\/p>\n\t\t\t\t\t\t\t\t<\/div>\n\t\t\t\t<\/div>\n\t\t\t\t<\/div>\n\t\t\t\t<\/div>\n\t\t<div class=\"elementor-element elementor-element-8d70f49 e-con-full e-flex e-con e-child\" data-id=\"8d70f49\" data-element_type=\"container\">\n\t\t\t\t<div class=\"elementor-element elementor-element-f2bc9c0 elementor-widget elementor-widget-video\" data-id=\"f2bc9c0\" data-element_type=\"widget\" data-settings=\"{&quot;video_type&quot;:&quot;hosted&quot;,&quot;autoplay&quot;:&quot;yes&quot;,&quot;play_on_mobile&quot;:&quot;yes&quot;,&quot;mute&quot;:&quot;yes&quot;,&quot;loop&quot;:&quot;yes&quot;}\" data-widget_type=\"video.default\">\n\t\t\t\t<div class=\"elementor-widget-container\">\n\t\t\t\t\t\t\t<div class=\"e-hosted-video elementor-wrapper elementor-open-inline\">\n\t\t\t\t\t<video class=\"elementor-video\" src=\"https:\/\/browsomepro.com\/wp-content\/uploads\/2026\/01\/Rejuvenating-2.mov\" autoplay=\"\" loop=\"\" muted=\"muted\" playsinline=\"\" controlsList=\"nodownload\"><\/video>\n\t\t\t\t<\/div>\n\t\t\t\t\t\t<\/div>\n\t\t\t\t<\/div>\n\t\t\t\t<\/div>\n\t\t\t\t\t<\/div>\n\t\t\t\t<\/div>\n\t\t\t\t<\/div>\n\t\t","protected":false},"excerpt":{"rendered":"<p><strong>Xlash najprodavaniji gelovi za podru\u010dje oko o\u010diju<\/strong> pru\u017eaju trenuta\u010dni zdravi sjaj i svje\u017einu umornoj ko\u017ei. <strong>Dubinski hidratiziraju, zagla\u0111uju i vidljivo osvje\u017eavaju podru\u010dje ispod o\u010diju<\/strong>, ostavljaju\u0107i ga mekanim, njegovan\u00fdm i odmornim nakon svake upotrebe.<\/p>\n<p>Ovi obnavljaju\u0107i gelovi za podru\u010dje oko o\u010diju, <strong>sa sedam hijaluronskih kiselina<\/strong>, dubinski hidratiziraju i poma\u017eu zadr\u017eati vlagu u ko\u017ei za dugotrajan osje\u0107aj ugode.<\/p>\n<p><strong>Rezultat?<\/strong> Puniji izgled ko\u017ee, smanjena vidljivost finih linija i gla\u0111e podru\u010dje ispod o\u010diju.<\/p>\n<p>Oboga\u0107ena <strong>aminokiselinama<\/strong>, formula poma\u017ee oja\u010dati prirodnu barijeru vlage u ko\u017ei, pobolj\u0161ava elasti\u010dnost i ostavlja ko\u017eu mekom, podatnom i dubinski nahranjenom. Gelovi s dodatkom lavande umiruju ko\u017eu i osjetila \u2014 smanjuju nate\u010denost i znakove umora te donose trenutak opu\u0161tanja i njege. <\/p>\n<p><strong>Proizvedeno u Koreji.<\/strong><\/p>\n<p>\ud83d\udca1 Profesionalni savjet: \u010cuvaj u hladnjaku za izrazito osvje\u017eavaju\u0107i u\u010dinak koji smanjuje nate\u010denost.<br \/>\nNajbolje rashla\u0111eno.<\/p>\n<p>Sadr\u017ei 60 eye gelova (30 komada)<\/p>\n[cg_accordion title=\"Sastojci\"]<br \/>\nAqua (voda), Glycerin (glicerin), Butylene Glycol, Ceratonia Siliqua (Carob) Gum, Cyamopsis Tetragonoloba (Guar) Gum, Glucomannan, Carrageenan, Ethyl Hexanediol, PEG-60 Hydrogenated Castor Oil, Calcium Chloride, Allantoin (alantoin), Ricinus Communis (Castor) Seed Oil (ricinusovo ulje), Propanediol, Pentylene Glycol, 1,2-Hexanediol, Gellan Gum, Chlorphenesin, Butyrospermum Parkii (Shea) Butter (shea maslac), Aloe Barbadensis Leaf Extract (ekstrakt aloe vere), Sucrose (saharoza), Pinus Sylvestris Leaf Extract, Caffeine (kofein), Norbornanediamine\/Resorcinol Diglycidyl Ether Crosspolymer, Dipotassium Glycyrrhizate, Cocos Nucifera (Coconut) Fruit Extract (ekstrakt kokosa), Arginine (arginin), Ethylhexylglycerin, Synthetic Fluorphlogopite, Disodium EDTA, Rosmarinus Officinalis (Rosemary) Leaf Extract (ekstrakt ru\u017emarina), Monarda Didyma Leaf Extract, Mentha Piperita (Peppermint) Leaf Extract (ekstrakt paprene metvice), Lavandula Angustifolia (Lavender) Extract (ekstrakt lavande), Freesia Refracta Extract, Chamomilla Recutita (Matricaria) Flower Extract (ekstrakt kamilice), Caprylyl Glycol, Maltodextrin, Hydrolyzed Extensin, Aluminum Hydroxide, Sodium Hyaluronate (natrijev hijaluronat), Hydroxypropyltrimonium Hyaluronate, Sodium Acetylated Hyaluronate, Hydrolyzed Hyaluronic Acid, Sodium Hyaluronate Crosspolymer, Hyaluronic Acid (hijaluronska kiselina), Coptis Chinensis Root Extract, Potassium Hyaluronate, CI 77891, CI 42090.<br \/>\n[\/cg_accordion]\n","protected":false},"featured_media":29297,"template":"","meta":{"_acf_changed":false,"_monsterinsights_skip_tracking":false,"_monsterinsights_sitenote_active":false,"_monsterinsights_sitenote_note":"","_monsterinsights_sitenote_category":0},"product_brand":[],"product_cat":[553,614],"product_tag":[],"class_list":{"0":"post-29101","1":"product","2":"type-product","3":"status-publish","4":"has-post-thumbnail","6":"product_cat-najprodavaniji-proizvodi","7":"product_cat-xlash-hr","9":"first","10":"instock","11":"taxable","12":"shipping-taxable","13":"purchasable","14":"product-type-simple"},"acf":[],"aioseo_notices":[],"_links":{"self":[{"href":"https:\/\/browsomepro.com\/hr\/wp-json\/wp\/v2\/product\/29101","targetHints":{"allow":["GET"]}}],"collection":[{"href":"https:\/\/browsomepro.com\/hr\/wp-json\/wp\/v2\/product"}],"about":[{"href":"https:\/\/browsomepro.com\/hr\/wp-json\/wp\/v2\/types\/product"}],"version-history":[{"count":9,"href":"https:\/\/browsomepro.com\/hr\/wp-json\/wp\/v2\/product\/29101\/revisions"}],"predecessor-version":[{"id":29996,"href":"https:\/\/browsomepro.com\/hr\/wp-json\/wp\/v2\/product\/29101\/revisions\/29996"}],"wp:featuredmedia":[{"embeddable":true,"href":"https:\/\/browsomepro.com\/hr\/wp-json\/wp\/v2\/media\/29297"}],"wp:attachment":[{"href":"https:\/\/browsomepro.com\/hr\/wp-json\/wp\/v2\/media?parent=29101"}],"wp:term":[{"taxonomy":"product_brand","embeddable":true,"href":"https:\/\/browsomepro.com\/hr\/wp-json\/wp\/v2\/product_brand?post=29101"},{"taxonomy":"product_cat","embeddable":true,"href":"https:\/\/browsomepro.com\/hr\/wp-json\/wp\/v2\/product_cat?post=29101"},{"taxonomy":"product_tag","embeddable":true,"href":"https:\/\/browsomepro.com\/hr\/wp-json\/wp\/v2\/product_tag?post=29101"}],"curies":[{"name":"wp","href":"https:\/\/api.w.org\/{rel}","templated":true}]}}