{"id":28155,"date":"2026-01-13T00:28:55","date_gmt":"2026-01-12T23:28:55","guid":{"rendered":"https:\/\/browsomepro.com\/?post_type=product&#038;p=28155"},"modified":"2026-01-13T00:36:10","modified_gmt":"2026-01-12T23:36:10","slug":"elan-brow-lash-supersonic-expert-system-set-clear-copy-copy","status":"publish","type":"product","link":"https:\/\/browsomepro.com\/hr\/proizvod\/elan-brow-lash-supersonic-expert-system-set-clear-copy-copy\/","title":{"rendered":"\u00c9lan &#8211; Brow &amp; Lash \u201cSupersonic\u201d Expert System Set &#8211; Clear (Copy) (Copy)"},"content":{"rendered":"\t\t<div data-elementor-type=\"product-post\" data-elementor-id=\"28155\" class=\"elementor elementor-28155 elementor-28154\" data-elementor-post-type=\"product\">\n\t\t\t\t<div class=\"elementor-element elementor-element-3699557b e-flex e-con-boxed e-con e-parent\" data-id=\"3699557b\" data-element_type=\"container\">\n\t\t\t\t\t<div class=\"e-con-inner\">\n\t\t<div class=\"elementor-element elementor-element-5b9a1e36 e-con-full e-flex e-con e-child\" data-id=\"5b9a1e36\" data-element_type=\"container\">\n\t\t\t\t<div class=\"elementor-element elementor-element-5b9c3286 elementor-widget elementor-widget-image\" data-id=\"5b9c3286\" data-element_type=\"widget\" data-widget_type=\"image.default\">\n\t\t\t\t<div class=\"elementor-widget-container\">\n\t\t\t\t\t\t\t\t\t\t\t\t\t\t\t<img fetchpriority=\"high\" decoding=\"async\" width=\"2000\" height=\"2000\" src=\"https:\/\/browsomepro.com\/wp-content\/uploads\/2024\/04\/ELAN-SUPERSONIC-2.0-BROWSOME-KIT.webp\" class=\"attachment-full size-full wp-image-26615\" alt=\"\" srcset=\"https:\/\/browsomepro.com\/wp-content\/uploads\/2024\/04\/ELAN-SUPERSONIC-2.0-BROWSOME-KIT.webp 2000w, https:\/\/browsomepro.com\/wp-content\/uploads\/2024\/04\/ELAN-SUPERSONIC-2.0-BROWSOME-KIT-300x300.webp 300w, https:\/\/browsomepro.com\/wp-content\/uploads\/2024\/04\/ELAN-SUPERSONIC-2.0-BROWSOME-KIT-1024x1024.webp 1024w, https:\/\/browsomepro.com\/wp-content\/uploads\/2024\/04\/ELAN-SUPERSONIC-2.0-BROWSOME-KIT-150x150.webp 150w, https:\/\/browsomepro.com\/wp-content\/uploads\/2024\/04\/ELAN-SUPERSONIC-2.0-BROWSOME-KIT-768x768.webp 768w, https:\/\/browsomepro.com\/wp-content\/uploads\/2024\/04\/ELAN-SUPERSONIC-2.0-BROWSOME-KIT-1536x1536.webp 1536w, https:\/\/browsomepro.com\/wp-content\/uploads\/2024\/04\/ELAN-SUPERSONIC-2.0-BROWSOME-KIT-990x990.webp 990w, https:\/\/browsomepro.com\/wp-content\/uploads\/2024\/04\/ELAN-SUPERSONIC-2.0-BROWSOME-KIT-441x441.webp 441w, https:\/\/browsomepro.com\/wp-content\/uploads\/2024\/04\/ELAN-SUPERSONIC-2.0-BROWSOME-KIT-100x100.webp 100w, https:\/\/browsomepro.com\/wp-content\/uploads\/2024\/04\/ELAN-SUPERSONIC-2.0-BROWSOME-KIT-800x800.webp 800w\" sizes=\"(max-width: 360px) 147px, (max-width: 2000px) 100vw, 2000px\" \/>\t\t\t\t\t\t\t\t\t\t\t\t\t\t\t<\/div>\n\t\t\t\t<\/div>\n\t\t\t\t<\/div>\n\t\t<div class=\"elementor-element elementor-element-5d4762c9 e-con-full e-flex e-con e-child\" data-id=\"5d4762c9\" data-element_type=\"container\" data-settings=\"{&quot;background_background&quot;:&quot;classic&quot;}\">\n\t\t\t\t<div class=\"elementor-element elementor-element-5f03ce30 elementor-widget elementor-widget-heading\" data-id=\"5f03ce30\" data-element_type=\"widget\" data-widget_type=\"heading.default\">\n\t\t\t\t<div class=\"elementor-widget-container\">\n\t\t\t\t\t<h2 class=\"elementor-heading-title elementor-size-default\">Ravnote\u017ea izme\u0111u u\u010dinkovitosti i njege<\/h2>\t\t\t\t<\/div>\n\t\t\t\t<\/div>\n\t\t\t\t<div class=\"elementor-element elementor-element-5861bd15 elementor-widget elementor-widget-text-editor\" data-id=\"5861bd15\" data-element_type=\"widget\" data-widget_type=\"text-editor.default\">\n\t\t\t\t<div class=\"elementor-widget-container\">\n\t\t\t\t\t\t\t\t\t<p>Sustav \u00c9lan Supersonic za obrve i trepavice nudi jedinstvenu kombinaciju brzog djelovanja i potpore zdravlju dla\u010dica. Namijenjen je i za lifting trepavica i laminaciju obrva, s fokusom na personalizirane tretmane i razli\u010dite hranjive sastojke. Sustav se prilago\u0111ava razli\u010ditim tipovima dla\u010dica, osiguravaju\u0107i da svaka klijentica dobije tretman prilago\u0111en njezinim potrebama.  <\/p>\n<p>Za postizanje najboljih rezultata s proizvodima \u00c9lan Supersonic, preporu\u010dujemo kori\u0161tenje i sljede\u0107ih proizvoda:<\/p>\n<p>-\u00c9lan Cleansing Detox Mousse Soft<br \/>-\u00c9lan Smart Brow Tinting System<br \/>-\u00c9lan Colour Fix<br \/>-\u00c9lan Brow Elixir<\/p>\n\t\t\t\t\t\t\t\t<\/div>\n\t\t\t\t<\/div>\n\t\t\t\t<div class=\"elementor-element elementor-element-a2cac15 elementor-widget elementor-widget-toggle\" data-id=\"a2cac15\" data-element_type=\"widget\" data-widget_type=\"toggle.default\">\n\t\t\t\t<div class=\"elementor-widget-container\">\n\t\t\t\t\t\t\t<div class=\"elementor-toggle\">\n\t\t\t\t\t\t\t<div class=\"elementor-toggle-item\">\n\t\t\t\t\t<div id=\"elementor-tab-title-1701\" class=\"elementor-tab-title\" data-tab=\"1\" role=\"button\" aria-controls=\"elementor-tab-content-1701\" aria-expanded=\"false\">\n\t\t\t\t\t\t\t\t\t\t\t\t<span class=\"elementor-toggle-icon elementor-toggle-icon-left\" aria-hidden=\"true\">\n\t\t\t\t\t\t\t\t\t\t\t\t\t\t\t<span class=\"elementor-toggle-icon-closed\"><svg class=\"e-font-icon-svg e-fas-caret-right\" viewBox=\"0 0 192 512\" xmlns=\"http:\/\/www.w3.org\/2000\/svg\"><path d=\"M0 384.662V127.338c0-17.818 21.543-26.741 34.142-14.142l128.662 128.662c7.81 7.81 7.81 20.474 0 28.284L34.142 398.804C21.543 411.404 0 402.48 0 384.662z\"><\/path><\/svg><\/span>\n\t\t\t\t\t\t\t\t<span class=\"elementor-toggle-icon-opened\"><svg class=\"elementor-toggle-icon-opened e-font-icon-svg e-fas-caret-up\" viewBox=\"0 0 320 512\" xmlns=\"http:\/\/www.w3.org\/2000\/svg\"><path d=\"M288.662 352H31.338c-17.818 0-26.741-21.543-14.142-34.142l128.662-128.662c7.81-7.81 20.474-7.81 28.284 0l128.662 128.662c12.6 12.599 3.676 34.142-14.142 34.142z\"><\/path><\/svg><\/span>\n\t\t\t\t\t\t\t\t\t\t\t\t\t<\/span>\n\t\t\t\t\t\t\t\t\t\t\t\t<a class=\"elementor-toggle-title\" tabindex=\"0\">Trajanje tretmana za obrve<\/a>\n\t\t\t\t\t<\/div>\n\n\t\t\t\t\t<div id=\"elementor-tab-content-1701\" class=\"elementor-tab-content elementor-clearfix\" data-tab=\"1\" role=\"region\" aria-labelledby=\"elementor-tab-title-1701\"><ul>\n<li aria-level=\"1\">Guste, prethodno neobra\u0111ene \u2013 vrijeme djelovanja Seruma 1: 5\u20138 minuta, a Seruma 2 najmanje 6\u20138 minuta.<\/li>\n<li aria-level=\"1\">Srednje debljine, prethodno obra\u0111ene \u2013 vrijeme djelovanja Seruma 1: 3\u20135 minuta, a Seruma 2: 6\u20138 minuta. <\/li>\n<li aria-level=\"1\">Tanke obrve \u2013 vrijeme nano\u0161enja do 3 minute.<\/li>\n<\/ul>\n<\/div>\n\t\t\t\t<\/div>\n\t\t\t\t\t\t\t<div class=\"elementor-toggle-item\">\n\t\t\t\t\t<div id=\"elementor-tab-title-1702\" class=\"elementor-tab-title\" data-tab=\"2\" role=\"button\" aria-controls=\"elementor-tab-content-1702\" aria-expanded=\"false\">\n\t\t\t\t\t\t\t\t\t\t\t\t<span class=\"elementor-toggle-icon elementor-toggle-icon-left\" aria-hidden=\"true\">\n\t\t\t\t\t\t\t\t\t\t\t\t\t\t\t<span class=\"elementor-toggle-icon-closed\"><svg class=\"e-font-icon-svg e-fas-caret-right\" viewBox=\"0 0 192 512\" xmlns=\"http:\/\/www.w3.org\/2000\/svg\"><path d=\"M0 384.662V127.338c0-17.818 21.543-26.741 34.142-14.142l128.662 128.662c7.81 7.81 7.81 20.474 0 28.284L34.142 398.804C21.543 411.404 0 402.48 0 384.662z\"><\/path><\/svg><\/span>\n\t\t\t\t\t\t\t\t<span class=\"elementor-toggle-icon-opened\"><svg class=\"elementor-toggle-icon-opened e-font-icon-svg e-fas-caret-up\" viewBox=\"0 0 320 512\" xmlns=\"http:\/\/www.w3.org\/2000\/svg\"><path d=\"M288.662 352H31.338c-17.818 0-26.741-21.543-14.142-34.142l128.662-128.662c7.81-7.81 20.474-7.81 28.284 0l128.662 128.662c12.6 12.599 3.676 34.142-14.142 34.142z\"><\/path><\/svg><\/span>\n\t\t\t\t\t\t\t\t\t\t\t\t\t<\/span>\n\t\t\t\t\t\t\t\t\t\t\t\t<a class=\"elementor-toggle-title\" tabindex=\"0\">Vrijeme nano\u0161enja za trepavice<\/a>\n\t\t\t\t\t<\/div>\n\n\t\t\t\t\t<div id=\"elementor-tab-content-1702\" class=\"elementor-tab-content elementor-clearfix\" data-tab=\"2\" role=\"region\" aria-labelledby=\"elementor-tab-title-1702\"><ul>\n<li aria-level=\"1\">Trepavice guste ili ravne \u2013 Serum 1 dr\u017eite 6\u201310 minuta, a Serum 2 najmanje 6 minuta.<\/li>\n<li aria-level=\"1\">Trepavice srednje debljine ili tanke \u2013 Serum 1 dr\u017eite 3\u20136 minuta, a Serum 2 6\u201310 minuta.<\/li>\n<\/ul>\n<\/div>\n\t\t\t\t<\/div>\n\t\t\t\t\t\t\t\t<\/div>\n\t\t\t\t\t\t<\/div>\n\t\t\t\t<\/div>\n\t\t\t\t<\/div>\n\t\t\t\t\t<\/div>\n\t\t\t\t<\/div>\n\t\t<div class=\"elementor-element elementor-element-732ac5bc e-flex e-con-boxed e-con e-parent\" data-id=\"732ac5bc\" data-element_type=\"container\">\n\t\t\t\t\t<div class=\"e-con-inner\">\n\t\t<div class=\"elementor-element elementor-element-2823f277 e-con-full e-flex e-con e-child\" data-id=\"2823f277\" data-element_type=\"container\" data-settings=\"{&quot;background_background&quot;:&quot;classic&quot;}\">\n\t\t\t\t<div class=\"elementor-element elementor-element-7c381a07 elementor-widget elementor-widget-heading\" data-id=\"7c381a07\" data-element_type=\"widget\" data-widget_type=\"heading.default\">\n\t\t\t\t<div class=\"elementor-widget-container\">\n\t\t\t\t\t<h2 class=\"elementor-heading-title elementor-size-default\">Korak po korak za oblikovane obrve i trepavice<\/h2>\t\t\t\t<\/div>\n\t\t\t\t<\/div>\n\t\t\t\t<div class=\"elementor-element elementor-element-208ceebd elementor-widget elementor-widget-text-editor\" data-id=\"208ceebd\" data-element_type=\"widget\" data-widget_type=\"text-editor.default\">\n\t\t\t\t<div class=\"elementor-widget-container\">\n\t\t\t\t\t\t\t\t\t<p>Sustav \u00c9lan Supersonic osmi\u0161ljen je kako bi kroz proces pru\u017eio sveobuhvatnu njegu, omogu\u0107uju\u0107i ne samo impresivne rezultate, ve\u0107 i o\u010duvanje zdravlja i strukture dla\u010dica tijekom cijelog tretmana.<\/p>\n\t\t\t\t\t\t\t\t<\/div>\n\t\t\t\t<\/div>\n\t\t\t\t<div class=\"elementor-element elementor-element-8afa112 elementor-widget elementor-widget-toggle\" data-id=\"8afa112\" data-element_type=\"widget\" data-widget_type=\"toggle.default\">\n\t\t\t\t<div class=\"elementor-widget-container\">\n\t\t\t\t\t\t\t<div class=\"elementor-toggle\">\n\t\t\t\t\t\t\t<div class=\"elementor-toggle-item\">\n\t\t\t\t\t<div id=\"elementor-tab-title-1451\" class=\"elementor-tab-title\" data-tab=\"1\" role=\"button\" aria-controls=\"elementor-tab-content-1451\" aria-expanded=\"false\">\n\t\t\t\t\t\t\t\t\t\t\t\t<span class=\"elementor-toggle-icon elementor-toggle-icon-left\" aria-hidden=\"true\">\n\t\t\t\t\t\t\t\t\t\t\t\t\t\t\t<span class=\"elementor-toggle-icon-closed\"><svg class=\"e-font-icon-svg e-fas-caret-right\" viewBox=\"0 0 192 512\" xmlns=\"http:\/\/www.w3.org\/2000\/svg\"><path d=\"M0 384.662V127.338c0-17.818 21.543-26.741 34.142-14.142l128.662 128.662c7.81 7.81 7.81 20.474 0 28.284L34.142 398.804C21.543 411.404 0 402.48 0 384.662z\"><\/path><\/svg><\/span>\n\t\t\t\t\t\t\t\t<span class=\"elementor-toggle-icon-opened\"><svg class=\"elementor-toggle-icon-opened e-font-icon-svg e-fas-caret-up\" viewBox=\"0 0 320 512\" xmlns=\"http:\/\/www.w3.org\/2000\/svg\"><path d=\"M288.662 352H31.338c-17.818 0-26.741-21.543-14.142-34.142l128.662-128.662c7.81-7.81 20.474-7.81 28.284 0l128.662 128.662c12.6 12.599 3.676 34.142-14.142 34.142z\"><\/path><\/svg><\/span>\n\t\t\t\t\t\t\t\t\t\t\t\t\t<\/span>\n\t\t\t\t\t\t\t\t\t\t\t\t<a class=\"elementor-toggle-title\" tabindex=\"0\">Korak 1-\u00c9lan Supersonic System Serum 1 Clear<\/a>\n\t\t\t\t\t<\/div>\n\n\t\t\t\t\t<div id=\"elementor-tab-content-1451\" class=\"elementor-tab-content elementor-clearfix\" data-tab=\"1\" role=\"region\" aria-labelledby=\"elementor-tab-title-1451\"><p>Serum 1 zapo\u010dinje postupak tako da u\u010dinkovito omek\u0161ava kutikulu dla\u010dica zahvaljuju\u0107i inovativnoj kombinaciji sastojaka, djeluje brzo, istovremeno hrane\u0107i i \u0161tite\u0107i dla\u010dice te postavljaju\u0107i temelj za uspje\u0161an tretman. <\/p>\n<ul>\n<li aria-level=\"2\">Djeluje na disulfidne veze za brzo i u\u010dinkovito oblikovanje.<\/li>\n<li aria-level=\"2\">Hrani dla\u010dice i \u0161titi ih od isu\u0161ivanja.<\/li>\n<li aria-level=\"2\">Priprema dla\u010dice za duboku apsorpciju tretmana.<\/li>\n<\/ul>\n<\/div>\n\t\t\t\t<\/div>\n\t\t\t\t\t\t\t<div class=\"elementor-toggle-item\">\n\t\t\t\t\t<div id=\"elementor-tab-title-1452\" class=\"elementor-tab-title\" data-tab=\"2\" role=\"button\" aria-controls=\"elementor-tab-content-1452\" aria-expanded=\"false\">\n\t\t\t\t\t\t\t\t\t\t\t\t<span class=\"elementor-toggle-icon elementor-toggle-icon-left\" aria-hidden=\"true\">\n\t\t\t\t\t\t\t\t\t\t\t\t\t\t\t<span class=\"elementor-toggle-icon-closed\"><svg class=\"e-font-icon-svg e-fas-caret-right\" viewBox=\"0 0 192 512\" xmlns=\"http:\/\/www.w3.org\/2000\/svg\"><path d=\"M0 384.662V127.338c0-17.818 21.543-26.741 34.142-14.142l128.662 128.662c7.81 7.81 7.81 20.474 0 28.284L34.142 398.804C21.543 411.404 0 402.48 0 384.662z\"><\/path><\/svg><\/span>\n\t\t\t\t\t\t\t\t<span class=\"elementor-toggle-icon-opened\"><svg class=\"elementor-toggle-icon-opened e-font-icon-svg e-fas-caret-up\" viewBox=\"0 0 320 512\" xmlns=\"http:\/\/www.w3.org\/2000\/svg\"><path d=\"M288.662 352H31.338c-17.818 0-26.741-21.543-14.142-34.142l128.662-128.662c7.81-7.81 20.474-7.81 28.284 0l128.662 128.662c12.6 12.599 3.676 34.142-14.142 34.142z\"><\/path><\/svg><\/span>\n\t\t\t\t\t\t\t\t\t\t\t\t\t<\/span>\n\t\t\t\t\t\t\t\t\t\t\t\t<a class=\"elementor-toggle-title\" tabindex=\"0\">Korak 2- \u00c9lan Supersonic System Serum 2<\/a>\n\t\t\t\t\t<\/div>\n\n\t\t\t\t\t<div id=\"elementor-tab-content-1452\" class=\"elementor-tab-content elementor-clearfix\" data-tab=\"2\" role=\"region\" aria-labelledby=\"elementor-tab-title-1452\"><p>Ovaj serum fiksira novi oblik dla\u010dica i pru\u017ea dodatnu njegu. Zahvaljuju\u0107i sastojcima poput ulja argana i hidroliziranog kolagena, dla\u010dice ostaju oblikovane, hidratizirane i njegovane. <\/p>\n<ul>\n<li aria-level=\"2\">Poma\u017ee odr\u017eati novi oblik dla\u010dica uz dodatnu elasti\u010dnost.<\/li>\n<li aria-level=\"2\">Odr\u017eava prirodnu pH vrijednost dla\u010dica i pobolj\u0161ava njihovo zdravlje.<\/li>\n<li aria-level=\"2\">Daje dla\u010dicama gla\u0111i i sjajniji zavr\u0161etak.<\/li>\n<\/ul>\n<\/div>\n\t\t\t\t<\/div>\n\t\t\t\t\t\t\t<div class=\"elementor-toggle-item\">\n\t\t\t\t\t<div id=\"elementor-tab-title-1453\" class=\"elementor-tab-title\" data-tab=\"3\" role=\"button\" aria-controls=\"elementor-tab-content-1453\" aria-expanded=\"false\">\n\t\t\t\t\t\t\t\t\t\t\t\t<span class=\"elementor-toggle-icon elementor-toggle-icon-left\" aria-hidden=\"true\">\n\t\t\t\t\t\t\t\t\t\t\t\t\t\t\t<span class=\"elementor-toggle-icon-closed\"><svg class=\"e-font-icon-svg e-fas-caret-right\" viewBox=\"0 0 192 512\" xmlns=\"http:\/\/www.w3.org\/2000\/svg\"><path d=\"M0 384.662V127.338c0-17.818 21.543-26.741 34.142-14.142l128.662 128.662c7.81 7.81 7.81 20.474 0 28.284L34.142 398.804C21.543 411.404 0 402.48 0 384.662z\"><\/path><\/svg><\/span>\n\t\t\t\t\t\t\t\t<span class=\"elementor-toggle-icon-opened\"><svg class=\"elementor-toggle-icon-opened e-font-icon-svg e-fas-caret-up\" viewBox=\"0 0 320 512\" xmlns=\"http:\/\/www.w3.org\/2000\/svg\"><path d=\"M288.662 352H31.338c-17.818 0-26.741-21.543-14.142-34.142l128.662-128.662c7.81-7.81 20.474-7.81 28.284 0l128.662 128.662c12.6 12.599 3.676 34.142-14.142 34.142z\"><\/path><\/svg><\/span>\n\t\t\t\t\t\t\t\t\t\t\t\t\t<\/span>\n\t\t\t\t\t\t\t\t\t\t\t\t<a class=\"elementor-toggle-title\" tabindex=\"0\">Korak 3- \u00c9lan Supersonic System Multivitor<\/a>\n\t\t\t\t\t<\/div>\n\n\t\t\t\t\t<div id=\"elementor-tab-content-1453\" class=\"elementor-tab-content elementor-clearfix\" data-tab=\"3\" role=\"region\" aria-labelledby=\"elementor-tab-title-1453\"><p>Na zavr\u0161etku postupka, Multivitor uranja dla\u010dice u duboko regeneriraju\u0107u otopinu. Njegova inovativna formula, bogata biljnim ekstraktima i keratinom, pru\u017ea potpuni zavr\u0161etak tretmana, revitaliziraju\u0107i dla\u010dice u potpunosti. <\/p>\n<ul>\n<li aria-level=\"2\">Pru\u017ea duboku njegu i revitalizaciju.<\/li>\n<li aria-level=\"2\">Pobolj\u0161ava prirodnu otpornost i sjaj dla\u010dica.<\/li>\n<li aria-level=\"2\">Osigurava da tretirane dla\u010dice ostanu zdrave i sna\u017ene.<\/li>\n<\/ul>\n<\/div>\n\t\t\t\t<\/div>\n\t\t\t\t\t\t\t\t<\/div>\n\t\t\t\t\t\t<\/div>\n\t\t\t\t<\/div>\n\t\t\t\t<\/div>\n\t\t<div class=\"elementor-element elementor-element-2a778160 e-con-full e-flex e-con e-child\" data-id=\"2a778160\" data-element_type=\"container\">\n\t\t\t\t<div class=\"elementor-element elementor-element-2ad14c01 elementor-widget elementor-widget-image\" data-id=\"2ad14c01\" data-element_type=\"widget\" data-widget_type=\"image.default\">\n\t\t\t\t<div class=\"elementor-widget-container\">\n\t\t\t\t\t\t\t\t\t\t\t\t\t\t\t<img decoding=\"async\" width=\"2000\" height=\"2000\" src=\"https:\/\/browsomepro.com\/wp-content\/uploads\/2024\/04\/elan-textures-browsome2.webp\" class=\"attachment-full size-full wp-image-26676\" alt=\"\" srcset=\"https:\/\/browsomepro.com\/wp-content\/uploads\/2024\/04\/elan-textures-browsome2.webp 2000w, https:\/\/browsomepro.com\/wp-content\/uploads\/2024\/04\/elan-textures-browsome2-300x300.webp 300w, https:\/\/browsomepro.com\/wp-content\/uploads\/2024\/04\/elan-textures-browsome2-1024x1024.webp 1024w, https:\/\/browsomepro.com\/wp-content\/uploads\/2024\/04\/elan-textures-browsome2-150x150.webp 150w, https:\/\/browsomepro.com\/wp-content\/uploads\/2024\/04\/elan-textures-browsome2-768x768.webp 768w, https:\/\/browsomepro.com\/wp-content\/uploads\/2024\/04\/elan-textures-browsome2-1536x1536.webp 1536w, https:\/\/browsomepro.com\/wp-content\/uploads\/2024\/04\/elan-textures-browsome2-990x990.webp 990w, https:\/\/browsomepro.com\/wp-content\/uploads\/2024\/04\/elan-textures-browsome2-441x441.webp 441w, https:\/\/browsomepro.com\/wp-content\/uploads\/2024\/04\/elan-textures-browsome2-100x100.webp 100w, https:\/\/browsomepro.com\/wp-content\/uploads\/2024\/04\/elan-textures-browsome2-800x800.webp 800w\" sizes=\"(max-width: 360px) 147px, (max-width: 2000px) 100vw, 2000px\" \/>\t\t\t\t\t\t\t\t\t\t\t\t\t\t\t<\/div>\n\t\t\t\t<\/div>\n\t\t\t\t<\/div>\n\t\t\t\t\t<\/div>\n\t\t\t\t<\/div>\n\t\t\t\t<\/div>\n\t\t","protected":false},"excerpt":{"rendered":"<p><strong>Serum 1, Serum 2 &amp; Multivitor<\/strong><\/p>\n<p><strong>Ovaj set uklju\u010duje CLEAR verziju Koraka 1, preporu\u010denu za postupak laminacije obrva.<\/strong><\/p>\n<p><strong>Set je dostupan i s PINK verzijom Seruma 1, koja se preporu\u010duje za postupak liftinga trepavica.<\/strong><\/p>\n<p>Serum 1 CLEAR:<\/p>\n<p>Serum 1 koristi se u PRVOM koraku postupka fleksiranja obrva i trepavica. Proizvod omek\u0161ava kutikulu, otvara ljuskice i prodire duboko u strukturu dla\u010dice. Zahvaljuju\u0107i kombinaciji dvaju razli\u010ditih relaksiraju\u0107ih sastojaka i dvaju alkaliziraju\u0107ih agensa, serum brzo i u\u010dinkovito preoblikuje disulfidne veze u dla\u010dicama, \u010dime se skra\u0107uje ukupno vrijeme postupka. Hranjivi kompleks na bazi keratina i kolagena \u0161titi dla\u010dice od dehidracije i lomljivosti te poma\u017ee zadr\u017eati vlagu unutar njihove strukture.   <\/p>\n<p>Vrijeme djelovanja: 3 do 10 minuta.<\/p>\n<p>Serum 2:<\/p>\n<p>Serum 2 koristi se u DRUGOM koraku postupka fleksiranja obrva i trepavica. Njegova pa\u017eljivo uravnote\u017eena formula maksimalno sura\u0111uje sa Serumom 1, u\u010dvr\u0161\u0107uje novo oblikovane veze u dla\u010dicama i osigurava \u017eeljeni rezultat. Formulacija oboga\u0107ena polimerima, arganovim uljem i hidroliziranim kolagenom \u0161titi dla\u010dice, ja\u010da ih i ostavlja podatnima.  <\/p>\n<p>Vrijeme djelovanja: 3 do 10 minuta.<\/p>\n<p>Multivitor\/Korak 3:<\/p>\n<p>Multivitor se koristi u TRE\u0106EM (zavr\u0161nom) koraku postupka fleksiranja obrva i trepavica. Patentirani sastojak MULTIVIT SHUTTLE, zajedno s biljnim komponentama soje i p\u0161enice te betainom, keratinom i za\u0161titnim polimerima, poti\u010de u\u010dinkovitu regeneraciju dla\u010dica. Uz to poma\u017ee u vra\u0107anju njihova prirodnog pH-a. <\/p>\n<p>Vrijeme djelovanja: 5 minuta.<\/p>\n[cg_accordion title=\"Sastojci\"]SUPERSONIC SERUM 1 CLEAR<\/p>\n<p>Aqua, Thioglycolic Acid, Cysteamine HCL, Cetearyl Alcohol, Ammonium Hydroxide, Ethanolamine, Propylene Glycol, Mineral Oil, Ethylhexyl Stearate, Cetrimonium Chloride, Sodium Sulfite, Sodium Erythorbate, Ceteareth-20, Diazolidinyl Urea (and) Methylparaben (and) Propylparaben, Parfum, Disodium EDTA, Polyquaternium-22, Hydrolyzed Collagen, Hydrolyzed Keratin, Dimethylcyclohexenyl 3-Butenyl Ketone, Methyl Decenol, Mica (and) CI 45410 (and) Lauroyl Lysine.<\/p>\n<p>SUPERSONIC Serum 2<br \/>\nAqua (voda), Cetearyl alcohol (cetearyl alkohol), Glycerin (glicerin), Ethylhexyl stearate, Ceteareth-20, Paraffinum liquidum (teku\u0107i parafin), Hydrogen peroxide (vodikov peroksid), Argania spinosa kernel oil (arganovo ulje), Hydrolyzed collagen (hidrolizirani kolagen), Disodium EDTA, Tetrasodium pyrophosphate, Phosphoric acid (fosforna kiselina), Sodium stannate, Cetrimonium chloride (ketrimonij klorid), Citric acid (limunska kiselina).<\/p>\n<p>SUPERSONIC Multivitor<br \/>\nAqua (voda), Cetearyl alcohol (cetearyl alkohol), Glycerin (glicerin), Isopropyl palmitate, Paraffinum liquidum (teku\u0107i parafin), Cyclopentasiloxane, Betaine (betain), Hydrolyzed wheat protein (hidrolizirani p\u0161eni\u010dni protein), Hydrolyzed soy protein (hidrolizirani sojin protein), Ceteareth-20, PEG-8, PEG-8\/SMDI copolymer, Sodium polyacrylate, Cetrimonium chloride (ketrimonij klorid), Dimethiconol, BHT, Palmitoyl myristyl serinate, Phenoxyethanol, Ethylhexylglycerin, Parfum (miris), Citric acid (limunska kiselina), Benzyl salicylate, Hydroxycitronellal, CI 60730.<\/p>\n<p>[\/cg_accordion]\n<p>Veli\u010dina: 10 ml po bo\u010dici<br \/>\nZemlja podrijetla: <span style=\"font-weight: 400;\">Turska<\/span><br \/>\nRok trajanja nakon otvaranja: 6 mjeseci<\/p>\n","protected":false},"featured_media":28159,"template":"","meta":{"_acf_changed":false,"_monsterinsights_skip_tracking":false,"_monsterinsights_sitenote_active":false,"_monsterinsights_sitenote_note":"","_monsterinsights_sitenote_category":0},"product_brand":[],"product_cat":[540,531,543,539,536],"product_tag":[],"class_list":{"0":"post-28155","1":"product","2":"type-product","3":"status-publish","4":"has-post-thumbnail","6":"product_cat-elan-hr","7":"product_cat-istrazi-po-brendu","8":"product_cat-njega-nakon-tretmana-i-priprema-koze-hr","9":"product_cat-njega-nakon-tretmana-i-priprema-koze","10":"product_cat-obrve","12":"first","13":"instock","14":"taxable","15":"shipping-taxable","16":"purchasable","17":"product-type-simple"},"acf":[],"aioseo_notices":[],"_links":{"self":[{"href":"https:\/\/browsomepro.com\/hr\/wp-json\/wp\/v2\/product\/28155","targetHints":{"allow":["GET"]}}],"collection":[{"href":"https:\/\/browsomepro.com\/hr\/wp-json\/wp\/v2\/product"}],"about":[{"href":"https:\/\/browsomepro.com\/hr\/wp-json\/wp\/v2\/types\/product"}],"version-history":[{"count":1,"href":"https:\/\/browsomepro.com\/hr\/wp-json\/wp\/v2\/product\/28155\/revisions"}],"predecessor-version":[{"id":28161,"href":"https:\/\/browsomepro.com\/hr\/wp-json\/wp\/v2\/product\/28155\/revisions\/28161"}],"wp:featuredmedia":[{"embeddable":true,"href":"https:\/\/browsomepro.com\/hr\/wp-json\/wp\/v2\/media\/28159"}],"wp:attachment":[{"href":"https:\/\/browsomepro.com\/hr\/wp-json\/wp\/v2\/media?parent=28155"}],"wp:term":[{"taxonomy":"product_brand","embeddable":true,"href":"https:\/\/browsomepro.com\/hr\/wp-json\/wp\/v2\/product_brand?post=28155"},{"taxonomy":"product_cat","embeddable":true,"href":"https:\/\/browsomepro.com\/hr\/wp-json\/wp\/v2\/product_cat?post=28155"},{"taxonomy":"product_tag","embeddable":true,"href":"https:\/\/browsomepro.com\/hr\/wp-json\/wp\/v2\/product_tag?post=28155"}],"curies":[{"name":"wp","href":"https:\/\/api.w.org\/{rel}","templated":true}]}}