{"id":26929,"date":"2024-03-01T10:18:37","date_gmt":"2024-03-01T09:18:37","guid":{"rendered":"https:\/\/browsomepro.com\/product\/thuya-taupe-grey-dye-2\/"},"modified":"2025-11-24T18:00:31","modified_gmt":"2025-11-24T17:00:31","slug":"thuya-taupe-grey-dye-2","status":"publish","type":"product","link":"https:\/\/browsomepro.com\/hr\/proizvod\/thuya-taupe-grey-dye-2\/","title":{"rendered":"Thuya \u2013 Taupe Grey boja"},"content":{"rendered":"\t\t<div data-elementor-type=\"product-post\" data-elementor-id=\"26929\" class=\"elementor elementor-26929 elementor-7401\" data-elementor-post-type=\"product\">\n\t\t\t\t<div class=\"elementor-element elementor-element-77f7e7d e-flex e-con-boxed e-con e-parent\" data-id=\"77f7e7d\" data-element_type=\"container\">\n\t\t\t\t\t<div class=\"e-con-inner\">\n\t\t<div class=\"elementor-element elementor-element-7716a9c e-con-full e-flex e-con e-child\" data-id=\"7716a9c\" data-element_type=\"container\">\n\t\t\t\t<div class=\"elementor-element elementor-element-2363e2b elementor-widget elementor-widget-image\" data-id=\"2363e2b\" data-element_type=\"widget\" data-widget_type=\"image.default\">\n\t\t\t\t<div class=\"elementor-widget-container\">\n\t\t\t\t\t\t\t\t\t\t\t\t\t\t\t<img fetchpriority=\"high\" decoding=\"async\" width=\"1080\" height=\"1080\" src=\"https:\/\/browsomepro.com\/wp-content\/uploads\/2024\/02\/thuya-tints-browsome.jpg\" class=\"attachment-full size-full wp-image-26959\" alt=\"\" srcset=\"https:\/\/browsomepro.com\/wp-content\/uploads\/2024\/02\/thuya-tints-browsome.jpg 1080w, https:\/\/browsomepro.com\/wp-content\/uploads\/2024\/02\/thuya-tints-browsome-300x300.jpg 300w, https:\/\/browsomepro.com\/wp-content\/uploads\/2024\/02\/thuya-tints-browsome-1024x1024.jpg 1024w, https:\/\/browsomepro.com\/wp-content\/uploads\/2024\/02\/thuya-tints-browsome-150x150.jpg 150w, https:\/\/browsomepro.com\/wp-content\/uploads\/2024\/02\/thuya-tints-browsome-768x768.jpg 768w, https:\/\/browsomepro.com\/wp-content\/uploads\/2024\/02\/thuya-tints-browsome-990x990.jpg 990w, https:\/\/browsomepro.com\/wp-content\/uploads\/2024\/02\/thuya-tints-browsome-441x441.jpg 441w, https:\/\/browsomepro.com\/wp-content\/uploads\/2024\/02\/thuya-tints-browsome-100x100.jpg 100w, https:\/\/browsomepro.com\/wp-content\/uploads\/2024\/02\/thuya-tints-browsome-800x800.jpg 800w\" sizes=\"(max-width: 360px) 147px, (max-width: 1080px) 100vw, 1080px\" \/>\t\t\t\t\t\t\t\t\t\t\t\t\t\t\t<\/div>\n\t\t\t\t<\/div>\n\t\t\t\t<\/div>\n\t\t<div class=\"elementor-element elementor-element-891278b e-con-full e-flex e-con e-child\" data-id=\"891278b\" data-element_type=\"container\" data-settings=\"{&quot;background_background&quot;:&quot;classic&quot;}\">\n\t\t\t\t<div class=\"elementor-element elementor-element-060f0a6 elementor-widget elementor-widget-heading\" data-id=\"060f0a6\" data-element_type=\"widget\" data-widget_type=\"heading.default\">\n\t\t\t\t<div class=\"elementor-widget-container\">\n\t\t\t\t\t<h2 class=\"elementor-heading-title elementor-size-default\">Dugotrajna boja<\/h2>\t\t\t\t<\/div>\n\t\t\t\t<\/div>\n\t\t\t\t<div class=\"elementor-element elementor-element-1c9773d elementor-widget elementor-widget-text-editor\" data-id=\"1c9773d\" data-element_type=\"widget\" data-widget_type=\"text-editor.default\">\n\t\t\t\t<div class=\"elementor-widget-container\">\n\t\t\t\t\t\t\t\t\t<p>Kod bojenja obrva i trepavica, dugotrajnost je klju\u010dna. Thuya boje osiguravaju do 6 tjedana na dla\u010dicama i do 10 dana na ko\u017ei, pru\u017eaju\u0107i klijenticama dugotrajne rezultate uz minimalnu njegu. <\/p>\n<p>Tajna postizanja dugotrajne i intenzivne boje? Color Active tehnologija brenda Thuya.  <\/p>\n<p>Ova inovativna formula duboko prodire u dla\u010dicu, \u010dvrsto ve\u017eu\u0107i boju za svaku dla\u010dicu. Time se posti\u017ee intenzivno nijansiranje koje odolijeva blije\u0111enju, zadr\u017eavaju\u0107i dubinu i bogatstvo boje kroz pranje i svakodnevnu upotrebu.  <\/p>\n<p>Nijanse su prilago\u0111ene svakom tonu dla\u010dica, osiguravaju\u0107i personalizirane rezultate koji traju.<\/p>\n\t\t\t\t\t\t\t\t<\/div>\n\t\t\t\t<\/div>\n\t\t\t\t<\/div>\n\t\t\t\t\t<\/div>\n\t\t\t\t<\/div>\n\t\t<div class=\"elementor-element elementor-element-64a988c e-flex e-con-boxed e-con e-parent\" data-id=\"64a988c\" data-element_type=\"container\">\n\t\t\t\t\t<div class=\"e-con-inner\">\n\t\t<div class=\"elementor-element elementor-element-8700064 e-con-full e-flex e-con e-child\" data-id=\"8700064\" data-element_type=\"container\" data-settings=\"{&quot;background_background&quot;:&quot;classic&quot;}\">\n\t\t\t\t<div class=\"elementor-element elementor-element-ad9bffc elementor-widget elementor-widget-heading\" data-id=\"ad9bffc\" data-element_type=\"widget\" data-widget_type=\"heading.default\">\n\t\t\t\t<div class=\"elementor-widget-container\">\n\t\t\t\t\t<h2 class=\"elementor-heading-title elementor-size-default\">Njeguju\u0107a formula<\/h2>\t\t\t\t<\/div>\n\t\t\t\t<\/div>\n\t\t\t\t<div class=\"elementor-element elementor-element-0841853 elementor-widget elementor-widget-text-editor\" data-id=\"0841853\" data-element_type=\"widget\" data-widget_type=\"text-editor.default\">\n\t\t\t\t<div class=\"elementor-widget-container\">\n\t\t\t\t\t\t\t\t\t<p>Boje su oboga\u0107ene mje\u0161avinom arganovog ulja i keratina, poznatih po svojim svojstvima ja\u010danja dla\u010dica. Ova sna\u017ena kombinacija hidratizira i vra\u0107a glatko\u0107u dla\u010dicama, pru\u017eaju\u0107i im svilenkast i zdrav izgled. Arganovo ulje, oboga\u0107eno vitaminom E, pove\u0107ava elasti\u010dnost i sjaj dla\u010dica, dok keratin ja\u010da i pobolj\u0161ava njihovu otpornost.   <\/p>\n\t\t\t\t\t\t\t\t<\/div>\n\t\t\t\t<\/div>\n\t\t\t\t<div class=\"elementor-element elementor-element-3510d2e elementor-widget elementor-widget-heading\" data-id=\"3510d2e\" data-element_type=\"widget\" data-widget_type=\"heading.default\">\n\t\t\t\t<div class=\"elementor-widget-container\">\n\t\t\t\t\t<h2 class=\"elementor-heading-title elementor-size-default\">Omiljene kombinacije<\/h2>\t\t\t\t<\/div>\n\t\t\t\t<\/div>\n\t\t\t\t<div class=\"elementor-element elementor-element-8394733 elementor-widget elementor-widget-text-editor\" data-id=\"8394733\" data-element_type=\"widget\" data-widget_type=\"text-editor.default\">\n\t\t\t\t<div class=\"elementor-widget-container\">\n\t\t\t\t\t\t\t\t\t<p>Thuya paleta boja osmi\u0161ljena je za kreativnost, pru\u017eaju\u0107i slobodu kombiniranja i mije\u0161anja, kako bi svaka klijentica dobila nijansu koja je potpuno njezina. Bilo da \u017eelite suptilnu ili dramati\u010dnu promjenu, mo\u017eete stvoriti savr\u0161enu mje\u0161avinu koja \u010dini svaki tretman jedinstvenim poput same osobe. <\/p>\n\t\t\t\t\t\t\t\t<\/div>\n\t\t\t\t<\/div>\n\t\t\t\t<div class=\"elementor-element elementor-element-c3d3c24 elementor-widget elementor-widget-toggle\" data-id=\"c3d3c24\" data-element_type=\"widget\" data-widget_type=\"toggle.default\">\n\t\t\t\t<div class=\"elementor-widget-container\">\n\t\t\t\t\t\t\t<div class=\"elementor-toggle\">\n\t\t\t\t\t\t\t<div class=\"elementor-toggle-item\">\n\t\t\t\t\t<div id=\"elementor-tab-title-2051\" class=\"elementor-tab-title\" data-tab=\"1\" role=\"button\" aria-controls=\"elementor-tab-content-2051\" aria-expanded=\"false\">\n\t\t\t\t\t\t\t\t\t\t\t\t<span class=\"elementor-toggle-icon elementor-toggle-icon-left\" aria-hidden=\"true\">\n\t\t\t\t\t\t\t\t\t\t\t\t\t\t\t<span class=\"elementor-toggle-icon-closed\"><svg class=\"e-font-icon-svg e-fas-caret-right\" viewBox=\"0 0 192 512\" xmlns=\"http:\/\/www.w3.org\/2000\/svg\"><path d=\"M0 384.662V127.338c0-17.818 21.543-26.741 34.142-14.142l128.662 128.662c7.81 7.81 7.81 20.474 0 28.284L34.142 398.804C21.543 411.404 0 402.48 0 384.662z\"><\/path><\/svg><\/span>\n\t\t\t\t\t\t\t\t<span class=\"elementor-toggle-icon-opened\"><svg class=\"elementor-toggle-icon-opened e-font-icon-svg e-fas-caret-up\" viewBox=\"0 0 320 512\" xmlns=\"http:\/\/www.w3.org\/2000\/svg\"><path d=\"M288.662 352H31.338c-17.818 0-26.741-21.543-14.142-34.142l128.662-128.662c7.81-7.81 20.474-7.81 28.284 0l128.662 128.662c12.6 12.599 3.676 34.142-14.142 34.142z\"><\/path><\/svg><\/span>\n\t\t\t\t\t\t\t\t\t\t\t\t\t<\/span>\n\t\t\t\t\t\t\t\t\t\t\t\t<a class=\"elementor-toggle-title\" tabindex=\"0\">Omiljene kombinacije<\/a>\n\t\t\t\t\t<\/div>\n\n\t\t\t\t\t<div id=\"elementor-tab-content-2051\" class=\"elementor-tab-content elementor-clearfix\" data-tab=\"1\" role=\"region\" aria-labelledby=\"elementor-tab-title-2051\"><p>\u2013 Ash Brown (40%) + Brown (60%) = prirodna sme\u0111a kosa<br \/>\u2013 Brown (80%) + Taupe Grey (20%) = tamnosme\u0111a kosa<br \/>\u2013 Ash Brown (90%) + Chestnut (10%) = tamnija crvenokosa<br \/>\u2013 Light Brown (90%) + Ash Brown (10%) = topla plava<br \/>\u2013 Light Brown (70%) + Taupe Grey (30%) = hladna plava<br \/>\u2013 Light Brown (80%) + Graphite (20%) = tamnija plava<br \/>\u2013 Light Brown (70%) + Chestnut (30%) = svijetlija crvena<\/p>\n<p><\/p>\n<\/div>\n\t\t\t\t<\/div>\n\t\t\t\t\t\t\t<div class=\"elementor-toggle-item\">\n\t\t\t\t\t<div id=\"elementor-tab-title-2052\" class=\"elementor-tab-title\" data-tab=\"2\" role=\"button\" aria-controls=\"elementor-tab-content-2052\" aria-expanded=\"false\">\n\t\t\t\t\t\t\t\t\t\t\t\t<span class=\"elementor-toggle-icon elementor-toggle-icon-left\" aria-hidden=\"true\">\n\t\t\t\t\t\t\t\t\t\t\t\t\t\t\t<span class=\"elementor-toggle-icon-closed\"><svg class=\"e-font-icon-svg e-fas-caret-right\" viewBox=\"0 0 192 512\" xmlns=\"http:\/\/www.w3.org\/2000\/svg\"><path d=\"M0 384.662V127.338c0-17.818 21.543-26.741 34.142-14.142l128.662 128.662c7.81 7.81 7.81 20.474 0 28.284L34.142 398.804C21.543 411.404 0 402.48 0 384.662z\"><\/path><\/svg><\/span>\n\t\t\t\t\t\t\t\t<span class=\"elementor-toggle-icon-opened\"><svg class=\"elementor-toggle-icon-opened e-font-icon-svg e-fas-caret-up\" viewBox=\"0 0 320 512\" xmlns=\"http:\/\/www.w3.org\/2000\/svg\"><path d=\"M288.662 352H31.338c-17.818 0-26.741-21.543-14.142-34.142l128.662-128.662c7.81-7.81 20.474-7.81 28.284 0l128.662 128.662c12.6 12.599 3.676 34.142-14.142 34.142z\"><\/path><\/svg><\/span>\n\t\t\t\t\t\t\t\t\t\t\t\t\t<\/span>\n\t\t\t\t\t\t\t\t\t\t\t\t<a class=\"elementor-toggle-title\" tabindex=\"0\">Opisi nijansi<\/a>\n\t\t\t\t\t<\/div>\n\n\t\t\t\t\t<div id=\"elementor-tab-content-2052\" class=\"elementor-tab-content elementor-clearfix\" data-tab=\"2\" role=\"region\" aria-labelledby=\"elementor-tab-title-2052\"><p>Light Brown \u2013 idealno za plavu\u0161e i svijetlo sme\u0111e nijanse<br \/><strong>Ash Brown<\/strong> \u2013 savr\u0161eno za crvenokose i svijetlo sme\u0111e tonove<br \/><strong>Taupe Grey<\/strong> \u2013 idealno za srednje do tamnosme\u0111e kose<br \/><strong>Graphite <\/strong>\u2013 preporu\u010deno za sive, sme\u0111e ili crne tonove<br \/><strong>Marron Brown<\/strong> \u2013 savr\u0161eno za prirodan izgled trepavica ili vrlo tamne obrve<br \/><strong>Deep Black <\/strong>\u2013 intenzivna, duboka crna, klasi\u010dna nijansa<br \/><strong>Chestnut<\/strong> \u2013 idealno za crvenokose ili mahagonij tonove<br \/><strong>Bluish Black <\/strong>\u2013 najbolja nijansa za trepavice, daje duboku crnu boju<\/p>\n<\/div>\n\t\t\t\t<\/div>\n\t\t\t\t\t\t\t\t<\/div>\n\t\t\t\t\t\t<\/div>\n\t\t\t\t<\/div>\n\t\t\t\t<\/div>\n\t\t<div class=\"elementor-element elementor-element-17112d8 e-con-full e-flex e-con e-child\" data-id=\"17112d8\" data-element_type=\"container\">\n\t\t\t\t<div class=\"elementor-element elementor-element-f0f1237 elementor-widget elementor-widget-image\" data-id=\"f0f1237\" data-element_type=\"widget\" data-widget_type=\"image.default\">\n\t\t\t\t<div class=\"elementor-widget-container\">\n\t\t\t\t\t\t\t\t\t\t\t\t\t\t\t<img decoding=\"async\" width=\"1080\" height=\"1080\" src=\"https:\/\/browsomepro.com\/wp-content\/uploads\/2024\/02\/thuya-colors.jpg\" class=\"attachment-full size-full wp-image-26960\" alt=\"\" srcset=\"https:\/\/browsomepro.com\/wp-content\/uploads\/2024\/02\/thuya-colors.jpg 1080w, https:\/\/browsomepro.com\/wp-content\/uploads\/2024\/02\/thuya-colors-300x300.jpg 300w, https:\/\/browsomepro.com\/wp-content\/uploads\/2024\/02\/thuya-colors-1024x1024.jpg 1024w, https:\/\/browsomepro.com\/wp-content\/uploads\/2024\/02\/thuya-colors-150x150.jpg 150w, https:\/\/browsomepro.com\/wp-content\/uploads\/2024\/02\/thuya-colors-768x768.jpg 768w, https:\/\/browsomepro.com\/wp-content\/uploads\/2024\/02\/thuya-colors-990x990.jpg 990w, https:\/\/browsomepro.com\/wp-content\/uploads\/2024\/02\/thuya-colors-441x441.jpg 441w, https:\/\/browsomepro.com\/wp-content\/uploads\/2024\/02\/thuya-colors-100x100.jpg 100w, https:\/\/browsomepro.com\/wp-content\/uploads\/2024\/02\/thuya-colors-800x800.jpg 800w\" sizes=\"(max-width: 360px) 147px, (max-width: 1080px) 100vw, 1080px\" \/>\t\t\t\t\t\t\t\t\t\t\t\t\t\t\t<\/div>\n\t\t\t\t<\/div>\n\t\t\t\t<\/div>\n\t\t\t\t\t<\/div>\n\t\t\t\t<\/div>\n\t\t\t\t<\/div>\n\t\t","protected":false},"excerpt":{"rendered":"<p>S jednom primjenom Thuya boje posti\u017ee se i boja i njega. Zahvaljuju\u0107i aktivnim sastojcima, boje djeluju kao tretman: hidratiziraju dla\u010dice, ja\u010daju ih i poma\u017eu u njihovoj obnovi. <\/p>\n<p>Sadr\u017ei:<\/p>\n<p>&#8211; Keratin<br \/>\n&#8211; Arganovo ulje<br \/>\n&#8211; Vitamine A, B, C, E<\/p>\n<p>Inovativna Color Active formula osigurava ujedna\u010denu, lijepu i dugotrajnu boju.<\/p>\n<p><strong><span class=\"HwtZe\" lang=\"en\"><span class=\"jCAhz ChMk0b\"><span class=\"ryNqvb\">Taupe Grey nijansa savr\u0161en je odabir za osobe s plavom, svijetlosme\u0111om ili pepeljastom kosom.<\/p>\n<p><\/span><\/span><\/span><\/strong><\/p>\n[cg_accordion title=\"Sastojci\"]Aqua (voda), cetearyl alcohol, propylene glycol, stearyl alcohol, decyl oleate, ethanolamine, glyceryl stearate, cetyl alcohol, dipropylene glycol, ceteareth-33, p-phenylenediamine, octyldodecyl myristate, resorcinol, argania spinosa (ulje arganovih sjemenki), capparis spinosa (ekstrakt ploda kapara), octyldodecanol, aloe barbadensis (sok lista aloe vere), sodium hydrosulfite, disodium EDTA, beeswax (p\u010delinji vosak), hydrolyzed keratin (hidrolizirani keratin), boswellia serrata gum (smola tamjana), 4-amino-m-cresol, acrylates\/vinyl isodecanoate crosspolymer, 2-methyl-5-hydroxyethylaminophenol, ascorbic acid (vitamin C), 2\/4-diaminophenoxyethanol HCI, potassium sorbate, sodium benzoate.<br \/>\n[\/cg_accordion]\n<p>Veli\u010dina: 14 ml<br \/>\nZemlja podrijetla: \u0160panjolska<br \/>\nRok trajanja nakon otvaranja: 12 mjeseci<\/p>\n","protected":false},"featured_media":7424,"template":"","meta":{"_acf_changed":false,"_monsterinsights_skip_tracking":false,"_monsterinsights_sitenote_active":false,"_monsterinsights_sitenote_note":"","_monsterinsights_sitenote_category":0},"product_brand":[],"product_cat":[538,609,582,531,584,537,585,536,583,529],"product_tag":[],"class_list":{"0":"post-26929","1":"product","2":"type-product","3":"status-publish","4":"has-post-thumbnail","6":"product_cat-boja-za-obrve","7":"product_cat-boja-za-obrve-hr-6","8":"product_cat-boje-i-pigmenti-za-trepavice","9":"product_cat-istrazi-po-brendu","10":"product_cat-laminacija-obrva-hr-5","11":"product_cat-laminacija-obrva","12":"product_cat-lash-lift-hr-5","13":"product_cat-obrve","14":"product_cat-thuya-hr","15":"product_cat-trepavice","17":"first","18":"instock","19":"taxable","20":"shipping-taxable","21":"purchasable","22":"product-type-simple"},"acf":[],"aioseo_notices":[],"_links":{"self":[{"href":"https:\/\/browsomepro.com\/hr\/wp-json\/wp\/v2\/product\/26929","targetHints":{"allow":["GET"]}}],"collection":[{"href":"https:\/\/browsomepro.com\/hr\/wp-json\/wp\/v2\/product"}],"about":[{"href":"https:\/\/browsomepro.com\/hr\/wp-json\/wp\/v2\/types\/product"}],"version-history":[{"count":5,"href":"https:\/\/browsomepro.com\/hr\/wp-json\/wp\/v2\/product\/26929\/revisions"}],"predecessor-version":[{"id":26987,"href":"https:\/\/browsomepro.com\/hr\/wp-json\/wp\/v2\/product\/26929\/revisions\/26987"}],"wp:featuredmedia":[{"embeddable":true,"href":"https:\/\/browsomepro.com\/hr\/wp-json\/wp\/v2\/media\/7424"}],"wp:attachment":[{"href":"https:\/\/browsomepro.com\/hr\/wp-json\/wp\/v2\/media?parent=26929"}],"wp:term":[{"taxonomy":"product_brand","embeddable":true,"href":"https:\/\/browsomepro.com\/hr\/wp-json\/wp\/v2\/product_brand?post=26929"},{"taxonomy":"product_cat","embeddable":true,"href":"https:\/\/browsomepro.com\/hr\/wp-json\/wp\/v2\/product_cat?post=26929"},{"taxonomy":"product_tag","embeddable":true,"href":"https:\/\/browsomepro.com\/hr\/wp-json\/wp\/v2\/product_tag?post=26929"}],"curies":[{"name":"wp","href":"https:\/\/api.w.org\/{rel}","templated":true}]}}