{"id":26907,"date":"2024-03-04T08:53:12","date_gmt":"2024-03-04T07:53:12","guid":{"rendered":"https:\/\/browsomepro.com\/product\/thuya-vegan-line-dye-coffee-2\/"},"modified":"2025-11-24T17:55:33","modified_gmt":"2025-11-24T16:55:33","slug":"thuya-vegan-line-dye-coffee-2","status":"publish","type":"product","link":"https:\/\/browsomepro.com\/hr\/proizvod\/thuya-vegan-line-dye-coffee-2\/","title":{"rendered":"Thuya Vegan Line- COFFEE boja"},"content":{"rendered":"\t\t<div data-elementor-type=\"product-post\" data-elementor-id=\"26907\" class=\"elementor elementor-26907 elementor-7441\" data-elementor-post-type=\"product\">\n\t\t\t\t<div class=\"elementor-element elementor-element-4d895fe5 e-flex e-con-boxed e-con e-parent\" data-id=\"4d895fe5\" data-element_type=\"container\">\n\t\t\t\t\t<div class=\"e-con-inner\">\n\t\t<div class=\"elementor-element elementor-element-7cc17325 e-con-full e-flex e-con e-child\" data-id=\"7cc17325\" data-element_type=\"container\">\n\t\t\t\t<div class=\"elementor-element elementor-element-70f3ae8d elementor-widget elementor-widget-image\" data-id=\"70f3ae8d\" data-element_type=\"widget\" data-widget_type=\"image.default\">\n\t\t\t\t<div class=\"elementor-widget-container\">\n\t\t\t\t\t\t\t\t\t\t\t\t\t\t\t<img fetchpriority=\"high\" decoding=\"async\" width=\"1080\" height=\"1080\" src=\"https:\/\/browsomepro.com\/wp-content\/uploads\/2024\/03\/thuya-tints-vegan-browsome.jpg\" class=\"attachment-full size-full wp-image-26901\" alt=\"\" srcset=\"https:\/\/browsomepro.com\/wp-content\/uploads\/2024\/03\/thuya-tints-vegan-browsome.jpg 1080w, https:\/\/browsomepro.com\/wp-content\/uploads\/2024\/03\/thuya-tints-vegan-browsome-300x300.jpg 300w, https:\/\/browsomepro.com\/wp-content\/uploads\/2024\/03\/thuya-tints-vegan-browsome-1024x1024.jpg 1024w, https:\/\/browsomepro.com\/wp-content\/uploads\/2024\/03\/thuya-tints-vegan-browsome-150x150.jpg 150w, https:\/\/browsomepro.com\/wp-content\/uploads\/2024\/03\/thuya-tints-vegan-browsome-768x768.jpg 768w, https:\/\/browsomepro.com\/wp-content\/uploads\/2024\/03\/thuya-tints-vegan-browsome-990x990.jpg 990w, https:\/\/browsomepro.com\/wp-content\/uploads\/2024\/03\/thuya-tints-vegan-browsome-441x441.jpg 441w, https:\/\/browsomepro.com\/wp-content\/uploads\/2024\/03\/thuya-tints-vegan-browsome-100x100.jpg 100w, https:\/\/browsomepro.com\/wp-content\/uploads\/2024\/03\/thuya-tints-vegan-browsome-800x800.jpg 800w\" sizes=\"(max-width: 360px) 147px, (max-width: 1080px) 100vw, 1080px\" \/>\t\t\t\t\t\t\t\t\t\t\t\t\t\t\t<\/div>\n\t\t\t\t<\/div>\n\t\t\t\t<\/div>\n\t\t<div class=\"elementor-element elementor-element-7e843ad4 e-con-full e-flex e-con e-child\" data-id=\"7e843ad4\" data-element_type=\"container\" data-settings=\"{&quot;background_background&quot;:&quot;classic&quot;}\">\n\t\t\t\t<div class=\"elementor-element elementor-element-346c093c elementor-widget elementor-widget-heading\" data-id=\"346c093c\" data-element_type=\"widget\" data-widget_type=\"heading.default\">\n\t\t\t\t<div class=\"elementor-widget-container\">\n\t\t\t\t\t<h2 class=\"elementor-heading-title elementor-size-default\">Veganska inovacija<\/h2>\t\t\t\t<\/div>\n\t\t\t\t<\/div>\n\t\t\t\t<div class=\"elementor-element elementor-element-35b6f731 elementor-widget elementor-widget-text-editor\" data-id=\"35b6f731\" data-element_type=\"widget\" data-widget_type=\"text-editor.default\">\n\t\t\t\t<div class=\"elementor-widget-container\">\n\t\t\t\t\t\t\t\t\t<p>Veganske boje zadr\u017eavaju iste karakteristike kao i postoje\u0107i asortiman Thuya boja. Nove boje formulirane su s alternativnim \u017eivotinjskim keratinom, k<strong>oriste\u0107i potpuno biljnu molekulu.<\/strong> <\/p>\n<p>Ova molekula dobivena je kombinacijom proteina konoplje i ri\u017ee, pru\u017eaju\u0107i visoku u\u010dinkovitost i performanse. Njena primjena ja\u010da dla\u010dice i pove\u0107ava njihovu elasti\u010dnost. <\/p>\n<p>Osim toga, formula i dalje sadr\u017ei <strong>arganovo ulje<\/strong>, koje prodire u pore dla\u010dica, pobolj\u0161avaju\u0107i njihovu elasti\u010dnost i fleksibilnost. Tako\u0111er, uklju\u010dena je <strong>Aloe Vera <\/strong>koja pru\u017ea aminokiseline, vitamine i minerale za zdravije, sjajnije i njegovanije dla\u010dice. <\/p>\n\t\t\t\t\t\t\t\t<\/div>\n\t\t\t\t<\/div>\n\t\t\t\t<\/div>\n\t\t\t\t\t<\/div>\n\t\t\t\t<\/div>\n\t\t<div class=\"elementor-element elementor-element-212d88bc e-flex e-con-boxed e-con e-parent\" data-id=\"212d88bc\" data-element_type=\"container\">\n\t\t\t\t\t<div class=\"e-con-inner\">\n\t\t<div class=\"elementor-element elementor-element-684a5f02 e-con-full e-flex e-con e-child\" data-id=\"684a5f02\" data-element_type=\"container\" data-settings=\"{&quot;background_background&quot;:&quot;classic&quot;}\">\n\t\t\t\t<div class=\"elementor-element elementor-element-70a87065 elementor-widget elementor-widget-heading\" data-id=\"70a87065\" data-element_type=\"widget\" data-widget_type=\"heading.default\">\n\t\t\t\t<div class=\"elementor-widget-container\">\n\t\t\t\t\t<h2 class=\"elementor-heading-title elementor-size-default\">Trajni gel i neutraliziraju\u0107a krema<\/h2>\t\t\t\t<\/div>\n\t\t\t\t<\/div>\n\t\t\t\t<div class=\"elementor-element elementor-element-54d00ce elementor-widget elementor-widget-text-editor\" data-id=\"54d00ce\" data-element_type=\"widget\" data-widget_type=\"text-editor.default\">\n\t\t\t\t<div class=\"elementor-widget-container\">\n\t\t\t\t\t\t\t\t\t<p><strong>Permanent Gel &#8211; KORAK 1<\/strong><\/p>\n<p>Thuya trajni gel je reformuliran tako da ne sadr\u017ei sastojke \u017eivotinjskog podrijetla, a pritom zadr\u017eava svoju funkciju i u\u010dinkovitost, \u0161to rezultira proizvodom iste kvalitete i djelotvornosti, ali potpuno veganskim.<\/p>\n<p>Uz trajni gel, pH dla\u010dica se pove\u0107ava, otvaraju\u0107i kutikulu i omogu\u0107uju\u0107i promjenu strukture kako bi se postigao \u017eeljeni oblik.<\/p>\n\t\t\t\t\t\t\t\t<\/div>\n\t\t\t\t<\/div>\n\t\t\t\t<div class=\"elementor-element elementor-element-66d5cd7a elementor-widget elementor-widget-text-editor\" data-id=\"66d5cd7a\" data-element_type=\"widget\" data-widget_type=\"text-editor.default\">\n\t\t\t\t<div class=\"elementor-widget-container\">\n\t\t\t\t\t\t\t\t\t<p><strong>Neutralizer Cream &#8211; KORAK 2<\/strong><\/p>\n<p>Iskusite punu u\u010dinkovitost Thuya neutraliziraju\u0107e kreme, bez ijednog sastojka \u017eivotinjskog podrijetla.<\/p>\n<p>Neutralizator je klju\u010dan za fiksiranje oblika dla\u010dica nakon otvaranja kutikule trajnim gelom. Njegova kremasta tekstura sprje\u010dava kapanje, \u010dine\u0107i nano\u0161enje jednostavnijim, ugodnijim i sigurnijim. Omogu\u0107uje zatvaranje kutikule i oblikovanje dla\u010dica prema \u017eeljenom izgledu, stvaraju\u0107i savr\u0161en rezultat.  <\/p>\n\t\t\t\t\t\t\t\t<\/div>\n\t\t\t\t<\/div>\n\t\t\t\t<\/div>\n\t\t<div class=\"elementor-element elementor-element-71f7d90 e-con-full e-flex e-con e-child\" data-id=\"71f7d90\" data-element_type=\"container\">\n\t\t\t\t<div class=\"elementor-element elementor-element-624bbcb7 elementor-widget elementor-widget-image\" data-id=\"624bbcb7\" data-element_type=\"widget\" data-widget_type=\"image.default\">\n\t\t\t\t<div class=\"elementor-widget-container\">\n\t\t\t\t\t\t\t\t\t\t\t\t\t\t\t<img decoding=\"async\" width=\"1080\" height=\"1080\" src=\"https:\/\/browsomepro.com\/wp-content\/uploads\/2024\/03\/thuya-gels-vegan-browsome.jpg\" class=\"attachment-full size-full wp-image-26902\" alt=\"\" srcset=\"https:\/\/browsomepro.com\/wp-content\/uploads\/2024\/03\/thuya-gels-vegan-browsome.jpg 1080w, https:\/\/browsomepro.com\/wp-content\/uploads\/2024\/03\/thuya-gels-vegan-browsome-300x300.jpg 300w, https:\/\/browsomepro.com\/wp-content\/uploads\/2024\/03\/thuya-gels-vegan-browsome-1024x1024.jpg 1024w, https:\/\/browsomepro.com\/wp-content\/uploads\/2024\/03\/thuya-gels-vegan-browsome-150x150.jpg 150w, https:\/\/browsomepro.com\/wp-content\/uploads\/2024\/03\/thuya-gels-vegan-browsome-768x768.jpg 768w, https:\/\/browsomepro.com\/wp-content\/uploads\/2024\/03\/thuya-gels-vegan-browsome-990x990.jpg 990w, https:\/\/browsomepro.com\/wp-content\/uploads\/2024\/03\/thuya-gels-vegan-browsome-441x441.jpg 441w, https:\/\/browsomepro.com\/wp-content\/uploads\/2024\/03\/thuya-gels-vegan-browsome-100x100.jpg 100w, https:\/\/browsomepro.com\/wp-content\/uploads\/2024\/03\/thuya-gels-vegan-browsome-800x800.jpg 800w\" sizes=\"(max-width: 360px) 147px, (max-width: 1080px) 100vw, 1080px\" \/>\t\t\t\t\t\t\t\t\t\t\t\t\t\t\t<\/div>\n\t\t\t\t<\/div>\n\t\t\t\t<\/div>\n\t\t\t\t\t<\/div>\n\t\t\t\t<\/div>\n\t\t\t\t<\/div>\n\t\t","protected":false},"excerpt":{"rendered":"<p>Thuya Vegan boje izra\u0111ene su s biljnom verzijom keratina umjesto onog \u017eivotinjskog podrijetla, uz visoku u\u010dinkovitost i vrhunske performanse.<br \/>Glavni aktivni sastojak je kombinacija proteina konoplje i ri\u017ee, koji ja\u010daju dla\u010dice i pove\u0107avaju njihovu elasti\u010dnost. <\/p>\n<p>U formulu je dodan i novi veganski aktivni sastojak s luminiscentnim svojstvima \u2014 upija UV zra\u010denje i pretvara ga u vidljivu svjetlost. Rezultat je poja\u010dan, prirodan sjaj. <\/p>\n<p>Formula tako\u0111er sadr\u017ei ulje argana, koje prodire u dla\u010dicu i pobolj\u0161ava njezinu elasti\u010dnost i fleksibilnost, te aloe veru, bogatu aminokiselinama, vitaminima i mineralima, koja trepavicama daje zdraviji izgled, vi\u0161e sjaja i bolju njegu.<\/p>\n<p>Boje su dodatak osnovnoj liniji Thuya Brow &amp; Lash Dye i mogu se me\u0111usobno mije\u0161ati.<\/p>\n<p><strong>Vegan Coffee: Nova nijansa Coffee je sme\u0111i ton idealan za nagla\u0161avanje pogleda. Ovim bojom posti\u017ee se prirodan rezultat na svijetlim trepavicama i vrlo tamnim obrvama. <\/strong><\/p>\n<p>Napomena: Thuya Special Solution Dye Cream 3% ve\u0107 je bio veganski proizvod.<\/p>\n[cg_accordion title=\"Sastojci\"]Aqua (voda), Cetearyl Alcohol (cetearil alkohol), Propylene Glycol (propilen glikol), Stearyl Alcohol (stearil alkohol), Decyl Oleate (decil oleat), Glyceryl Stearate (gliceril stearat), Ethanolamine (etanolamin), Cetyl Alcohol (cetil alkohol), Dipropylene Glycol (dipropilen glikol), Glycerin (glicerin), Ceteareth-33 (cetearet-33), Octyldodecyl Myristate (oktil dodecil miristat), Argania Spinosa Kernel Oil (ulje argana), 4-Amino-m-Cresol (4-amino-m-krezol), Capparis Spinosa Fruit Extract (ekstrakt kapara), Resorcinol (rezorcinol), Hydrolyzed Verbascum Thapsus Flower (hidrolizirani ekstrakt cvijeta divizme), p-Phenylenediamine (p-fenilendiamin), Aloe Barbadensis Leaf Juice (sok lista aloe vere), Sodium Hydrosulfite (natrijev hidrosulfit), Disodium EDTA (dinatrijev EDTA), Boswellia Serrata Gum (smola bosvelije), Hydrolyzed Rice Protein (hidrolizirani protein ri\u017ee), Citric Acid (limunska kiselina), Ascorbic Acid (askorbinska kiselina \/ vitamin C), Acrylates\/Vinyl Isodecanoate Crosspolymer (akrilati\/vinil izodekanoat kopolimer), Hydrolyzed Hemp Seed Extract (hidrolizirani ekstrakt sjemenki konoplje), 2-Methyl-5-Hydroxyethylaminophenol (2-metil-5-hidroksietilaminofenol), Sodium Benzoate (natrijev benzoat), Potassium Sorbate (kalijev sorbat).<br \/>\n[\/cg_accordion]\n<p>Veli\u010dina: 14 ml<br \/>\nZemlja podrijetla: \u0160panjolska<br \/>\nRok trajanja nakon otvaranja: 12 mjeseci<\/p>\n","protected":false},"featured_media":7617,"template":"","meta":{"_acf_changed":false,"_monsterinsights_skip_tracking":false,"_monsterinsights_sitenote_active":false,"_monsterinsights_sitenote_note":"","_monsterinsights_sitenote_category":0},"product_brand":[],"product_cat":[609,538,582,531,584,537,585,536,583,529,610],"product_tag":[],"class_list":{"0":"post-26907","1":"product","2":"type-product","3":"status-publish","4":"has-post-thumbnail","6":"product_cat-boja-za-obrve-hr-6","7":"product_cat-boja-za-obrve","8":"product_cat-boje-i-pigmenti-za-trepavice","9":"product_cat-istrazi-po-brendu","10":"product_cat-laminacija-obrva-hr-5","11":"product_cat-laminacija-obrva","12":"product_cat-lash-lift-hr-5","13":"product_cat-obrve","14":"product_cat-thuya-hr","15":"product_cat-trepavice","16":"product_cat-vegan-linija-proizvoda","18":"first","19":"instock","20":"taxable","21":"shipping-taxable","22":"purchasable","23":"product-type-simple"},"acf":[],"aioseo_notices":[],"_links":{"self":[{"href":"https:\/\/browsomepro.com\/hr\/wp-json\/wp\/v2\/product\/26907","targetHints":{"allow":["GET"]}}],"collection":[{"href":"https:\/\/browsomepro.com\/hr\/wp-json\/wp\/v2\/product"}],"about":[{"href":"https:\/\/browsomepro.com\/hr\/wp-json\/wp\/v2\/types\/product"}],"version-history":[{"count":3,"href":"https:\/\/browsomepro.com\/hr\/wp-json\/wp\/v2\/product\/26907\/revisions"}],"predecessor-version":[{"id":26975,"href":"https:\/\/browsomepro.com\/hr\/wp-json\/wp\/v2\/product\/26907\/revisions\/26975"}],"wp:featuredmedia":[{"embeddable":true,"href":"https:\/\/browsomepro.com\/hr\/wp-json\/wp\/v2\/media\/7617"}],"wp:attachment":[{"href":"https:\/\/browsomepro.com\/hr\/wp-json\/wp\/v2\/media?parent=26907"}],"wp:term":[{"taxonomy":"product_brand","embeddable":true,"href":"https:\/\/browsomepro.com\/hr\/wp-json\/wp\/v2\/product_brand?post=26907"},{"taxonomy":"product_cat","embeddable":true,"href":"https:\/\/browsomepro.com\/hr\/wp-json\/wp\/v2\/product_cat?post=26907"},{"taxonomy":"product_tag","embeddable":true,"href":"https:\/\/browsomepro.com\/hr\/wp-json\/wp\/v2\/product_tag?post=26907"}],"curies":[{"name":"wp","href":"https:\/\/api.w.org\/{rel}","templated":true}]}}