{"id":26830,"date":"2024-03-05T10:23:20","date_gmt":"2024-03-05T09:23:20","guid":{"rendered":"https:\/\/browsomepro.com\/product\/thuya-pinceta\/"},"modified":"2024-03-05T10:23:20","modified_gmt":"2024-03-05T09:23:20","slug":"thuya-pinceta","status":"publish","type":"product","link":"https:\/\/browsomepro.com\/hr\/proizvod\/thuya-pinceta\/","title":{"rendered":"Thuya \u2013 Pinceta"},"content":{"rendered":"","protected":false},"excerpt":{"rendered":"<p>Pinceta za uklanjanje dla\u010dica osigurava precizno profesionalno uklanjanje ne\u017eeljenih dla\u010dica. Ima kromiranu zavr\u0161nu obradu te je vrlo prakti\u010dna i ugodna za kori\u0161tenje. <\/p>\n","protected":false},"featured_media":7668,"template":"","meta":{"_acf_changed":false,"_monsterinsights_skip_tracking":false,"_monsterinsights_sitenote_active":false,"_monsterinsights_sitenote_note":"","_monsterinsights_sitenote_category":0},"product_brand":[],"product_cat":[608,561,579,531,536,583,529],"product_tag":[],"class_list":{"0":"post-26830","1":"product","2":"type-product","3":"status-publish","4":"has-post-thumbnail","6":"product_cat-dodaci-hr-4","7":"product_cat-dodaci","8":"product_cat-dodaci-hr-2","9":"product_cat-istrazi-po-brendu","10":"product_cat-obrve","11":"product_cat-thuya-hr","12":"product_cat-trepavice","14":"first","15":"instock","16":"taxable","17":"shipping-taxable","18":"purchasable","19":"product-type-simple"},"acf":[],"aioseo_notices":[],"_links":{"self":[{"href":"https:\/\/browsomepro.com\/hr\/wp-json\/wp\/v2\/product\/26830","targetHints":{"allow":["GET"]}}],"collection":[{"href":"https:\/\/browsomepro.com\/hr\/wp-json\/wp\/v2\/product"}],"about":[{"href":"https:\/\/browsomepro.com\/hr\/wp-json\/wp\/v2\/types\/product"}],"version-history":[{"count":0,"href":"https:\/\/browsomepro.com\/hr\/wp-json\/wp\/v2\/product\/26830\/revisions"}],"wp:featuredmedia":[{"embeddable":true,"href":"https:\/\/browsomepro.com\/hr\/wp-json\/wp\/v2\/media\/7668"}],"wp:attachment":[{"href":"https:\/\/browsomepro.com\/hr\/wp-json\/wp\/v2\/media?parent=26830"}],"wp:term":[{"taxonomy":"product_brand","embeddable":true,"href":"https:\/\/browsomepro.com\/hr\/wp-json\/wp\/v2\/product_brand?post=26830"},{"taxonomy":"product_cat","embeddable":true,"href":"https:\/\/browsomepro.com\/hr\/wp-json\/wp\/v2\/product_cat?post=26830"},{"taxonomy":"product_tag","embeddable":true,"href":"https:\/\/browsomepro.com\/hr\/wp-json\/wp\/v2\/product_tag?post=26830"}],"curies":[{"name":"wp","href":"https:\/\/api.w.org\/{rel}","templated":true}]}}