{"id":26795,"date":"2024-03-05T13:27:11","date_gmt":"2024-03-05T12:27:11","guid":{"rendered":"https:\/\/browsomepro.com\/product\/thuya-odstranjivac-sminke-s-kurkumom\/"},"modified":"2024-03-05T13:27:11","modified_gmt":"2024-03-05T12:27:11","slug":"thuya-odstranjivac-sminke-s-kurkumom","status":"publish","type":"product","link":"https:\/\/browsomepro.com\/hr\/proizvod\/thuya-odstranjivac-sminke-s-kurkumom\/","title":{"rendered":"Thuya \u2013 odstranjiva\u010d \u0161minke s kurkumom"},"content":{"rendered":"","protected":false},"excerpt":{"rendered":"<p>Ovaj posebni odstranjiva\u010d \u0161minke s kurkumom nje\u017eno uklanja ne\u010disto\u0107e i najpostojanije make-up ostatke, uz o\u010duvanje zdravlja obrva i trepavica.<\/p>\n[cg_accordion title=\"Sastojci\"]Aqua (voda), 1,2-Hexanediol (1,2-heksanediol), Propylene Glycol (propilen glikol), PEG-6 Caprylic\/Capric Glycerides (PEG-6 kaprilni\/kaprini gliceridi), Sodium Lauroyl Sarcosinate (natrijev lauroil sarkozinat), Phenoxyethanol (fenoksietanol), Disodium EDTA (dinatrijev EDTA), Glycerin (glicerin), Ethylhexylglycerin (etilheksilglicerin), Curcuma Longa Root Extract (ekstrakt korijena kurkume), Potassium Sorbate (kalijev sorbat), Sodium Benzoate (natrijev benzoat).[\/cg_accordion]\n<p>Veli\u010dina: 100 ml<br \/>\nZemlja podrijetla: \u0160panjolska<br \/>\nRok trajanja nakon otvaranja: 12 mjeseci<\/p>\n","protected":false},"featured_media":7592,"template":"","meta":{"_acf_changed":false,"_monsterinsights_skip_tracking":false,"_monsterinsights_sitenote_active":false,"_monsterinsights_sitenote_note":"","_monsterinsights_sitenote_category":0},"product_brand":[],"product_cat":[531,557,586,539,536,583,529],"product_tag":[],"class_list":{"0":"post-26795","1":"product","2":"type-product","3":"status-publish","4":"has-post-thumbnail","6":"product_cat-istrazi-po-brendu","7":"product_cat-njega-nakon-tretmana-i-priprema","8":"product_cat-njega-nakon-tretmana-i-priprema-koze-hr-2","9":"product_cat-njega-nakon-tretmana-i-priprema-koze","10":"product_cat-obrve","11":"product_cat-thuya-hr","12":"product_cat-trepavice","14":"first","15":"instock","16":"taxable","17":"shipping-taxable","18":"purchasable","19":"product-type-simple"},"acf":[],"aioseo_notices":[],"_links":{"self":[{"href":"https:\/\/browsomepro.com\/hr\/wp-json\/wp\/v2\/product\/26795","targetHints":{"allow":["GET"]}}],"collection":[{"href":"https:\/\/browsomepro.com\/hr\/wp-json\/wp\/v2\/product"}],"about":[{"href":"https:\/\/browsomepro.com\/hr\/wp-json\/wp\/v2\/types\/product"}],"version-history":[{"count":0,"href":"https:\/\/browsomepro.com\/hr\/wp-json\/wp\/v2\/product\/26795\/revisions"}],"wp:featuredmedia":[{"embeddable":true,"href":"https:\/\/browsomepro.com\/hr\/wp-json\/wp\/v2\/media\/7592"}],"wp:attachment":[{"href":"https:\/\/browsomepro.com\/hr\/wp-json\/wp\/v2\/media?parent=26795"}],"wp:term":[{"taxonomy":"product_brand","embeddable":true,"href":"https:\/\/browsomepro.com\/hr\/wp-json\/wp\/v2\/product_brand?post=26795"},{"taxonomy":"product_cat","embeddable":true,"href":"https:\/\/browsomepro.com\/hr\/wp-json\/wp\/v2\/product_cat?post=26795"},{"taxonomy":"product_tag","embeddable":true,"href":"https:\/\/browsomepro.com\/hr\/wp-json\/wp\/v2\/product_tag?post=26795"}],"curies":[{"name":"wp","href":"https:\/\/api.w.org\/{rel}","templated":true}]}}