{"id":26692,"date":"2024-03-28T12:06:08","date_gmt":"2024-03-28T11:06:08","guid":{"rendered":"https:\/\/browsomepro.com\/product\/thuya-special-dye-protector-cream-2\/"},"modified":"2026-02-11T09:18:28","modified_gmt":"2026-02-11T08:18:28","slug":"thuya-special-dye-protector-cream-2","status":"publish","type":"product","link":"https:\/\/browsomepro.com\/hr\/proizvod\/thuya-special-dye-protector-cream-2\/","title":{"rendered":"Thuya \u2013 Special DYE Protector Cream"},"content":{"rendered":"\t\t<div data-elementor-type=\"product-post\" data-elementor-id=\"26692\" class=\"elementor elementor-26692 elementor-7990\" data-elementor-post-type=\"product\">\n\t\t\t\t<div class=\"elementor-element elementor-element-3699557b e-flex e-con-boxed e-con e-parent\" data-id=\"3699557b\" data-element_type=\"container\">\n\t\t\t\t\t<div class=\"e-con-inner\">\n\t\t<div class=\"elementor-element elementor-element-5b9a1e36 e-con-full e-flex e-con e-child\" data-id=\"5b9a1e36\" data-element_type=\"container\">\n\t\t\t\t<div class=\"elementor-element elementor-element-5b9c3286 elementor-widget elementor-widget-image\" data-id=\"5b9c3286\" data-element_type=\"widget\" data-widget_type=\"image.default\">\n\t\t\t\t<div class=\"elementor-widget-container\">\n\t\t\t\t\t\t\t\t\t\t\t\t\t\t\t<img fetchpriority=\"high\" decoding=\"async\" width=\"1080\" height=\"1080\" src=\"https:\/\/browsomepro.com\/wp-content\/uploads\/2024\/02\/thuya-colors.jpg\" class=\"attachment-full size-full wp-image-26960\" alt=\"\" srcset=\"https:\/\/browsomepro.com\/wp-content\/uploads\/2024\/02\/thuya-colors.jpg 1080w, https:\/\/browsomepro.com\/wp-content\/uploads\/2024\/02\/thuya-colors-300x300.jpg 300w, https:\/\/browsomepro.com\/wp-content\/uploads\/2024\/02\/thuya-colors-1024x1024.jpg 1024w, https:\/\/browsomepro.com\/wp-content\/uploads\/2024\/02\/thuya-colors-150x150.jpg 150w, https:\/\/browsomepro.com\/wp-content\/uploads\/2024\/02\/thuya-colors-768x768.jpg 768w, https:\/\/browsomepro.com\/wp-content\/uploads\/2024\/02\/thuya-colors-990x990.jpg 990w, https:\/\/browsomepro.com\/wp-content\/uploads\/2024\/02\/thuya-colors-441x441.jpg 441w, https:\/\/browsomepro.com\/wp-content\/uploads\/2024\/02\/thuya-colors-100x100.jpg 100w, https:\/\/browsomepro.com\/wp-content\/uploads\/2024\/02\/thuya-colors-800x800.jpg 800w\" sizes=\"(max-width: 360px) 147px, (max-width: 1080px) 100vw, 1080px\" \/>\t\t\t\t\t\t\t\t\t\t\t\t\t\t\t<\/div>\n\t\t\t\t<\/div>\n\t\t\t\t<\/div>\n\t\t<div class=\"elementor-element elementor-element-5d4762c9 e-con-full e-flex e-con e-child\" data-id=\"5d4762c9\" data-element_type=\"container\" data-settings=\"{&quot;background_background&quot;:&quot;classic&quot;}\">\n\t\t\t\t<div class=\"elementor-element elementor-element-5f03ce30 elementor-widget elementor-widget-heading\" data-id=\"5f03ce30\" data-element_type=\"widget\" data-widget_type=\"heading.default\">\n\t\t\t\t<div class=\"elementor-widget-container\">\n\t\t\t\t\t<h2 class=\"elementor-heading-title elementor-size-default\">Precizno mije\u0161anje<\/h2>\t\t\t\t<\/div>\n\t\t\t\t<\/div>\n\t\t\t\t<div class=\"elementor-element elementor-element-5861bd15 elementor-widget elementor-widget-text-editor\" data-id=\"5861bd15\" data-element_type=\"widget\" data-widget_type=\"text-editor.default\">\n\t\t\t\t<div class=\"elementor-widget-container\">\n\t\t\t\t\t\t\t\t\t<p>Prije samog bojenja, odabir odgovaraju\u0107eg oksidanta klju\u010dan je za postizanje idealne teksture i nijanse boje. Thuya nudi dvije opcije koje odgovaraju razli\u010ditim profesionalnim potrebama: <\/p>\n<ul>\n<li aria-level=\"1\">Thuya Special Solution Dye Cream: za sve koji preferiraju kremastu teksturu, ovaj 3% oksidant omogu\u0107uje laganu i ugodnu aplikaciju, a bijela kremasta formula olak\u0161ava precizno doziranje i postizanje savr\u0161enih rezultata.<\/li>\n<li aria-level=\"1\"><b>Thuya Special Solution Dye Liquid: <\/b>idealan za one koji preferiraju klasi\u010dan pristup \u2014 ovaj teku\u0107i oksidant savr\u0161eno se mije\u0161a s Thuya bojama, omogu\u0107uju\u0107i preciznu aplikaciju te ujedna\u010denu i intenzivnu raspodjelu boje.<\/li>\n<\/ul>\n\t\t\t\t\t\t\t\t<\/div>\n\t\t\t\t<\/div>\n\t\t\t\t<div class=\"elementor-element elementor-element-a2cac15 elementor-widget elementor-widget-toggle\" data-id=\"a2cac15\" data-element_type=\"widget\" data-widget_type=\"toggle.default\">\n\t\t\t\t<div class=\"elementor-widget-container\">\n\t\t\t\t\t\t\t<div class=\"elementor-toggle\">\n\t\t\t\t\t\t\t<div class=\"elementor-toggle-item\">\n\t\t\t\t\t<div id=\"elementor-tab-title-1701\" class=\"elementor-tab-title\" data-tab=\"1\" role=\"button\" aria-controls=\"elementor-tab-content-1701\" aria-expanded=\"false\">\n\t\t\t\t\t\t\t\t\t\t\t\t<span class=\"elementor-toggle-icon elementor-toggle-icon-left\" aria-hidden=\"true\">\n\t\t\t\t\t\t\t\t\t\t\t\t\t\t\t<span class=\"elementor-toggle-icon-closed\"><svg class=\"e-font-icon-svg e-fas-caret-right\" viewBox=\"0 0 192 512\" xmlns=\"http:\/\/www.w3.org\/2000\/svg\"><path d=\"M0 384.662V127.338c0-17.818 21.543-26.741 34.142-14.142l128.662 128.662c7.81 7.81 7.81 20.474 0 28.284L34.142 398.804C21.543 411.404 0 402.48 0 384.662z\"><\/path><\/svg><\/span>\n\t\t\t\t\t\t\t\t<span class=\"elementor-toggle-icon-opened\"><svg class=\"elementor-toggle-icon-opened e-font-icon-svg e-fas-caret-up\" viewBox=\"0 0 320 512\" xmlns=\"http:\/\/www.w3.org\/2000\/svg\"><path d=\"M288.662 352H31.338c-17.818 0-26.741-21.543-14.142-34.142l128.662-128.662c7.81-7.81 20.474-7.81 28.284 0l128.662 128.662c12.6 12.599 3.676 34.142-14.142 34.142z\"><\/path><\/svg><\/span>\n\t\t\t\t\t\t\t\t\t\t\t\t\t<\/span>\n\t\t\t\t\t\t\t\t\t\t\t\t<a class=\"elementor-toggle-title\" tabindex=\"0\">Omjer mije\u0161anja<\/a>\n\t\t\t\t\t<\/div>\n\n\t\t\t\t\t<div id=\"elementor-tab-content-1701\" class=\"elementor-tab-content elementor-clearfix\" data-tab=\"1\" role=\"region\" aria-labelledby=\"elementor-tab-title-1701\"><p>Oba se proizvoda mije\u0161aju u omjeru 1:1 s Thuya bojama kako bi se aktivirala boja. Kod Special Solution Dye Cream oksidanta, koli\u010dina boje veli\u010dine zrna gra\u0161ka pomije\u0161ana s jednakom koli\u010dinom kreme daje savr\u0161enu teksturu za jednostavnu i kontroliranu aplikaciju.  <\/p>\n<p>Kod kori\u0161tenja Special Solution Dye Liquid oksidanta, koli\u010dina boje veli\u010dine zrna gra\u0161ka mije\u0161a se s 4\u20135 kapi oksidanta kako bi se postigla idealna smjesa za glatku i ujedna\u010denu aplikaciju na obrvama i trepavicama. <\/p>\n<\/div>\n\t\t\t\t<\/div>\n\t\t\t\t\t\t\t\t<\/div>\n\t\t\t\t\t\t<\/div>\n\t\t\t\t<\/div>\n\t\t\t\t<\/div>\n\t\t\t\t\t<\/div>\n\t\t\t\t<\/div>\n\t\t<div class=\"elementor-element elementor-element-732ac5bc e-flex e-con-boxed e-con e-parent\" data-id=\"732ac5bc\" data-element_type=\"container\">\n\t\t\t\t\t<div class=\"e-con-inner\">\n\t\t<div class=\"elementor-element elementor-element-2823f277 e-con-full e-flex e-con e-child\" data-id=\"2823f277\" data-element_type=\"container\" data-settings=\"{&quot;background_background&quot;:&quot;classic&quot;}\">\n\t\t\t\t<div class=\"elementor-element elementor-element-7c381a07 elementor-widget elementor-widget-heading\" data-id=\"7c381a07\" data-element_type=\"widget\" data-widget_type=\"heading.default\">\n\t\t\t\t<div class=\"elementor-widget-container\">\n\t\t\t\t\t<h2 class=\"elementor-heading-title elementor-size-default\">\u010ci\u0161\u0107enje i za\u0161tita<\/h2>\t\t\t\t<\/div>\n\t\t\t\t<\/div>\n\t\t\t\t<div class=\"elementor-element elementor-element-208ceebd elementor-widget elementor-widget-text-editor\" data-id=\"208ceebd\" data-element_type=\"widget\" data-widget_type=\"text-editor.default\">\n\t\t\t\t<div class=\"elementor-widget-container\">\n\t\t\t\t\t\t\t\t\t<p>Za besprijekoran rezultat bojenja, va\u017eno je za\u0161tititi ko\u017eu oko obrva i trepavica. Thuya pristup temelji se na dvostupanjskom procesu koji obuhva\u0107a za\u0161titu ko\u017ee prije bojenja i \u010di\u0161\u0107enje nakon tretmana: <\/p>\n<ul>\n<li aria-level=\"1\"><b>Prije bojenja \u2013 Thuya Protective Dye Cream: <\/b>Protective Dye Cream djeluje kao za\u0161titna barijera koja sprje\u010dava da boja oboji ko\u017eu. Njena formula jednostavna je za nano\u0161enje i omogu\u0107uje \u010disto i precizno bojenje. Dovoljno je nanijeti malu koli\u010dinu kreme oko obrva ili uz rub trepavica kako bi se ko\u017ea za\u0161titila.  <\/li>\n<li aria-level=\"1\"><b>Nakon bojenja \u2013 Thuya Skin Color Remover: <\/b>Unato\u010d pa\u017eljivom nano\u0161enju, boja ponekad mo\u017ee zavr\u0161iti na ko\u017ei. Thuya Skin Color Remover brzo i nje\u017eno uklanja svaki trag preostale boje. Ovaj blag, ali u\u010dinkovit odstranjiva\u010d \u010disti eventualne mrlje i razmazivanja, ostavljaju\u0107i ko\u017eu urednom i bez boje.   <\/li>\n<\/ul>\n\t\t\t\t\t\t\t\t<\/div>\n\t\t\t\t<\/div>\n\t\t\t\t<\/div>\n\t\t<div class=\"elementor-element elementor-element-2a778160 e-con-full e-flex e-con e-child\" data-id=\"2a778160\" data-element_type=\"container\">\n\t\t\t\t<div class=\"elementor-element elementor-element-2ad14c01 elementor-widget elementor-widget-image\" data-id=\"2ad14c01\" data-element_type=\"widget\" data-widget_type=\"image.default\">\n\t\t\t\t<div class=\"elementor-widget-container\">\n\t\t\t\t\t\t\t\t\t\t\t\t\t\t\t<img decoding=\"async\" width=\"2000\" height=\"2000\" src=\"https:\/\/browsomepro.com\/wp-content\/uploads\/2024\/03\/thuya-cream-and-remover-browsome.jpg\" class=\"attachment-full size-full wp-image-26778\" alt=\"\" srcset=\"https:\/\/browsomepro.com\/wp-content\/uploads\/2024\/03\/thuya-cream-and-remover-browsome.jpg 2000w, https:\/\/browsomepro.com\/wp-content\/uploads\/2024\/03\/thuya-cream-and-remover-browsome-300x300.jpg 300w, https:\/\/browsomepro.com\/wp-content\/uploads\/2024\/03\/thuya-cream-and-remover-browsome-1024x1024.jpg 1024w, https:\/\/browsomepro.com\/wp-content\/uploads\/2024\/03\/thuya-cream-and-remover-browsome-150x150.jpg 150w, https:\/\/browsomepro.com\/wp-content\/uploads\/2024\/03\/thuya-cream-and-remover-browsome-768x768.jpg 768w, https:\/\/browsomepro.com\/wp-content\/uploads\/2024\/03\/thuya-cream-and-remover-browsome-1536x1536.jpg 1536w, https:\/\/browsomepro.com\/wp-content\/uploads\/2024\/03\/thuya-cream-and-remover-browsome-990x990.jpg 990w, https:\/\/browsomepro.com\/wp-content\/uploads\/2024\/03\/thuya-cream-and-remover-browsome-441x441.jpg 441w, https:\/\/browsomepro.com\/wp-content\/uploads\/2024\/03\/thuya-cream-and-remover-browsome-100x100.jpg 100w, https:\/\/browsomepro.com\/wp-content\/uploads\/2024\/03\/thuya-cream-and-remover-browsome-800x800.jpg 800w\" sizes=\"(max-width: 360px) 147px, (max-width: 2000px) 100vw, 2000px\" \/>\t\t\t\t\t\t\t\t\t\t\t\t\t\t\t<\/div>\n\t\t\t\t<\/div>\n\t\t\t\t<\/div>\n\t\t\t\t\t<\/div>\n\t\t\t\t<\/div>\n\t\t\t\t<\/div>\n\t\t","protected":false},"excerpt":{"rendered":"<p>Special Dye Protector Cream \u0161titi podru\u010dje oko o\u010diju od mrlja boje. Neizostavan je dodatak pri tretmanu bojenja obrva i trepavica. <\/p>\n[cg_accordion title=\"Sastojci\"]Aqua (voda), Cetearyl alcohol (cetearyl alkohol), Stearyl alcohol (stearyl alkohol), Hydrogen peroxide (vodikov peroksid), Cetyl alcohol (cetil alkohol), Ceteareth-33, Aminotrimethylene phosphoric acid, Sodium stannate, Phosphoric acid (fosforna kiselina).<br \/>\n[\/cg_accordion]\n<p>Veli\u010dina: 14 ml, 50 ml<br \/>\nZemlja podrijetla: \u0160panjolska<br \/>\nRok trajanja nakon otvaranja: 12 mjeseci<\/p>\n","protected":false},"featured_media":26693,"template":"","meta":{"_acf_changed":false,"_monsterinsights_skip_tracking":false,"_monsterinsights_sitenote_active":false,"_monsterinsights_sitenote_note":"","_monsterinsights_sitenote_category":0},"product_brand":[],"product_cat":[609,538,582,531,584,537,585,557,539,586,536,583,529],"product_tag":[],"class_list":{"0":"post-26692","1":"product","2":"type-product","3":"status-publish","4":"has-post-thumbnail","6":"product_cat-boja-za-obrve-hr-6","7":"product_cat-boja-za-obrve","8":"product_cat-boje-i-pigmenti-za-trepavice","9":"product_cat-istrazi-po-brendu","10":"product_cat-laminacija-obrva-hr-5","11":"product_cat-laminacija-obrva","12":"product_cat-lash-lift-hr-5","13":"product_cat-njega-nakon-tretmana-i-priprema","14":"product_cat-njega-nakon-tretmana-i-priprema-koze","15":"product_cat-njega-nakon-tretmana-i-priprema-koze-hr-2","16":"product_cat-obrve","17":"product_cat-thuya-hr","18":"product_cat-trepavice","20":"first","21":"outofstock","22":"taxable","23":"shipping-taxable","24":"purchasable","25":"product-type-simple"},"acf":[],"aioseo_notices":[],"_links":{"self":[{"href":"https:\/\/browsomepro.com\/hr\/wp-json\/wp\/v2\/product\/26692","targetHints":{"allow":["GET"]}}],"collection":[{"href":"https:\/\/browsomepro.com\/hr\/wp-json\/wp\/v2\/product"}],"about":[{"href":"https:\/\/browsomepro.com\/hr\/wp-json\/wp\/v2\/types\/product"}],"version-history":[{"count":1,"href":"https:\/\/browsomepro.com\/hr\/wp-json\/wp\/v2\/product\/26692\/revisions"}],"predecessor-version":[{"id":26695,"href":"https:\/\/browsomepro.com\/hr\/wp-json\/wp\/v2\/product\/26692\/revisions\/26695"}],"wp:featuredmedia":[{"embeddable":true,"href":"https:\/\/browsomepro.com\/hr\/wp-json\/wp\/v2\/media\/26693"}],"wp:attachment":[{"href":"https:\/\/browsomepro.com\/hr\/wp-json\/wp\/v2\/media?parent=26692"}],"wp:term":[{"taxonomy":"product_brand","embeddable":true,"href":"https:\/\/browsomepro.com\/hr\/wp-json\/wp\/v2\/product_brand?post=26692"},{"taxonomy":"product_cat","embeddable":true,"href":"https:\/\/browsomepro.com\/hr\/wp-json\/wp\/v2\/product_cat?post=26692"},{"taxonomy":"product_tag","embeddable":true,"href":"https:\/\/browsomepro.com\/hr\/wp-json\/wp\/v2\/product_tag?post=26692"}],"curies":[{"name":"wp","href":"https:\/\/api.w.org\/{rel}","templated":true}]}}