{"id":26650,"date":"2024-04-02T09:44:29","date_gmt":"2024-04-02T08:44:29","guid":{"rendered":"https:\/\/browsomepro.com\/product\/elan-powder-eyebrow-pencil-brow-liner-pro-03-blonde\/"},"modified":"2025-11-21T10:38:34","modified_gmt":"2025-11-21T09:38:34","slug":"elan-powder-eyebrow-pencil-brow-liner-pro-03-blonde","status":"publish","type":"product","link":"https:\/\/browsomepro.com\/hr\/proizvod\/elan-powder-eyebrow-pencil-brow-liner-pro-03-blonde\/","title":{"rendered":"\u00c9lan &#8211; Powder Eyebrow Pencil \u201cBrow Liner Pro\u201d- 03 Blonde"},"content":{"rendered":"\t\t<div data-elementor-type=\"product-post\" data-elementor-id=\"26650\" class=\"elementor elementor-26650 elementor-8257\" data-elementor-post-type=\"product\">\n\t\t\t\t<div class=\"elementor-element elementor-element-3699557b e-flex e-con-boxed e-con e-parent\" data-id=\"3699557b\" data-element_type=\"container\">\n\t\t\t\t\t<div class=\"e-con-inner\">\n\t\t<div class=\"elementor-element elementor-element-5b9a1e36 e-con-full e-flex e-con e-child\" data-id=\"5b9a1e36\" data-element_type=\"container\">\n\t\t\t\t<div class=\"elementor-element elementor-element-5b9c3286 elementor-widget elementor-widget-image\" data-id=\"5b9c3286\" data-element_type=\"widget\" data-widget_type=\"image.default\">\n\t\t\t\t<div class=\"elementor-widget-container\">\n\t\t\t\t\t\t\t\t\t\t\t\t\t\t\t<img fetchpriority=\"high\" decoding=\"async\" width=\"900\" height=\"900\" src=\"https:\/\/browsomepro.com\/wp-content\/uploads\/2024\/04\/Elan-Powder-Eyebrow-Pencil-Brow-Liner-Pro-02-Dark-Brown-1.jpeg\" class=\"attachment-full size-full wp-image-26646\" alt=\"\" srcset=\"https:\/\/browsomepro.com\/wp-content\/uploads\/2024\/04\/Elan-Powder-Eyebrow-Pencil-Brow-Liner-Pro-02-Dark-Brown-1.jpeg 900w, https:\/\/browsomepro.com\/wp-content\/uploads\/2024\/04\/Elan-Powder-Eyebrow-Pencil-Brow-Liner-Pro-02-Dark-Brown-1-300x300.jpeg 300w, https:\/\/browsomepro.com\/wp-content\/uploads\/2024\/04\/Elan-Powder-Eyebrow-Pencil-Brow-Liner-Pro-02-Dark-Brown-1-150x150.jpeg 150w, https:\/\/browsomepro.com\/wp-content\/uploads\/2024\/04\/Elan-Powder-Eyebrow-Pencil-Brow-Liner-Pro-02-Dark-Brown-1-768x768.jpeg 768w, https:\/\/browsomepro.com\/wp-content\/uploads\/2024\/04\/Elan-Powder-Eyebrow-Pencil-Brow-Liner-Pro-02-Dark-Brown-1-441x441.jpeg 441w, https:\/\/browsomepro.com\/wp-content\/uploads\/2024\/04\/Elan-Powder-Eyebrow-Pencil-Brow-Liner-Pro-02-Dark-Brown-1-100x100.jpeg 100w, https:\/\/browsomepro.com\/wp-content\/uploads\/2024\/04\/Elan-Powder-Eyebrow-Pencil-Brow-Liner-Pro-02-Dark-Brown-1-800x800.jpeg 800w\" sizes=\"(max-width: 360px) 147px, (max-width: 900px) 100vw, 900px\" \/>\t\t\t\t\t\t\t\t\t\t\t\t\t\t\t<\/div>\n\t\t\t\t<\/div>\n\t\t\t\t<\/div>\n\t\t<div class=\"elementor-element elementor-element-5d4762c9 e-con-full e-flex e-con e-child\" data-id=\"5d4762c9\" data-element_type=\"container\" data-settings=\"{&quot;background_background&quot;:&quot;classic&quot;}\">\n\t\t\t\t<div class=\"elementor-element elementor-element-5f03ce30 elementor-widget elementor-widget-heading\" data-id=\"5f03ce30\" data-element_type=\"widget\" data-widget_type=\"heading.default\">\n\t\t\t\t<div class=\"elementor-widget-container\">\n\t\t\t\t\t<h2 class=\"elementor-heading-title elementor-size-default\">Preciznost u puderastom obliku<\/h2>\t\t\t\t<\/div>\n\t\t\t\t<\/div>\n\t\t\t\t<div class=\"elementor-element elementor-element-5861bd15 elementor-widget elementor-widget-text-editor\" data-id=\"5861bd15\" data-element_type=\"widget\" data-widget_type=\"text-editor.default\">\n\t\t\t\t<div class=\"elementor-widget-container\">\n\t\t\t\t\t\t\t\t\t<p>Dizajniran za profesionalce i ljubitelje make-upa, ovaj olovka spaja preciznost klasi\u010dne olovke za obrve s mekim, puderastim zavr\u0161etkom. Dugotrajna formula osigurava da obrve ostanu besprijekorne tijekom cijelog dana, savr\u0161eno se uklapaju\u0107i i u postupke oblikovanja i bojenja obrva, kao i u svakodnevnu make-up rutinu.  <\/p>\n<p>Zahvaljuju\u0107i jednostavnoj aplikaciji, lako mo\u017eete oblikovati, popuniti i precizno definirati obrve, dodaju\u0107i svakom looku dodatnu dimenziju i profinjen zavr\u0161etak.<\/p>\n\t\t\t\t\t\t\t\t<\/div>\n\t\t\t\t<\/div>\n\t\t\t\t<\/div>\n\t\t\t\t\t<\/div>\n\t\t\t\t<\/div>\n\t\t<div class=\"elementor-element elementor-element-732ac5bc e-flex e-con-boxed e-con e-parent\" data-id=\"732ac5bc\" data-element_type=\"container\">\n\t\t\t\t\t<div class=\"e-con-inner\">\n\t\t<div class=\"elementor-element elementor-element-2823f277 e-con-full e-flex e-con e-child\" data-id=\"2823f277\" data-element_type=\"container\" data-settings=\"{&quot;background_background&quot;:&quot;classic&quot;}\">\n\t\t\t\t<div class=\"elementor-element elementor-element-7c381a07 elementor-widget elementor-widget-heading\" data-id=\"7c381a07\" data-element_type=\"widget\" data-widget_type=\"heading.default\">\n\t\t\t\t<div class=\"elementor-widget-container\">\n\t\t\t\t\t<h2 class=\"elementor-heading-title elementor-size-default\">Savr\u0161ena nijansa za svake obrve<\/h2>\t\t\t\t<\/div>\n\t\t\t\t<\/div>\n\t\t\t\t<div class=\"elementor-element elementor-element-208ceebd elementor-widget elementor-widget-text-editor\" data-id=\"208ceebd\" data-element_type=\"widget\" data-widget_type=\"text-editor.default\">\n\t\t\t\t<div class=\"elementor-widget-container\">\n\t\t\t\t\t\t\t\t\t<p>Dostupna u tri nijanse \u2014 medium brown, dark brown i blonde \u2014 ova olovka prilago\u0111ava se \u0161irokom rasponu boja kose i tonova ko\u017ee, osiguravaju\u0107i savr\u0161eno uskla\u0111ivanje za svakoga. <\/p>\n<p>Njezina svestranost ne staje samo na bojanju. Formula ove olovke idealna je i za ljubitelje make-upa i za profesionalce. Koristite je za iscrtavanje obrva prije nano\u0161enja boje kako biste postigli jasniji, definiraniji oblik ili je uklju\u010dite u svoju svakodnevnu make-up rutinu za prirodan efekt punijih obrva.  <\/p>\n\t\t\t\t\t\t\t\t<\/div>\n\t\t\t\t<\/div>\n\t\t\t\t<\/div>\n\t\t<div class=\"elementor-element elementor-element-2a778160 e-con-full e-flex e-con e-child\" data-id=\"2a778160\" data-element_type=\"container\">\n\t\t\t\t<div class=\"elementor-element elementor-element-2ad14c01 elementor-widget elementor-widget-image\" data-id=\"2ad14c01\" data-element_type=\"widget\" data-widget_type=\"image.default\">\n\t\t\t\t<div class=\"elementor-widget-container\">\n\t\t\t\t\t\t\t\t\t\t\t\t\t\t\t<img decoding=\"async\" width=\"2000\" height=\"2000\" src=\"https:\/\/browsomepro.com\/wp-content\/uploads\/2024\/04\/3-step-system-elan-browsome.webp\" class=\"attachment-full size-full wp-image-26657\" alt=\"\" srcset=\"https:\/\/browsomepro.com\/wp-content\/uploads\/2024\/04\/3-step-system-elan-browsome.webp 2000w, https:\/\/browsomepro.com\/wp-content\/uploads\/2024\/04\/3-step-system-elan-browsome-300x300.webp 300w, https:\/\/browsomepro.com\/wp-content\/uploads\/2024\/04\/3-step-system-elan-browsome-1024x1024.webp 1024w, https:\/\/browsomepro.com\/wp-content\/uploads\/2024\/04\/3-step-system-elan-browsome-150x150.webp 150w, https:\/\/browsomepro.com\/wp-content\/uploads\/2024\/04\/3-step-system-elan-browsome-768x768.webp 768w, https:\/\/browsomepro.com\/wp-content\/uploads\/2024\/04\/3-step-system-elan-browsome-1536x1536.webp 1536w, https:\/\/browsomepro.com\/wp-content\/uploads\/2024\/04\/3-step-system-elan-browsome-990x990.webp 990w, https:\/\/browsomepro.com\/wp-content\/uploads\/2024\/04\/3-step-system-elan-browsome-441x441.webp 441w, https:\/\/browsomepro.com\/wp-content\/uploads\/2024\/04\/3-step-system-elan-browsome-100x100.webp 100w, https:\/\/browsomepro.com\/wp-content\/uploads\/2024\/04\/3-step-system-elan-browsome-800x800.webp 800w\" sizes=\"(max-width: 360px) 147px, (max-width: 2000px) 100vw, 2000px\" \/>\t\t\t\t\t\t\t\t\t\t\t\t\t\t\t<\/div>\n\t\t\t\t<\/div>\n\t\t\t\t<\/div>\n\t\t\t\t\t<\/div>\n\t\t\t\t<\/div>\n\t\t\t\t<\/div>\n\t\t","protected":false},"excerpt":{"rendered":"<p>Olovka dugotrajne postojanosti s pudrastom formulom za oblikovanje, popunjavanje i definiranje obrva. Lako stvara efekt prirodno punih obrva. <\/p>\n<p>Mo\u017ee se koristiti kao dio make-up rutine ili kao jedan od koraka u postupku oblikovanja i bojanja obrva.<\/p>\n<p>Dermatolo\u0161ki testirano<\/p>\n[cg_accordion title=\"Sastojci\"]Silica, Dimethicone\/Divinyldimethicone\/Silsesquioxane Crosspolymer, Polymethyl Methacrylate, Synthetic Fluorphlogopite, Pentylene Glycol, PEG-10 Dimethicone, Caprylyl Glycol, Triethyl Citrate, Magnesium Aluminum Silicate, Phenylpropanol, Methylpropanediol, Algin, Sodium Polyacrylate, Ethylhexylglycerin, Dipropylene Glycol, Glyceryl Caprylate, Caprylhydroxamic Acid. +\/- May contain: CI 77499, CI 77491, CI 77891, Mica, CI 77163, CI 77492. <\/p>\n<p>[\/cg_accordion]\n<p>Veli\u010dina: 1,29 g<br \/>\nZemlja podrijetla: <span style=\"font-weight: 400;\">Njema\u010dka<\/span><br \/>\nRok trajanja nakon otvaranja: 18 mjeseci<\/p>\n","protected":false},"featured_media":8286,"template":"","meta":{"_acf_changed":false,"_monsterinsights_skip_tracking":false,"_monsterinsights_sitenote_active":false,"_monsterinsights_sitenote_note":"","_monsterinsights_sitenote_category":0},"product_brand":[],"product_cat":[579,607,540,531,537,541,536],"product_tag":[],"class_list":{"0":"post-26650","1":"product","2":"type-product","3":"status-publish","4":"has-post-thumbnail","6":"product_cat-dodaci-hr-2","7":"product_cat-dodaci-hr-3","8":"product_cat-elan-hr","9":"product_cat-istrazi-po-brendu","10":"product_cat-laminacija-obrva","11":"product_cat-laminacija-obrva-hr","12":"product_cat-obrve","14":"first","15":"instock","16":"taxable","17":"shipping-taxable","18":"purchasable","19":"product-type-simple"},"acf":[],"aioseo_notices":[],"_links":{"self":[{"href":"https:\/\/browsomepro.com\/hr\/wp-json\/wp\/v2\/product\/26650","targetHints":{"allow":["GET"]}}],"collection":[{"href":"https:\/\/browsomepro.com\/hr\/wp-json\/wp\/v2\/product"}],"about":[{"href":"https:\/\/browsomepro.com\/hr\/wp-json\/wp\/v2\/types\/product"}],"version-history":[{"count":1,"href":"https:\/\/browsomepro.com\/hr\/wp-json\/wp\/v2\/product\/26650\/revisions"}],"predecessor-version":[{"id":26658,"href":"https:\/\/browsomepro.com\/hr\/wp-json\/wp\/v2\/product\/26650\/revisions\/26658"}],"wp:featuredmedia":[{"embeddable":true,"href":"https:\/\/browsomepro.com\/hr\/wp-json\/wp\/v2\/media\/8286"}],"wp:attachment":[{"href":"https:\/\/browsomepro.com\/hr\/wp-json\/wp\/v2\/media?parent=26650"}],"wp:term":[{"taxonomy":"product_brand","embeddable":true,"href":"https:\/\/browsomepro.com\/hr\/wp-json\/wp\/v2\/product_brand?post=26650"},{"taxonomy":"product_cat","embeddable":true,"href":"https:\/\/browsomepro.com\/hr\/wp-json\/wp\/v2\/product_cat?post=26650"},{"taxonomy":"product_tag","embeddable":true,"href":"https:\/\/browsomepro.com\/hr\/wp-json\/wp\/v2\/product_tag?post=26650"}],"curies":[{"name":"wp","href":"https:\/\/api.w.org\/{rel}","templated":true}]}}