{"id":26584,"date":"2024-04-09T06:16:39","date_gmt":"2024-04-09T05:16:39","guid":{"rendered":"https:\/\/browsomepro.com\/product\/elan-eyebrow-tint-removing-expert-system-brow-d-color-emulsion-1-2\/"},"modified":"2025-11-21T09:46:43","modified_gmt":"2025-11-21T08:46:43","slug":"elan-eyebrow-tint-removing-expert-system-brow-d-color-emulsion-1-2","status":"publish","type":"product","link":"https:\/\/browsomepro.com\/hr\/proizvod\/elan-eyebrow-tint-removing-expert-system-brow-d-color-emulsion-1-2\/","title":{"rendered":"\u00c9lan &#8211; Eyebrow Tint Removing Expert System \u201cBrow D-Color\u201d Emulsion 1"},"content":{"rendered":"\t\t<div data-elementor-type=\"product-post\" data-elementor-id=\"26584\" class=\"elementor elementor-26584 elementor-8456\" data-elementor-post-type=\"product\">\n\t\t\t\t<div class=\"elementor-element elementor-element-3699557b e-flex e-con-boxed e-con e-parent\" data-id=\"3699557b\" data-element_type=\"container\">\n\t\t\t\t\t<div class=\"e-con-inner\">\n\t\t<div class=\"elementor-element elementor-element-5b9a1e36 e-con-full e-flex e-con e-child\" data-id=\"5b9a1e36\" data-element_type=\"container\">\n\t\t\t\t<div class=\"elementor-element elementor-element-5b9c3286 elementor-widget elementor-widget-image\" data-id=\"5b9c3286\" data-element_type=\"widget\" data-widget_type=\"image.default\">\n\t\t\t\t<div class=\"elementor-widget-container\">\n\t\t\t\t\t\t\t\t\t\t\t\t\t\t\t<img fetchpriority=\"high\" decoding=\"async\" width=\"900\" height=\"900\" src=\"https:\/\/browsomepro.com\/wp-content\/uploads\/2024\/04\/Elan-Eyebrow-Tint-Removing-Expert-System-Brow-D-Color-Emulsion-2-1.jpeg\" class=\"attachment-full size-full wp-image-26582\" alt=\"\" srcset=\"https:\/\/browsomepro.com\/wp-content\/uploads\/2024\/04\/Elan-Eyebrow-Tint-Removing-Expert-System-Brow-D-Color-Emulsion-2-1.jpeg 900w, https:\/\/browsomepro.com\/wp-content\/uploads\/2024\/04\/Elan-Eyebrow-Tint-Removing-Expert-System-Brow-D-Color-Emulsion-2-1-300x300.jpeg 300w, https:\/\/browsomepro.com\/wp-content\/uploads\/2024\/04\/Elan-Eyebrow-Tint-Removing-Expert-System-Brow-D-Color-Emulsion-2-1-150x150.jpeg 150w, https:\/\/browsomepro.com\/wp-content\/uploads\/2024\/04\/Elan-Eyebrow-Tint-Removing-Expert-System-Brow-D-Color-Emulsion-2-1-768x768.jpeg 768w, https:\/\/browsomepro.com\/wp-content\/uploads\/2024\/04\/Elan-Eyebrow-Tint-Removing-Expert-System-Brow-D-Color-Emulsion-2-1-441x441.jpeg 441w, https:\/\/browsomepro.com\/wp-content\/uploads\/2024\/04\/Elan-Eyebrow-Tint-Removing-Expert-System-Brow-D-Color-Emulsion-2-1-100x100.jpeg 100w, https:\/\/browsomepro.com\/wp-content\/uploads\/2024\/04\/Elan-Eyebrow-Tint-Removing-Expert-System-Brow-D-Color-Emulsion-2-1-800x800.jpeg 800w\" sizes=\"(max-width: 360px) 147px, (max-width: 900px) 100vw, 900px\" \/>\t\t\t\t\t\t\t\t\t\t\t\t\t\t\t<\/div>\n\t\t\t\t<\/div>\n\t\t\t\t<\/div>\n\t\t<div class=\"elementor-element elementor-element-5d4762c9 e-con-full e-flex e-con e-child\" data-id=\"5d4762c9\" data-element_type=\"container\" data-settings=\"{&quot;background_background&quot;:&quot;classic&quot;}\">\n\t\t\t\t<div class=\"elementor-element elementor-element-5f03ce30 elementor-widget elementor-widget-heading\" data-id=\"5f03ce30\" data-element_type=\"widget\" data-widget_type=\"heading.default\">\n\t\t\t\t<div class=\"elementor-widget-container\">\n\t\t\t\t\t<h2 class=\"elementor-heading-title elementor-size-default\">U\u010dinkovito rje\u0161enje za uklanjanje sinteti\u010dnih boja<\/h2>\t\t\t\t<\/div>\n\t\t\t\t<\/div>\n\t\t\t\t<div class=\"elementor-element elementor-element-5861bd15 elementor-widget elementor-widget-text-editor\" data-id=\"5861bd15\" data-element_type=\"widget\" data-widget_type=\"text-editor.default\">\n\t\t\t\t<div class=\"elementor-widget-container\">\n\t\t\t\t\t\t\t\t\t<p><span style=\"font-weight: 400;\">\u00c9lan Brow D-Colour nudi u\u010dinkovito rje\u0161enje za brow artiste koji se susre\u0107u s problemom pretamnog nijansiranja tijekom tretmana. Kori\u0161tenjem \u00c9lan Brow D-Colour proizvoda posti\u017ee se precizna korekcija boje uz potpuno o\u010duvanje prirodnih dla\u010dica obrva. Formula ne sadr\u017ei amonijak ni persulfate, \u0161to osigurava nje\u017ean, ali istodobno vrlo u\u010dinkovit tretman.  <\/span><\/p>\n<p><span style=\"font-weight: 400;\">Kako biste postigli najbolje mogu\u0107e rezultate s \u00c9lan Brow D-Colour proizvodom, preporu\u010dujemo kori\u0161tenje i sljede\u0107ih proizvoda:<\/span><\/p>\n<p><span style=\"font-weight: 400;\">-\u00c9lan Oxidizing Emulsion<\/span><span style=\"font-weight: 400;\"><br \/><\/span><span style=\"font-weight: 400;\">-\u00c9lan Cleansing Detox Mousse Soft<br \/><\/span><span style=\"font-weight: 400;\">-\u00c9lan Colour Fix<\/span><\/p>\n\t\t\t\t\t\t\t\t<\/div>\n\t\t\t\t<\/div>\n\t\t\t\t<div class=\"elementor-element elementor-element-a2cac15 elementor-widget elementor-widget-toggle\" data-id=\"a2cac15\" data-element_type=\"widget\" data-widget_type=\"toggle.default\">\n\t\t\t\t<div class=\"elementor-widget-container\">\n\t\t\t\t\t\t\t<div class=\"elementor-toggle\">\n\t\t\t\t\t\t\t<div class=\"elementor-toggle-item\">\n\t\t\t\t\t<div id=\"elementor-tab-title-1701\" class=\"elementor-tab-title\" data-tab=\"1\" role=\"button\" aria-controls=\"elementor-tab-content-1701\" aria-expanded=\"false\">\n\t\t\t\t\t\t\t\t\t\t\t\t<span class=\"elementor-toggle-icon elementor-toggle-icon-left\" aria-hidden=\"true\">\n\t\t\t\t\t\t\t\t\t\t\t\t\t\t\t<span class=\"elementor-toggle-icon-closed\"><svg class=\"e-font-icon-svg e-fas-caret-right\" viewBox=\"0 0 192 512\" xmlns=\"http:\/\/www.w3.org\/2000\/svg\"><path d=\"M0 384.662V127.338c0-17.818 21.543-26.741 34.142-14.142l128.662 128.662c7.81 7.81 7.81 20.474 0 28.284L34.142 398.804C21.543 411.404 0 402.48 0 384.662z\"><\/path><\/svg><\/span>\n\t\t\t\t\t\t\t\t<span class=\"elementor-toggle-icon-opened\"><svg class=\"elementor-toggle-icon-opened e-font-icon-svg e-fas-caret-up\" viewBox=\"0 0 320 512\" xmlns=\"http:\/\/www.w3.org\/2000\/svg\"><path d=\"M288.662 352H31.338c-17.818 0-26.741-21.543-14.142-34.142l128.662-128.662c7.81-7.81 20.474-7.81 28.284 0l128.662 128.662c12.6 12.599 3.676 34.142-14.142 34.142z\"><\/path><\/svg><\/span>\n\t\t\t\t\t\t\t\t\t\t\t\t\t<\/span>\n\t\t\t\t\t\t\t\t\t\t\t\t<a class=\"elementor-toggle-title\" tabindex=\"0\">Detaljan vodi\u010d za primjenu \u2013 korak po korak<\/a>\n\t\t\t\t\t<\/div>\n\n\t\t\t\t\t<div id=\"elementor-tab-content-1701\" class=\"elementor-tab-content elementor-clearfix\" data-tab=\"1\" role=\"region\" aria-labelledby=\"elementor-tab-title-1701\"><p><b>Korak 1- <\/b><b>\u00c9lan Brow D-Colour<\/b><b> <\/b><\/p>\n<p><span style=\"font-weight: 400;\">Pomije\u0161ajte Emulziju 1 i Emulziju 2 u omjeru 1:1 u nemetalnoj posudici te nanesite kistom. Ostavite da djeluje 5\u201315 minuta, ovisno o stanju dla\u010dica obrva i \u017eeljenoj nijansi. <\/span><\/p>\n<p><b>Korak 2- <\/b><b>\u00c9lan Cleansing Detox Mousse Soft<\/b><\/p>\n<p><span style=\"font-weight: 400;\">Nakon proteka vremena djelovanja, <\/span><span style=\"font-weight: 400;\">nanesite \u00c9lan Cleansing Detox Mousse Soft <\/span><span style=\"font-weight: 400;\">za obrve te uklonite pjenu vatenim jastu\u010di\u0107em navla\u017eenim vodom.<\/span><\/p>\n<p><b>Korak 3 \u2013 Korekcija boje<\/b><\/p>\n<p><span style=\"font-weight: 400;\">Za postizanje hladnog podtona, tijekom druge faze nanesite oksidiraju\u0107u emulziju 3% iz TM \u00c9LAN professional line (3\u20135 minuta). Za topliji podton, nemojte koristiti 3% oksidiraju\u0107u emulziju. <\/span><\/p>\n<p><b>Korak 4 \u2013 Fiksiranje boje<\/b><\/p>\n<p><span style=\"font-weight: 400;\">Nanesite \u00c9lan Colour Fix, formuliran kako bi dla\u010dicama pru\u017eio elasti\u010dnost, sprije\u010dio lomljenje i za\u0161titio boju od prebrzog blije\u0111enja. Jednostavan za kori\u0161tenje, \u00c9lan Colour Fix savr\u0161en je zavr\u0161ni korak svakog tretmana bojenja, osiguravaju\u0107i dugotrajniju postojanost nijanse. <\/span><\/p>\n<\/div>\n\t\t\t\t<\/div>\n\t\t\t\t\t\t\t\t<\/div>\n\t\t\t\t\t\t<\/div>\n\t\t\t\t<\/div>\n\t\t\t\t<\/div>\n\t\t\t\t\t<\/div>\n\t\t\t\t<\/div>\n\t\t\t\t<\/div>\n\t\t","protected":false},"excerpt":{"rendered":"<p>Expert system razvijen je za uklanjanje tamnih umjetnih pigmenata nakupljenih u dla\u010dicama obrva. Ne utje\u010de na njihov prirodni pigment. Koristiti isklju\u010divo u kombinaciji Emulzije 1 i Emulzije 2.  <\/p>\n[cg_accordion title=\"Sastojci\"]Aqua (voda), Sodium oxymethylene sulfoxylate, Cocamide DEA, Cetearyl alcohol (cetearyl alkohol), Sodium laureth sulfate, Urea (urea), Parfum (miris), Methylchloroisothiazolinone, Methylisothiazolinone, Limonene, Linalool.<\/p>\n<p>[\/cg_accordion]\n<p>Veli\u010dina: 10 ml<br \/>\nZemlja podrijetla: <span style=\"font-weight: 400;\">TURKEY<\/span><br \/>\nRok trajanja nakon otvaranja: 6 mjeseci<\/p>\n","protected":false},"featured_media":11964,"template":"","meta":{"_acf_changed":false,"_monsterinsights_skip_tracking":false,"_monsterinsights_sitenote_active":false,"_monsterinsights_sitenote_note":"","_monsterinsights_sitenote_category":0},"product_brand":[],"product_cat":[542,538,540,531,541,537,536],"product_tag":[],"class_list":{"0":"post-26584","1":"product","2":"type-product","3":"status-publish","4":"has-post-thumbnail","6":"product_cat-boja-za-obrve-hr","7":"product_cat-boja-za-obrve","8":"product_cat-elan-hr","9":"product_cat-istrazi-po-brendu","10":"product_cat-laminacija-obrva-hr","11":"product_cat-laminacija-obrva","12":"product_cat-obrve","14":"first","15":"instock","16":"taxable","17":"shipping-taxable","18":"purchasable","19":"product-type-simple"},"acf":[],"aioseo_notices":[],"_links":{"self":[{"href":"https:\/\/browsomepro.com\/hr\/wp-json\/wp\/v2\/product\/26584","targetHints":{"allow":["GET"]}}],"collection":[{"href":"https:\/\/browsomepro.com\/hr\/wp-json\/wp\/v2\/product"}],"about":[{"href":"https:\/\/browsomepro.com\/hr\/wp-json\/wp\/v2\/types\/product"}],"version-history":[{"count":1,"href":"https:\/\/browsomepro.com\/hr\/wp-json\/wp\/v2\/product\/26584\/revisions"}],"predecessor-version":[{"id":26591,"href":"https:\/\/browsomepro.com\/hr\/wp-json\/wp\/v2\/product\/26584\/revisions\/26591"}],"wp:featuredmedia":[{"embeddable":true,"href":"https:\/\/browsomepro.com\/hr\/wp-json\/wp\/v2\/media\/11964"}],"wp:attachment":[{"href":"https:\/\/browsomepro.com\/hr\/wp-json\/wp\/v2\/media?parent=26584"}],"wp:term":[{"taxonomy":"product_brand","embeddable":true,"href":"https:\/\/browsomepro.com\/hr\/wp-json\/wp\/v2\/product_brand?post=26584"},{"taxonomy":"product_cat","embeddable":true,"href":"https:\/\/browsomepro.com\/hr\/wp-json\/wp\/v2\/product_cat?post=26584"},{"taxonomy":"product_tag","embeddable":true,"href":"https:\/\/browsomepro.com\/hr\/wp-json\/wp\/v2\/product_tag?post=26584"}],"curies":[{"name":"wp","href":"https:\/\/api.w.org\/{rel}","templated":true}]}}