{"id":26573,"date":"2024-04-09T06:30:11","date_gmt":"2024-04-09T05:30:11","guid":{"rendered":"https:\/\/browsomepro.com\/product\/elan-cleansing-detox-mousse-2\/"},"modified":"2025-11-28T16:45:45","modified_gmt":"2025-11-28T15:45:45","slug":"elan-cleansing-detox-mousse-2","status":"publish","type":"product","link":"https:\/\/browsomepro.com\/hr\/proizvod\/elan-cleansing-detox-mousse-2\/","title":{"rendered":"\u00c9lan &#8211; Cleansing Detox &#8211; Mousse"},"content":{"rendered":"\t\t<div data-elementor-type=\"product-post\" data-elementor-id=\"26573\" class=\"elementor elementor-26573 elementor-8472\" data-elementor-post-type=\"product\">\n\t\t\t\t<div class=\"elementor-element elementor-element-3699557b e-flex e-con-boxed e-con e-parent\" data-id=\"3699557b\" data-element_type=\"container\">\n\t\t\t\t\t<div class=\"e-con-inner\">\n\t\t<div class=\"elementor-element elementor-element-5b9a1e36 e-con-full e-flex e-con e-child\" data-id=\"5b9a1e36\" data-element_type=\"container\">\n\t\t\t\t<div class=\"elementor-element elementor-element-5b9c3286 elementor-widget elementor-widget-image\" data-id=\"5b9c3286\" data-element_type=\"widget\" data-widget_type=\"image.default\">\n\t\t\t\t<div class=\"elementor-widget-container\">\n\t\t\t\t\t\t\t\t\t\t\t\t\t\t\t<img fetchpriority=\"high\" decoding=\"async\" width=\"2000\" height=\"2000\" src=\"https:\/\/browsomepro.com\/wp-content\/uploads\/2024\/04\/ELAN-DETOX-MOUSSES-BROWSOME.webp\" class=\"attachment-full size-full wp-image-26577\" alt=\"\" srcset=\"https:\/\/browsomepro.com\/wp-content\/uploads\/2024\/04\/ELAN-DETOX-MOUSSES-BROWSOME.webp 2000w, https:\/\/browsomepro.com\/wp-content\/uploads\/2024\/04\/ELAN-DETOX-MOUSSES-BROWSOME-300x300.webp 300w, https:\/\/browsomepro.com\/wp-content\/uploads\/2024\/04\/ELAN-DETOX-MOUSSES-BROWSOME-1024x1024.webp 1024w, https:\/\/browsomepro.com\/wp-content\/uploads\/2024\/04\/ELAN-DETOX-MOUSSES-BROWSOME-150x150.webp 150w, https:\/\/browsomepro.com\/wp-content\/uploads\/2024\/04\/ELAN-DETOX-MOUSSES-BROWSOME-768x768.webp 768w, https:\/\/browsomepro.com\/wp-content\/uploads\/2024\/04\/ELAN-DETOX-MOUSSES-BROWSOME-1536x1536.webp 1536w, https:\/\/browsomepro.com\/wp-content\/uploads\/2024\/04\/ELAN-DETOX-MOUSSES-BROWSOME-990x990.webp 990w, https:\/\/browsomepro.com\/wp-content\/uploads\/2024\/04\/ELAN-DETOX-MOUSSES-BROWSOME-441x441.webp 441w, https:\/\/browsomepro.com\/wp-content\/uploads\/2024\/04\/ELAN-DETOX-MOUSSES-BROWSOME-100x100.webp 100w, https:\/\/browsomepro.com\/wp-content\/uploads\/2024\/04\/ELAN-DETOX-MOUSSES-BROWSOME-800x800.webp 800w\" sizes=\"(max-width: 360px) 147px, (max-width: 2000px) 100vw, 2000px\" \/>\t\t\t\t\t\t\t\t\t\t\t\t\t\t\t<\/div>\n\t\t\t\t<\/div>\n\t\t\t\t<\/div>\n\t\t<div class=\"elementor-element elementor-element-5d4762c9 e-con-full e-flex e-con e-child\" data-id=\"5d4762c9\" data-element_type=\"container\" data-settings=\"{&quot;background_background&quot;:&quot;classic&quot;}\">\n\t\t\t\t<div class=\"elementor-element elementor-element-5f03ce30 elementor-widget elementor-widget-heading\" data-id=\"5f03ce30\" data-element_type=\"widget\" data-widget_type=\"heading.default\">\n\t\t\t\t<div class=\"elementor-widget-container\">\n\t\t\t\t\t<h2 class=\"elementor-heading-title elementor-size-default\">Temelj dugotrajnih rezultata<\/h2>\t\t\t\t<\/div>\n\t\t\t\t<\/div>\n\t\t\t\t<div class=\"elementor-element elementor-element-5861bd15 elementor-widget elementor-widget-text-editor\" data-id=\"5861bd15\" data-element_type=\"widget\" data-widget_type=\"text-editor.default\">\n\t\t\t\t<div class=\"elementor-widget-container\">\n\t\t\t\t\t\t\t\t\t<p>Postizanje dugotrajnih rezultata u laminaciji obrva i lash liftu po\u010dinje klju\u010dnim korakom \u2013 pripremom ko\u017ee i dla\u010dica. \u00c9lan detoksikacijski pjenu\u0161ci za \u010di\u0161\u0107enje posebno su formulirani kako bi stvorili idealnu podlogu za ove tretmane, osiguravaju\u0107i da se svaka boja ili lift bolje ve\u017ee i traje dulje.  <\/p>\n<p><b>Za\u0161to je \u010di\u0161\u0107enje prije tretmana va\u017eno:<\/b><\/p>\n<ul>\n<li aria-level=\"1\"><b>Dubinsko \u010di\u0161\u0107enje:<\/b> \u00c9lan mousse nje\u017eno uklanja nakupljene ne\u010disto\u0107e, sebum i ostatke proizvoda, omogu\u0107uju\u0107i da tretmani prodiru u\u010dinkovitije.<\/li>\n<li aria-level=\"1\"><b>Zdravlje ko\u017ee:<\/b> Nje\u017ene, ali u\u010dinkovite formule koje \u0161tite od dehidracije i iritacija \u2013 posebno va\u017eno za osjetljiva podru\u010dja oko o\u010diju.<\/li>\n<li aria-level=\"1\"><b>Pobolj\u0161ana u\u010dinkovitost tretmana: <\/b>Kada su ko\u017ea i dla\u010dice temeljito o\u010di\u0161\u0107ene, boja se razvija intenzivnije i traje dulje, a zavr\u0161ni rezultat izgleda urednije, profinjenije i bolje nagla\u0161eno.<\/li>\n<\/ul>\n\t\t\t\t\t\t\t\t<\/div>\n\t\t\t\t<\/div>\n\t\t\t\t<\/div>\n\t\t\t\t\t<\/div>\n\t\t\t\t<\/div>\n\t\t<div class=\"elementor-element elementor-element-732ac5bc e-flex e-con-boxed e-con e-parent\" data-id=\"732ac5bc\" data-element_type=\"container\">\n\t\t\t\t\t<div class=\"e-con-inner\">\n\t\t<div class=\"elementor-element elementor-element-2823f277 e-con-full e-flex e-con e-child\" data-id=\"2823f277\" data-element_type=\"container\" data-settings=\"{&quot;background_background&quot;:&quot;classic&quot;}\">\n\t\t\t\t<div class=\"elementor-element elementor-element-7c381a07 elementor-widget elementor-widget-heading\" data-id=\"7c381a07\" data-element_type=\"widget\" data-widget_type=\"heading.default\">\n\t\t\t\t<div class=\"elementor-widget-container\">\n\t\t\t\t\t<h2 class=\"elementor-heading-title elementor-size-default\">Priprema i za\u0161tita<\/h2>\t\t\t\t<\/div>\n\t\t\t\t<\/div>\n\t\t\t\t<div class=\"elementor-element elementor-element-208ceebd elementor-widget elementor-widget-text-editor\" data-id=\"208ceebd\" data-element_type=\"widget\" data-widget_type=\"text-editor.default\">\n\t\t\t\t<div class=\"elementor-widget-container\">\n\t\t\t\t\t\t\t\t\t<p><b>\u00c9lan Cleansing Detox-Mousse<\/b><\/p>\n<p>\u00c9lan Cleansing Detox-Mousse nadilazi osnovno \u010di\u0161\u0107enje zahvaljuju\u0107i pomno odabranim sastojcima koji ne samo da pripremaju ko\u017eu, ve\u0107 i doprinose njezinu zdravlju. <\/p>\n<p>Mousse sadr\u017ei undecilensku kiselinu, poznatu po svojim antimikrobnim svojstvima, koja osigurava potpuno \u010distu podlogu za svaki tretman. Ekstrakt bijelog \u010di\u010dka i mlije\u010dna kiselina djeluju sinergijski kako bi nje\u017eno eksfolirali ko\u017eu, uklanjaju\u0107i ne\u010disto\u0107e uz o\u010duvanje prirodne vla\u017enosti ko\u017ee.  <\/p>\n<p>Ova pa\u017eljivo osmi\u0161ljena kombinacija sastojaka ostavlja ko\u017eu i dla\u010dice savr\u0161eno pripremljenima, \u0161to omogu\u0107uje bolju apsorpciju i postojanost svakog tretmana. Time mousse postaje dragocjeni saveznik u profesionalnim, ali i ku\u0107nim beauty rutinama. <\/p>\n<ul>\n<li aria-level=\"1\"><b>Nje\u017eno, ali u\u010dinkovito: <\/b>Njegova blaga formula dubinski \u010disti ko\u017eu bez isu\u0161ivanja i bez izazivanja iritacija.<\/li>\n<li aria-level=\"1\"><b>Umiruje ko\u017eu: <\/b>Oboga\u0107en ekstraktom nevena, pru\u017ea trenutno smirenje i smanjuje crvenilo.<\/li>\n<li aria-level=\"1\"><b>Pobolj\u0161ava prianjanje boje:<\/b> Uklanjanjem ne\u010disto\u0107a i vi\u0161ka sebuma osigurava da boje i tretmani bolje prijanjaju i traju dulje.<\/li>\n<\/ul>\n\t\t\t\t\t\t\t\t<\/div>\n\t\t\t\t<\/div>\n\t\t\t\t<div class=\"elementor-element elementor-element-a2cac15 elementor-widget elementor-widget-toggle\" data-id=\"a2cac15\" data-element_type=\"widget\" data-widget_type=\"toggle.default\">\n\t\t\t\t<div class=\"elementor-widget-container\">\n\t\t\t\t\t\t\t<div class=\"elementor-toggle\">\n\t\t\t\t\t\t\t<div class=\"elementor-toggle-item\">\n\t\t\t\t\t<div id=\"elementor-tab-title-1701\" class=\"elementor-tab-title\" data-tab=\"1\" role=\"button\" aria-controls=\"elementor-tab-content-1701\" aria-expanded=\"false\">\n\t\t\t\t\t\t\t\t\t\t\t\t<span class=\"elementor-toggle-icon elementor-toggle-icon-left\" aria-hidden=\"true\">\n\t\t\t\t\t\t\t\t\t\t\t\t\t\t\t<span class=\"elementor-toggle-icon-closed\"><svg class=\"e-font-icon-svg e-fas-caret-right\" viewBox=\"0 0 192 512\" xmlns=\"http:\/\/www.w3.org\/2000\/svg\"><path d=\"M0 384.662V127.338c0-17.818 21.543-26.741 34.142-14.142l128.662 128.662c7.81 7.81 7.81 20.474 0 28.284L34.142 398.804C21.543 411.404 0 402.48 0 384.662z\"><\/path><\/svg><\/span>\n\t\t\t\t\t\t\t\t<span class=\"elementor-toggle-icon-opened\"><svg class=\"elementor-toggle-icon-opened e-font-icon-svg e-fas-caret-up\" viewBox=\"0 0 320 512\" xmlns=\"http:\/\/www.w3.org\/2000\/svg\"><path d=\"M288.662 352H31.338c-17.818 0-26.741-21.543-14.142-34.142l128.662-128.662c7.81-7.81 20.474-7.81 28.284 0l128.662 128.662c12.6 12.599 3.676 34.142-14.142 34.142z\"><\/path><\/svg><\/span>\n\t\t\t\t\t\t\t\t\t\t\t\t\t<\/span>\n\t\t\t\t\t\t\t\t\t\t\t\t<a class=\"elementor-toggle-title\" tabindex=\"0\">\u00c9lan Cleansing Detox Mousse Soft<\/a>\n\t\t\t\t\t<\/div>\n\n\t\t\t\t\t<div id=\"elementor-tab-content-1701\" class=\"elementor-tab-content elementor-clearfix\" data-tab=\"1\" role=\"region\" aria-labelledby=\"elementor-tab-title-1701\"><p>\u00c9lan Cleansing Detox Mousse Soft pru\u017ea nje\u017eniji pristup \u010di\u0161\u0107enju prije tretmana, savr\u0161en i za najosjetljivije tipove ko\u017ee. <\/p>\n<p>Njegova nje\u017ena, sulfat-free formula oboga\u0107ena je ekstraktima verbene i bisabolola, poznatima po umiruju\u0107im i hidratantnim svojstvima. Ovaj svestrani mousse ne samo da savr\u0161eno priprema ko\u017eu za profesionalne tretmane, ve\u0107 mo\u017ee poslu\u017eiti i kao blag, svakodnevni \u010dista\u010d lica. <\/p>\n<ul>\n<li aria-level=\"1\"><b>Ultra-nje\u017eno \u010di\u0161\u0107enje:<\/b> Osigurava potpunu ugodu, bez ikakvog osje\u0107aja nelagode \u010dak i na najosjetljivijoj ko\u017ei.<\/li>\n<li aria-level=\"1\"><b>Hidratizira i umiruje: <\/b>Zahvaljuju\u0107i pantenolu i ekstraktu nevena, ko\u017ei pru\u017ea dubinsku hidrataciju i smirenje, sprje\u010davaju\u0107i isu\u0161ivanje i iritacije.<\/li>\n<li aria-level=\"1\"><b>Pobolj\u0161ava rezultate tretmana:<\/b> Uklanjanjem toksina i sebuma stvara idealnu podlogu za u\u010dinkovite tretmane obrva i trepavica.<\/li>\n<\/ul>\n<p>Uvr\u0161tavanje \u00c9lan moussea u pripremu prije tretmana ne samo da produ\u017euje postojanost tretmana obrva i trepavica, ve\u0107 i vidljivo pobolj\u0161ava zdravlje i izgled tretiranih podru\u010dja.<\/p>\n<\/div>\n\t\t\t\t<\/div>\n\t\t\t\t\t\t\t\t<\/div>\n\t\t\t\t\t\t<\/div>\n\t\t\t\t<\/div>\n\t\t\t\t<\/div>\n\t\t<div class=\"elementor-element elementor-element-2a778160 e-con-full e-flex e-con e-child\" data-id=\"2a778160\" data-element_type=\"container\">\n\t\t\t\t<div class=\"elementor-element elementor-element-2ad14c01 elementor-widget elementor-widget-image\" data-id=\"2ad14c01\" data-element_type=\"widget\" data-widget_type=\"image.default\">\n\t\t\t\t<div class=\"elementor-widget-container\">\n\t\t\t\t\t\t\t\t\t\t\t\t\t\t\t<img decoding=\"async\" width=\"2000\" height=\"2000\" src=\"https:\/\/browsomepro.com\/wp-content\/uploads\/2024\/04\/mousse-elan.webp\" class=\"attachment-full size-full wp-image-26578\" alt=\"\" srcset=\"https:\/\/browsomepro.com\/wp-content\/uploads\/2024\/04\/mousse-elan.webp 2000w, https:\/\/browsomepro.com\/wp-content\/uploads\/2024\/04\/mousse-elan-300x300.webp 300w, https:\/\/browsomepro.com\/wp-content\/uploads\/2024\/04\/mousse-elan-1024x1024.webp 1024w, https:\/\/browsomepro.com\/wp-content\/uploads\/2024\/04\/mousse-elan-150x150.webp 150w, https:\/\/browsomepro.com\/wp-content\/uploads\/2024\/04\/mousse-elan-768x768.webp 768w, https:\/\/browsomepro.com\/wp-content\/uploads\/2024\/04\/mousse-elan-1536x1536.webp 1536w, https:\/\/browsomepro.com\/wp-content\/uploads\/2024\/04\/mousse-elan-990x990.webp 990w, https:\/\/browsomepro.com\/wp-content\/uploads\/2024\/04\/mousse-elan-441x441.webp 441w, https:\/\/browsomepro.com\/wp-content\/uploads\/2024\/04\/mousse-elan-100x100.webp 100w, https:\/\/browsomepro.com\/wp-content\/uploads\/2024\/04\/mousse-elan-800x800.webp 800w\" sizes=\"(max-width: 360px) 147px, (max-width: 2000px) 100vw, 2000px\" \/>\t\t\t\t\t\t\t\t\t\t\t\t\t\t\t<\/div>\n\t\t\t\t<\/div>\n\t\t\t\t<\/div>\n\t\t\t\t\t<\/div>\n\t\t\t\t<\/div>\n\t\t\t\t<\/div>\n\t\t","protected":false},"excerpt":{"rendered":"<p>Osmi\u0161ljen za nje\u017eno \u010di\u0161\u0107enje i uklanjanje masno\u0107e s ko\u017ee i dla\u010dica.<\/p>\n<p>Dermatolo\u0161ki testirano<\/p>\n<p>Detox mousse poma\u017ee boljem prijanjanju i fiksaciji boje. Undecilenska kiselina daje mu antibakterijska svojstva, a blaga, sulfat-free formula dovoljno je nje\u017ena i za osjetljivu ko\u017eu.  <\/p>\n<p>Zahvaljuju\u0107i detoksikacijskim sastojcima \u2014 ekstraktu bijelog osjaka i mlije\u010dnoj kiselini \u2014 proizvod nje\u017eno \u010disti ko\u017eu i dla\u010dice od keratiniziranih \u010destica, sebuma, toksina i drugih ne\u010disto\u0107a. Ekstrakt nevena dodatno hidratizira i umiruje ko\u017eu te sprje\u010dava isu\u0161ivanje i iritacije. <\/p>\n<p>* potvr\u0111eno mikrobiolo\u0161kim testovima, prema kojima je proizvod pokazao pozitivne rezultate u suzbijanju Staphylococcus aureus, Candida albicans, Pseudomonas aeruginosa i Escherichia coli.<\/p>\n<p>Na\u010din primjene:<\/p>\n<p>Pritiskom na pumpicu istisnite detox mousse iz bo\u010dice. Nanesite potrebnu koli\u010dinu na obrve pomo\u0107u spoolie \u010detkice, nje\u017eno rasporedite po \u017eeljenoj povr\u0161ini ko\u017ee, zatim isperite vodom. Po potrebi ponovite postupak.  <\/p>\n[cg_accordion title=\"Sastojci\"]Aqua (voda), Cocamidopropyl Betaine, Glycerin, Lauryl Glucoside, Disodium Cocoamphodiacetate, PEG-7 Glyceryl Cocoate, Silybum Marianum Extract, Panthenol, Polyquaternium-10, Phenoxyethanol, Citric Acid, Calendula Officinalis Flower Extract, Parfum, Ethylhexylglycerin, Piroctone Olamine.<\/p>\n<p>[\/cg_accordion]\n<p>Veli\u010dina: 150 ml<br \/>\nZemlja podrijetla: Turska<br \/>\nRok trajanja nakon otvaranja: 6 mjeseci<\/p>\n","protected":false},"featured_media":26576,"template":"","meta":{"_acf_changed":false,"_monsterinsights_skip_tracking":false,"_monsterinsights_sitenote_active":false,"_monsterinsights_sitenote_note":"","_monsterinsights_sitenote_category":0},"product_brand":[],"product_cat":[540,531,541,537,557,543,539,536,529],"product_tag":[],"class_list":{"0":"post-26573","1":"product","2":"type-product","3":"status-publish","4":"has-post-thumbnail","6":"product_cat-elan-hr","7":"product_cat-istrazi-po-brendu","8":"product_cat-laminacija-obrva-hr","9":"product_cat-laminacija-obrva","10":"product_cat-njega-nakon-tretmana-i-priprema","11":"product_cat-njega-nakon-tretmana-i-priprema-koze-hr","12":"product_cat-njega-nakon-tretmana-i-priprema-koze","13":"product_cat-obrve","14":"product_cat-trepavice","16":"first","17":"instock","18":"taxable","19":"shipping-taxable","20":"purchasable","21":"product-type-simple"},"acf":[],"aioseo_notices":[],"_links":{"self":[{"href":"https:\/\/browsomepro.com\/hr\/wp-json\/wp\/v2\/product\/26573","targetHints":{"allow":["GET"]}}],"collection":[{"href":"https:\/\/browsomepro.com\/hr\/wp-json\/wp\/v2\/product"}],"about":[{"href":"https:\/\/browsomepro.com\/hr\/wp-json\/wp\/v2\/types\/product"}],"version-history":[{"count":1,"href":"https:\/\/browsomepro.com\/hr\/wp-json\/wp\/v2\/product\/26573\/revisions"}],"predecessor-version":[{"id":26579,"href":"https:\/\/browsomepro.com\/hr\/wp-json\/wp\/v2\/product\/26573\/revisions\/26579"}],"wp:featuredmedia":[{"embeddable":true,"href":"https:\/\/browsomepro.com\/hr\/wp-json\/wp\/v2\/media\/26576"}],"wp:attachment":[{"href":"https:\/\/browsomepro.com\/hr\/wp-json\/wp\/v2\/media?parent=26573"}],"wp:term":[{"taxonomy":"product_brand","embeddable":true,"href":"https:\/\/browsomepro.com\/hr\/wp-json\/wp\/v2\/product_brand?post=26573"},{"taxonomy":"product_cat","embeddable":true,"href":"https:\/\/browsomepro.com\/hr\/wp-json\/wp\/v2\/product_cat?post=26573"},{"taxonomy":"product_tag","embeddable":true,"href":"https:\/\/browsomepro.com\/hr\/wp-json\/wp\/v2\/product_tag?post=26573"}],"curies":[{"name":"wp","href":"https:\/\/api.w.org\/{rel}","templated":true}]}}