{"id":26455,"date":"2024-04-24T11:48:51","date_gmt":"2024-04-24T10:48:51","guid":{"rendered":"https:\/\/browsomepro.com\/product\/noemi-flat-balm-glue-cetkica-5\/"},"modified":"2026-02-03T16:50:59","modified_gmt":"2026-02-03T15:50:59","slug":"noemi-flat-balm-glue-cetkica-5","status":"publish","type":"product","link":"https:\/\/browsomepro.com\/hr\/proizvod\/noemi-flat-balm-glue-cetkica-5\/","title":{"rendered":"Noemi &#8211; Flat Balm Glue \u010detkica #5"},"content":{"rendered":"\t\t<div data-elementor-type=\"product-post\" data-elementor-id=\"26455\" class=\"elementor elementor-26455 elementor-9255\" data-elementor-post-type=\"product\">\n\t\t\t\t<div class=\"elementor-element elementor-element-393b10d e-flex e-con-boxed e-con e-parent\" data-id=\"393b10d\" data-element_type=\"container\">\n\t\t\t\t\t<div class=\"e-con-inner\">\n\t\t<div class=\"elementor-element elementor-element-136cadda e-con-full e-flex e-con e-child\" data-id=\"136cadda\" data-element_type=\"container\">\n\t\t\t\t<div class=\"elementor-element elementor-element-44c84e43 elementor-widget elementor-widget-image\" data-id=\"44c84e43\" data-element_type=\"widget\" data-widget_type=\"image.default\">\n\t\t\t\t<div class=\"elementor-widget-container\">\n\t\t\t\t\t\t\t\t\t\t\t\t\t\t\t<img fetchpriority=\"high\" decoding=\"async\" width=\"2560\" height=\"2560\" src=\"https:\/\/browsomepro.com\/wp-content\/uploads\/2024\/04\/image_7bf3666b-1898-4549-beca-4d7d8e4a0f69-scaled.webp\" class=\"attachment-full size-full wp-image-26517\" alt=\"\" srcset=\"https:\/\/browsomepro.com\/wp-content\/uploads\/2024\/04\/image_7bf3666b-1898-4549-beca-4d7d8e4a0f69-scaled.webp 2560w, https:\/\/browsomepro.com\/wp-content\/uploads\/2024\/04\/image_7bf3666b-1898-4549-beca-4d7d8e4a0f69-300x300.webp 300w, https:\/\/browsomepro.com\/wp-content\/uploads\/2024\/04\/image_7bf3666b-1898-4549-beca-4d7d8e4a0f69-1024x1024.webp 1024w, https:\/\/browsomepro.com\/wp-content\/uploads\/2024\/04\/image_7bf3666b-1898-4549-beca-4d7d8e4a0f69-150x150.webp 150w, https:\/\/browsomepro.com\/wp-content\/uploads\/2024\/04\/image_7bf3666b-1898-4549-beca-4d7d8e4a0f69-768x768.webp 768w, https:\/\/browsomepro.com\/wp-content\/uploads\/2024\/04\/image_7bf3666b-1898-4549-beca-4d7d8e4a0f69-1536x1536.webp 1536w, https:\/\/browsomepro.com\/wp-content\/uploads\/2024\/04\/image_7bf3666b-1898-4549-beca-4d7d8e4a0f69-2048x2048.webp 2048w, https:\/\/browsomepro.com\/wp-content\/uploads\/2024\/04\/image_7bf3666b-1898-4549-beca-4d7d8e4a0f69-990x990.webp 990w, https:\/\/browsomepro.com\/wp-content\/uploads\/2024\/04\/image_7bf3666b-1898-4549-beca-4d7d8e4a0f69-441x441.webp 441w, https:\/\/browsomepro.com\/wp-content\/uploads\/2024\/04\/image_7bf3666b-1898-4549-beca-4d7d8e4a0f69-100x100.webp 100w, https:\/\/browsomepro.com\/wp-content\/uploads\/2024\/04\/image_7bf3666b-1898-4549-beca-4d7d8e4a0f69-800x800.webp 800w\" sizes=\"(max-width: 360px) 147px, (max-width: 2560px) 100vw, 2560px\" \/>\t\t\t\t\t\t\t\t\t\t\t\t\t\t\t<\/div>\n\t\t\t\t<\/div>\n\t\t\t\t<\/div>\n\t\t<div class=\"elementor-element elementor-element-6b775356 e-con-full e-flex e-con e-child\" data-id=\"6b775356\" data-element_type=\"container\" data-settings=\"{&quot;background_background&quot;:&quot;classic&quot;}\">\n\t\t\t\t<div class=\"elementor-element elementor-element-96ae0ea elementor-widget elementor-widget-heading\" data-id=\"96ae0ea\" data-element_type=\"widget\" data-widget_type=\"heading.default\">\n\t\t\t\t<div class=\"elementor-widget-container\">\n\t\t\t\t\t<h2 class=\"elementor-heading-title elementor-size-default\">Djeluje kao ljepilo, njeguje kao balzam\n<\/h2>\t\t\t\t<\/div>\n\t\t\t\t<\/div>\n\t\t\t\t<div class=\"elementor-element elementor-element-32d343af elementor-widget elementor-widget-text-editor\" data-id=\"32d343af\" data-element_type=\"widget\" data-widget_type=\"text-editor.default\">\n\t\t\t\t<div class=\"elementor-widget-container\">\n\t\t\t\t\t\t\t\t\t<p><span style=\"font-weight: 400;\">Noemi Glue Balm Strong postavlja novi standard u njezi trepavica, spajaju\u0107i najbolje od oba svijeta: djeluje kao ljepilo, a istovremeno njeguje poput balzama. <\/span><\/p>\n<p><span style=\"font-weight: 400;\">Formuliran kao prvo ljepilo za lash lift u obliku balzama, Noemi Glue Balm Strong oboga\u0107en je vitaminima i hranjivim sastojcima koji sprje\u010davaju isu\u0161ivanje trepavica, a pritom ih sigurno i u\u010dinkovito u\u010dvr\u0161\u0107uje na silikonski jastu\u010di\u0107 tijekom tretmana. <\/span><\/p>\n<p><span style=\"font-weight: 400;\">Njegova jedinstvena formula koja ne isu\u0161uje omogu\u0107uje stalne prilagodbe tijekom cijelog procesa, pru\u017eaju\u0107i lash artistima potpunu fleksibilnost i lako\u0107u za optimalno postavljanje i podizanje trepavica.<\/span><\/p>\n\t\t\t\t\t\t\t\t<\/div>\n\t\t\t\t<\/div>\n\t\t\t\t<div class=\"elementor-element elementor-element-562154aa elementor-widget elementor-widget-toggle\" data-id=\"562154aa\" data-element_type=\"widget\" data-widget_type=\"toggle.default\">\n\t\t\t\t<div class=\"elementor-widget-container\">\n\t\t\t\t\t\t\t<div class=\"elementor-toggle\">\n\t\t\t\t\t\t\t<div class=\"elementor-toggle-item\">\n\t\t\t\t\t<div id=\"elementor-tab-title-1441\" class=\"elementor-tab-title\" data-tab=\"1\" role=\"button\" aria-controls=\"elementor-tab-content-1441\" aria-expanded=\"false\">\n\t\t\t\t\t\t\t\t\t\t\t\t<span class=\"elementor-toggle-icon elementor-toggle-icon-left\" aria-hidden=\"true\">\n\t\t\t\t\t\t\t\t\t\t\t\t\t\t\t<span class=\"elementor-toggle-icon-closed\"><svg class=\"e-font-icon-svg e-fas-caret-right\" viewBox=\"0 0 192 512\" xmlns=\"http:\/\/www.w3.org\/2000\/svg\"><path d=\"M0 384.662V127.338c0-17.818 21.543-26.741 34.142-14.142l128.662 128.662c7.81 7.81 7.81 20.474 0 28.284L34.142 398.804C21.543 411.404 0 402.48 0 384.662z\"><\/path><\/svg><\/span>\n\t\t\t\t\t\t\t\t<span class=\"elementor-toggle-icon-opened\"><svg class=\"elementor-toggle-icon-opened e-font-icon-svg e-fas-caret-up\" viewBox=\"0 0 320 512\" xmlns=\"http:\/\/www.w3.org\/2000\/svg\"><path d=\"M288.662 352H31.338c-17.818 0-26.741-21.543-14.142-34.142l128.662-128.662c7.81-7.81 20.474-7.81 28.284 0l128.662 128.662c12.6 12.599 3.676 34.142-14.142 34.142z\"><\/path><\/svg><\/span>\n\t\t\t\t\t\t\t\t\t\t\t\t\t<\/span>\n\t\t\t\t\t\t\t\t\t\t\t\t<a class=\"elementor-toggle-title\" tabindex=\"0\">Precizna aplikacija. Maksimalna preciznost.<\/a>\n\t\t\t\t\t<\/div>\n\n\t\t\t\t\t<div id=\"elementor-tab-content-1441\" class=\"elementor-tab-content elementor-clearfix\" data-tab=\"1\" role=\"region\" aria-labelledby=\"elementor-tab-title-1441\"><p><span style=\"font-weight: 400;\">#5 Flat Brush posebno je dizajniran za kori\u0161tenje uz Noemi Glue Balm Strong, omogu\u0107uju\u0107i glatko i precizno nano\u0161enje. Zahvaljuju\u0107i ravnim, \u010dvrstim vlaknima pru\u017ea izvrsnu kontrolu nad nano\u0161enjem i razmazivanjem proizvoda. Mo\u017ee se koristiti i za tretmane bojenja trepavica i obrva.   <\/span><\/p>\n<\/div>\n\t\t\t\t<\/div>\n\t\t\t\t\t\t\t\t<\/div>\n\t\t\t\t\t\t<\/div>\n\t\t\t\t<\/div>\n\t\t\t\t<\/div>\n\t\t\t\t\t<\/div>\n\t\t\t\t<\/div>\n\t\t\t\t<\/div>\n\t\t","protected":false},"excerpt":{"rendered":"<p><span style=\"font-weight: 400;\">Noemi kist #5 idealan je za nano\u0161enje ljepila u balzam obliku, a savr\u0161eno odgovara i za bojenje trepavica i obrva. <\/span><\/p>\n<p><span style=\"font-weight: 400;\">Zahvaljuju\u0107i svom ravnom, plosnatom obliku, omogu\u0107uje precizno nano\u0161enje ljepila u balzam obliku, ali i boje.<\/span><\/p>\n","protected":false},"featured_media":26457,"template":"","meta":{"_acf_changed":false,"_monsterinsights_skip_tracking":false,"_monsterinsights_sitenote_active":false,"_monsterinsights_sitenote_note":"","_monsterinsights_sitenote_category":0},"product_brand":[],"product_cat":[580,561,579,564,531,577,572,562,536,529,620],"product_tag":[],"class_list":{"0":"post-26455","1":"product","2":"type-product","3":"status-publish","4":"has-post-thumbnail","6":"product_cat-boja-za-obrve-hr-3","7":"product_cat-dodaci","8":"product_cat-dodaci-hr-2","9":"product_cat-dodaci-hr","10":"product_cat-istrazi-po-brendu","11":"product_cat-laminacija-obrva-hr-4","12":"product_cat-lash-lift-hr-4","13":"product_cat-noemi-hr","14":"product_cat-obrve","15":"product_cat-trepavice","16":"product_cat-kistovi","18":"first","19":"instock","20":"taxable","21":"shipping-taxable","22":"purchasable","23":"product-type-simple"},"acf":[],"aioseo_notices":[],"_links":{"self":[{"href":"https:\/\/browsomepro.com\/hr\/wp-json\/wp\/v2\/product\/26455","targetHints":{"allow":["GET"]}}],"collection":[{"href":"https:\/\/browsomepro.com\/hr\/wp-json\/wp\/v2\/product"}],"about":[{"href":"https:\/\/browsomepro.com\/hr\/wp-json\/wp\/v2\/types\/product"}],"version-history":[{"count":1,"href":"https:\/\/browsomepro.com\/hr\/wp-json\/wp\/v2\/product\/26455\/revisions"}],"predecessor-version":[{"id":26458,"href":"https:\/\/browsomepro.com\/hr\/wp-json\/wp\/v2\/product\/26455\/revisions\/26458"}],"wp:featuredmedia":[{"embeddable":true,"href":"https:\/\/browsomepro.com\/hr\/wp-json\/wp\/v2\/media\/26457"}],"wp:attachment":[{"href":"https:\/\/browsomepro.com\/hr\/wp-json\/wp\/v2\/media?parent=26455"}],"wp:term":[{"taxonomy":"product_brand","embeddable":true,"href":"https:\/\/browsomepro.com\/hr\/wp-json\/wp\/v2\/product_brand?post=26455"},{"taxonomy":"product_cat","embeddable":true,"href":"https:\/\/browsomepro.com\/hr\/wp-json\/wp\/v2\/product_cat?post=26455"},{"taxonomy":"product_tag","embeddable":true,"href":"https:\/\/browsomepro.com\/hr\/wp-json\/wp\/v2\/product_tag?post=26455"}],"curies":[{"name":"wp","href":"https:\/\/api.w.org\/{rel}","templated":true}]}}