{"id":26379,"date":"2024-05-28T17:45:45","date_gmt":"2024-05-28T16:45:45","guid":{"rendered":"https:\/\/browsomepro.com\/product\/buff-browz-hybrid-brow-stain-auburn-15-ml\/"},"modified":"2025-11-20T13:56:11","modified_gmt":"2025-11-20T12:56:11","slug":"buff-browz-hybrid-brow-stain-auburn-15-ml","status":"publish","type":"product","link":"https:\/\/browsomepro.com\/hr\/proizvod\/buff-browz-hybrid-brow-stain-auburn-15-ml\/","title":{"rendered":"Buff Browz \u2013 Hybrid Brow Stain AUBURN 15 ml"},"content":{"rendered":"\t\t<div data-elementor-type=\"product-post\" data-elementor-id=\"26379\" class=\"elementor elementor-26379 elementor-10306\" data-elementor-post-type=\"product\">\n\t\t\t\t<div class=\"elementor-element elementor-element-154b6306 e-flex e-con-boxed e-con e-parent\" data-id=\"154b6306\" data-element_type=\"container\">\n\t\t\t\t\t<div class=\"e-con-inner\">\n\t\t<div class=\"elementor-element elementor-element-532b5b86 e-con-full e-flex e-con e-child\" data-id=\"532b5b86\" data-element_type=\"container\">\n\t\t\t\t<div class=\"elementor-element elementor-element-2e0ece52 elementor-widget elementor-widget-image\" data-id=\"2e0ece52\" data-element_type=\"widget\" data-widget_type=\"image.default\">\n\t\t\t\t<div class=\"elementor-widget-container\">\n\t\t\t\t\t\t\t\t\t\t\t\t\t\t\t<img fetchpriority=\"high\" decoding=\"async\" width=\"2000\" height=\"2000\" src=\"https:\/\/browsomepro.com\/wp-content\/uploads\/2024\/05\/buff-browz-stains.webp\" class=\"attachment-full size-full wp-image-26368\" alt=\"\" srcset=\"https:\/\/browsomepro.com\/wp-content\/uploads\/2024\/05\/buff-browz-stains.webp 2000w, https:\/\/browsomepro.com\/wp-content\/uploads\/2024\/05\/buff-browz-stains-300x300.webp 300w, https:\/\/browsomepro.com\/wp-content\/uploads\/2024\/05\/buff-browz-stains-1024x1024.webp 1024w, https:\/\/browsomepro.com\/wp-content\/uploads\/2024\/05\/buff-browz-stains-150x150.webp 150w, https:\/\/browsomepro.com\/wp-content\/uploads\/2024\/05\/buff-browz-stains-768x768.webp 768w, https:\/\/browsomepro.com\/wp-content\/uploads\/2024\/05\/buff-browz-stains-1536x1536.webp 1536w, https:\/\/browsomepro.com\/wp-content\/uploads\/2024\/05\/buff-browz-stains-990x990.webp 990w, https:\/\/browsomepro.com\/wp-content\/uploads\/2024\/05\/buff-browz-stains-441x441.webp 441w, https:\/\/browsomepro.com\/wp-content\/uploads\/2024\/05\/buff-browz-stains-100x100.webp 100w, https:\/\/browsomepro.com\/wp-content\/uploads\/2024\/05\/buff-browz-stains-800x800.webp 800w\" sizes=\"(max-width: 360px) 147px, (max-width: 2000px) 100vw, 2000px\" \/>\t\t\t\t\t\t\t\t\t\t\t\t\t\t\t<\/div>\n\t\t\t\t<\/div>\n\t\t\t\t<\/div>\n\t\t<div class=\"elementor-element elementor-element-5df74915 e-con-full e-flex e-con e-child\" data-id=\"5df74915\" data-element_type=\"container\" data-settings=\"{&quot;background_background&quot;:&quot;classic&quot;}\">\n\t\t\t\t<div class=\"elementor-element elementor-element-1fb7a8a1 elementor-widget elementor-widget-heading\" data-id=\"1fb7a8a1\" data-element_type=\"widget\" data-widget_type=\"heading.default\">\n\t\t\t\t<div class=\"elementor-widget-container\">\n\t\t\t\t\t<h2 class=\"elementor-heading-title elementor-size-default\">Snaga kane, jednostavnost klasi\u010dne boje.<\/h2>\t\t\t\t<\/div>\n\t\t\t\t<\/div>\n\t\t\t\t<div class=\"elementor-element elementor-element-4e46447f elementor-widget elementor-widget-text-editor\" data-id=\"4e46447f\" data-element_type=\"widget\" data-widget_type=\"text-editor.default\">\n\t\t\t\t<div class=\"elementor-widget-container\">\n\t\t\t\t\t\t\t\t\t<p><span style=\"font-weight: 400;\">Buff Browz Hybrid Stain spaja intenzitet i prirodne benefite kane s jednostavno\u0161\u0107u i prilagodljivo\u0161\u0107u klasi\u010dne boje. Bez obzira koristi\u0161 li ru\u010dnu aplikaciju ili preciznost airbrush tehnike, ovi inovativni proizvodi pru\u017eaju \u017eivopisne, dugotrajne rezultate zbog kojih se klijentice uvijek vra\u0107aju. <\/span><\/p>\n<p><span style=\"font-weight: 400;\">Formulirano s:<\/span><\/p>\n<ul>\n<li style=\"font-weight: 400;\" aria-level=\"1\"><b>Kana:<\/b> <span style=\"font-weight: 400;\">prirodna boja koja njeguje i ja\u010da dla\u010dice.<\/span><\/li>\n<li style=\"font-weight: 400;\" aria-level=\"1\"><b>Aloe vera: <\/b><span style=\"font-weight: 400;\">sadr\u017ei esencijalne aminokiseline koje odr\u017eavaju zdravlje ko\u017ee i dla\u010dica, zadr\u017eavaju vlagu i pru\u017eaju sjajan zavr\u0161etak.<\/span><\/li>\n<li style=\"font-weight: 400;\" aria-level=\"1\"><b>Ekstrakt ru\u017ee:<\/b> <span style=\"font-weight: 400;\">bogat vitaminima A, B3, C i E, daje dodatni sjaj i umiruje ko\u017eu.<\/span><\/li>\n<li style=\"font-weight: 400;\" aria-level=\"1\"><b>\u0160afran: <\/b><span style=\"font-weight: 400;\">sna\u017ean antioksidans koji poti\u010de rast dla\u010dica.<\/span><\/li>\n<li style=\"font-weight: 400;\" aria-level=\"1\"><b>Eteri\u010dno ulje limuna:<\/b> <span style=\"font-weight: 400;\">bogato vitaminima A i C, podr\u017eava zdrave dla\u010dice i hidratiziranu ko\u017eu.<\/span><\/li>\n<\/ul>\n\t\t\t\t\t\t\t\t<\/div>\n\t\t\t\t<\/div>\n\t\t\t\t<\/div>\n\t\t\t\t\t<\/div>\n\t\t\t\t<\/div>\n\t\t<div class=\"elementor-element elementor-element-44a43c21 e-flex e-con-boxed e-con e-parent\" data-id=\"44a43c21\" data-element_type=\"container\">\n\t\t\t\t\t<div class=\"e-con-inner\">\n\t\t<div class=\"elementor-element elementor-element-25029f60 e-con-full e-flex e-con e-child\" data-id=\"25029f60\" data-element_type=\"container\" data-settings=\"{&quot;background_background&quot;:&quot;classic&quot;}\">\n\t\t\t\t<div class=\"elementor-element elementor-element-46d7f287 elementor-widget elementor-widget-heading\" data-id=\"46d7f287\" data-element_type=\"widget\" data-widget_type=\"heading.default\">\n\t\t\t\t<div class=\"elementor-widget-container\">\n\t\t\t\t\t<h2 class=\"elementor-heading-title elementor-size-default\">Opisi nijansi<\/h2>\t\t\t\t<\/div>\n\t\t\t\t<\/div>\n\t\t\t\t<div class=\"elementor-element elementor-element-7192b3c6 elementor-widget elementor-widget-text-editor\" data-id=\"7192b3c6\" data-element_type=\"widget\" data-widget_type=\"text-editor.default\">\n\t\t\t\t<div class=\"elementor-widget-container\">\n\t\t\t\t\t\t\t\t\t<ul>\n<li style=\"font-weight: 400;\" aria-level=\"1\"><b>Blondie: <\/b><span style=\"font-weight: 400;\">najsvjetlija nijansa hladnog podtona, idealna za vrlo svijetle dla\u010dice ili za mije\u0161anje kada \u017eeli\u0161 nje\u017eniji, svjetliji rezultat.<\/span><\/li>\n<li style=\"font-weight: 400;\" aria-level=\"1\"><b>Taupe<\/b><span style=\"font-weight: 400;\">: savr\u0161ena za tamnije, pepeljasto plave tonove. Mo\u017ee se koristiti samostalno ili za prilagodbu drugih nijansi. <\/span><\/li>\n<li style=\"font-weight: 400;\" aria-level=\"1\"><b>Copper:<\/b> <span style=\"font-weight: 400;\">svjetlo do srednje kestenjasta nijansa, odli\u010dna za dodavanje topline brinetama.<\/span><\/li>\n<li style=\"font-weight: 400;\" aria-level=\"1\"><b>Maroon<\/b><span style=\"font-weight: 400;\">: topla, srednje sme\u0111a nijansa koja savr\u0161eno nagla\u0161ava zagasito crvene i bakrene tonove kose.<\/span><\/li>\n<li style=\"font-weight: 400;\" aria-level=\"1\"><b>Auburn<\/b><span style=\"font-weight: 400;\">: dealna za dodavanje topline i nagla\u0161avanje crvenkastih tonova u bilo kojoj nijansi.<\/span><\/li>\n<li style=\"font-weight: 400;\" aria-level=\"1\"><b>Almond<\/b><span style=\"font-weight: 400;\">:neutralno topla, svijetlosme\u0111a nijansa koja odgovara ve\u0107ini klijentica.<\/span><\/li>\n<li style=\"font-weight: 400;\" aria-level=\"1\"><b>Oak<\/b><span style=\"font-weight: 400;\">: svestrana, neutralno topla srednje sme\u0111a nijansa, vrlo popularna me\u0111u brinetama.<\/span><\/li>\n<li style=\"font-weight: 400;\" aria-level=\"1\"><b>Espresso<\/b><span style=\"font-weight: 400;\">: tamnosme\u0111a nijansa neutralno-hladnog podtona, savr\u0161ena za postizanje intenzivnijih, dubljih tonova.<\/span><\/li>\n<li style=\"font-weight: 400;\" aria-level=\"1\"><b>Onyx<\/b><span style=\"font-weight: 400;\">: najtamnija nijansa hladnog podtona, mo\u017ee se mije\u0161ati za dodatno produbljivanje drugih boja.<\/span><\/li>\n<\/ul>\n\t\t\t\t\t\t\t\t<\/div>\n\t\t\t\t<\/div>\n\t\t\t\t<div class=\"elementor-element elementor-element-dd4e983 elementor-widget elementor-widget-toggle\" data-id=\"dd4e983\" data-element_type=\"widget\" data-widget_type=\"toggle.default\">\n\t\t\t\t<div class=\"elementor-widget-container\">\n\t\t\t\t\t\t\t<div class=\"elementor-toggle\">\n\t\t\t\t\t\t\t<div class=\"elementor-toggle-item\">\n\t\t\t\t\t<div id=\"elementor-tab-title-2321\" class=\"elementor-tab-title\" data-tab=\"1\" role=\"button\" aria-controls=\"elementor-tab-content-2321\" aria-expanded=\"false\">\n\t\t\t\t\t\t\t\t\t\t\t\t<span class=\"elementor-toggle-icon elementor-toggle-icon-left\" aria-hidden=\"true\">\n\t\t\t\t\t\t\t\t\t\t\t\t\t\t\t<span class=\"elementor-toggle-icon-closed\"><svg class=\"e-font-icon-svg e-fas-caret-right\" viewBox=\"0 0 192 512\" xmlns=\"http:\/\/www.w3.org\/2000\/svg\"><path d=\"M0 384.662V127.338c0-17.818 21.543-26.741 34.142-14.142l128.662 128.662c7.81 7.81 7.81 20.474 0 28.284L34.142 398.804C21.543 411.404 0 402.48 0 384.662z\"><\/path><\/svg><\/span>\n\t\t\t\t\t\t\t\t<span class=\"elementor-toggle-icon-opened\"><svg class=\"elementor-toggle-icon-opened e-font-icon-svg e-fas-caret-up\" viewBox=\"0 0 320 512\" xmlns=\"http:\/\/www.w3.org\/2000\/svg\"><path d=\"M288.662 352H31.338c-17.818 0-26.741-21.543-14.142-34.142l128.662-128.662c7.81-7.81 20.474-7.81 28.284 0l128.662 128.662c12.6 12.599 3.676 34.142-14.142 34.142z\"><\/path><\/svg><\/span>\n\t\t\t\t\t\t\t\t\t\t\t\t\t<\/span>\n\t\t\t\t\t\t\t\t\t\t\t\t<a class=\"elementor-toggle-title\" tabindex=\"0\">Vrijeme djelovanja<\/a>\n\t\t\t\t\t<\/div>\n\n\t\t\t\t\t<div id=\"elementor-tab-content-2321\" class=\"elementor-tab-content elementor-clearfix\" data-tab=\"1\" role=\"region\" aria-labelledby=\"elementor-tab-title-2321\"><p><b>Prirodan, nje\u017ean efekt boje<\/b><span style=\"font-weight: 400;\">: Ostavite proizvod da djeluje 5\u20137 minuta kako biste postigli lagan, prirodan efekt boje, idealan za klijentice koje \u017eele suptilan rezultat. <\/span><\/p>\n<p><b>Srednje intenzivan efekt boje<\/b><span style=\"font-weight: 400;\">: Ostavite da djeluje 8\u201310 minuta kako biste postigli izra\u017eeniji, ali i dalje nenametljiv efekt boje \u2014 idealno za klijentice koje \u017eele vidljiviji rezultat bez pretjerane intenzivnosti. <\/span><\/p>\n<p><b>Intenzivan efekt boje<\/b><span style=\"font-weight: 400;\">: Ostavite da djeluje 10\u201318 minuta kako biste postigli dubok, izra\u017eajan efekt boje \u2014 savr\u0161en za klijentice koje \u017eele odva\u017eniji, intenzivniji izgled. <\/span><\/p>\n<p><b>Uklanjanje<\/b><span style=\"font-weight: 400;\">: Nakon \u0161to istekne vrijeme djelovanja, uklonite boju vla\u017enim tupferom ili regeneratorom za obrve i temeljito obri\u0161ite sve ostatke kako bi se vidjela finalna nijansa. <\/span><\/p>\n<\/div>\n\t\t\t\t<\/div>\n\t\t\t\t\t\t\t\t<\/div>\n\t\t\t\t\t\t<\/div>\n\t\t\t\t<\/div>\n\t\t\t\t<\/div>\n\t\t<div class=\"elementor-element elementor-element-73a29a61 e-con-full e-flex e-con e-child\" data-id=\"73a29a61\" data-element_type=\"container\">\n\t\t\t\t<div class=\"elementor-element elementor-element-64d05397 elementor-widget elementor-widget-image\" data-id=\"64d05397\" data-element_type=\"widget\" data-widget_type=\"image.default\">\n\t\t\t\t<div class=\"elementor-widget-container\">\n\t\t\t\t\t\t\t\t\t\t\t\t\t\t\t<img decoding=\"async\" width=\"2000\" height=\"2000\" src=\"https:\/\/browsomepro.com\/wp-content\/uploads\/2024\/05\/buff-browz-stains1-browsome.webp\" class=\"attachment-full size-full wp-image-26369\" alt=\"\" srcset=\"https:\/\/browsomepro.com\/wp-content\/uploads\/2024\/05\/buff-browz-stains1-browsome.webp 2000w, https:\/\/browsomepro.com\/wp-content\/uploads\/2024\/05\/buff-browz-stains1-browsome-300x300.webp 300w, https:\/\/browsomepro.com\/wp-content\/uploads\/2024\/05\/buff-browz-stains1-browsome-1024x1024.webp 1024w, https:\/\/browsomepro.com\/wp-content\/uploads\/2024\/05\/buff-browz-stains1-browsome-150x150.webp 150w, https:\/\/browsomepro.com\/wp-content\/uploads\/2024\/05\/buff-browz-stains1-browsome-768x768.webp 768w, https:\/\/browsomepro.com\/wp-content\/uploads\/2024\/05\/buff-browz-stains1-browsome-1536x1536.webp 1536w, https:\/\/browsomepro.com\/wp-content\/uploads\/2024\/05\/buff-browz-stains1-browsome-990x990.webp 990w, https:\/\/browsomepro.com\/wp-content\/uploads\/2024\/05\/buff-browz-stains1-browsome-441x441.webp 441w, https:\/\/browsomepro.com\/wp-content\/uploads\/2024\/05\/buff-browz-stains1-browsome-100x100.webp 100w, https:\/\/browsomepro.com\/wp-content\/uploads\/2024\/05\/buff-browz-stains1-browsome-800x800.webp 800w\" sizes=\"(max-width: 360px) 147px, (max-width: 2000px) 100vw, 2000px\" \/>\t\t\t\t\t\t\t\t\t\t\t\t\t\t\t<\/div>\n\t\t\t\t<\/div>\n\t\t\t\t<\/div>\n\t\t\t\t\t<\/div>\n\t\t\t\t<\/div>\n\t\t\t\t<\/div>\n\t\t","protected":false},"excerpt":{"rendered":"<p><b>GLAVNE ZNA\u010cAJKE<\/b><\/p>\n<ul>\n<li style=\"font-weight: 400;\" aria-level=\"1\"><span style=\"font-weight: 400;\">Mo\u017ee se koristiti i uz laminaciju obrva.<\/span><\/li>\n<li style=\"font-weight: 400;\" aria-level=\"1\"><span style=\"font-weight: 400;\">Traje do 10 dana na ko\u017ei i do 6 tjedana na dla\u010dicama.<\/span><\/li>\n<li style=\"font-weight: 400;\" aria-level=\"1\"><span style=\"font-weight: 400;\">Dubinski prodire u strukturu dla\u010dice pru\u017eaju\u0107i dugotrajniji efekt.<\/span><\/li>\n<li style=\"font-weight: 400;\" aria-level=\"1\"><span style=\"font-weight: 400;\">Iako je linija vrlo napredna, izuzetno je jednostavna za kori\u0161tenje.<\/span><\/li>\n<li style=\"font-weight: 400;\" aria-level=\"1\"><span style=\"font-weight: 400;\">Vrijeme djelovanja kra\u0107e je u odnosu na druge brendove.<\/span><\/li>\n<li style=\"font-weight: 400;\" aria-level=\"1\"><span style=\"font-weight: 400;\">Sigurna za kori\u0161tenje jer ima nizak rizik od alergija i ne sadr\u017ei kokos, nikal, gluten, parabene, lanolin ni mirise.<\/span><\/li>\n<\/ul>\n<p><b>UPUTE ZA PRIPREMU<\/b><\/p>\n<p><span style=\"font-weight: 400;\">Preporu\u010dujemo omjer od 6 kapi boje i 3 kapi razvija\u010da za sna\u017ean i u\u010dinkovit rezultat.<\/span><\/p>\n<p><b>VRIJEME DJELOVANJA<\/b><\/p>\n<p><span style=\"font-weight: 400;\">Za prirodan, nje\u017ean izgled preporu\u010dujemo vrijeme djelovanja od 5\u20137 minuta, za srednje intenzivnu nijansu 8\u201310 minuta, a za tamniji rezultat 10\u201318 minuta.<\/span><\/p>\n[cg_accordion title=\"Sastojci\"]Lawsonia Inermis Extract (Henna), Rosa Damascena Flower Extract, Crocus Sativus Flower Extract, Aloe Barbadensis Leaf Extract, Propylene Glycol, Isopropyl Alcohol, m-Aminophenol, p-Phenylenediamine, Phenoxyethanol.<br \/>P-Aminophenol, Ethanolamine, Sodium Sulfite, Disodium EDTA, Carbomer, Citrus Limon Peel Oil (Lemon Oil), 1,5-NaphthalenedioL, 4-Amino-2-Hydroxytoluene, 1-Naphthol<br \/>\nSadr\u017ei: p-Phenylenediamine 0.25%, 1-Naphthol 0.005%, 1,5-NaphthalenedioL 0.05%.<br \/>\n[\/cg_accordion]\n<p>Veli\u010dina: 15 ml<br \/>\nRazvijeno u Ujedinjenom Kraljevstvu<br \/>\nZemlja podrijetla: Indija<\/p>\n","protected":false},"featured_media":10409,"template":"","meta":{"_acf_changed":false,"_monsterinsights_skip_tracking":false,"_monsterinsights_sitenote_active":false,"_monsterinsights_sitenote_note":"","_monsterinsights_sitenote_category":0},"product_brand":[],"product_cat":[538,602,600,531,601,536],"product_tag":[],"class_list":{"0":"post-26379","1":"product","2":"type-product","3":"status-publish","4":"has-post-thumbnail","6":"product_cat-boja-za-obrve","7":"product_cat-boja-za-obrve-hr-4","8":"product_cat-buff-browz-hr","9":"product_cat-istrazi-po-brendu","10":"product_cat-laminacija-obrva-hr-6","11":"product_cat-obrve","13":"first","14":"instock","15":"taxable","16":"shipping-taxable","17":"purchasable","18":"product-type-simple"},"acf":[],"aioseo_notices":[],"_links":{"self":[{"href":"https:\/\/browsomepro.com\/hr\/wp-json\/wp\/v2\/product\/26379","targetHints":{"allow":["GET"]}}],"collection":[{"href":"https:\/\/browsomepro.com\/hr\/wp-json\/wp\/v2\/product"}],"about":[{"href":"https:\/\/browsomepro.com\/hr\/wp-json\/wp\/v2\/types\/product"}],"version-history":[{"count":1,"href":"https:\/\/browsomepro.com\/hr\/wp-json\/wp\/v2\/product\/26379\/revisions"}],"predecessor-version":[{"id":26387,"href":"https:\/\/browsomepro.com\/hr\/wp-json\/wp\/v2\/product\/26379\/revisions\/26387"}],"wp:featuredmedia":[{"embeddable":true,"href":"https:\/\/browsomepro.com\/hr\/wp-json\/wp\/v2\/media\/10409"}],"wp:attachment":[{"href":"https:\/\/browsomepro.com\/hr\/wp-json\/wp\/v2\/media?parent=26379"}],"wp:term":[{"taxonomy":"product_brand","embeddable":true,"href":"https:\/\/browsomepro.com\/hr\/wp-json\/wp\/v2\/product_brand?post=26379"},{"taxonomy":"product_cat","embeddable":true,"href":"https:\/\/browsomepro.com\/hr\/wp-json\/wp\/v2\/product_cat?post=26379"},{"taxonomy":"product_tag","embeddable":true,"href":"https:\/\/browsomepro.com\/hr\/wp-json\/wp\/v2\/product_tag?post=26379"}],"curies":[{"name":"wp","href":"https:\/\/api.w.org\/{rel}","templated":true}]}}