{"id":26345,"date":"2024-05-28T18:01:57","date_gmt":"2024-05-28T17:01:57","guid":{"rendered":"https:\/\/browsomepro.com\/product\/buff-browz-hybrid-brow-stain-taupe-15-ml-2\/"},"modified":"2026-03-10T08:49:42","modified_gmt":"2026-03-10T07:49:42","slug":"buff-browz-hybrid-brow-stain-taupe-15-ml-2","status":"publish","type":"product","link":"https:\/\/browsomepro.com\/hr\/proizvod\/buff-browz-hybrid-brow-stain-taupe-15-ml-2\/","title":{"rendered":"Buff Browz \u2013 Hybrid Brow Stain TAUPE 15 ml"},"content":{"rendered":"\t\t<div data-elementor-type=\"product-post\" data-elementor-id=\"26345\" class=\"elementor elementor-26345 elementor-10355\" data-elementor-post-type=\"product\">\n\t\t\t\t<div class=\"elementor-element elementor-element-1953cfd e-flex e-con-boxed e-con e-parent\" data-id=\"1953cfd\" data-element_type=\"container\">\n\t\t\t\t\t<div class=\"e-con-inner\">\n\t\t<div class=\"elementor-element elementor-element-87cd783 e-con-full e-flex e-con e-child\" data-id=\"87cd783\" data-element_type=\"container\">\n\t\t\t\t<div class=\"elementor-element elementor-element-9e14373 elementor-widget elementor-widget-image\" data-id=\"9e14373\" data-element_type=\"widget\" data-widget_type=\"image.default\">\n\t\t\t\t<div class=\"elementor-widget-container\">\n\t\t\t\t\t\t\t\t\t\t\t\t\t\t\t<img fetchpriority=\"high\" decoding=\"async\" width=\"2000\" height=\"2000\" src=\"https:\/\/browsomepro.com\/wp-content\/uploads\/2024\/05\/aqua-browsome.webp\" class=\"attachment-full size-full wp-image-9759\" alt=\"\" srcset=\"https:\/\/browsomepro.com\/wp-content\/uploads\/2024\/05\/aqua-browsome.webp 2000w, https:\/\/browsomepro.com\/wp-content\/uploads\/2024\/05\/aqua-browsome-300x300.webp 300w, https:\/\/browsomepro.com\/wp-content\/uploads\/2024\/05\/aqua-browsome-1024x1024.webp 1024w, https:\/\/browsomepro.com\/wp-content\/uploads\/2024\/05\/aqua-browsome-150x150.webp 150w, https:\/\/browsomepro.com\/wp-content\/uploads\/2024\/05\/aqua-browsome-768x768.webp 768w, https:\/\/browsomepro.com\/wp-content\/uploads\/2024\/05\/aqua-browsome-1536x1536.webp 1536w, https:\/\/browsomepro.com\/wp-content\/uploads\/2024\/05\/aqua-browsome-990x990.webp 990w, https:\/\/browsomepro.com\/wp-content\/uploads\/2024\/05\/aqua-browsome-441x441.webp 441w, https:\/\/browsomepro.com\/wp-content\/uploads\/2024\/05\/aqua-browsome-100x100.webp 100w, https:\/\/browsomepro.com\/wp-content\/uploads\/2024\/05\/aqua-browsome-800x800.webp 800w\" sizes=\"(max-width: 360px) 147px, (max-width: 2000px) 100vw, 2000px\" \/>\t\t\t\t\t\t\t\t\t\t\t\t\t\t\t<\/div>\n\t\t\t\t<\/div>\n\t\t\t\t<\/div>\n\t\t<div class=\"elementor-element elementor-element-583689fd e-con-full e-flex e-con e-child\" data-id=\"583689fd\" data-element_type=\"container\" data-settings=\"{&quot;background_background&quot;:&quot;classic&quot;}\">\n\t\t\t\t<div class=\"elementor-element elementor-element-5f8cff95 elementor-widget elementor-widget-heading\" data-id=\"5f8cff95\" data-element_type=\"widget\" data-widget_type=\"heading.default\">\n\t\t\t\t<div class=\"elementor-widget-container\">\n\t\t\t\t\t<h2 class=\"elementor-heading-title elementor-size-default\">Nova era u bojenju obrva<\/h2>\t\t\t\t<\/div>\n\t\t\t\t<\/div>\n\t\t\t\t<div class=\"elementor-element elementor-element-13e0469d elementor-widget elementor-widget-text-editor\" data-id=\"13e0469d\" data-element_type=\"widget\" data-widget_type=\"text-editor.default\">\n\t\t\t\t<div class=\"elementor-widget-container\">\n\t\t\t\t\t\t\t\t\t<p><span style=\"font-weight: 400;\">Infinity Aqua Drops predstavljaju iskorak u tehnologiji bojenja obrva. Kao prva teku\u0107a hibridna boja na svijetu bez kane, nude jedinstvenu prednost peptida koji ja\u010daju vlas, u naprednoj formuli koja osigurava ljep\u0161e i zdravije obrve. Ova inovativna boja spaja jednostavnost klasi\u010dnih boja s dugotrajno\u0161\u0107u kane \u2013 ali bez ijednog njezinog ograni\u010denja.  &nbsp;<\/span><\/p>\n<p><span style=\"font-weight: 400;\"><strong>Prikladne i <\/strong><strong>za airbrush i za klasi\u010dnu aplikaciju<\/strong>, ove boje nude potpunu fleksibilnost u tehnici bez ikakvih kompromisa.<\/span><\/p>\t\t\t\t\t\t\t\t<\/div>\n\t\t\t\t<\/div>\n\t\t\t\t<div class=\"elementor-element elementor-element-1e6b58d5 elementor-widget elementor-widget-toggle\" data-id=\"1e6b58d5\" data-element_type=\"widget\" data-widget_type=\"toggle.default\">\n\t\t\t\t<div class=\"elementor-widget-container\">\n\t\t\t\t\t\t\t<div class=\"elementor-toggle\">\n\t\t\t\t\t\t\t<div class=\"elementor-toggle-item\">\n\t\t\t\t\t<div id=\"elementor-tab-title-5101\" class=\"elementor-tab-title\" data-tab=\"1\" role=\"button\" aria-controls=\"elementor-tab-content-5101\" aria-expanded=\"false\">\n\t\t\t\t\t\t\t\t\t\t\t\t<span class=\"elementor-toggle-icon elementor-toggle-icon-left\" aria-hidden=\"true\">\n\t\t\t\t\t\t\t\t\t\t\t\t\t\t\t<span class=\"elementor-toggle-icon-closed\"><svg class=\"e-font-icon-svg e-fas-caret-right\" viewBox=\"0 0 192 512\" xmlns=\"http:\/\/www.w3.org\/2000\/svg\"><path d=\"M0 384.662V127.338c0-17.818 21.543-26.741 34.142-14.142l128.662 128.662c7.81 7.81 7.81 20.474 0 28.284L34.142 398.804C21.543 411.404 0 402.48 0 384.662z\"><\/path><\/svg><\/span>\n\t\t\t\t\t\t\t\t<span class=\"elementor-toggle-icon-opened\"><svg class=\"elementor-toggle-icon-opened e-font-icon-svg e-fas-caret-up\" viewBox=\"0 0 320 512\" xmlns=\"http:\/\/www.w3.org\/2000\/svg\"><path d=\"M288.662 352H31.338c-17.818 0-26.741-21.543-14.142-34.142l128.662-128.662c7.81-7.81 20.474-7.81 28.284 0l128.662 128.662c12.6 12.599 3.676 34.142-14.142 34.142z\"><\/path><\/svg><\/span>\n\t\t\t\t\t\t\t\t\t\t\t\t\t<\/span>\n\t\t\t\t\t\t\t\t\t\t\t\t<a class=\"elementor-toggle-title\" tabindex=\"0\">Korak po korak do postojane boje<\/a>\n\t\t\t\t\t<\/div>\n\n\t\t\t\t\t<div id=\"elementor-tab-content-5101\" class=\"elementor-tab-content elementor-clearfix\" data-tab=\"1\" role=\"region\" aria-labelledby=\"elementor-tab-title-5101\"><p><b>Korak 1: Infinity Saline Solution<\/b><\/p>\n<p><span style=\"font-weight: 400;\">Prije nego \u0161to boja do\u0111e u dodir s obrvama, va\u017eno je po\u010deti s potpuno \u010distom podlogom. Infinity Aqua Drops Saline Solution \u010disti podru\u010dje obrva, uklanjaju\u0107i masno\u0107u i ne\u010disto\u0107e koje mogu ometati primjenu boje. Ovaj korak je klju\u010dan kako bi se osiguralo pravilno prianjanje boje i ravnomjeran rezultat.  <\/span><\/p>\n<ul>\n<li style=\"font-weight: 400;\" aria-level=\"1\"><b>Kako koristiti:<\/b><span style=\"font-weight: 400;\"> Nakon \u010di\u0161\u0107enja podru\u010dja obrva, nanesite Saline Solution kako biste dodatno odmastili ko\u017eu i pripremili je za bojenje. Ova je otopina sigurna za uporabu oko osjetljivog podru\u010dja o\u010diju i poma\u017ee u sprje\u010davanju mogu\u0107ih iritacija tijekom procesa bojenja. Koristite Saline Solution nakon 2. koraka laminacije obrva kako biste odmastili podru\u010dje i uklonili masno\u0107u prije hibridnog bojenja i depilacije voskom.  <\/span><\/li>\n<\/ul>\n<p><b>Korak 2: Infinity Tint Oxidizer<\/b><\/p>\n<p><span style=\"font-weight: 400;\">Stvorite savr\u0161enu nijansu mije\u0161anjem odabrane Infinity Aqua Drops boje s oksidantom. Mje\u0161avina je formulirana tako da bude nje\u017ena, a istovremeno u\u010dinkovita, \u0161to omogu\u0107uje preciznu i \u010distu aplikaciju na osjetljivo podru\u010dje ko\u017ee. <\/span><\/p>\n<ul>\n<li style=\"font-weight: 400;\" aria-level=\"1\"><b>Kako koristiti:<\/b><span style=\"font-weight: 400;\"> Pomije\u0161ajte boju s oksidantom u omjeru 1:1 kako biste dobili kremastiju teksturu, idealnu za klasi\u010dno bojenje obrva. Za airbrush obrve tekstura treba biti ne\u0161to rje\u0111a, pa mije\u0161ajte u omjeru 3:1 ili 2:1. <\/span><\/li>\n<\/ul>\n<p><b>Korak 3: Fiksiranje boje<\/b><\/p>\n<p><span style=\"font-weight: 400;\">Ostavite da boja djeluje, ovisno o \u017eeljenoj ja\u010dini nijanse. Ova faza je klju\u010dna jer u\u010dvr\u0161\u0107uje odabranu boju i osigurava njezinu postojanost na ko\u017ei i dla\u010dicama. <\/span><\/p>\n<ul>\n<li style=\"font-weight: 400;\" aria-level=\"1\"><span style=\"font-weight: 400;\">Ostavite boju da djeluje do 15 minuta, zatim je nje\u017eno uklonite vla\u017enom pamu\u010dnom blazinicom, paze\u0107i da je sav proizvod potpuno uklonjen.<\/span><\/li>\n<\/ul>\n<\/div>\n\t\t\t\t<\/div>\n\t\t\t\t\t\t\t\t<\/div>\n\t\t\t\t\t\t<\/div>\n\t\t\t\t<\/div>\n\t\t\t\t<\/div>\n\t\t\t\t\t<\/div>\n\t\t\t\t<\/div>\n\t\t\t\t<\/div>\n\t\t","protected":false},"excerpt":{"rendered":"<p><b>GLAVNE ZNA\u010cAJKE<\/b><\/p>\n<ul>\n<li style=\"font-weight: 400;\" aria-level=\"1\"><span style=\"font-weight: 400;\">Mo\u017ee se koristiti i uz laminaciju obrva.<\/span><\/li>\n<li style=\"font-weight: 400;\" aria-level=\"1\"><span style=\"font-weight: 400;\">Traje do 10 dana na ko\u017ei i do 6 tjedana na dla\u010dicama.<\/span><\/li>\n<li style=\"font-weight: 400;\" aria-level=\"1\"><span style=\"font-weight: 400;\">Dubinski prodire u strukturu dla\u010dice pru\u017eaju\u0107i dugotrajniji efekt.<\/span><\/li>\n<li style=\"font-weight: 400;\" aria-level=\"1\"><span style=\"font-weight: 400;\">Iako je linija vrlo napredna, izuzetno je jednostavna za kori\u0161tenje.<\/span><\/li>\n<li style=\"font-weight: 400;\" aria-level=\"1\"><span style=\"font-weight: 400;\">Vrijeme djelovanja kra\u0107e je u odnosu na druge brendove.<\/span><\/li>\n<li style=\"font-weight: 400;\" aria-level=\"1\"><span style=\"font-weight: 400;\">Sigurna za kori\u0161tenje jer ima nizak rizik od alergija i ne sadr\u017ei kokos, nikal, gluten, parabene, lanolin ni mirise.<\/span><\/li>\n<\/ul>\n<p><b>UPUTE ZA PRIPREMU<\/b><\/p>\n<p><span style=\"font-weight: 400;\">Preporu\u010dujemo omjer od 6 kapi boje i 3 kapi razvija\u010da za sna\u017ean i u\u010dinkovit rezultat.<\/span><\/p>\n<p><b>VRIJEME DJELOVANJA<\/b><\/p>\n<p><span style=\"font-weight: 400;\">Za prirodan, nje\u017ean izgled preporu\u010dujemo vrijeme djelovanja od 5\u20137 minuta, za srednje intenzivnu nijansu 8\u201310 minuta, a za tamniji rezultat 10\u201318 minuta.<\/span><\/p>\n[cg_accordion title=\"Sastojci\"]Lawsonia Inermis Extract (Henna), Rosa Damascena Flower Extract, Crocus Sativus Flower Extract, Aloe Barbadensis Leaf Extract, Propylene Glycol, Isopropyl Alcohol, m-Aminophenol, p-Phenylenediamine, Phenoxyethanol.<br \/>P-Aminophenol, Ethanolamine, Sodium Sulfite, Disodium EDTA, Carbomer, Citrus Limon Peel Oil (Lemon Oil), 1,5-NaphthalenedioL, 4-Amino-2-Hydroxytoluene, 1-Naphthol<br \/>\nSadr\u017ei: p-Phenylenediamine 0.25%, 1-Naphthol 0.005%, 1,5-NaphthalenedioL 0.05%.<br \/>\n[\/cg_accordion]\n<p>Veli\u010dina: 15 ml<br \/>\nRazvijeno u Ujedinjenom Kraljevstvu<br \/>\nZemlja podrijetla: Indija<\/p>\n","protected":false},"featured_media":26384,"template":"","meta":{"_acf_changed":false,"_monsterinsights_skip_tracking":false,"_monsterinsights_sitenote_active":false,"_monsterinsights_sitenote_note":"","_monsterinsights_sitenote_category":0},"product_brand":[],"product_cat":[602,538,600,531,601,536],"product_tag":[],"class_list":{"0":"post-26345","1":"product","2":"type-product","3":"status-publish","4":"has-post-thumbnail","6":"product_cat-boja-za-obrve-hr-4","7":"product_cat-boja-za-obrve","8":"product_cat-buff-browz-hr","9":"product_cat-istrazi-po-brendu","10":"product_cat-laminacija-obrva-hr-6","11":"product_cat-obrve","13":"first","14":"outofstock","15":"taxable","16":"shipping-taxable","17":"purchasable","18":"product-type-simple"},"acf":[],"aioseo_notices":[],"_links":{"self":[{"href":"https:\/\/browsomepro.com\/hr\/wp-json\/wp\/v2\/product\/26345","targetHints":{"allow":["GET"]}}],"collection":[{"href":"https:\/\/browsomepro.com\/hr\/wp-json\/wp\/v2\/product"}],"about":[{"href":"https:\/\/browsomepro.com\/hr\/wp-json\/wp\/v2\/types\/product"}],"version-history":[{"count":1,"href":"https:\/\/browsomepro.com\/hr\/wp-json\/wp\/v2\/product\/26345\/revisions"}],"predecessor-version":[{"id":26348,"href":"https:\/\/browsomepro.com\/hr\/wp-json\/wp\/v2\/product\/26345\/revisions\/26348"}],"wp:featuredmedia":[{"embeddable":true,"href":"https:\/\/browsomepro.com\/hr\/wp-json\/wp\/v2\/media\/26384"}],"wp:attachment":[{"href":"https:\/\/browsomepro.com\/hr\/wp-json\/wp\/v2\/media?parent=26345"}],"wp:term":[{"taxonomy":"product_brand","embeddable":true,"href":"https:\/\/browsomepro.com\/hr\/wp-json\/wp\/v2\/product_brand?post=26345"},{"taxonomy":"product_cat","embeddable":true,"href":"https:\/\/browsomepro.com\/hr\/wp-json\/wp\/v2\/product_cat?post=26345"},{"taxonomy":"product_tag","embeddable":true,"href":"https:\/\/browsomepro.com\/hr\/wp-json\/wp\/v2\/product_tag?post=26345"}],"curies":[{"name":"wp","href":"https:\/\/api.w.org\/{rel}","templated":true}]}}