{"id":26274,"date":"2024-06-04T10:14:58","date_gmt":"2024-06-04T09:14:58","guid":{"rendered":"https:\/\/browsomepro.com\/product\/thatso-on-the-go-clear-125-ml-2\/"},"modified":"2025-11-19T12:47:16","modified_gmt":"2025-11-19T11:47:16","slug":"thatso-on-the-go-clear-125-ml-2","status":"publish","type":"product","link":"https:\/\/browsomepro.com\/hr\/proizvod\/thatso-on-the-go-clear-125-ml-2\/","title":{"rendered":"That\u2019so &#8211; On-The-Go Clear 125 ml"},"content":{"rendered":"\t\t<div data-elementor-type=\"product-post\" data-elementor-id=\"26274\" class=\"elementor elementor-26274 elementor-10500\" data-elementor-post-type=\"product\">\n\t\t\t\t<div class=\"elementor-element elementor-element-1953cfd e-flex e-con-boxed e-con e-parent\" data-id=\"1953cfd\" data-element_type=\"container\">\n\t\t\t\t\t<div class=\"e-con-inner\">\n\t\t<div class=\"elementor-element elementor-element-87cd783 e-con-full e-flex e-con e-child\" data-id=\"87cd783\" data-element_type=\"container\">\n\t\t\t\t<div class=\"elementor-element elementor-element-9e14373 elementor-widget elementor-widget-image\" data-id=\"9e14373\" data-element_type=\"widget\" data-widget_type=\"image.default\">\n\t\t\t\t<div class=\"elementor-widget-container\">\n\t\t\t\t\t\t\t\t\t\t\t\t\t\t\t<img fetchpriority=\"high\" decoding=\"async\" width=\"2000\" height=\"2000\" src=\"https:\/\/browsomepro.com\/wp-content\/uploads\/2024\/05\/aqua-browsome.webp\" class=\"attachment-full size-full wp-image-9759\" alt=\"\" srcset=\"https:\/\/browsomepro.com\/wp-content\/uploads\/2024\/05\/aqua-browsome.webp 2000w, https:\/\/browsomepro.com\/wp-content\/uploads\/2024\/05\/aqua-browsome-300x300.webp 300w, https:\/\/browsomepro.com\/wp-content\/uploads\/2024\/05\/aqua-browsome-1024x1024.webp 1024w, https:\/\/browsomepro.com\/wp-content\/uploads\/2024\/05\/aqua-browsome-150x150.webp 150w, https:\/\/browsomepro.com\/wp-content\/uploads\/2024\/05\/aqua-browsome-768x768.webp 768w, https:\/\/browsomepro.com\/wp-content\/uploads\/2024\/05\/aqua-browsome-1536x1536.webp 1536w, https:\/\/browsomepro.com\/wp-content\/uploads\/2024\/05\/aqua-browsome-990x990.webp 990w, https:\/\/browsomepro.com\/wp-content\/uploads\/2024\/05\/aqua-browsome-441x441.webp 441w, https:\/\/browsomepro.com\/wp-content\/uploads\/2024\/05\/aqua-browsome-100x100.webp 100w, https:\/\/browsomepro.com\/wp-content\/uploads\/2024\/05\/aqua-browsome-800x800.webp 800w\" sizes=\"(max-width: 360px) 147px, (max-width: 2000px) 100vw, 2000px\" \/>\t\t\t\t\t\t\t\t\t\t\t\t\t\t\t<\/div>\n\t\t\t\t<\/div>\n\t\t\t\t<\/div>\n\t\t<div class=\"elementor-element elementor-element-583689fd e-con-full e-flex e-con e-child\" data-id=\"583689fd\" data-element_type=\"container\" data-settings=\"{&quot;background_background&quot;:&quot;classic&quot;}\">\n\t\t\t\t<div class=\"elementor-element elementor-element-5f8cff95 elementor-widget elementor-widget-heading\" data-id=\"5f8cff95\" data-element_type=\"widget\" data-widget_type=\"heading.default\">\n\t\t\t\t<div class=\"elementor-widget-container\">\n\t\t\t\t\t<h2 class=\"elementor-heading-title elementor-size-default\">Nova era u bojenju obrva<\/h2>\t\t\t\t<\/div>\n\t\t\t\t<\/div>\n\t\t\t\t<div class=\"elementor-element elementor-element-13e0469d elementor-widget elementor-widget-text-editor\" data-id=\"13e0469d\" data-element_type=\"widget\" data-widget_type=\"text-editor.default\">\n\t\t\t\t<div class=\"elementor-widget-container\">\n\t\t\t\t\t\t\t\t\t<p><span style=\"font-weight: 400;\">Infinity Aqua Drops predstavljaju iskorak u tehnologiji bojenja obrva. Kao prva teku\u0107a hibridna boja na svijetu bez kane, nude jedinstvenu prednost peptida koji ja\u010daju vlas, u naprednoj formuli koja osigurava ljep\u0161e i zdravije obrve. Ova inovativna boja spaja jednostavnost klasi\u010dnih boja s dugotrajno\u0161\u0107u kane \u2013 ali bez ijednog njezinog ograni\u010denja.  <\/span><\/p>\n<p><span style=\"font-weight: 400;\"><strong>Prikladne i <\/strong><strong>za airbrush i za klasi\u010dnu aplikaciju<\/strong>, ove boje nude potpunu fleksibilnost u tehnici bez ikakvih kompromisa.<\/span><\/p>\t\t\t\t\t\t\t\t<\/div>\n\t\t\t\t<\/div>\n\t\t\t\t<div class=\"elementor-element elementor-element-1e6b58d5 elementor-widget elementor-widget-toggle\" data-id=\"1e6b58d5\" data-element_type=\"widget\" data-widget_type=\"toggle.default\">\n\t\t\t\t<div class=\"elementor-widget-container\">\n\t\t\t\t\t\t\t<div class=\"elementor-toggle\">\n\t\t\t\t\t\t\t<div class=\"elementor-toggle-item\">\n\t\t\t\t\t<div id=\"elementor-tab-title-5101\" class=\"elementor-tab-title\" data-tab=\"1\" role=\"button\" aria-controls=\"elementor-tab-content-5101\" aria-expanded=\"false\">\n\t\t\t\t\t\t\t\t\t\t\t\t<span class=\"elementor-toggle-icon elementor-toggle-icon-left\" aria-hidden=\"true\">\n\t\t\t\t\t\t\t\t\t\t\t\t\t\t\t<span class=\"elementor-toggle-icon-closed\"><svg class=\"e-font-icon-svg e-fas-caret-right\" viewBox=\"0 0 192 512\" xmlns=\"http:\/\/www.w3.org\/2000\/svg\"><path d=\"M0 384.662V127.338c0-17.818 21.543-26.741 34.142-14.142l128.662 128.662c7.81 7.81 7.81 20.474 0 28.284L34.142 398.804C21.543 411.404 0 402.48 0 384.662z\"><\/path><\/svg><\/span>\n\t\t\t\t\t\t\t\t<span class=\"elementor-toggle-icon-opened\"><svg class=\"elementor-toggle-icon-opened e-font-icon-svg e-fas-caret-up\" viewBox=\"0 0 320 512\" xmlns=\"http:\/\/www.w3.org\/2000\/svg\"><path d=\"M288.662 352H31.338c-17.818 0-26.741-21.543-14.142-34.142l128.662-128.662c7.81-7.81 20.474-7.81 28.284 0l128.662 128.662c12.6 12.599 3.676 34.142-14.142 34.142z\"><\/path><\/svg><\/span>\n\t\t\t\t\t\t\t\t\t\t\t\t\t<\/span>\n\t\t\t\t\t\t\t\t\t\t\t\t<a class=\"elementor-toggle-title\" tabindex=\"0\">Korak po korak do postojane boje<\/a>\n\t\t\t\t\t<\/div>\n\n\t\t\t\t\t<div id=\"elementor-tab-content-5101\" class=\"elementor-tab-content elementor-clearfix\" data-tab=\"1\" role=\"region\" aria-labelledby=\"elementor-tab-title-5101\"><p><b>Korak 1: Infinity Saline Solution<\/b><\/p>\n<p><span style=\"font-weight: 400;\">Prije nego \u0161to boja do\u0111e u dodir s obrvama, va\u017eno je po\u010deti s potpuno \u010distom podlogom. Infinity Aqua Drops Saline Solution \u010disti podru\u010dje obrva, uklanjaju\u0107i masno\u0107u i ne\u010disto\u0107e koje mogu ometati primjenu boje. Ovaj korak je klju\u010dan kako bi se osiguralo pravilno prianjanje boje i ravnomjeran rezultat.  <\/span><\/p>\n<ul>\n<li style=\"font-weight: 400;\" aria-level=\"1\"><b>Kako koristiti:<\/b><span style=\"font-weight: 400;\"> Nakon \u010di\u0161\u0107enja podru\u010dja obrva, nanesite Saline Solution kako biste dodatno odmastili ko\u017eu i pripremili je za bojenje. Ova je otopina sigurna za uporabu oko osjetljivog podru\u010dja o\u010diju i poma\u017ee u sprje\u010davanju mogu\u0107ih iritacija tijekom procesa bojenja. Koristite Saline Solution nakon 2. koraka laminacije obrva kako biste odmastili podru\u010dje i uklonili masno\u0107u prije hibridnog bojenja i depilacije voskom.  <\/span><\/li>\n<\/ul>\n<p><b>Korak 2: Infinity Tint Oxidizer<\/b><\/p>\n<p><span style=\"font-weight: 400;\">Stvorite savr\u0161enu nijansu mije\u0161anjem odabrane Infinity Aqua Drops boje s oksidantom. Mje\u0161avina je formulirana tako da bude nje\u017ena, a istovremeno u\u010dinkovita, \u0161to omogu\u0107uje preciznu i \u010distu aplikaciju na osjetljivo podru\u010dje ko\u017ee. <\/span><\/p>\n<ul>\n<li style=\"font-weight: 400;\" aria-level=\"1\"><b>Kako koristiti:<\/b><span style=\"font-weight: 400;\"> Pomije\u0161ajte boju s oksidantom u omjeru 1:1 kako biste dobili kremastiju teksturu, idealnu za klasi\u010dno bojenje obrva. Za airbrush obrve tekstura treba biti ne\u0161to rje\u0111a, pa mije\u0161ajte u omjeru 3:1 ili 2:1. <\/span><\/li>\n<\/ul>\n<p><b>Korak 3: Fiksiranje boje<\/b><\/p>\n<p><span style=\"font-weight: 400;\">Ostavite da boja djeluje, ovisno o \u017eeljenoj ja\u010dini nijanse. Ova faza je klju\u010dna jer u\u010dvr\u0161\u0107uje odabranu boju i osigurava njezinu postojanost na ko\u017ei i dla\u010dicama. <\/span><\/p>\n<ul>\n<li style=\"font-weight: 400;\" aria-level=\"1\"><span style=\"font-weight: 400;\">Ostavite boju da djeluje do 15 minuta, zatim je nje\u017eno uklonite vla\u017enom pamu\u010dnom blazinicom, paze\u0107i da je sav proizvod potpuno uklonjen.<\/span><\/li>\n<\/ul>\n<\/div>\n\t\t\t\t<\/div>\n\t\t\t\t\t\t\t\t<\/div>\n\t\t\t\t\t\t<\/div>\n\t\t\t\t<\/div>\n\t\t\t\t<\/div>\n\t\t\t\t\t<\/div>\n\t\t\t\t<\/div>\n\t\t\t\t<\/div>\n\t\t","protected":false},"excerpt":{"rendered":"<p><b>Sprej za samotamnjenje lica i tijela:<\/b><\/p>\n<ul>\n<li style=\"font-weight: 400;\" aria-level=\"1\"><span style=\"font-weight: 400;\">Osigurava dugotrajan ten koji traje najmanje 4 dana.<\/span><\/li>\n<li style=\"font-weight: 400;\" aria-level=\"1\"><span style=\"font-weight: 400;\">Ten se potpuno razvija unutar 3\u20134 sata nakon nano\u0161enja.<\/span><\/li>\n<li style=\"font-weight: 400;\" aria-level=\"1\"><span style=\"font-weight: 400;\">Formula oboga\u0107ena Matrixyl peptidima za pobolj\u0161anje tonusa i elasti\u010dnosti ko\u017ee.<\/span><\/li>\n<\/ul>\n<p><b>Aktivni sastojci:<\/b><\/p>\n<ul>\n<li style=\"font-weight: 400;\" aria-level=\"1\"><b>DHA (Dihydroxyacetone):<\/b><span style=\"font-weight: 400;\"> Biljni sastojak koji osigurava postupan i dugotrajan ten bez o\u0161te\u0107ivanja ko\u017ee. Djeluje na povr\u0161inski sloj ko\u017ee, daju\u0107i joj blistavu i intenzivnu boju koja prirodno blijedi kako se ko\u017ea obnavlja. <\/span><\/li>\n<li style=\"font-weight: 400;\" aria-level=\"1\"><b>Aloe Vera (Aloe Barbadensis): <\/b><span style=\"font-weight: 400;\">poznata po umiruju\u0107im i hidratantnim svojstvima, ostavlja ko\u017eu mek\u0161om, blistavijom i pru\u017ea trenuta\u010dan osje\u0107aj svje\u017eine.<\/span><\/li>\n<li style=\"font-weight: 400;\" aria-level=\"1\"><b>Matrixyl:<\/b> <span style=\"font-weight: 400;\">u\u010dinkovit anti-age peptid koji poma\u017ee pobolj\u0161ati tonus i elasti\u010dnost ko\u017ee.<\/span><\/li>\n<\/ul>\n[cg_accordion title=\"Sastojci\"]Aqua (voda), Dihydroxyacetone, Polysorbate 20, Glycerin, Phenoxyethanol, Lecithin, Parfum, Phosphatidylcholine, Sodium Metabisulfite, Aloe Barbadensis Leaf Juice (sok lista aloe vere), Ethylhexylglycerin, Benzyl Benzoate, Citric Acid, Butylene Glycol, Limonene, Carbomer, Palmitoyl Pentapeptide-4.<br \/>\n[\/cg_accordion]\n<p><span style=\"font-weight: 400;\">DHA: 6%<\/span><br \/>\n<span style=\"font-weight: 400;\">Intenzitet tamnjenja: srednji<\/span><br \/>\n<span style=\"font-weight: 400;\">Trajanje tena: 4\u20135 dana<\/span><br \/>\n<span style=\"font-weight: 400;\">Vrsta proizvoda: sprej<\/span><br \/>\n<span style=\"font-weight: 400;\">Podru\u010dje primjene: lice i tijelo<\/span><\/p>\n<p>Koli\u010dina: 125 ml<br \/>\nZemlja podrijetla: Italija<\/p>\n","protected":false},"featured_media":26275,"template":"","meta":{"_acf_changed":false,"_monsterinsights_skip_tracking":false,"_monsterinsights_sitenote_active":false,"_monsterinsights_sitenote_note":"","_monsterinsights_sitenote_category":0},"product_brand":[],"product_cat":[531,594,597,599,596],"product_tag":[],"class_list":{"0":"post-26274","1":"product","2":"type-product","3":"status-publish","4":"has-post-thumbnail","6":"product_cat-istrazi-po-brendu","7":"product_cat-koza-hr","8":"product_cat-njega-koze","9":"product_cat-njega-koze-hr","10":"product_cat-thatso-hr","12":"first","13":"instock","14":"taxable","15":"shipping-taxable","16":"purchasable","17":"product-type-simple"},"acf":[],"aioseo_notices":[],"_links":{"self":[{"href":"https:\/\/browsomepro.com\/hr\/wp-json\/wp\/v2\/product\/26274","targetHints":{"allow":["GET"]}}],"collection":[{"href":"https:\/\/browsomepro.com\/hr\/wp-json\/wp\/v2\/product"}],"about":[{"href":"https:\/\/browsomepro.com\/hr\/wp-json\/wp\/v2\/types\/product"}],"version-history":[{"count":1,"href":"https:\/\/browsomepro.com\/hr\/wp-json\/wp\/v2\/product\/26274\/revisions"}],"predecessor-version":[{"id":26277,"href":"https:\/\/browsomepro.com\/hr\/wp-json\/wp\/v2\/product\/26274\/revisions\/26277"}],"wp:featuredmedia":[{"embeddable":true,"href":"https:\/\/browsomepro.com\/hr\/wp-json\/wp\/v2\/media\/26275"}],"wp:attachment":[{"href":"https:\/\/browsomepro.com\/hr\/wp-json\/wp\/v2\/media?parent=26274"}],"wp:term":[{"taxonomy":"product_brand","embeddable":true,"href":"https:\/\/browsomepro.com\/hr\/wp-json\/wp\/v2\/product_brand?post=26274"},{"taxonomy":"product_cat","embeddable":true,"href":"https:\/\/browsomepro.com\/hr\/wp-json\/wp\/v2\/product_cat?post=26274"},{"taxonomy":"product_tag","embeddable":true,"href":"https:\/\/browsomepro.com\/hr\/wp-json\/wp\/v2\/product_tag?post=26274"}],"curies":[{"name":"wp","href":"https:\/\/api.w.org\/{rel}","templated":true}]}}