{"id":26266,"date":"2024-06-04T10:34:41","date_gmt":"2024-06-04T09:34:41","guid":{"rendered":"https:\/\/browsomepro.com\/product\/thatso-sos-tan-remover-2\/"},"modified":"2025-11-19T12:39:44","modified_gmt":"2025-11-19T11:39:44","slug":"thatso-sos-tan-remover-2","status":"publish","type":"product","link":"https:\/\/browsomepro.com\/hr\/proizvod\/thatso-sos-tan-remover-2\/","title":{"rendered":"That\u2019so &#8211; SOS Tan Remover"},"content":{"rendered":"\t\t<div data-elementor-type=\"product-post\" data-elementor-id=\"26266\" class=\"elementor elementor-26266 elementor-10517\" data-elementor-post-type=\"product\">\n\t\t\t\t<div class=\"elementor-element elementor-element-1953cfd e-flex e-con-boxed e-con e-parent\" data-id=\"1953cfd\" data-element_type=\"container\">\n\t\t\t\t\t<div class=\"e-con-inner\">\n\t\t<div class=\"elementor-element elementor-element-87cd783 e-con-full e-flex e-con e-child\" data-id=\"87cd783\" data-element_type=\"container\">\n\t\t\t\t<div class=\"elementor-element elementor-element-9e14373 elementor-widget elementor-widget-image\" data-id=\"9e14373\" data-element_type=\"widget\" data-widget_type=\"image.default\">\n\t\t\t\t<div class=\"elementor-widget-container\">\n\t\t\t\t\t\t\t\t\t\t\t\t\t\t\t<img fetchpriority=\"high\" decoding=\"async\" width=\"1080\" height=\"1080\" src=\"https:\/\/browsomepro.com\/wp-content\/uploads\/2024\/06\/tanning-browsome.webp\" class=\"attachment-full size-full wp-image-26269\" alt=\"\" srcset=\"https:\/\/browsomepro.com\/wp-content\/uploads\/2024\/06\/tanning-browsome.webp 1080w, https:\/\/browsomepro.com\/wp-content\/uploads\/2024\/06\/tanning-browsome-300x300.webp 300w, https:\/\/browsomepro.com\/wp-content\/uploads\/2024\/06\/tanning-browsome-1024x1024.webp 1024w, https:\/\/browsomepro.com\/wp-content\/uploads\/2024\/06\/tanning-browsome-150x150.webp 150w, https:\/\/browsomepro.com\/wp-content\/uploads\/2024\/06\/tanning-browsome-768x768.webp 768w, https:\/\/browsomepro.com\/wp-content\/uploads\/2024\/06\/tanning-browsome-990x990.webp 990w, https:\/\/browsomepro.com\/wp-content\/uploads\/2024\/06\/tanning-browsome-441x441.webp 441w, https:\/\/browsomepro.com\/wp-content\/uploads\/2024\/06\/tanning-browsome-100x100.webp 100w, https:\/\/browsomepro.com\/wp-content\/uploads\/2024\/06\/tanning-browsome-800x800.webp 800w\" sizes=\"(max-width: 360px) 147px, (max-width: 1080px) 100vw, 1080px\" \/>\t\t\t\t\t\t\t\t\t\t\t\t\t\t\t<\/div>\n\t\t\t\t<\/div>\n\t\t\t\t<\/div>\n\t\t<div class=\"elementor-element elementor-element-583689fd e-con-full e-flex e-con e-child\" data-id=\"583689fd\" data-element_type=\"container\" data-settings=\"{&quot;background_background&quot;:&quot;classic&quot;}\">\n\t\t\t\t<div class=\"elementor-element elementor-element-5f8cff95 elementor-widget elementor-widget-heading\" data-id=\"5f8cff95\" data-element_type=\"widget\" data-widget_type=\"heading.default\">\n\t\t\t\t<div class=\"elementor-widget-container\">\n\t\t\t\t\t<h2 class=\"elementor-heading-title elementor-size-default\">Get The Perfect Sun-Kissed Glow<\/h2>\t\t\t\t<\/div>\n\t\t\t\t<\/div>\n\t\t\t\t<div class=\"elementor-element elementor-element-13e0469d elementor-widget elementor-widget-text-editor\" data-id=\"13e0469d\" data-element_type=\"widget\" data-widget_type=\"text-editor.default\">\n\t\t\t\t<div class=\"elementor-widget-container\">\n\t\t\t\t\t\t\t\t\t<p>Ovaj premium sprej za samopotamnjivanje pru\u017ea trenutni bron\u010dani efekt zahvaljuju\u0107i prirodnom bron\u010dano-zlatnom pigmentu. Dugotrajni ten potpuno se razvija unutar 3\u20134 sata od nano\u0161enja i traje najmanje \u010detiri dana. <\/p>\n\t\t\t\t\t\t\t\t<\/div>\n\t\t\t\t<\/div>\n\t\t\t\t<div class=\"elementor-element elementor-element-1e6b58d5 elementor-widget elementor-widget-toggle\" data-id=\"1e6b58d5\" data-element_type=\"widget\" data-widget_type=\"toggle.default\">\n\t\t\t\t<div class=\"elementor-widget-container\">\n\t\t\t\t\t\t\t<div class=\"elementor-toggle\">\n\t\t\t\t\t\t\t<div class=\"elementor-toggle-item\">\n\t\t\t\t\t<div id=\"elementor-tab-title-5101\" class=\"elementor-tab-title\" data-tab=\"1\" role=\"button\" aria-controls=\"elementor-tab-content-5101\" aria-expanded=\"false\">\n\t\t\t\t\t\t\t\t\t\t\t\t<span class=\"elementor-toggle-icon elementor-toggle-icon-left\" aria-hidden=\"true\">\n\t\t\t\t\t\t\t\t\t\t\t\t\t\t\t<span class=\"elementor-toggle-icon-closed\"><svg class=\"e-font-icon-svg e-fas-caret-right\" viewBox=\"0 0 192 512\" xmlns=\"http:\/\/www.w3.org\/2000\/svg\"><path d=\"M0 384.662V127.338c0-17.818 21.543-26.741 34.142-14.142l128.662 128.662c7.81 7.81 7.81 20.474 0 28.284L34.142 398.804C21.543 411.404 0 402.48 0 384.662z\"><\/path><\/svg><\/span>\n\t\t\t\t\t\t\t\t<span class=\"elementor-toggle-icon-opened\"><svg class=\"elementor-toggle-icon-opened e-font-icon-svg e-fas-caret-up\" viewBox=\"0 0 320 512\" xmlns=\"http:\/\/www.w3.org\/2000\/svg\"><path d=\"M288.662 352H31.338c-17.818 0-26.741-21.543-14.142-34.142l128.662-128.662c7.81-7.81 20.474-7.81 28.284 0l128.662 128.662c12.6 12.599 3.676 34.142-14.142 34.142z\"><\/path><\/svg><\/span>\n\t\t\t\t\t\t\t\t\t\t\t\t\t<\/span>\n\t\t\t\t\t\t\t\t\t\t\t\t<a class=\"elementor-toggle-title\" tabindex=\"0\">That\u2019so Tanning Spray<\/a>\n\t\t\t\t\t<\/div>\n\n\t\t\t\t\t<div id=\"elementor-tab-content-5101\" class=\"elementor-tab-content elementor-clearfix\" data-tab=\"1\" role=\"region\" aria-labelledby=\"elementor-tab-title-5101\"><p>That\u2019so Tanning Spray oboga\u0107en je aloe verom koja umiruje i hidratizira ko\u017eu, ostavljaju\u0107i je mekom i blistavom. Anti-ageing sastojak Matrixyl pobolj\u0161ava tonus i elasti\u010dnost ko\u017ee, pru\u017eaju\u0107i dodatne benefite njege. Biljni DHA osigurava postupan i dugotrajan ten bez o\u0161te\u0107ivanja ko\u017ee, dok sprej formula omogu\u0107uje ravnomjerno nano\u0161enje bez tragova i mrlja.  <\/p>\n<\/div>\n\t\t\t\t<\/div>\n\t\t\t\t\t\t\t<div class=\"elementor-toggle-item\">\n\t\t\t\t\t<div id=\"elementor-tab-title-5102\" class=\"elementor-tab-title\" data-tab=\"2\" role=\"button\" aria-controls=\"elementor-tab-content-5102\" aria-expanded=\"false\">\n\t\t\t\t\t\t\t\t\t\t\t\t<span class=\"elementor-toggle-icon elementor-toggle-icon-left\" aria-hidden=\"true\">\n\t\t\t\t\t\t\t\t\t\t\t\t\t\t\t<span class=\"elementor-toggle-icon-closed\"><svg class=\"e-font-icon-svg e-fas-caret-right\" viewBox=\"0 0 192 512\" xmlns=\"http:\/\/www.w3.org\/2000\/svg\"><path d=\"M0 384.662V127.338c0-17.818 21.543-26.741 34.142-14.142l128.662 128.662c7.81 7.81 7.81 20.474 0 28.284L34.142 398.804C21.543 411.404 0 402.48 0 384.662z\"><\/path><\/svg><\/span>\n\t\t\t\t\t\t\t\t<span class=\"elementor-toggle-icon-opened\"><svg class=\"elementor-toggle-icon-opened e-font-icon-svg e-fas-caret-up\" viewBox=\"0 0 320 512\" xmlns=\"http:\/\/www.w3.org\/2000\/svg\"><path d=\"M288.662 352H31.338c-17.818 0-26.741-21.543-14.142-34.142l128.662-128.662c7.81-7.81 20.474-7.81 28.284 0l128.662 128.662c12.6 12.599 3.676 34.142-14.142 34.142z\"><\/path><\/svg><\/span>\n\t\t\t\t\t\t\t\t\t\t\t\t\t<\/span>\n\t\t\t\t\t\t\t\t\t\t\t\t<a class=\"elementor-toggle-title\" tabindex=\"0\">That\u2019so Double Face Tanning Mitt<\/a>\n\t\t\t\t\t<\/div>\n\n\t\t\t\t\t<div id=\"elementor-tab-content-5102\" class=\"elementor-tab-content elementor-clearfix\" data-tab=\"2\" role=\"region\" aria-labelledby=\"elementor-tab-title-5102\"><p>That\u2019so Double Face Tanning Mitt savr\u0161en je dodatak va\u0161oj rutini samotamnjenja ko\u017ee. Dvostrana rukavica omogu\u0107uje profesionalno i ravnomjerno nano\u0161enje bez tragova. Grublja strana nje\u017eno priprema ko\u017eu, dok mekana bar\u0161unasta strana omogu\u0107uje glatko i jednostavno nano\u0161enje spreja, za besprijekoran zavr\u0161ni efekt.  <\/p>\n<\/div>\n\t\t\t\t<\/div>\n\t\t\t\t\t\t\t<div class=\"elementor-toggle-item\">\n\t\t\t\t\t<div id=\"elementor-tab-title-5103\" class=\"elementor-tab-title\" data-tab=\"3\" role=\"button\" aria-controls=\"elementor-tab-content-5103\" aria-expanded=\"false\">\n\t\t\t\t\t\t\t\t\t\t\t\t<span class=\"elementor-toggle-icon elementor-toggle-icon-left\" aria-hidden=\"true\">\n\t\t\t\t\t\t\t\t\t\t\t\t\t\t\t<span class=\"elementor-toggle-icon-closed\"><svg class=\"e-font-icon-svg e-fas-caret-right\" viewBox=\"0 0 192 512\" xmlns=\"http:\/\/www.w3.org\/2000\/svg\"><path d=\"M0 384.662V127.338c0-17.818 21.543-26.741 34.142-14.142l128.662 128.662c7.81 7.81 7.81 20.474 0 28.284L34.142 398.804C21.543 411.404 0 402.48 0 384.662z\"><\/path><\/svg><\/span>\n\t\t\t\t\t\t\t\t<span class=\"elementor-toggle-icon-opened\"><svg class=\"elementor-toggle-icon-opened e-font-icon-svg e-fas-caret-up\" viewBox=\"0 0 320 512\" xmlns=\"http:\/\/www.w3.org\/2000\/svg\"><path d=\"M288.662 352H31.338c-17.818 0-26.741-21.543-14.142-34.142l128.662-128.662c7.81-7.81 20.474-7.81 28.284 0l128.662 128.662c12.6 12.599 3.676 34.142-14.142 34.142z\"><\/path><\/svg><\/span>\n\t\t\t\t\t\t\t\t\t\t\t\t\t<\/span>\n\t\t\t\t\t\t\t\t\t\t\t\t<a class=\"elementor-toggle-title\" tabindex=\"0\">SOS Tan Remover<\/a>\n\t\t\t\t\t<\/div>\n\n\t\t\t\t\t<div id=\"elementor-tab-content-5103\" class=\"elementor-tab-content elementor-clearfix\" data-tab=\"3\" role=\"region\" aria-labelledby=\"elementor-tab-title-5103\"><p>Zaboravite na ostatke proizvoda za samotamnjenje ko\u017ee uz That\u2019so SOS Tan Remover. Ova nje\u017ena, a u\u010dinkovita pjena uklanja vi\u0161ak proizvoda bez isu\u0161ivanja ko\u017ee. Oboga\u0107ena ekstraktima aloe vere, kamilice i limuna, osvje\u017eava i revitalizira ko\u017eu, ostavljaju\u0107i je \u010distom i blistavom.   <\/p>\n<\/div>\n\t\t\t\t<\/div>\n\t\t\t\t\t\t\t\t<\/div>\n\t\t\t\t\t\t<\/div>\n\t\t\t\t<\/div>\n\t\t\t\t<\/div>\n\t\t\t\t\t<\/div>\n\t\t\t\t<\/div>\n\t\t\t\t<\/div>\n\t\t","protected":false},"excerpt":{"rendered":"<p><span style=\"font-weight: 400;\">That\u2019so tan removal mousse osmi\u0161ljena je za trenutno uklanjanje ostataka samopotamnjivanja. Ova nje\u017ena, a u\u010dinkovita eksfoliraju\u0107a pjena brzo uklanja proizvod s ko\u017ee, pritom je ne isu\u0161uju\u0107i i ne naru\u0161avaju\u0107i njezin hidrolipidni sloj. <\/span><\/p>\n[cg_accordion title=\"Sastojci\"]Acqua (voda), Butane, Sodium Bicarbonate, Urea, Cocamidopropyl Betaine, Propane, Decyl Glucoside, Aloe Barbadensis Leaf Juice (sok lista aloe vere), Glycerin, Chamomilla Recutita (Matricaria) Flower Extract* (ekstrakt cvijeta kamilice*), Citrus Limon Peel Extract* (ekstrakt kore limuna*), Dehydroacetic Acid, Tocopherol, Phenoxyethanol, Sodium Chloride, Benzyl Alcohol, Benzoic Acid, Isobutane, Parfum (Fragrance). Da Agricoltura Biologica \/ From Organic Farming \/ Issu De L\u2019Agriculture Biologique<br \/>\n[\/cg_accordion]\n<p><span style=\"font-weight: 400;\">Vrsta proizvoda: mousse<\/span><br \/>\n<span style=\"font-weight: 400;\">Podru\u010dje primjene: tijelo<\/span><br \/>\nMiris: vanilija, kokos i mentol<\/p>\n<p>Koli\u010dina: 150 ml<br \/>\nZemlja podrijetla: Italija<\/p>\n","protected":false},"featured_media":26261,"template":"","meta":{"_acf_changed":false,"_monsterinsights_skip_tracking":false,"_monsterinsights_sitenote_active":false,"_monsterinsights_sitenote_note":"","_monsterinsights_sitenote_category":0},"product_brand":[],"product_cat":[531,594,597,599,596],"product_tag":[],"class_list":{"0":"post-26266","1":"product","2":"type-product","3":"status-publish","4":"has-post-thumbnail","6":"product_cat-istrazi-po-brendu","7":"product_cat-koza-hr","8":"product_cat-njega-koze","9":"product_cat-njega-koze-hr","10":"product_cat-thatso-hr","12":"first","13":"instock","14":"taxable","15":"shipping-taxable","16":"purchasable","17":"product-type-simple"},"acf":[],"aioseo_notices":[],"_links":{"self":[{"href":"https:\/\/browsomepro.com\/hr\/wp-json\/wp\/v2\/product\/26266","targetHints":{"allow":["GET"]}}],"collection":[{"href":"https:\/\/browsomepro.com\/hr\/wp-json\/wp\/v2\/product"}],"about":[{"href":"https:\/\/browsomepro.com\/hr\/wp-json\/wp\/v2\/types\/product"}],"version-history":[{"count":1,"href":"https:\/\/browsomepro.com\/hr\/wp-json\/wp\/v2\/product\/26266\/revisions"}],"predecessor-version":[{"id":26270,"href":"https:\/\/browsomepro.com\/hr\/wp-json\/wp\/v2\/product\/26266\/revisions\/26270"}],"wp:featuredmedia":[{"embeddable":true,"href":"https:\/\/browsomepro.com\/hr\/wp-json\/wp\/v2\/media\/26261"}],"wp:attachment":[{"href":"https:\/\/browsomepro.com\/hr\/wp-json\/wp\/v2\/media?parent=26266"}],"wp:term":[{"taxonomy":"product_brand","embeddable":true,"href":"https:\/\/browsomepro.com\/hr\/wp-json\/wp\/v2\/product_brand?post=26266"},{"taxonomy":"product_cat","embeddable":true,"href":"https:\/\/browsomepro.com\/hr\/wp-json\/wp\/v2\/product_cat?post=26266"},{"taxonomy":"product_tag","embeddable":true,"href":"https:\/\/browsomepro.com\/hr\/wp-json\/wp\/v2\/product_tag?post=26266"}],"curies":[{"name":"wp","href":"https:\/\/api.w.org\/{rel}","templated":true}]}}