{"id":26194,"date":"2024-06-20T13:03:39","date_gmt":"2024-06-20T12:03:39","guid":{"rendered":"https:\/\/browsomepro.com\/product\/maxymova-power-lash-lift-glue-10ml-2\/"},"modified":"2026-03-24T14:20:37","modified_gmt":"2026-03-24T13:20:37","slug":"maxymova-power-lash-lift-glue-10ml-2","status":"publish","type":"product","link":"https:\/\/browsomepro.com\/hr\/proizvod\/maxymova-power-lash-lift-glue-10ml-2\/","title":{"rendered":"Maxymova \u2013 Power Lash Lift Glue 10ml"},"content":{"rendered":"\t\t<div data-elementor-type=\"product-post\" data-elementor-id=\"26194\" class=\"elementor elementor-26194 elementor-10656\" data-elementor-post-type=\"product\">\n\t\t\t\t<div class=\"elementor-element elementor-element-136e3a31 e-flex e-con-boxed e-con e-parent\" data-id=\"136e3a31\" data-element_type=\"container\">\n\t\t\t\t\t<div class=\"e-con-inner\">\n\t\t<div class=\"elementor-element elementor-element-3a97f438 e-con-full e-flex e-con e-child\" data-id=\"3a97f438\" data-element_type=\"container\">\n\t\t\t\t<div class=\"elementor-element elementor-element-45dcd98f elementor-widget elementor-widget-image\" data-id=\"45dcd98f\" data-element_type=\"widget\" data-widget_type=\"image.default\">\n\t\t\t\t<div class=\"elementor-widget-container\">\n\t\t\t\t\t\t\t\t\t\t\t\t\t\t\t<img fetchpriority=\"high\" decoding=\"async\" width=\"2000\" height=\"2000\" src=\"https:\/\/browsomepro.com\/wp-content\/uploads\/2024\/06\/maxymova-browsome.webp\" class=\"attachment-full size-full wp-image-26221\" alt=\"\" srcset=\"https:\/\/browsomepro.com\/wp-content\/uploads\/2024\/06\/maxymova-browsome.webp 2000w, https:\/\/browsomepro.com\/wp-content\/uploads\/2024\/06\/maxymova-browsome-300x300.webp 300w, https:\/\/browsomepro.com\/wp-content\/uploads\/2024\/06\/maxymova-browsome-1024x1024.webp 1024w, https:\/\/browsomepro.com\/wp-content\/uploads\/2024\/06\/maxymova-browsome-150x150.webp 150w, https:\/\/browsomepro.com\/wp-content\/uploads\/2024\/06\/maxymova-browsome-768x768.webp 768w, https:\/\/browsomepro.com\/wp-content\/uploads\/2024\/06\/maxymova-browsome-1536x1536.webp 1536w, https:\/\/browsomepro.com\/wp-content\/uploads\/2024\/06\/maxymova-browsome-990x990.webp 990w, https:\/\/browsomepro.com\/wp-content\/uploads\/2024\/06\/maxymova-browsome-441x441.webp 441w, https:\/\/browsomepro.com\/wp-content\/uploads\/2024\/06\/maxymova-browsome-100x100.webp 100w, https:\/\/browsomepro.com\/wp-content\/uploads\/2024\/06\/maxymova-browsome-800x800.webp 800w\" sizes=\"(max-width: 360px) 147px, (max-width: 2000px) 100vw, 2000px\" \/>\t\t\t\t\t\t\t\t\t\t\t\t\t\t\t<\/div>\n\t\t\t\t<\/div>\n\t\t\t\t<\/div>\n\t\t<div class=\"elementor-element elementor-element-da3a0e5 e-con-full e-flex e-con e-child\" data-id=\"da3a0e5\" data-element_type=\"container\" data-settings=\"{&quot;background_background&quot;:&quot;classic&quot;}\">\n\t\t\t\t<div class=\"elementor-element elementor-element-452382bd elementor-widget elementor-widget-heading\" data-id=\"452382bd\" data-element_type=\"widget\" data-widget_type=\"heading.default\">\n\t\t\t\t<div class=\"elementor-widget-container\">\n\t\t\t\t\t<h2 class=\"elementor-heading-title elementor-size-default\">Sna\u017eno prianjanje za dugotrajan lift<\/h2>\t\t\t\t<\/div>\n\t\t\t\t<\/div>\n\t\t\t\t<div class=\"elementor-element elementor-element-d0ad215 elementor-widget elementor-widget-text-editor\" data-id=\"d0ad215\" data-element_type=\"widget\" data-widget_type=\"text-editor.default\">\n\t\t\t\t<div class=\"elementor-widget-container\">\n\t\t\t\t\t\t\t\t\t<p>Postizanje besprijekornog lash lifta zahtijeva prave proizvode koji osiguravaju da svaki korak bude u\u010dinkovit i precizan. Jedan od klju\u010dnih elemenata u tom procesu je ljepilo koje slu\u017ei za u\u010dvr\u0161\u0107ivanje trepavica na silikonske jastu\u010di\u0107e.  <\/p>\n<p>Inovativni Maxymova lash balm i ljepilo osmi\u0161ljeni su za postizanje vrhunskih rezultata, uz rje\u0161avanje uobi\u010dajenih izazova poput te\u0161kog nano\u0161enja, prebrzog su\u0161enja i potrebe za njegom trepavica.<\/p>\n\t\t\t\t\t\t\t\t<\/div>\n\t\t\t\t<\/div>\n\t\t\t\t<div class=\"elementor-element elementor-element-5069fbee elementor-widget elementor-widget-toggle\" data-id=\"5069fbee\" data-element_type=\"widget\" data-widget_type=\"toggle.default\">\n\t\t\t\t<div class=\"elementor-widget-container\">\n\t\t\t\t\t\t\t<div class=\"elementor-toggle\">\n\t\t\t\t\t\t\t<div class=\"elementor-toggle-item\">\n\t\t\t\t\t<div id=\"elementor-tab-title-1341\" class=\"elementor-tab-title\" data-tab=\"1\" role=\"button\" aria-controls=\"elementor-tab-content-1341\" aria-expanded=\"false\">\n\t\t\t\t\t\t\t\t\t\t\t\t<span class=\"elementor-toggle-icon elementor-toggle-icon-left\" aria-hidden=\"true\">\n\t\t\t\t\t\t\t\t\t\t\t\t\t\t\t<span class=\"elementor-toggle-icon-closed\"><svg class=\"e-font-icon-svg e-fas-caret-right\" viewBox=\"0 0 192 512\" xmlns=\"http:\/\/www.w3.org\/2000\/svg\"><path d=\"M0 384.662V127.338c0-17.818 21.543-26.741 34.142-14.142l128.662 128.662c7.81 7.81 7.81 20.474 0 28.284L34.142 398.804C21.543 411.404 0 402.48 0 384.662z\"><\/path><\/svg><\/span>\n\t\t\t\t\t\t\t\t<span class=\"elementor-toggle-icon-opened\"><svg class=\"elementor-toggle-icon-opened e-font-icon-svg e-fas-caret-up\" viewBox=\"0 0 320 512\" xmlns=\"http:\/\/www.w3.org\/2000\/svg\"><path d=\"M288.662 352H31.338c-17.818 0-26.741-21.543-14.142-34.142l128.662-128.662c7.81-7.81 20.474-7.81 28.284 0l128.662 128.662c12.6 12.599 3.676 34.142-14.142 34.142z\"><\/path><\/svg><\/span>\n\t\t\t\t\t\t\t\t\t\t\t\t\t<\/span>\n\t\t\t\t\t\t\t\t\t\t\t\t<a class=\"elementor-toggle-title\" tabindex=\"0\">Maxymova Lash Balm Glue<\/a>\n\t\t\t\t\t<\/div>\n\n\t\t\t\t\t<div id=\"elementor-tab-content-1341\" class=\"elementor-tab-content elementor-clearfix\" data-tab=\"1\" role=\"region\" aria-labelledby=\"elementor-tab-title-1341\"><p>Ovo napredno ljepilo posebno je formulirano za sigurno u\u010dvr\u0161\u0107ivanje trepavica na jastu\u010di\u0107e tijekom laminacije, osiguravaju\u0107i glatki i u\u010dinkovit tretman. Njegova jedinstvena formula omogu\u0107uje brzo i jednostavno nano\u0161enje trepavica ve\u0107 od prve primjene, bez problema s trenutnim su\u0161enjem.  <\/p>\n<ul>\n<li aria-level=\"1\"><b>Oboga\u0107eno prirodnim uljima: <\/b>sadr\u017ei kokosovo, maslinovo i jojobino ulje za njegu i regeneraciju trepavica.<\/li>\n<li aria-level=\"1\"><b>Umiruju\u0107i sastojci:<\/b> oboga\u0107eno aloe verom i ekstraktom hamamelisa za nje\u017ean, umiruju\u0107i u\u010dinak na kapke.<\/li>\n<li aria-level=\"1\"><b>Oboga\u0107eno vitaminom E:<\/b> pru\u017ea dodatnu njegu i za\u0161titu trepavica.<\/li>\n<\/ul>\n<\/div>\n\t\t\t\t<\/div>\n\t\t\t\t\t\t\t<div class=\"elementor-toggle-item\">\n\t\t\t\t\t<div id=\"elementor-tab-title-1342\" class=\"elementor-tab-title\" data-tab=\"2\" role=\"button\" aria-controls=\"elementor-tab-content-1342\" aria-expanded=\"false\">\n\t\t\t\t\t\t\t\t\t\t\t\t<span class=\"elementor-toggle-icon elementor-toggle-icon-left\" aria-hidden=\"true\">\n\t\t\t\t\t\t\t\t\t\t\t\t\t\t\t<span class=\"elementor-toggle-icon-closed\"><svg class=\"e-font-icon-svg e-fas-caret-right\" viewBox=\"0 0 192 512\" xmlns=\"http:\/\/www.w3.org\/2000\/svg\"><path d=\"M0 384.662V127.338c0-17.818 21.543-26.741 34.142-14.142l128.662 128.662c7.81 7.81 7.81 20.474 0 28.284L34.142 398.804C21.543 411.404 0 402.48 0 384.662z\"><\/path><\/svg><\/span>\n\t\t\t\t\t\t\t\t<span class=\"elementor-toggle-icon-opened\"><svg class=\"elementor-toggle-icon-opened e-font-icon-svg e-fas-caret-up\" viewBox=\"0 0 320 512\" xmlns=\"http:\/\/www.w3.org\/2000\/svg\"><path d=\"M288.662 352H31.338c-17.818 0-26.741-21.543-14.142-34.142l128.662-128.662c7.81-7.81 20.474-7.81 28.284 0l128.662 128.662c12.6 12.599 3.676 34.142-14.142 34.142z\"><\/path><\/svg><\/span>\n\t\t\t\t\t\t\t\t\t\t\t\t\t<\/span>\n\t\t\t\t\t\t\t\t\t\t\t\t<a class=\"elementor-toggle-title\" tabindex=\"0\">Maxymova Lash Lift Glue i Powerful Lash Lift Glue<\/a>\n\t\t\t\t\t<\/div>\n\n\t\t\t\t\t<div id=\"elementor-tab-content-1342\" class=\"elementor-tab-content elementor-clearfix\" data-tab=\"2\" role=\"region\" aria-labelledby=\"elementor-tab-title-1342\"><p>Za one koji tra\u017ee rje\u0161enje s brzim su\u0161enjem, Maxymova vodotopivo ljepilo za laminaciju trepavica savr\u0161en je izbor. Lako se uklanja, ne sadr\u017ei lateks ni formaldehid te osigurava sigurno prianjanje uz nje\u017enost prema ko\u017ei. Njegovo sna\u017eno i brzo djelovanje ubrzava proces aplikacije i osigurava da silikonski jastu\u010di\u0107i ostanu na mjestu bez ikakve nelagode.  <\/p>\n<ul>\n<li aria-level=\"1\"><b>Brzo su\u0161enje:<\/b> ubrzava proces aplikacije te osigurava sna\u017eno i postojano prianjanje.<\/li>\n<li aria-level=\"1\"><b>Lako se uklanja vodom: <\/b>za brzo, jednostavno i \u010disto zavr\u0161avanje tretmana.<\/li>\n<\/ul>\n<\/div>\n\t\t\t\t<\/div>\n\t\t\t\t\t\t\t<div class=\"elementor-toggle-item\">\n\t\t\t\t\t<div id=\"elementor-tab-title-1343\" class=\"elementor-tab-title\" data-tab=\"3\" role=\"button\" aria-controls=\"elementor-tab-content-1343\" aria-expanded=\"false\">\n\t\t\t\t\t\t\t\t\t\t\t\t<span class=\"elementor-toggle-icon elementor-toggle-icon-left\" aria-hidden=\"true\">\n\t\t\t\t\t\t\t\t\t\t\t\t\t\t\t<span class=\"elementor-toggle-icon-closed\"><svg class=\"e-font-icon-svg e-fas-caret-right\" viewBox=\"0 0 192 512\" xmlns=\"http:\/\/www.w3.org\/2000\/svg\"><path d=\"M0 384.662V127.338c0-17.818 21.543-26.741 34.142-14.142l128.662 128.662c7.81 7.81 7.81 20.474 0 28.284L34.142 398.804C21.543 411.404 0 402.48 0 384.662z\"><\/path><\/svg><\/span>\n\t\t\t\t\t\t\t\t<span class=\"elementor-toggle-icon-opened\"><svg class=\"elementor-toggle-icon-opened e-font-icon-svg e-fas-caret-up\" viewBox=\"0 0 320 512\" xmlns=\"http:\/\/www.w3.org\/2000\/svg\"><path d=\"M288.662 352H31.338c-17.818 0-26.741-21.543-14.142-34.142l128.662-128.662c7.81-7.81 20.474-7.81 28.284 0l128.662 128.662c12.6 12.599 3.676 34.142-14.142 34.142z\"><\/path><\/svg><\/span>\n\t\t\t\t\t\t\t\t\t\t\t\t\t<\/span>\n\t\t\t\t\t\t\t\t\t\t\t\t<a class=\"elementor-toggle-title\" tabindex=\"0\">Savr\u0161en uvijeni oblik uz Colibri jastu\u010di\u0107e<\/a>\n\t\t\t\t\t<\/div>\n\n\t\t\t\t\t<div id=\"elementor-tab-content-1343\" class=\"elementor-tab-content elementor-clearfix\" data-tab=\"3\" role=\"region\" aria-labelledby=\"elementor-tab-title-1343\"><p>Odabir pravih jastu\u010di\u0107a klju\u010dan je za postizanje savr\u0161enog uvijenja i podizanja trepavica. Maxymova Colibri jastu\u010di\u0107i izra\u0111eni su od visokokvalitetnih materijala i dostupni u vi\u0161e veli\u010dina, prilago\u0111enih razli\u010ditim duljinama trepavica i \u017eeljenim efektima. <\/p>\n<p><b>Maxymova Colibri Curl jastu\u010di\u0107i<\/p>\n<p><\/b><\/p>\n<p>Colibri Curl jastu\u010di\u0107i izra\u0111eni su od mekog silikona koji se mo\u017ee prati i sterilizirati, \u010dime se osigurava visok higijenski standard. Omogu\u0107uju savr\u0161en efekt uvijenih prirodnih trepavica, \u0161to ih \u010dini idealnima za ravne ili prema dolje usmjerene trepavice. Njihov jedinstveni anatomski dizajn savr\u0161eno prianja uz kapke, omogu\u0107uju\u0107i br\u017ei i ugodniji proces laminacije trepavica \u2013 bez potrebe za dodatnim ljepilima.   <\/p>\n<p><b>Maxymova Colibri Lift jastu\u010di\u0107i<\/b><\/p>\n<p>Colibri Lift jastu\u010di\u0107i tako\u0111er su izra\u0111eni od ultra mekanog silikona, dizajnirani za maksimalnu udobnost i u\u010dinkovitost. Savr\u0161eni su za postizanje izra\u017eenog efekta podizanja trepavica te su prikladni za sve duljine, uklju\u010duju\u0107i i vrlo duge trepavice. Njihov prepoznatljiv poluprozirni dizajn s nje\u017enim sjajem dodaje da\u0161ak glamura va\u0161em beauty priboru, a pritom sprje\u010dava zadr\u017eavanje boje tijekom procesa laminacije.  <\/p>\n<\/div>\n\t\t\t\t<\/div>\n\t\t\t\t\t\t\t\t<\/div>\n\t\t\t\t\t\t<\/div>\n\t\t\t\t<\/div>\n\t\t\t\t<\/div>\n\t\t\t\t\t<\/div>\n\t\t\t\t<\/div>\n\t\t\t\t<\/div>\n\t\t","protected":false},"excerpt":{"rendered":"<p><span style=\"font-weight: 400;\">Ovaj visokokvalitetni proizvod osmi\u0161ljen je kako bi vam omogu\u0107io savr\u0161ene trepavice bez iritacija i nelagode. Uz Maxymova ljepilo topivo u vodi, brzo \u0107ete posti\u0107i prekrasno oblikovane trepavice! <\/span><\/p>\n[cg_accordion title=\"Sastojci\"]Water (voda), Polyvinyl Alcohol, Glycerin, AMP\/Acrylates Copolymer, PEG-60 Hydrogenated Castor Oil, Methyl Paraben, Fragrance, Alcohol.[\/cg_accordion]\n<p><span style=\"font-weight: 400;\">Koli\u010dina: 10 ml<\/span><br \/>\n<span style=\"font-weight: 400;\">Zemlja podrijetla: Ju\u017ena Koreja<\/span><\/p>\n","protected":false},"featured_media":26196,"template":"","meta":{"_acf_changed":false,"_monsterinsights_skip_tracking":false,"_monsterinsights_sitenote_active":false,"_monsterinsights_sitenote_note":"","_monsterinsights_sitenote_category":0},"product_brand":[],"product_cat":[531,533,530,532,553,529],"product_tag":[],"class_list":{"0":"post-26194","1":"product","2":"type-product","3":"status-publish","4":"has-post-thumbnail","6":"product_cat-istrazi-po-brendu","7":"product_cat-lash-lift-hr","8":"product_cat-lash-lift-ljepila-i-balzami","9":"product_cat-maxymova-hr","10":"product_cat-najprodavaniji-proizvodi","11":"product_cat-trepavice","13":"first","14":"instock","15":"taxable","16":"shipping-taxable","17":"purchasable","18":"product-type-simple"},"acf":[],"aioseo_notices":[],"_links":{"self":[{"href":"https:\/\/browsomepro.com\/hr\/wp-json\/wp\/v2\/product\/26194","targetHints":{"allow":["GET"]}}],"collection":[{"href":"https:\/\/browsomepro.com\/hr\/wp-json\/wp\/v2\/product"}],"about":[{"href":"https:\/\/browsomepro.com\/hr\/wp-json\/wp\/v2\/types\/product"}],"version-history":[{"count":1,"href":"https:\/\/browsomepro.com\/hr\/wp-json\/wp\/v2\/product\/26194\/revisions"}],"predecessor-version":[{"id":26197,"href":"https:\/\/browsomepro.com\/hr\/wp-json\/wp\/v2\/product\/26194\/revisions\/26197"}],"wp:featuredmedia":[{"embeddable":true,"href":"https:\/\/browsomepro.com\/hr\/wp-json\/wp\/v2\/media\/26196"}],"wp:attachment":[{"href":"https:\/\/browsomepro.com\/hr\/wp-json\/wp\/v2\/media?parent=26194"}],"wp:term":[{"taxonomy":"product_brand","embeddable":true,"href":"https:\/\/browsomepro.com\/hr\/wp-json\/wp\/v2\/product_brand?post=26194"},{"taxonomy":"product_cat","embeddable":true,"href":"https:\/\/browsomepro.com\/hr\/wp-json\/wp\/v2\/product_cat?post=26194"},{"taxonomy":"product_tag","embeddable":true,"href":"https:\/\/browsomepro.com\/hr\/wp-json\/wp\/v2\/product_tag?post=26194"}],"curies":[{"name":"wp","href":"https:\/\/api.w.org\/{rel}","templated":true}]}}