{"id":25649,"date":"2024-07-16T14:09:48","date_gmt":"2024-07-16T13:09:48","guid":{"rendered":"https:\/\/browsomepro.com\/product\/katya-vinog-lash-lift-shields-set-sky-blue-2\/"},"modified":"2025-11-17T18:08:35","modified_gmt":"2025-11-17T17:08:35","slug":"katya-vinog-lash-lift-shields-set-sky-blue-2","status":"publish","type":"product","link":"https:\/\/browsomepro.com\/hr\/proizvod\/katya-vinog-lash-lift-shields-set-sky-blue-2\/","title":{"rendered":"Katya Vinog &#8211; Lash Lift Shields Set &#8211; Sky Blue"},"content":{"rendered":"\t\t<div data-elementor-type=\"product-post\" data-elementor-id=\"25649\" class=\"elementor elementor-25649 elementor-11809\" data-elementor-post-type=\"product\">\n\t\t\t\t<div class=\"elementor-element elementor-element-220f3c7b e-flex e-con-boxed e-con e-parent\" data-id=\"220f3c7b\" data-element_type=\"container\">\n\t\t\t\t\t<div class=\"e-con-inner\">\n\t\t<div class=\"elementor-element elementor-element-63bfebd6 e-con-full e-flex e-con e-child\" data-id=\"63bfebd6\" data-element_type=\"container\">\n\t\t\t\t<div class=\"elementor-element elementor-element-13f4e4f6 elementor-widget elementor-widget-image\" data-id=\"13f4e4f6\" data-element_type=\"widget\" data-widget_type=\"image.default\">\n\t\t\t\t<div class=\"elementor-widget-container\">\n\t\t\t\t\t\t\t\t\t\t\t\t\t\t\t<img fetchpriority=\"high\" decoding=\"async\" width=\"800\" height=\"800\" src=\"https:\/\/browsomepro.com\/wp-content\/uploads\/2024\/07\/Katya-Vinog-Lash-Lift-Compensators-Shine.webp\" class=\"attachment-full size-full wp-image-11855\" alt=\"\" srcset=\"https:\/\/browsomepro.com\/wp-content\/uploads\/2024\/07\/Katya-Vinog-Lash-Lift-Compensators-Shine.webp 800w, https:\/\/browsomepro.com\/wp-content\/uploads\/2024\/07\/Katya-Vinog-Lash-Lift-Compensators-Shine-300x300.webp 300w, https:\/\/browsomepro.com\/wp-content\/uploads\/2024\/07\/Katya-Vinog-Lash-Lift-Compensators-Shine-150x150.webp 150w, https:\/\/browsomepro.com\/wp-content\/uploads\/2024\/07\/Katya-Vinog-Lash-Lift-Compensators-Shine-768x768.webp 768w, https:\/\/browsomepro.com\/wp-content\/uploads\/2024\/07\/Katya-Vinog-Lash-Lift-Compensators-Shine-441x441.webp 441w, https:\/\/browsomepro.com\/wp-content\/uploads\/2024\/07\/Katya-Vinog-Lash-Lift-Compensators-Shine-100x100.webp 100w\" sizes=\"(max-width: 360px) 147px, (max-width: 800px) 100vw, 800px\" \/>\t\t\t\t\t\t\t\t\t\t\t\t\t\t\t<\/div>\n\t\t\t\t<\/div>\n\t\t\t\t<\/div>\n\t\t<div class=\"elementor-element elementor-element-7199b13b e-con-full e-flex e-con e-child\" data-id=\"7199b13b\" data-element_type=\"container\" data-settings=\"{&quot;background_background&quot;:&quot;classic&quot;}\">\n\t\t\t\t<div class=\"elementor-element elementor-element-3d7b23d6 elementor-widget elementor-widget-heading\" data-id=\"3d7b23d6\" data-element_type=\"widget\" data-widget_type=\"heading.default\">\n\t\t\t\t<div class=\"elementor-widget-container\">\n\t\t\t\t\t<h2 class=\"elementor-heading-title elementor-size-default\">Postignite savr\u0161eno uvijanje trepavica uz Katya Vinog Lash Shields<\/h2>\t\t\t\t<\/div>\n\t\t\t\t<\/div>\n\t\t\t\t<div class=\"elementor-element elementor-element-1a7dbb73 elementor-widget elementor-widget-text-editor\" data-id=\"1a7dbb73\" data-element_type=\"widget\" data-widget_type=\"text-editor.default\">\n\t\t\t\t<div class=\"elementor-widget-container\">\n\t\t\t\t\t\t\t\t\t<p><span style=\"font-weight: 400;\">Katya Vinog Clover Lash Lift Shields osmi\u0161ljeni su za precizno i ugodno oblikovanje trepavica. Ovi hibridni, visoki i ravni jastu\u010di\u0107i dolaze u \u0161est razli\u010ditih veli\u010dina, \u0161to im omogu\u0107uje savr\u0161eno prilago\u0111avanje svim tipovima o\u010diju. Inovativni dizajn osigurava da prirodne trepavice potpuno pokrivaju tijelo jastu\u010di\u0107a ili zavr\u0161avaju tek 1 mm ispod njega, pru\u017eaju\u0107i idealnu podlogu za stvaranje lijepo oblikovanih trepavica.  <\/span><\/p>\n<p><span style=\"font-weight: 400;\">Jedinstveni oblik i visina ovih jastu\u010di\u0107a spajaju prednosti ravnog i okruglog dizajna, \u010dine\u0107i ih izuzetno svestranim i u\u010dinkovitima. Bilo da klijentica ima ravne ili prirodno uvijene trepavice, ovi jastu\u010di\u0107i pru\u017eaju savr\u0161eno rje\u0161enje. <\/span><\/p>\n\t\t\t\t\t\t\t\t<\/div>\n\t\t\t\t<\/div>\n\t\t\t\t<div class=\"elementor-element elementor-element-5cef7628 elementor-widget elementor-widget-toggle\" data-id=\"5cef7628\" data-element_type=\"widget\" data-widget_type=\"toggle.default\">\n\t\t\t\t<div class=\"elementor-widget-container\">\n\t\t\t\t\t\t\t<div class=\"elementor-toggle\">\n\t\t\t\t\t\t\t<div class=\"elementor-toggle-item\">\n\t\t\t\t\t<div id=\"elementor-tab-title-1551\" class=\"elementor-tab-title\" data-tab=\"1\" role=\"button\" aria-controls=\"elementor-tab-content-1551\" aria-expanded=\"false\">\n\t\t\t\t\t\t\t\t\t\t\t\t<span class=\"elementor-toggle-icon elementor-toggle-icon-left\" aria-hidden=\"true\">\n\t\t\t\t\t\t\t\t\t\t\t\t\t\t\t<span class=\"elementor-toggle-icon-closed\"><svg class=\"e-font-icon-svg e-fas-caret-right\" viewBox=\"0 0 192 512\" xmlns=\"http:\/\/www.w3.org\/2000\/svg\"><path d=\"M0 384.662V127.338c0-17.818 21.543-26.741 34.142-14.142l128.662 128.662c7.81 7.81 7.81 20.474 0 28.284L34.142 398.804C21.543 411.404 0 402.48 0 384.662z\"><\/path><\/svg><\/span>\n\t\t\t\t\t\t\t\t<span class=\"elementor-toggle-icon-opened\"><svg class=\"elementor-toggle-icon-opened e-font-icon-svg e-fas-caret-up\" viewBox=\"0 0 320 512\" xmlns=\"http:\/\/www.w3.org\/2000\/svg\"><path d=\"M288.662 352H31.338c-17.818 0-26.741-21.543-14.142-34.142l128.662-128.662c7.81-7.81 20.474-7.81 28.284 0l128.662 128.662c12.6 12.599 3.676 34.142-14.142 34.142z\"><\/path><\/svg><\/span>\n\t\t\t\t\t\t\t\t\t\t\t\t\t<\/span>\n\t\t\t\t\t\t\t\t\t\t\t\t<a class=\"elementor-toggle-title\" tabindex=\"0\">Savr\u0161eno oblikujte trepavice<\/a>\n\t\t\t\t\t<\/div>\n\n\t\t\t\t\t<div id=\"elementor-tab-content-1551\" class=\"elementor-tab-content elementor-clearfix\" data-tab=\"1\" role=\"region\" aria-labelledby=\"elementor-tab-title-1551\"><p><span style=\"font-weight: 400;\">Katya Vinogovi jastu\u010di\u0107i za lifting trepavica, poznati i kao dodaci, klju\u010dni su alati za pobolj\u0161anje rezultata va\u0161eg liftinga. Ovi dodaci poma\u017eu zadr\u017eati u\u010dinkovitost proizvoda sprje\u010davanjem isparavanja i maksimiziranjem prodiranja aktivnih sastojaka. Stabiliziranjem kemijskog procesa, osiguravaju da proizvodi ostanu na mjestu, pru\u017eaju\u0107i ujedna\u010deniji i u\u010dinkovitiji tretman.  <\/span><\/p>\n<p><span style=\"font-weight: 400;\">Svaki set dodataka uklju\u010duje tri vrste, od kojih je svaka namijenjena odre\u0111enom koraku u postupku liftinga trepavica:<\/span><\/p>\n<ul>\n<li style=\"font-weight: 400;\" aria-level=\"1\">\n<p><b>Ljubi\u010dasti dodatak:<\/b> <span style=\"font-weight: 400;\">koristi se u prvom koraku kako bi sprije\u010dio isparavanje proizvoda i stabilizirao kemijski proces, osiguravaju\u0107i potpuno djelovanje rje\u0161enja.<\/span><\/p>\n<\/li>\n<li style=\"font-weight: 400;\" aria-level=\"1\">\n<p><b>Prozirni dodatak: <\/b><span style=\"font-weight: 400;\">koristi se u drugom koraku; stabilizira proces, sprje\u010dava isparavanje i uklanja napetost u korijenu trepavica.<\/span><\/p>\n<\/li>\n<li style=\"font-weight: 400;\" aria-level=\"1\">\n<p><b>Crni dodatak: <\/b><span style=\"font-weight: 400;\">koristi se tijekom faze bojenja; osigurava ravnomjernu raspodjelu boje i sprje\u010dava prodiranje boje u vodenu liniju, pove\u0107avaju\u0107i udobnost klijentice.<\/span><\/p>\n<\/li>\n<\/ul>\n<\/div>\n\t\t\t\t<\/div>\n\t\t\t\t\t\t\t\t<\/div>\n\t\t\t\t\t\t<\/div>\n\t\t\t\t<\/div>\n\t\t\t\t<\/div>\n\t\t\t\t\t<\/div>\n\t\t\t\t<\/div>\n\t\t\t\t<\/div>\n\t\t","protected":false},"excerpt":{"rendered":"<p><strong>Set silikonskih jastu\u010di\u0107a za podizanje trepavica poznate ruske umjetnice Katye Vinog<\/strong><\/p>\n<p>Svjetski poznati jastu\u010di\u0107i pro\u0161li su transformaciju, a Katya Vinog predstavila je svoju najnoviju kolekciju pod nazivom Clover, s novim i pobolj\u0161anim oblikom te novom teksturom i zavr\u0161nim izgledom.<\/p>\n<p><strong>Set sadr\u017ei:<\/strong><\/p>\n<p><em>6 veli\u010dina jastu\u010di\u0107a za podizanje gornjih trepavica (veli\u010dine 1,5 \/ 2 \/ 2,5 \/ 3 \/ 3,5 \/ 4)<\/em><\/p>\n<p>Clover jastu\u010di\u0107i za lifting trepavica su hibridni, visoki i ravni, sada u novom obliku i s 6 razli\u010ditih veli\u010dina. Dizajnirani su tako da prirodne trepavice mogu ili potpuno prekriti jastu\u010di\u0107, ili zavr\u0161avati oko 1 mm prije ruba, ovisno o tehnici i \u017eeljenom efektu. <\/p>\n<p>Iako se te\u0161ko nalaze, rezultati govore sami za sebe. Zahvaljuju\u0107i <g id=\"gid_0\">jedinstvenom obliku,<\/g> savijanje trepavica posti\u017ee se jednostavno i precizno. Ovi jastu\u010di\u0107i spadaju u posebnu kategoriju \u2014 nisu potpuno ravni niti okrugli, ve\u0107 spajaju najbolje od oba svijeta.  <\/p>\n<p>Jedinstveni oblik i visina jastu\u010di\u0107a omogu\u0107uju njihovu primjenu <strong>za apsolutno sve tipove o\u010diju.<\/strong> Nije potrebno dvojiti koja je veli\u010dina savr\u0161ena za klijenticu \u2014 svi jastu\u010di\u0107i pru\u017eaju izvanredno savijanje trepavica svaki put<\/p>\n<p><strong>Savr\u0161en set jastu\u010di\u0107a u razli\u010ditim veli\u010dinama, uvijek pri ruci za sve majstore liftinga trepavica!<\/strong><\/p>\n<p>Upute za uporabu: Nakon svake upotrebe o\u010distite jastu\u010di\u0107e toplom vodom i sapunom, a zatim ih prebri\u0161ite alkoholom kako biste osigurali potpunu higijenu.<\/p>\n","protected":false},"featured_media":25650,"template":"","meta":{"_acf_changed":false,"_monsterinsights_skip_tracking":false,"_monsterinsights_sitenote_active":false,"_monsterinsights_sitenote_note":"","_monsterinsights_sitenote_category":0},"product_brand":[],"product_cat":[531,551,554,553,555,552,550,556,529],"product_tag":[],"class_list":{"0":"post-25649","1":"product","2":"type-product","3":"status-publish","4":"has-post-thumbnail","6":"product_cat-istrazi-po-brendu","7":"product_cat-katya-vinog-hr","8":"product_cat-lash-lift-hr-2","9":"product_cat-najprodavaniji-proizvodi","10":"product_cat-setovi","11":"product_cat-setovi-za-trepavice","12":"product_cat-silikonski-jastucici-i-dodaci","13":"product_cat-silikonski-jastucici-i-dodaci-hr","14":"product_cat-trepavice","16":"first","17":"outofstock","18":"taxable","19":"shipping-taxable","20":"purchasable","21":"product-type-simple"},"acf":[],"aioseo_notices":[],"_links":{"self":[{"href":"https:\/\/browsomepro.com\/hr\/wp-json\/wp\/v2\/product\/25649","targetHints":{"allow":["GET"]}}],"collection":[{"href":"https:\/\/browsomepro.com\/hr\/wp-json\/wp\/v2\/product"}],"about":[{"href":"https:\/\/browsomepro.com\/hr\/wp-json\/wp\/v2\/types\/product"}],"version-history":[{"count":1,"href":"https:\/\/browsomepro.com\/hr\/wp-json\/wp\/v2\/product\/25649\/revisions"}],"predecessor-version":[{"id":25661,"href":"https:\/\/browsomepro.com\/hr\/wp-json\/wp\/v2\/product\/25649\/revisions\/25661"}],"wp:featuredmedia":[{"embeddable":true,"href":"https:\/\/browsomepro.com\/hr\/wp-json\/wp\/v2\/media\/25650"}],"wp:attachment":[{"href":"https:\/\/browsomepro.com\/hr\/wp-json\/wp\/v2\/media?parent=25649"}],"wp:term":[{"taxonomy":"product_brand","embeddable":true,"href":"https:\/\/browsomepro.com\/hr\/wp-json\/wp\/v2\/product_brand?post=25649"},{"taxonomy":"product_cat","embeddable":true,"href":"https:\/\/browsomepro.com\/hr\/wp-json\/wp\/v2\/product_cat?post=25649"},{"taxonomy":"product_tag","embeddable":true,"href":"https:\/\/browsomepro.com\/hr\/wp-json\/wp\/v2\/product_tag?post=25649"}],"curies":[{"name":"wp","href":"https:\/\/api.w.org\/{rel}","templated":true}]}}