{"id":25602,"date":"2024-10-21T12:50:23","date_gmt":"2024-10-21T11:50:23","guid":{"rendered":"https:\/\/browsomepro.com\/product\/lamitta-lash-balm-eye-do-2\/"},"modified":"2026-04-24T08:02:42","modified_gmt":"2026-04-24T07:02:42","slug":"lamitta-lash-balm-eye-do-2","status":"publish","type":"product","link":"https:\/\/browsomepro.com\/hr\/proizvod\/lamitta-lash-balm-eye-do-2\/","title":{"rendered":"Lamitta &#8211; Lash Balm &#8211; EYE. DO"},"content":{"rendered":"\t\t<div data-elementor-type=\"product-post\" data-elementor-id=\"25602\" class=\"elementor elementor-25602 elementor-16544\" data-elementor-post-type=\"product\">\n\t\t\t\t<div class=\"elementor-element elementor-element-daded1d e-flex e-con-boxed e-con e-parent\" data-id=\"daded1d\" data-element_type=\"container\">\n\t\t\t\t\t<div class=\"e-con-inner\">\n\t\t<div class=\"elementor-element elementor-element-6ab58b12 e-con-full e-flex e-con e-child\" data-id=\"6ab58b12\" data-element_type=\"container\">\n\t\t\t\t<div class=\"elementor-element elementor-element-381c2411 elementor-widget elementor-widget-image\" data-id=\"381c2411\" data-element_type=\"widget\" data-widget_type=\"image.default\">\n\t\t\t\t<div class=\"elementor-widget-container\">\n\t\t\t\t\t\t\t\t\t\t\t\t\t\t\t<img fetchpriority=\"high\" decoding=\"async\" width=\"2000\" height=\"2000\" src=\"https:\/\/browsomepro.com\/wp-content\/uploads\/2024\/10\/LAMITTA-EYE-DO-BROWSOME.webp\" class=\"attachment-full size-full wp-image-25604\" alt=\"\" srcset=\"https:\/\/browsomepro.com\/wp-content\/uploads\/2024\/10\/LAMITTA-EYE-DO-BROWSOME.webp 2000w, https:\/\/browsomepro.com\/wp-content\/uploads\/2024\/10\/LAMITTA-EYE-DO-BROWSOME-300x300.webp 300w, https:\/\/browsomepro.com\/wp-content\/uploads\/2024\/10\/LAMITTA-EYE-DO-BROWSOME-150x150.webp 150w, https:\/\/browsomepro.com\/wp-content\/uploads\/2024\/10\/LAMITTA-EYE-DO-BROWSOME-800x800.webp 800w, https:\/\/browsomepro.com\/wp-content\/uploads\/2024\/10\/LAMITTA-EYE-DO-BROWSOME-1024x1024.webp 1024w, https:\/\/browsomepro.com\/wp-content\/uploads\/2024\/10\/LAMITTA-EYE-DO-BROWSOME-768x768.webp 768w, https:\/\/browsomepro.com\/wp-content\/uploads\/2024\/10\/LAMITTA-EYE-DO-BROWSOME-1536x1536.webp 1536w, https:\/\/browsomepro.com\/wp-content\/uploads\/2024\/10\/LAMITTA-EYE-DO-BROWSOME-990x990.webp 990w, https:\/\/browsomepro.com\/wp-content\/uploads\/2024\/10\/LAMITTA-EYE-DO-BROWSOME-441x441.webp 441w, https:\/\/browsomepro.com\/wp-content\/uploads\/2024\/10\/LAMITTA-EYE-DO-BROWSOME-100x100.webp 100w\" sizes=\"(max-width: 360px) 147px, (max-width: 2000px) 100vw, 2000px\" \/>\t\t\t\t\t\t\t\t\t\t\t\t\t\t\t<\/div>\n\t\t\t\t<\/div>\n\t\t\t\t<\/div>\n\t\t<div class=\"elementor-element elementor-element-265048dd e-con-full e-flex e-con e-child\" data-id=\"265048dd\" data-element_type=\"container\" data-settings=\"{&quot;background_background&quot;:&quot;classic&quot;}\">\n\t\t\t\t<div class=\"elementor-element elementor-element-661a4796 elementor-widget elementor-widget-heading\" data-id=\"661a4796\" data-element_type=\"widget\" data-widget_type=\"heading.default\">\n\t\t\t\t<div class=\"elementor-widget-container\">\n\t\t\t\t\t<h2 class=\"elementor-heading-title elementor-size-default\">NEW EYE.DO!<\/h2>\t\t\t\t<\/div>\n\t\t\t\t<\/div>\n\t\t\t\t<div class=\"elementor-element elementor-element-5a1fbd2 elementor-widget elementor-widget-text-editor\" data-id=\"5a1fbd2\" data-element_type=\"widget\" data-widget_type=\"text-editor.default\">\n\t\t\t\t<div class=\"elementor-widget-container\">\n\t\t\t\t\t\t\t\t\t<p><strong>Lamitta Lash Balm \u2013 EYE.do<\/strong> donosi potpuno novo iskustvo lash lift ljepila, spajaju\u0107i snagu klasi\u010dnog ljepila s njeguju\u0107im djelovanjem balzama.<\/p>\n<p>Razvijen u suradnji s Lamittom, ovaj balzam ne samo da fiksira trepavice za precizan lash lift, ve\u0107 ih istovremeno hidrira i njeguje tijekom cijelog postupka.<\/p>\n<p><strong>Za najbolje rezultate:<\/strong><br \/>Koristite s Laminator Slide Brush \u010detkicom ili bilo kojim prikladnim priborom za lash lift za besprijekornu aplikaciju.<\/p>\n<p><strong>Napomena: <\/strong>Pa\u017eljivo slijedite upute, jer se vrijeme djelovanja prve otopine mo\u017eda treba produljiti i do 30%.<\/p>\n\t\t\t\t\t\t\t\t<\/div>\n\t\t\t\t<\/div>\n\t\t\t\t<\/div>\n\t\t\t\t\t<\/div>\n\t\t\t\t<\/div>\n\t\t\t\t<\/div>\n\t\t","protected":false},"excerpt":{"rendered":"<p>Eye do i Lamitta udru\u017eili su snage kako bi vam donijeli najbolje iskustvo lijepljenja trepavica uz Lamitta Lash Fixer Balm. Ovaj balzam ima sigurnu, hidratantnu formulu koja omogu\u0107uje odli\u010dno prianjanje i brzo, jednostavno postavljanje trepavica \u2014 bez potpunog isu\u0161ivanja. <\/p>\n<p>Prednosti Lamitta Lash Balma:<br \/>\n\u2022 Sigurna, hidratantna formula<br \/>\n\u2022 Odli\u010dno prodire u trepavice i daje dugotrajnije rezultate<br \/>\n\u2022 Brzo i jednostavno postavljanje bez potrebe za uklanjanjem vi\u0161ka ljepila<br \/>\n\u2022 Blagi, ugodan miris<br \/>\n\u2022 Spre\u010dava da se donje trepavice zalijepe za gornje<br \/>\n\u2022 Ne su\u0161i se do kraja, \u0161to omogu\u0107uje lako i glatko pode\u0161avanje tijekom tretmana<\/p>\n<p>Va\u017ene informacije:<br \/>\nUvijek dr\u017eite bijeli poklopac zatvoren kako biste zadr\u017eali svje\u017einu i produ\u017eili trajanje proizvoda.<\/p>\n<p>&nbsp;<\/p>\n<p>Novo pakiranje:<br \/>\nLjepilo sada dolazi u plasti\u010dnoj posudici od 5 g s za\u0161titnim pe\u010datom koji ga \u0161titi od svjetla, vlage i zraka, kako bi \u0161to du\u017ee ostalo svje\u017ee. Za kori\u0161tenje jednostavno odlijepite dio pe\u010data i lako pristupite proizvodu. <\/p>\n<p>Za najbolje rezultate:<br \/>\nKoristite s Laminator Slide Brush \u010detkicom ili bilo kojim prikladnim priborom za lash lift za besprijekornu aplikaciju.<\/p>\n<p>Napomena: Pa\u017eljivo slijedite upute, jer se vrijeme djelovanja prve otopine mo\u017eda treba produljiti i do 30%.<\/p>\n[cg_accordion title=\"Sastojci\"]Glycerin (glicerin), PEG-40 Hydrogenated Castor Oil (hidrogenizirano ricinusovo ulje PEG-40), PEG 90M, PPG-2 Methyl Ether, 2-Bromo-2-Nitropane-1,3-Diol, Silica (silikon dioksid), Linalool, Perfume (miris).<br \/>\n[\/cg_accordion]\n","protected":false},"featured_media":25603,"template":"","meta":{"_acf_changed":false,"_monsterinsights_skip_tracking":false,"_monsterinsights_sitenote_active":false,"_monsterinsights_sitenote_note":"","_monsterinsights_sitenote_category":0},"product_brand":[],"product_cat":[531,575,530,529],"product_tag":[],"class_list":{"0":"post-25602","1":"product","2":"type-product","3":"status-publish","4":"has-post-thumbnail","6":"product_cat-istrazi-po-brendu","7":"product_cat-lamitta-hr","8":"product_cat-lash-lift-ljepila-i-balzami","9":"product_cat-trepavice","11":"first","12":"outofstock","13":"taxable","14":"shipping-taxable","15":"purchasable","16":"product-type-simple"},"acf":[],"aioseo_notices":[],"_links":{"self":[{"href":"https:\/\/browsomepro.com\/hr\/wp-json\/wp\/v2\/product\/25602","targetHints":{"allow":["GET"]}}],"collection":[{"href":"https:\/\/browsomepro.com\/hr\/wp-json\/wp\/v2\/product"}],"about":[{"href":"https:\/\/browsomepro.com\/hr\/wp-json\/wp\/v2\/types\/product"}],"version-history":[{"count":1,"href":"https:\/\/browsomepro.com\/hr\/wp-json\/wp\/v2\/product\/25602\/revisions"}],"predecessor-version":[{"id":25605,"href":"https:\/\/browsomepro.com\/hr\/wp-json\/wp\/v2\/product\/25602\/revisions\/25605"}],"wp:featuredmedia":[{"embeddable":true,"href":"https:\/\/browsomepro.com\/hr\/wp-json\/wp\/v2\/media\/25603"}],"wp:attachment":[{"href":"https:\/\/browsomepro.com\/hr\/wp-json\/wp\/v2\/media?parent=25602"}],"wp:term":[{"taxonomy":"product_brand","embeddable":true,"href":"https:\/\/browsomepro.com\/hr\/wp-json\/wp\/v2\/product_brand?post=25602"},{"taxonomy":"product_cat","embeddable":true,"href":"https:\/\/browsomepro.com\/hr\/wp-json\/wp\/v2\/product_cat?post=25602"},{"taxonomy":"product_tag","embeddable":true,"href":"https:\/\/browsomepro.com\/hr\/wp-json\/wp\/v2\/product_tag?post=25602"}],"curies":[{"name":"wp","href":"https:\/\/api.w.org\/{rel}","templated":true}]}}