{"id":25591,"date":"2024-10-22T12:38:51","date_gmt":"2024-10-22T11:38:51","guid":{"rendered":"https:\/\/browsomepro.com\/product\/lamitta-mariposa-bottom-lash-lift-patch-lavender-2\/"},"modified":"2025-11-15T19:41:55","modified_gmt":"2025-11-15T18:41:55","slug":"lamitta-mariposa-bottom-lash-lift-patch-lavender-2","status":"publish","type":"product","link":"https:\/\/browsomepro.com\/hr\/proizvod\/lamitta-mariposa-bottom-lash-lift-patch-lavender-2\/","title":{"rendered":"Lamitta &#8211; Mariposa Bottom Lash Lift Patch &#8211; Lavender"},"content":{"rendered":"\t\t<div data-elementor-type=\"product-post\" data-elementor-id=\"25591\" class=\"elementor elementor-25591 elementor-16614\" data-elementor-post-type=\"product\">\n\t\t\t\t<div class=\"elementor-element elementor-element-760ecb94 e-flex e-con-boxed e-con e-parent\" data-id=\"760ecb94\" data-element_type=\"container\">\n\t\t\t\t\t<div class=\"e-con-inner\">\n\t\t<div class=\"elementor-element elementor-element-4f87a80 e-con-full e-flex e-con e-child\" data-id=\"4f87a80\" data-element_type=\"container\">\n\t\t\t\t<div class=\"elementor-element elementor-element-6ee0baec elementor-widget elementor-widget-image\" data-id=\"6ee0baec\" data-element_type=\"widget\" data-widget_type=\"image.default\">\n\t\t\t\t<div class=\"elementor-widget-container\">\n\t\t\t\t\t\t\t\t\t\t\t\t\t\t\t<img fetchpriority=\"high\" decoding=\"async\" width=\"1400\" height=\"1400\" src=\"https:\/\/browsomepro.com\/wp-content\/uploads\/2024\/10\/lamitta-pacthes.webp\" class=\"attachment-full size-full wp-image-16609\" alt=\"\" srcset=\"https:\/\/browsomepro.com\/wp-content\/uploads\/2024\/10\/lamitta-pacthes.webp 1400w, https:\/\/browsomepro.com\/wp-content\/uploads\/2024\/10\/lamitta-pacthes-300x300.webp 300w, https:\/\/browsomepro.com\/wp-content\/uploads\/2024\/10\/lamitta-pacthes-150x150.webp 150w, https:\/\/browsomepro.com\/wp-content\/uploads\/2024\/10\/lamitta-pacthes-800x800.webp 800w, https:\/\/browsomepro.com\/wp-content\/uploads\/2024\/10\/lamitta-pacthes-1024x1024.webp 1024w, https:\/\/browsomepro.com\/wp-content\/uploads\/2024\/10\/lamitta-pacthes-768x768.webp 768w, https:\/\/browsomepro.com\/wp-content\/uploads\/2024\/10\/lamitta-pacthes-990x990.webp 990w, https:\/\/browsomepro.com\/wp-content\/uploads\/2024\/10\/lamitta-pacthes-441x441.webp 441w, https:\/\/browsomepro.com\/wp-content\/uploads\/2024\/10\/lamitta-pacthes-100x100.webp 100w\" sizes=\"(max-width: 360px) 147px, (max-width: 1400px) 100vw, 1400px\" \/>\t\t\t\t\t\t\t\t\t\t\t\t\t\t\t<\/div>\n\t\t\t\t<\/div>\n\t\t\t\t<\/div>\n\t\t<div class=\"elementor-element elementor-element-7ae8d0ef e-con-full e-flex e-con e-child\" data-id=\"7ae8d0ef\" data-element_type=\"container\" data-settings=\"{&quot;background_background&quot;:&quot;classic&quot;}\">\n\t\t\t\t<div class=\"elementor-element elementor-element-613bf73 elementor-widget elementor-widget-heading\" data-id=\"613bf73\" data-element_type=\"widget\" data-widget_type=\"heading.default\">\n\t\t\t\t<div class=\"elementor-widget-container\">\n\t\t\t\t\t<h2 class=\"elementor-heading-title elementor-size-default\">Savr\u0161eno oblikovane donje trepavice<\/h2>\t\t\t\t<\/div>\n\t\t\t\t<\/div>\n\t\t\t\t<div class=\"elementor-element elementor-element-2b003981 elementor-widget elementor-widget-text-editor\" data-id=\"2b003981\" data-element_type=\"widget\" data-widget_type=\"text-editor.default\">\n\t\t\t\t<div class=\"elementor-widget-container\">\n\t\t\t\t\t\t\t\t\t<p><strong>LAMITTA \u201cMariposa\u201d podlo\u017eak za donje trepavice<\/strong> savr\u0161eno je rje\u0161enje za odvajanje donjih trepavica tijekom podizanja trepavica te za olak\u0161avanje bojanja gornjih trepavica, posebno uz elegantne crne podlo\u0161ke. Dizajnirani za udobnost i u\u010dinkovitost, ovi <strong>vi\u0161ekratni silikonski podlo\u0161ci <\/strong>pru\u017eaju mekan, hipoalergeni osje\u0107aj uz besprijekorne rezultate. <\/p>\n<p>Zahvaljuju\u0107i <strong>anatomskom obliku<\/strong>, Mariposa podlo\u0161ci savr\u0161eno pristaju ispod donjih trepavica, ubrzavaju aplikaciju i sigurno stoje na svom mjestu na svakom obliku oka. Bilo da podi\u017eete ili bojate trepavice, ovi podlo\u0161ci \u010dine postupak jednostavnijim, br\u017eim i nje\u017enim za ko\u017eu. <\/p>\t\t\t\t\t\t\t\t<\/div>\n\t\t\t\t<\/div>\n\t\t\t\t<div class=\"elementor-element elementor-element-76d7a334 elementor-widget elementor-widget-toggle\" data-id=\"76d7a334\" data-element_type=\"widget\" data-widget_type=\"toggle.default\">\n\t\t\t\t<div class=\"elementor-widget-container\">\n\t\t\t\t\t\t\t<div class=\"elementor-toggle\">\n\t\t\t\t\t\t\t<div class=\"elementor-toggle-item\">\n\t\t\t\t\t<div id=\"elementor-tab-title-1991\" class=\"elementor-tab-title\" data-tab=\"1\" role=\"button\" aria-controls=\"elementor-tab-content-1991\" aria-expanded=\"false\">\n\t\t\t\t\t\t\t\t\t\t\t\t<span class=\"elementor-toggle-icon elementor-toggle-icon-left\" aria-hidden=\"true\">\n\t\t\t\t\t\t\t\t\t\t\t\t\t\t\t<span class=\"elementor-toggle-icon-closed\"><svg class=\"e-font-icon-svg e-fas-caret-right\" viewBox=\"0 0 192 512\" xmlns=\"http:\/\/www.w3.org\/2000\/svg\"><path d=\"M0 384.662V127.338c0-17.818 21.543-26.741 34.142-14.142l128.662 128.662c7.81 7.81 7.81 20.474 0 28.284L34.142 398.804C21.543 411.404 0 402.48 0 384.662z\"><\/path><\/svg><\/span>\n\t\t\t\t\t\t\t\t<span class=\"elementor-toggle-icon-opened\"><svg class=\"elementor-toggle-icon-opened e-font-icon-svg e-fas-caret-up\" viewBox=\"0 0 320 512\" xmlns=\"http:\/\/www.w3.org\/2000\/svg\"><path d=\"M288.662 352H31.338c-17.818 0-26.741-21.543-14.142-34.142l128.662-128.662c7.81-7.81 20.474-7.81 28.284 0l128.662 128.662c12.6 12.599 3.676 34.142-14.142 34.142z\"><\/path><\/svg><\/span>\n\t\t\t\t\t\t\t\t\t\t\t\t\t<\/span>\n\t\t\t\t\t\t\t\t\t\t\t\t<a class=\"elementor-toggle-title\" tabindex=\"0\">Za\u0161to \u0107e vam se svidjeti<\/a>\n\t\t\t\t\t<\/div>\n\n\t\t\t\t\t<div id=\"elementor-tab-content-1991\" class=\"elementor-tab-content elementor-clearfix\" data-tab=\"1\" role=\"region\" aria-labelledby=\"elementor-tab-title-1991\"><ul>\n<li>Mekani, hipoalergeni silikon osigurava udobnost.<\/li>\n<li>Ekolo\u0161ki prihvatljivi i vi\u0161ekratni za vi\u0161e upotreba.<\/li>\n<li>Anatomski oblik savr\u0161eno pristaje svim tipovima o\u010diju.<\/li>\n<li>Savr\u0161eni za bojanje trepavica i odvajanje donjih trepavica.<\/li>\n<li>Dostupni u trendi bojama: lavanda, crna i zelena.<\/li>\n<\/ul>\n<\/div>\n\t\t\t\t<\/div>\n\t\t\t\t\t\t\t\t<\/div>\n\t\t\t\t\t\t<\/div>\n\t\t\t\t<\/div>\n\t\t\t\t<div class=\"elementor-element elementor-element-ef9eace elementor-widget elementor-widget-toggle\" data-id=\"ef9eace\" data-element_type=\"widget\" data-widget_type=\"toggle.default\">\n\t\t\t\t<div class=\"elementor-widget-container\">\n\t\t\t\t\t\t\t<div class=\"elementor-toggle\">\n\t\t\t\t\t\t\t<div class=\"elementor-toggle-item\">\n\t\t\t\t\t<div id=\"elementor-tab-title-2511\" class=\"elementor-tab-title\" data-tab=\"1\" role=\"button\" aria-controls=\"elementor-tab-content-2511\" aria-expanded=\"false\">\n\t\t\t\t\t\t\t\t\t\t\t\t<span class=\"elementor-toggle-icon elementor-toggle-icon-left\" aria-hidden=\"true\">\n\t\t\t\t\t\t\t\t\t\t\t\t\t\t\t<span class=\"elementor-toggle-icon-closed\"><svg class=\"e-font-icon-svg e-fas-caret-right\" viewBox=\"0 0 192 512\" xmlns=\"http:\/\/www.w3.org\/2000\/svg\"><path d=\"M0 384.662V127.338c0-17.818 21.543-26.741 34.142-14.142l128.662 128.662c7.81 7.81 7.81 20.474 0 28.284L34.142 398.804C21.543 411.404 0 402.48 0 384.662z\"><\/path><\/svg><\/span>\n\t\t\t\t\t\t\t\t<span class=\"elementor-toggle-icon-opened\"><svg class=\"elementor-toggle-icon-opened e-font-icon-svg e-fas-caret-up\" viewBox=\"0 0 320 512\" xmlns=\"http:\/\/www.w3.org\/2000\/svg\"><path d=\"M288.662 352H31.338c-17.818 0-26.741-21.543-14.142-34.142l128.662-128.662c7.81-7.81 20.474-7.81 28.284 0l128.662 128.662c12.6 12.599 3.676 34.142-14.142 34.142z\"><\/path><\/svg><\/span>\n\t\t\t\t\t\t\t\t\t\t\t\t\t<\/span>\n\t\t\t\t\t\t\t\t\t\t\t\t<a class=\"elementor-toggle-title\" tabindex=\"0\">Upute za odr\u017eavanje<\/a>\n\t\t\t\t\t<\/div>\n\n\t\t\t\t\t<div id=\"elementor-tab-content-2511\" class=\"elementor-tab-content elementor-clearfix\" data-tab=\"1\" role=\"region\" aria-labelledby=\"elementor-tab-title-2511\"><p>Nakon svake upotrebe o\u010distite ih toplom vodom i medicinskim sapunom, potopite u 70% alkohol na 10 minuta i ostavite da se osu\u0161e na zraku. Ovi se jastu\u010di\u0107i lako odr\u017eavaju i spremni su za sljede\u0107i tretman podizanja trepavica! <\/p>\n<p>Unaprijedite svoje lash tretmane uz <strong>LAMITTA Mariposa jastu\u010di\u0107e <\/strong>\u2014 za br\u017ee, udobnije i ekolo\u0161ki prihvatljivo podizanje i bojanje trepavica.<\/p>\n<\/div>\n\t\t\t\t<\/div>\n\t\t\t\t\t\t\t\t<\/div>\n\t\t\t\t\t\t<\/div>\n\t\t\t\t<\/div>\n\t\t\t\t<\/div>\n\t\t\t\t\t<\/div>\n\t\t\t\t<\/div>\n\t\t\t\t<\/div>\n\t\t","protected":false},"excerpt":{"rendered":"<p>Ovi vi\u0161ekratni silikonski podlo\u0161ci dizajnirani su za izolaciju donjih trepavica od gornjih tijekom podizanja trepavica te su idealni za bojenje gornjih trepavica, posebno uz crne podlo\u0161ke. Pru\u017eaju mekan, udoban osje\u0107aj i vrlo u\u010dinkovite rezultate. <\/p>\n<p><strong>Prednosti:<\/strong><br \/>\n\u2022 Izra\u0111eni od mekanog, hipoalergenog silikona<br \/>\n\u2022 Ubrzavaju vrijeme aplikacije<br \/>\n\u2022 Anatomski oblik pristaje svim tipovima o\u010diju<br \/>\n\u2022 Savr\u0161eno sjedaju ispod donje linije trepavica<br \/>\n\u2022 Idealni za bojanje trepavica<br \/>\n\u2022 Vi\u0161ekratni i ekolo\u0161ki prihvatljivi<\/p>\n<p><strong>Upotreba:<\/strong><br \/>\nPostavite ove podlo\u0161ke na donju liniju trepavica kao i obi\u010dne podlo\u0161ke za o\u010di.<\/p>\n<p><strong>\u010ci\u0161\u0107enje\/dezinfekcija:<\/strong><\/p>\n<p>1. Nakon svake upotrebe o\u010distite toplom vodom i medicinskim sapunom.<br \/>\n2. Potopite u 70% alkohol na 10 minuta.<br \/>\n3. Isperite vodom i ostavite da se osu\u0161e na zraku prije sljede\u0107e upotrebe.<\/p>\n<p><strong>Dostupne boje: <\/strong>lavanda, crna, zelena<\/p>\n","protected":false},"featured_media":25592,"template":"","meta":{"_acf_changed":false,"_monsterinsights_skip_tracking":false,"_monsterinsights_sitenote_active":false,"_monsterinsights_sitenote_note":"","_monsterinsights_sitenote_category":0},"product_brand":[],"product_cat":[531,534,575,550,529],"product_tag":[],"class_list":{"0":"post-25591","1":"product","2":"type-product","3":"status-publish","4":"has-post-thumbnail","6":"product_cat-istrazi-po-brendu","7":"product_cat-korean-lash-lift-hr","8":"product_cat-lamitta-hr","9":"product_cat-silikonski-jastucici-i-dodaci","10":"product_cat-trepavice","12":"first","13":"instock","14":"taxable","15":"shipping-taxable","16":"purchasable","17":"product-type-simple"},"acf":[],"aioseo_notices":[],"_links":{"self":[{"href":"https:\/\/browsomepro.com\/hr\/wp-json\/wp\/v2\/product\/25591","targetHints":{"allow":["GET"]}}],"collection":[{"href":"https:\/\/browsomepro.com\/hr\/wp-json\/wp\/v2\/product"}],"about":[{"href":"https:\/\/browsomepro.com\/hr\/wp-json\/wp\/v2\/types\/product"}],"version-history":[{"count":3,"href":"https:\/\/browsomepro.com\/hr\/wp-json\/wp\/v2\/product\/25591\/revisions"}],"predecessor-version":[{"id":25596,"href":"https:\/\/browsomepro.com\/hr\/wp-json\/wp\/v2\/product\/25591\/revisions\/25596"}],"wp:featuredmedia":[{"embeddable":true,"href":"https:\/\/browsomepro.com\/hr\/wp-json\/wp\/v2\/media\/25592"}],"wp:attachment":[{"href":"https:\/\/browsomepro.com\/hr\/wp-json\/wp\/v2\/media?parent=25591"}],"wp:term":[{"taxonomy":"product_brand","embeddable":true,"href":"https:\/\/browsomepro.com\/hr\/wp-json\/wp\/v2\/product_brand?post=25591"},{"taxonomy":"product_cat","embeddable":true,"href":"https:\/\/browsomepro.com\/hr\/wp-json\/wp\/v2\/product_cat?post=25591"},{"taxonomy":"product_tag","embeddable":true,"href":"https:\/\/browsomepro.com\/hr\/wp-json\/wp\/v2\/product_tag?post=25591"}],"curies":[{"name":"wp","href":"https:\/\/api.w.org\/{rel}","templated":true}]}}