{"id":25563,"date":"2024-10-23T08:30:22","date_gmt":"2024-10-23T07:30:22","guid":{"rendered":"https:\/\/browsomepro.com\/product\/lamitta-mariposa-bottom-lash-lift-patch-shields-lavender-2\/"},"modified":"2025-11-15T08:43:48","modified_gmt":"2025-11-15T07:43:48","slug":"lamitta-mariposa-bottom-lash-lift-patch-shields-lavender-2","status":"publish","type":"product","link":"https:\/\/browsomepro.com\/hr\/proizvod\/lamitta-mariposa-bottom-lash-lift-patch-shields-lavender-2\/","title":{"rendered":"Lamitta &#8211; Mariposa Bottom Lash Lift Patch Shields &#8211; Lavender"},"content":{"rendered":"\t\t<div data-elementor-type=\"product-post\" data-elementor-id=\"25563\" class=\"elementor elementor-25563 elementor-16662\" data-elementor-post-type=\"product\">\n\t\t\t\t<div class=\"elementor-element elementor-element-10e4934f e-flex e-con-boxed e-con e-parent\" data-id=\"10e4934f\" data-element_type=\"container\">\n\t\t\t\t\t<div class=\"e-con-inner\">\n\t\t<div class=\"elementor-element elementor-element-7c930e9c e-con-full e-flex e-con e-child\" data-id=\"7c930e9c\" data-element_type=\"container\">\n\t\t\t\t<div class=\"elementor-element elementor-element-2e076691 elementor-widget elementor-widget-image\" data-id=\"2e076691\" data-element_type=\"widget\" data-widget_type=\"image.default\">\n\t\t\t\t<div class=\"elementor-widget-container\">\n\t\t\t\t\t\t\t\t\t\t\t\t\t\t\t<img fetchpriority=\"high\" decoding=\"async\" width=\"2000\" height=\"2000\" src=\"https:\/\/browsomepro.com\/wp-content\/uploads\/2024\/10\/lamitta-lift.webp\" class=\"attachment-full size-full wp-image-16671\" alt=\"\" srcset=\"https:\/\/browsomepro.com\/wp-content\/uploads\/2024\/10\/lamitta-lift.webp 2000w, https:\/\/browsomepro.com\/wp-content\/uploads\/2024\/10\/lamitta-lift-300x300.webp 300w, https:\/\/browsomepro.com\/wp-content\/uploads\/2024\/10\/lamitta-lift-150x150.webp 150w, https:\/\/browsomepro.com\/wp-content\/uploads\/2024\/10\/lamitta-lift-800x800.webp 800w, https:\/\/browsomepro.com\/wp-content\/uploads\/2024\/10\/lamitta-lift-1024x1024.webp 1024w, https:\/\/browsomepro.com\/wp-content\/uploads\/2024\/10\/lamitta-lift-768x768.webp 768w, https:\/\/browsomepro.com\/wp-content\/uploads\/2024\/10\/lamitta-lift-1536x1536.webp 1536w, https:\/\/browsomepro.com\/wp-content\/uploads\/2024\/10\/lamitta-lift-990x990.webp 990w, https:\/\/browsomepro.com\/wp-content\/uploads\/2024\/10\/lamitta-lift-441x441.webp 441w, https:\/\/browsomepro.com\/wp-content\/uploads\/2024\/10\/lamitta-lift-100x100.webp 100w\" sizes=\"(max-width: 360px) 147px, (max-width: 2000px) 100vw, 2000px\" \/>\t\t\t\t\t\t\t\t\t\t\t\t\t\t\t<\/div>\n\t\t\t\t<\/div>\n\t\t\t\t<\/div>\n\t\t<div class=\"elementor-element elementor-element-357322c3 e-con-full e-flex e-con e-child\" data-id=\"357322c3\" data-element_type=\"container\" data-settings=\"{&quot;background_background&quot;:&quot;classic&quot;}\">\n\t\t\t\t<div class=\"elementor-element elementor-element-3dbc8a42 elementor-widget elementor-widget-heading\" data-id=\"3dbc8a42\" data-element_type=\"widget\" data-widget_type=\"heading.default\">\n\t\t\t\t<div class=\"elementor-widget-container\">\n\t\t\t\t\t<h2 class=\"elementor-heading-title elementor-size-default\">Inovativni set za lash lift: jastu\u010di\u0107i i flaster<\/h2>\t\t\t\t<\/div>\n\t\t\t\t<\/div>\n\t\t\t\t<div class=\"elementor-element elementor-element-5fb6f43d elementor-widget elementor-widget-text-editor\" data-id=\"5fb6f43d\" data-element_type=\"widget\" data-widget_type=\"text-editor.default\">\n\t\t\t\t<div class=\"elementor-widget-container\">\n\t\t\t\t\t\t\t\t\t<p>Upoznajte <strong>LAMITTA \u201cMariposa\u201d jastu\u010di\u0107e za donje trepavice<\/strong> \u2014 inovativni 2-u-1 proizvod inspiriran dizajnom leptira, idealan za za\u0161titu podru\u010dja ispod oka i podizanje donjih trepavica. Ovi <strong>vi\u0161ekratni silikonski jastu\u010di\u0107i <\/strong>spajaju estetiku i funkcionalnost, \u010dine\u0107i ih nezaobilaznim alatom za svakog lash artista. <\/p>\n<p><strong>Mariposa podlo\u0161ci <\/strong>prirodno podi\u017eu donje trepavice zahvaljuju\u0107i svom anatomskom obliku i prorezima koji im omogu\u0107uju da se lako prilagode svakom oku. Prakti\u010dni su za rad, ubrzavaju aplikaciju i sigurno ostaju na mjestu ispod donjih trepavica tijekom cijelog tretmana. <\/p>\n\t\t\t\t\t\t\t\t<\/div>\n\t\t\t\t<\/div>\n\t\t\t\t<div class=\"elementor-element elementor-element-40fce7ed elementor-widget elementor-widget-toggle\" data-id=\"40fce7ed\" data-element_type=\"widget\" data-widget_type=\"toggle.default\">\n\t\t\t\t<div class=\"elementor-widget-container\">\n\t\t\t\t\t\t\t<div class=\"elementor-toggle\">\n\t\t\t\t\t\t\t<div class=\"elementor-toggle-item\">\n\t\t\t\t\t<div id=\"elementor-tab-title-1091\" class=\"elementor-tab-title\" data-tab=\"1\" role=\"button\" aria-controls=\"elementor-tab-content-1091\" aria-expanded=\"false\">\n\t\t\t\t\t\t\t\t\t\t\t\t<span class=\"elementor-toggle-icon elementor-toggle-icon-left\" aria-hidden=\"true\">\n\t\t\t\t\t\t\t\t\t\t\t\t\t\t\t<span class=\"elementor-toggle-icon-closed\"><svg class=\"e-font-icon-svg e-fas-caret-right\" viewBox=\"0 0 192 512\" xmlns=\"http:\/\/www.w3.org\/2000\/svg\"><path d=\"M0 384.662V127.338c0-17.818 21.543-26.741 34.142-14.142l128.662 128.662c7.81 7.81 7.81 20.474 0 28.284L34.142 398.804C21.543 411.404 0 402.48 0 384.662z\"><\/path><\/svg><\/span>\n\t\t\t\t\t\t\t\t<span class=\"elementor-toggle-icon-opened\"><svg class=\"elementor-toggle-icon-opened e-font-icon-svg e-fas-caret-up\" viewBox=\"0 0 320 512\" xmlns=\"http:\/\/www.w3.org\/2000\/svg\"><path d=\"M288.662 352H31.338c-17.818 0-26.741-21.543-14.142-34.142l128.662-128.662c7.81-7.81 20.474-7.81 28.284 0l128.662 128.662c12.6 12.599 3.676 34.142-14.142 34.142z\"><\/path><\/svg><\/span>\n\t\t\t\t\t\t\t\t\t\t\t\t\t<\/span>\n\t\t\t\t\t\t\t\t\t\t\t\t<a class=\"elementor-toggle-title\" tabindex=\"0\">Prednosti<\/a>\n\t\t\t\t\t<\/div>\n\n\t\t\t\t\t<div id=\"elementor-tab-content-1091\" class=\"elementor-tab-content elementor-clearfix\" data-tab=\"1\" role=\"region\" aria-labelledby=\"elementor-tab-title-1091\"><p>&#8211; 2-u-1 dizajn za za\u0161titu podru\u010dja ispod oka i podizanje donjih trepavica<br \/>&#8211; Izra\u0111eni od visokokvalitetnog, hipoalergenog silikona<br \/>&#8211; Stvaraju lijepo, prirodno uvijanje donjih trepavica<br \/>&#8211; Pristaju svim oblicima o\u010diju i sigurno ostaju na mjestu<br \/>&#8211; Ubrzavaju vrijeme aplikacije<br \/>&#8211; Dostupni u lavanda i zelenoj boji<\/p>\n<\/div>\n\t\t\t\t<\/div>\n\t\t\t\t\t\t\t<div class=\"elementor-toggle-item\">\n\t\t\t\t\t<div id=\"elementor-tab-title-1092\" class=\"elementor-tab-title\" data-tab=\"2\" role=\"button\" aria-controls=\"elementor-tab-content-1092\" aria-expanded=\"false\">\n\t\t\t\t\t\t\t\t\t\t\t\t<span class=\"elementor-toggle-icon elementor-toggle-icon-left\" aria-hidden=\"true\">\n\t\t\t\t\t\t\t\t\t\t\t\t\t\t\t<span class=\"elementor-toggle-icon-closed\"><svg class=\"e-font-icon-svg e-fas-caret-right\" viewBox=\"0 0 192 512\" xmlns=\"http:\/\/www.w3.org\/2000\/svg\"><path d=\"M0 384.662V127.338c0-17.818 21.543-26.741 34.142-14.142l128.662 128.662c7.81 7.81 7.81 20.474 0 28.284L34.142 398.804C21.543 411.404 0 402.48 0 384.662z\"><\/path><\/svg><\/span>\n\t\t\t\t\t\t\t\t<span class=\"elementor-toggle-icon-opened\"><svg class=\"elementor-toggle-icon-opened e-font-icon-svg e-fas-caret-up\" viewBox=\"0 0 320 512\" xmlns=\"http:\/\/www.w3.org\/2000\/svg\"><path d=\"M288.662 352H31.338c-17.818 0-26.741-21.543-14.142-34.142l128.662-128.662c7.81-7.81 20.474-7.81 28.284 0l128.662 128.662c12.6 12.599 3.676 34.142-14.142 34.142z\"><\/path><\/svg><\/span>\n\t\t\t\t\t\t\t\t\t\t\t\t\t<\/span>\n\t\t\t\t\t\t\t\t\t\t\t\t<a class=\"elementor-toggle-title\" tabindex=\"0\">Kako koristiti<\/a>\n\t\t\t\t\t<\/div>\n\n\t\t\t\t\t<div id=\"elementor-tab-content-1092\" class=\"elementor-tab-content elementor-clearfix\" data-tab=\"2\" role=\"region\" aria-labelledby=\"elementor-tab-title-1092\"><p>Jednostavno postavite podlo\u0161ke ispod donjih trepavica, fiksirajte trepavice i nje\u017eno povucite donji kapak prema van prije nano\u0161enja losiona. Nakon nano\u0161enja losiona, stavite za\u0161titne pokrove (poput Vinog Covers) kako bi tretman bio siguran i u\u010dinkovit. <\/p>\n<\/div>\n\t\t\t\t<\/div>\n\t\t\t\t\t\t\t<div class=\"elementor-toggle-item\">\n\t\t\t\t\t<div id=\"elementor-tab-title-1093\" class=\"elementor-tab-title\" data-tab=\"3\" role=\"button\" aria-controls=\"elementor-tab-content-1093\" aria-expanded=\"false\">\n\t\t\t\t\t\t\t\t\t\t\t\t<span class=\"elementor-toggle-icon elementor-toggle-icon-left\" aria-hidden=\"true\">\n\t\t\t\t\t\t\t\t\t\t\t\t\t\t\t<span class=\"elementor-toggle-icon-closed\"><svg class=\"e-font-icon-svg e-fas-caret-right\" viewBox=\"0 0 192 512\" xmlns=\"http:\/\/www.w3.org\/2000\/svg\"><path d=\"M0 384.662V127.338c0-17.818 21.543-26.741 34.142-14.142l128.662 128.662c7.81 7.81 7.81 20.474 0 28.284L34.142 398.804C21.543 411.404 0 402.48 0 384.662z\"><\/path><\/svg><\/span>\n\t\t\t\t\t\t\t\t<span class=\"elementor-toggle-icon-opened\"><svg class=\"elementor-toggle-icon-opened e-font-icon-svg e-fas-caret-up\" viewBox=\"0 0 320 512\" xmlns=\"http:\/\/www.w3.org\/2000\/svg\"><path d=\"M288.662 352H31.338c-17.818 0-26.741-21.543-14.142-34.142l128.662-128.662c7.81-7.81 20.474-7.81 28.284 0l128.662 128.662c12.6 12.599 3.676 34.142-14.142 34.142z\"><\/path><\/svg><\/span>\n\t\t\t\t\t\t\t\t\t\t\t\t\t<\/span>\n\t\t\t\t\t\t\t\t\t\t\t\t<a class=\"elementor-toggle-title\" tabindex=\"0\">Upute za \u010di\u0161\u0107enje<\/a>\n\t\t\t\t\t<\/div>\n\n\t\t\t\t\t<div id=\"elementor-tab-content-1093\" class=\"elementor-tab-content elementor-clearfix\" data-tab=\"3\" role=\"region\" aria-labelledby=\"elementor-tab-title-1093\"><p>&#8211; Nakon svake upotrebe o\u010distite toplom vodom i medicinskim sapunom<br \/>&#8211; Potopite u 70% alkohol na 10 minuta<br \/>&#8211; Isperite vodom i ostavite da se osu\u0161e na zraku<\/p>\n<\/div>\n\t\t\t\t<\/div>\n\t\t\t\t\t\t\t\t<\/div>\n\t\t\t\t\t\t<\/div>\n\t\t\t\t<\/div>\n\t\t\t\t<\/div>\n\t\t\t\t\t<\/div>\n\t\t\t\t<\/div>\n\t\t\t\t<\/div>\n\t\t","protected":false},"excerpt":{"rendered":"<p>Otkrijte savr\u0161en spoj ljepote i funkcionalnosti uz Mariposa Bottom Patch-Shields! Inspirirani dizajnom leptira, ovaj inovativni 2-u-1 proizvod slu\u017ei kao podlo\u0161ci za podru\u010dje ispod o\u010diju i kao za\u0161tita za donje trepavice, \u0161to ga \u010dini neizostavnim za svakog lash artista. <\/p>\n<p>Mariposa Patch-Shields dizajnirani su s posebnom funkcijom za podizanje i bojenje donjih trepavica, stvaraju\u0107i prirodno, prekrasno uvijanje. Njihov simetri\u010dan, anatomski oblik pristaje svim tipovima o\u010diju, a funkcionalni prorezi omogu\u0107uju prilagodbu svakoj konturi, udobno se smje\u0161taju\u0107i ispod linije donjih trepavica. <\/p>\n<p>Izra\u0111eni od visokokvalitetnog, hipoalergenog silikona sa sjajnim fini\u0161em, ovi se jastu\u010di\u0107i udobno prilago\u0111avaju i ostaju na mjestu tijekom cijelog tretmana podizanja trepavica.<\/p>\n<p><strong>Dostupne boje:<\/strong> lavanda i zelena.<\/p>\n<p><strong>Prednosti:<\/strong><br \/>\n\u2022 2-u-1 dizajn za podru\u010dje ispod o\u010diju i podizanje donjih trepavica<br \/>\n\u2022 Vi\u0161ekratni, hipoalergeni silikon<br \/>\n\u2022 Ubrzava vrijeme aplikacije<br \/>\n\u2022 Stvara prirodno uvijanje donjih trepavica<br \/>\n\u2022 Savr\u0161eno pristaje svim oblicima o\u010diju<br \/>\n\u2022 Sigurno ostaje ispod linije donjih trepavica<br \/>\n\u2022 Privla\u010dan, upe\u010datljiv dizajn<\/p>\n<p><strong>Kako koristiti:<\/strong><br \/>\nNakon postavljanja patch-jastu\u010di\u0107a i fiksiranja trepavica, nje\u017eno povucite donji kapak prema van prije nano\u0161enja rje\u0161enja za trepavice. Upotrijebite za\u0161titne pokrove (poput Vinog Covers) kako biste za\u0161titili losion nakon nano\u0161enja za sigurno i u\u010dinkovito dvostruko laminiranje trepavica. <\/p>\n<p><strong>\u010ci\u0161\u0107enje\/dezinfekcija:<\/strong><br \/>\nOdmah nakon kori\u0161tenja o\u010distite toplom vodom i medicinskim sapunom.<br \/>\nPotopite ih u 70% alkohol na 10 minuta.<br \/>\nIsperite alkohol vodom.<br \/>\nOstavite jastu\u010di\u0107e da se osu\u0161e na zraku prije sljede\u0107e upotrebe.<\/p>\n","protected":false},"featured_media":25564,"template":"","meta":{"_acf_changed":false,"_monsterinsights_skip_tracking":false,"_monsterinsights_sitenote_active":false,"_monsterinsights_sitenote_note":"","_monsterinsights_sitenote_category":0},"product_brand":[],"product_cat":[531,575,550,529],"product_tag":[],"class_list":{"0":"post-25563","1":"product","2":"type-product","3":"status-publish","4":"has-post-thumbnail","6":"product_cat-istrazi-po-brendu","7":"product_cat-lamitta-hr","8":"product_cat-silikonski-jastucici-i-dodaci","9":"product_cat-trepavice","11":"first","12":"instock","13":"taxable","14":"shipping-taxable","15":"purchasable","16":"product-type-simple"},"acf":[],"aioseo_notices":[],"_links":{"self":[{"href":"https:\/\/browsomepro.com\/hr\/wp-json\/wp\/v2\/product\/25563","targetHints":{"allow":["GET"]}}],"collection":[{"href":"https:\/\/browsomepro.com\/hr\/wp-json\/wp\/v2\/product"}],"about":[{"href":"https:\/\/browsomepro.com\/hr\/wp-json\/wp\/v2\/types\/product"}],"version-history":[{"count":1,"href":"https:\/\/browsomepro.com\/hr\/wp-json\/wp\/v2\/product\/25563\/revisions"}],"predecessor-version":[{"id":25566,"href":"https:\/\/browsomepro.com\/hr\/wp-json\/wp\/v2\/product\/25563\/revisions\/25566"}],"wp:featuredmedia":[{"embeddable":true,"href":"https:\/\/browsomepro.com\/hr\/wp-json\/wp\/v2\/media\/25564"}],"wp:attachment":[{"href":"https:\/\/browsomepro.com\/hr\/wp-json\/wp\/v2\/media?parent=25563"}],"wp:term":[{"taxonomy":"product_brand","embeddable":true,"href":"https:\/\/browsomepro.com\/hr\/wp-json\/wp\/v2\/product_brand?post=25563"},{"taxonomy":"product_cat","embeddable":true,"href":"https:\/\/browsomepro.com\/hr\/wp-json\/wp\/v2\/product_cat?post=25563"},{"taxonomy":"product_tag","embeddable":true,"href":"https:\/\/browsomepro.com\/hr\/wp-json\/wp\/v2\/product_tag?post=25563"}],"curies":[{"name":"wp","href":"https:\/\/api.w.org\/{rel}","templated":true}]}}