{"id":25558,"date":"2024-10-23T09:23:11","date_gmt":"2024-10-23T08:23:11","guid":{"rendered":"https:\/\/browsomepro.com\/product\/lamitta-lash-lift-shields-teardrop-design-2\/"},"modified":"2025-11-15T08:30:47","modified_gmt":"2025-11-15T07:30:47","slug":"lamitta-lash-lift-shields-teardrop-design-2","status":"publish","type":"product","link":"https:\/\/browsomepro.com\/hr\/proizvod\/lamitta-lash-lift-shields-teardrop-design-2\/","title":{"rendered":"Lamitta &#8211; Lash Lift Shields \u2013 Teardrop Design"},"content":{"rendered":"\t\t<div data-elementor-type=\"product-post\" data-elementor-id=\"25558\" class=\"elementor elementor-25558 elementor-16690\" data-elementor-post-type=\"product\">\n\t\t\t\t<div class=\"elementor-element elementor-element-10e4934f e-flex e-con-boxed e-con e-parent\" data-id=\"10e4934f\" data-element_type=\"container\">\n\t\t\t\t\t<div class=\"e-con-inner\">\n\t\t<div class=\"elementor-element elementor-element-7c930e9c e-con-full e-flex e-con e-child\" data-id=\"7c930e9c\" data-element_type=\"container\">\n\t\t\t\t<div class=\"elementor-element elementor-element-2e076691 elementor-widget elementor-widget-image\" data-id=\"2e076691\" data-element_type=\"widget\" data-widget_type=\"image.default\">\n\t\t\t\t<div class=\"elementor-widget-container\">\n\t\t\t\t\t\t\t\t\t\t\t\t\t\t\t<img fetchpriority=\"high\" decoding=\"async\" width=\"2000\" height=\"2000\" src=\"https:\/\/browsomepro.com\/wp-content\/uploads\/2024\/10\/lamitta-lift-shields-browsome.webp\" class=\"attachment-full size-full wp-image-25561\" alt=\"\" srcset=\"https:\/\/browsomepro.com\/wp-content\/uploads\/2024\/10\/lamitta-lift-shields-browsome.webp 2000w, https:\/\/browsomepro.com\/wp-content\/uploads\/2024\/10\/lamitta-lift-shields-browsome-300x300.webp 300w, https:\/\/browsomepro.com\/wp-content\/uploads\/2024\/10\/lamitta-lift-shields-browsome-150x150.webp 150w, https:\/\/browsomepro.com\/wp-content\/uploads\/2024\/10\/lamitta-lift-shields-browsome-800x800.webp 800w, https:\/\/browsomepro.com\/wp-content\/uploads\/2024\/10\/lamitta-lift-shields-browsome-1024x1024.webp 1024w, https:\/\/browsomepro.com\/wp-content\/uploads\/2024\/10\/lamitta-lift-shields-browsome-768x768.webp 768w, https:\/\/browsomepro.com\/wp-content\/uploads\/2024\/10\/lamitta-lift-shields-browsome-1536x1536.webp 1536w, https:\/\/browsomepro.com\/wp-content\/uploads\/2024\/10\/lamitta-lift-shields-browsome-990x990.webp 990w, https:\/\/browsomepro.com\/wp-content\/uploads\/2024\/10\/lamitta-lift-shields-browsome-441x441.webp 441w, https:\/\/browsomepro.com\/wp-content\/uploads\/2024\/10\/lamitta-lift-shields-browsome-100x100.webp 100w\" sizes=\"(max-width: 360px) 147px, (max-width: 2000px) 100vw, 2000px\" \/>\t\t\t\t\t\t\t\t\t\t\t\t\t\t\t<\/div>\n\t\t\t\t<\/div>\n\t\t\t\t<\/div>\n\t\t<div class=\"elementor-element elementor-element-357322c3 e-con-full e-flex e-con e-child\" data-id=\"357322c3\" data-element_type=\"container\" data-settings=\"{&quot;background_background&quot;:&quot;classic&quot;}\">\n\t\t\t\t<div class=\"elementor-element elementor-element-3dbc8a42 elementor-widget elementor-widget-heading\" data-id=\"3dbc8a42\" data-element_type=\"widget\" data-widget_type=\"heading.default\">\n\t\t\t\t<div class=\"elementor-widget-container\">\n\t\t\t\t\t<h2 class=\"elementor-heading-title elementor-size-default\">Perfect Lift with Teardrop Design<\/h2>\t\t\t\t<\/div>\n\t\t\t\t<\/div>\n\t\t\t\t<div class=\"elementor-element elementor-element-5fb6f43d elementor-widget elementor-widget-text-editor\" data-id=\"5fb6f43d\" data-element_type=\"widget\" data-widget_type=\"text-editor.default\">\n\t\t\t\t<div class=\"elementor-widget-container\">\n\t\t\t\t\t\t\t\t\t<p>Predstavljamo <strong>Lamitta lash lift jastu\u010di\u0107e<\/strong> s jedinstvenim <strong>Teardrop dizajnom<\/strong>, koji pru\u017eaju udobnost i preciznost za va\u0161e tretmane podizanja trepavica. Izra\u0111eni od <strong>visokokvalitetnog silikona<\/strong>, ovi jastu\u010di\u0107i lako i ugodno prianjaju uz ko\u017eu, \u0161to \u010dini oblikovanje trepavica brzim i u\u010dinkovitim. <\/p>\n<p><strong>Teardrop oblik <\/strong>osigurava prirodno, nje\u017eno podizanje sa prekrasno zaobljenim efektom, omogu\u0107uju\u0107i vam postizanje zapanjuju\u0107ih, prilago\u0111enih rezultata za svaku klijenticu.<\/p>\n<p>Ovi su jastu\u010di\u0107i savr\u0161en dodatak svakom setu lash artista, pru\u017eaju\u0107i svestranost i besprijekorne rezultate kod prilago\u0111enog podizanja trepavica.<\/p>\n\t\t\t\t\t\t\t\t<\/div>\n\t\t\t\t<\/div>\n\t\t\t\t<div class=\"elementor-element elementor-element-40fce7ed elementor-widget elementor-widget-toggle\" data-id=\"40fce7ed\" data-element_type=\"widget\" data-widget_type=\"toggle.default\">\n\t\t\t\t<div class=\"elementor-widget-container\">\n\t\t\t\t\t\t\t<div class=\"elementor-toggle\">\n\t\t\t\t\t\t\t<div class=\"elementor-toggle-item\">\n\t\t\t\t\t<div id=\"elementor-tab-title-1091\" class=\"elementor-tab-title\" data-tab=\"1\" role=\"button\" aria-controls=\"elementor-tab-content-1091\" aria-expanded=\"false\">\n\t\t\t\t\t\t\t\t\t\t\t\t<span class=\"elementor-toggle-icon elementor-toggle-icon-left\" aria-hidden=\"true\">\n\t\t\t\t\t\t\t\t\t\t\t\t\t\t\t<span class=\"elementor-toggle-icon-closed\"><svg class=\"e-font-icon-svg e-fas-caret-right\" viewBox=\"0 0 192 512\" xmlns=\"http:\/\/www.w3.org\/2000\/svg\"><path d=\"M0 384.662V127.338c0-17.818 21.543-26.741 34.142-14.142l128.662 128.662c7.81 7.81 7.81 20.474 0 28.284L34.142 398.804C21.543 411.404 0 402.48 0 384.662z\"><\/path><\/svg><\/span>\n\t\t\t\t\t\t\t\t<span class=\"elementor-toggle-icon-opened\"><svg class=\"elementor-toggle-icon-opened e-font-icon-svg e-fas-caret-up\" viewBox=\"0 0 320 512\" xmlns=\"http:\/\/www.w3.org\/2000\/svg\"><path d=\"M288.662 352H31.338c-17.818 0-26.741-21.543-14.142-34.142l128.662-128.662c7.81-7.81 20.474-7.81 28.284 0l128.662 128.662c12.6 12.599 3.676 34.142-14.142 34.142z\"><\/path><\/svg><\/span>\n\t\t\t\t\t\t\t\t\t\t\t\t\t<\/span>\n\t\t\t\t\t\t\t\t\t\t\t\t<a class=\"elementor-toggle-title\" tabindex=\"0\">Prednosti proizvoda<\/a>\n\t\t\t\t\t<\/div>\n\n\t\t\t\t\t<div id=\"elementor-tab-content-1091\" class=\"elementor-tab-content elementor-clearfix\" data-tab=\"1\" role=\"region\" aria-labelledby=\"elementor-tab-title-1091\"><p>&#8211; Izra\u0111eni od vrhunskog silikona za maksimalnu udobnost i lako prianjanje.<br \/>&#8211; Teardrop oblik pru\u017ea prirodno podizanje sa zaobljenim efektom.<br \/>&#8211; Dolazi s dvije boje po veli\u010dini: jednom ru\u017ei\u010dastom i jednom mint zelenom.<\/p>\n<\/div>\n\t\t\t\t<\/div>\n\t\t\t\t\t\t\t\t<\/div>\n\t\t\t\t\t\t<\/div>\n\t\t\t\t<\/div>\n\t\t\t\t<\/div>\n\t\t\t\t\t<\/div>\n\t\t\t\t<\/div>\n\t\t\t\t<\/div>\n\t\t","protected":false},"excerpt":{"rendered":"<p>Otkrijte prekrasno dizajnirane Lamitta lash lift jastu\u010di\u0107e s jedinstvenim, patentiranim dizajnom. Ovi visokokvalitetni silikonski jastu\u010di\u0107i udobno prianjaju uz ko\u017eu, \u0161to olak\u0161ava i ubrzava oblikovanje trepavica. <\/p>\n<p>Jastu\u010di\u0107i spadaju u kategoriju Teardrop, pru\u017eaju\u0107i nje\u017ean lift, dok njihov inovativni dizajn dodaje zaobljeni efekt podizanja za zapanjuju\u0107e rezultate.<\/p>\n<p><strong>Detalji proizvoda:<\/strong><br \/>\n\u2022 Izra\u0111eni od vrhunskog silikona za lako prianjanje i udobnost<br \/>\n\u2022 Teardrop oblik za prirodan lift sa zaobljenim efektom<br \/>\n\u2022 Svaka veli\u010dina uklju\u010duje jedan ru\u017ei\u010dasti i jedan mint zeleni jastu\u010di\u0107<\/p>\n<p><strong>Set uklju\u010duje 5 veli\u010dina:<\/strong><br \/>\n\u2022 SS, SM, M, ML, L<\/p>\n<p>Savr\u0161eni za izradu prilago\u0111enih podizanja trepavica, ovi su jastu\u010di\u0107i neizostavni za svakog lash artista koji \u017eeli posti\u0107i besprijekorne rezultate s lako\u0107om.<\/p>\n","protected":false},"featured_media":25559,"template":"","meta":{"_acf_changed":false,"_monsterinsights_skip_tracking":false,"_monsterinsights_sitenote_active":false,"_monsterinsights_sitenote_note":"","_monsterinsights_sitenote_category":0},"product_brand":[],"product_cat":[531,575,550,529],"product_tag":[],"class_list":{"0":"post-25558","1":"product","2":"type-product","3":"status-publish","4":"has-post-thumbnail","6":"product_cat-istrazi-po-brendu","7":"product_cat-lamitta-hr","8":"product_cat-silikonski-jastucici-i-dodaci","9":"product_cat-trepavice","11":"first","12":"instock","13":"taxable","14":"shipping-taxable","15":"purchasable","16":"product-type-simple"},"acf":[],"aioseo_notices":[],"_links":{"self":[{"href":"https:\/\/browsomepro.com\/hr\/wp-json\/wp\/v2\/product\/25558","targetHints":{"allow":["GET"]}}],"collection":[{"href":"https:\/\/browsomepro.com\/hr\/wp-json\/wp\/v2\/product"}],"about":[{"href":"https:\/\/browsomepro.com\/hr\/wp-json\/wp\/v2\/types\/product"}],"version-history":[{"count":1,"href":"https:\/\/browsomepro.com\/hr\/wp-json\/wp\/v2\/product\/25558\/revisions"}],"predecessor-version":[{"id":25562,"href":"https:\/\/browsomepro.com\/hr\/wp-json\/wp\/v2\/product\/25558\/revisions\/25562"}],"wp:featuredmedia":[{"embeddable":true,"href":"https:\/\/browsomepro.com\/hr\/wp-json\/wp\/v2\/media\/25559"}],"wp:attachment":[{"href":"https:\/\/browsomepro.com\/hr\/wp-json\/wp\/v2\/media?parent=25558"}],"wp:term":[{"taxonomy":"product_brand","embeddable":true,"href":"https:\/\/browsomepro.com\/hr\/wp-json\/wp\/v2\/product_brand?post=25558"},{"taxonomy":"product_cat","embeddable":true,"href":"https:\/\/browsomepro.com\/hr\/wp-json\/wp\/v2\/product_cat?post=25558"},{"taxonomy":"product_tag","embeddable":true,"href":"https:\/\/browsomepro.com\/hr\/wp-json\/wp\/v2\/product_tag?post=25558"}],"curies":[{"name":"wp","href":"https:\/\/api.w.org\/{rel}","templated":true}]}}