{"id":25435,"date":"2024-11-18T17:52:25","date_gmt":"2024-11-18T16:52:25","guid":{"rendered":"https:\/\/browsomepro.com\/product\/noemi-gel-developer-50ml-2\/"},"modified":"2026-03-23T11:27:00","modified_gmt":"2026-03-23T10:27:00","slug":"noemi-gel-developer-50ml-2","status":"publish","type":"product","link":"https:\/\/browsomepro.com\/hr\/proizvod\/noemi-gel-developer-50ml-2\/","title":{"rendered":"Noemi &#8211; Gel Developer 50ml"},"content":{"rendered":"\t\t<div data-elementor-type=\"product-post\" data-elementor-id=\"25435\" class=\"elementor elementor-25435 elementor-17125\" data-elementor-post-type=\"product\">\n\t\t\t\t<div class=\"elementor-element elementor-element-7f86d9c1 e-flex e-con-boxed e-con e-parent\" data-id=\"7f86d9c1\" data-element_type=\"container\">\n\t\t\t\t\t<div class=\"e-con-inner\">\n\t\t<div class=\"elementor-element elementor-element-2ea0d1e8 e-con-full e-flex e-con e-child\" data-id=\"2ea0d1e8\" data-element_type=\"container\">\n\t\t\t\t<div class=\"elementor-element elementor-element-6e6eed0 elementor-widget elementor-widget-image\" data-id=\"6e6eed0\" data-element_type=\"widget\" data-widget_type=\"image.default\">\n\t\t\t\t<div class=\"elementor-widget-container\">\n\t\t\t\t\t\t\t\t\t\t\t\t\t\t\t<img fetchpriority=\"high\" decoding=\"async\" width=\"2000\" height=\"2000\" src=\"https:\/\/browsomepro.com\/wp-content\/uploads\/2024\/11\/noemi-developers-browsome.webp\" class=\"attachment-full size-full wp-image-25436\" alt=\"\" srcset=\"https:\/\/browsomepro.com\/wp-content\/uploads\/2024\/11\/noemi-developers-browsome.webp 2000w, https:\/\/browsomepro.com\/wp-content\/uploads\/2024\/11\/noemi-developers-browsome-300x300.webp 300w, https:\/\/browsomepro.com\/wp-content\/uploads\/2024\/11\/noemi-developers-browsome-150x150.webp 150w, https:\/\/browsomepro.com\/wp-content\/uploads\/2024\/11\/noemi-developers-browsome-800x800.webp 800w, https:\/\/browsomepro.com\/wp-content\/uploads\/2024\/11\/noemi-developers-browsome-1024x1024.webp 1024w, https:\/\/browsomepro.com\/wp-content\/uploads\/2024\/11\/noemi-developers-browsome-768x768.webp 768w, https:\/\/browsomepro.com\/wp-content\/uploads\/2024\/11\/noemi-developers-browsome-1536x1536.webp 1536w, https:\/\/browsomepro.com\/wp-content\/uploads\/2024\/11\/noemi-developers-browsome-990x990.webp 990w, https:\/\/browsomepro.com\/wp-content\/uploads\/2024\/11\/noemi-developers-browsome-441x441.webp 441w, https:\/\/browsomepro.com\/wp-content\/uploads\/2024\/11\/noemi-developers-browsome-100x100.webp 100w\" sizes=\"(max-width: 360px) 147px, (max-width: 2000px) 100vw, 2000px\" \/>\t\t\t\t\t\t\t\t\t\t\t\t\t\t\t<\/div>\n\t\t\t\t<\/div>\n\t\t\t\t<\/div>\n\t\t<div class=\"elementor-element elementor-element-1a24d80f e-con-full e-flex e-con e-child\" data-id=\"1a24d80f\" data-element_type=\"container\" data-settings=\"{&quot;background_background&quot;:&quot;classic&quot;}\">\n\t\t\t\t<div class=\"elementor-element elementor-element-3ba2cf6a elementor-widget elementor-widget-heading\" data-id=\"3ba2cf6a\" data-element_type=\"widget\" data-widget_type=\"heading.default\">\n\t\t\t\t<div class=\"elementor-widget-container\">\n\t\t\t\t\t<h2 class=\"elementor-heading-title elementor-size-default\">Noemi Developer \u2013 usporedba originalnog i novog<\/h2>\t\t\t\t<\/div>\n\t\t\t\t<\/div>\n\t\t\t\t<div class=\"elementor-element elementor-element-688a8ac5 elementor-widget elementor-widget-text-editor\" data-id=\"688a8ac5\" data-element_type=\"widget\" data-widget_type=\"text-editor.default\">\n\t\t\t\t<div class=\"elementor-widget-container\">\n\t\t\t\t\t\t\t\t\t<h3><strong>Originalni Developer<\/strong><\/h3>\n<ul>\n<li><strong>Zavr\u0161ni efekt: <\/strong>pru\u017ea prirodan, puderasti izgled, idealan za klijentice koje \u017eele nje\u017eniji i suptilniji ton.<\/li>\n<li>Tekstura: kremasta i glatka, osigurava ujedna\u010deno mije\u0161anje s bojom.<\/li>\n<li><strong>Nano\u0161enje: <\/strong>formula koja se ne cijedi omogu\u0107uje jednostavno nano\u0161enje bez nereda i rasipanja proizvoda.<\/li>\n<li><strong>Omjer mije\u0161anja: <\/strong>1:1 s Noemi Dye za ujedna\u010dene rezultate.<\/li>\n<\/ul>\n<h3><strong>Novi GEL Razvija\u010d<\/strong><\/h3>\n<ul>\n<li><strong>Zavr\u0161ni efekt:<\/strong> pru\u017ea dublji i intenzivniji ton, idealan za klijentice koje \u017eele nagla\u0161en i definiran izgled.<\/li>\n<li><strong>Tekstura: <\/strong>kremasta, sli\u010dna prethodnoj, ali pobolj\u0161ana za bolje mije\u0161anje i preciznost.<\/li>\n<li><strong>Nano\u0161enje: <\/strong>zadr\u017eava kremastu formulu koja se ne razlijeva, omogu\u0107uju\u0107i \u010disto i precizno nano\u0161enje.<\/li>\n<li><strong>Omjer mije\u0161anja:<\/strong> 1:1 s Noemi Dye za besprijekorno spajanje.<\/li>\n<\/ul>\n<p><strong>Klju\u010dna razlika:<\/strong><br \/>Dok <strong>stari razvija\u010d<\/strong> daje prirodan, puderasti zavr\u0161etak, <strong>novi GEL razvija\u010d<\/strong> poja\u010dava intenzitet, pru\u017eaju\u0107i definiranije i dugotrajnije rezultate. Bilo da klijentice \u017eele suptilan ili upe\u010datljiv izgled, Noemi sada nudi savr\u0161enu opciju za svaku \u017eelju. <\/p>\n\t\t\t\t\t\t\t\t<\/div>\n\t\t\t\t<\/div>\n\t\t\t\t<\/div>\n\t\t\t\t\t<\/div>\n\t\t\t\t<\/div>\n\t\t\t\t<\/div>\n\t\t","protected":false},"excerpt":{"rendered":"<p><span style=\"font-weight: 400;\">Predstavljamo<\/span> <b>Noemi GEL Developer<\/b><span style=\"font-weight: 400;\"> \u2013 nezaobilazan dodatak va\u0161oj rutini bojenja obrva za postizanje intenzivnijih i bolje definiranih rezultata! Savr\u0161en za klijentice koje \u017eele izra\u017eeniji i dugotrajniji izgled, ova inovativna gel formula pru\u017ea preciznost i intenzitet koji nadma\u0161uje originalni kremasti developer. <\/span><\/p>\n<p><span style=\"font-weight: 400;\">Dok originalni kremasti developer Noemi pru\u017ea nje\u017ean, prahasti zavr\u0161etak, GEL Developer poja\u010dava u\u010dinak boje, daju\u0107i intenzivniji i precizniji rezultat. Bilo da ste novi u Noemi liniji ili vjerni korisnik, ovaj gel developer nezaobilazan je dodatak va\u0161em setu za bojenje obrva! <\/span><\/p>\n<p><b>Za\u0161to odabrati Noemi GEL razvija\u010d?<\/b><\/p>\n<ul>\n<li style=\"font-weight: 400;\" aria-level=\"1\"><b>Pove\u0107ana intenzivnost:<\/b> <span style=\"font-weight: 400;\">Stvara nagla\u0161en i definiran trag, savr\u0161en za istaknute obrve.<\/span><\/li>\n<\/ul>\n<p>Precizna primjena: <span style=\"font-weight: 400;\">Gel formula omogu\u0107uje kontrolu, pru\u017eaju\u0107i detaljne i konzistentne rezultate.<\/span><\/p>\n[cg_accordion title=\"Sastojci\"]<span style=\"font-weight: 400;\">Aqua (Voda), Carbomer, Sodium Stannate, Hydrogen Peroxide, Propylene Glycol, EDTA, Orthophosphoric Acid<br \/> <\/span><br \/>\n[\/cg_accordion]\n","protected":false},"featured_media":25335,"template":"","meta":{"_acf_changed":false,"_monsterinsights_skip_tracking":false,"_monsterinsights_sitenote_active":false,"_monsterinsights_sitenote_note":"","_monsterinsights_sitenote_category":0},"product_brand":[],"product_cat":[580,538,531,577,537,553,562,536],"product_tag":[],"class_list":{"0":"post-25435","1":"product","2":"type-product","3":"status-publish","4":"has-post-thumbnail","6":"product_cat-boja-za-obrve-hr-3","7":"product_cat-boja-za-obrve","8":"product_cat-istrazi-po-brendu","9":"product_cat-laminacija-obrva-hr-4","10":"product_cat-laminacija-obrva","11":"product_cat-najprodavaniji-proizvodi","12":"product_cat-noemi-hr","13":"product_cat-obrve","15":"first","16":"instock","17":"taxable","18":"shipping-taxable","19":"purchasable","20":"product-type-simple"},"acf":[],"aioseo_notices":[],"_links":{"self":[{"href":"https:\/\/browsomepro.com\/hr\/wp-json\/wp\/v2\/product\/25435","targetHints":{"allow":["GET"]}}],"collection":[{"href":"https:\/\/browsomepro.com\/hr\/wp-json\/wp\/v2\/product"}],"about":[{"href":"https:\/\/browsomepro.com\/hr\/wp-json\/wp\/v2\/types\/product"}],"version-history":[{"count":1,"href":"https:\/\/browsomepro.com\/hr\/wp-json\/wp\/v2\/product\/25435\/revisions"}],"predecessor-version":[{"id":25437,"href":"https:\/\/browsomepro.com\/hr\/wp-json\/wp\/v2\/product\/25435\/revisions\/25437"}],"wp:featuredmedia":[{"embeddable":true,"href":"https:\/\/browsomepro.com\/hr\/wp-json\/wp\/v2\/media\/25335"}],"wp:attachment":[{"href":"https:\/\/browsomepro.com\/hr\/wp-json\/wp\/v2\/media?parent=25435"}],"wp:term":[{"taxonomy":"product_brand","embeddable":true,"href":"https:\/\/browsomepro.com\/hr\/wp-json\/wp\/v2\/product_brand?post=25435"},{"taxonomy":"product_cat","embeddable":true,"href":"https:\/\/browsomepro.com\/hr\/wp-json\/wp\/v2\/product_cat?post=25435"},{"taxonomy":"product_tag","embeddable":true,"href":"https:\/\/browsomepro.com\/hr\/wp-json\/wp\/v2\/product_tag?post=25435"}],"curies":[{"name":"wp","href":"https:\/\/api.w.org\/{rel}","templated":true}]}}