{"id":25432,"date":"2024-11-18T18:00:01","date_gmt":"2024-11-18T17:00:01","guid":{"rendered":"https:\/\/browsomepro.com\/product\/noemi-gel-developer-14ml-2\/"},"modified":"2026-04-08T10:44:22","modified_gmt":"2026-04-08T09:44:22","slug":"noemi-gel-developer-14ml-2","status":"publish","type":"product","link":"https:\/\/browsomepro.com\/hr\/proizvod\/noemi-gel-developer-14ml-2\/","title":{"rendered":"Noemi &#8211; Gel Developer 14ml"},"content":{"rendered":"\t\t<div data-elementor-type=\"product-post\" data-elementor-id=\"25432\" class=\"elementor elementor-25432 elementor-17133\" data-elementor-post-type=\"product\">\n\t\t\t\t<div class=\"elementor-element elementor-element-67ca5c04 e-flex e-con-boxed e-con e-parent\" data-id=\"67ca5c04\" data-element_type=\"container\">\n\t\t\t\t\t<div class=\"e-con-inner\">\n\t\t<div class=\"elementor-element elementor-element-66f73b68 e-con-full e-flex e-con e-child\" data-id=\"66f73b68\" data-element_type=\"container\">\n\t\t\t\t<div class=\"elementor-element elementor-element-3e688eae elementor-widget elementor-widget-image\" data-id=\"3e688eae\" data-element_type=\"widget\" data-widget_type=\"image.default\">\n\t\t\t\t<div class=\"elementor-widget-container\">\n\t\t\t\t\t\t\t\t\t\t\t\t\t\t\t<img fetchpriority=\"high\" decoding=\"async\" width=\"2000\" height=\"2000\" src=\"https:\/\/browsomepro.com\/wp-content\/uploads\/2024\/11\/noemi-developers-browsome.webp\" class=\"attachment-full size-full wp-image-25436\" alt=\"\" srcset=\"https:\/\/browsomepro.com\/wp-content\/uploads\/2024\/11\/noemi-developers-browsome.webp 2000w, https:\/\/browsomepro.com\/wp-content\/uploads\/2024\/11\/noemi-developers-browsome-300x300.webp 300w, https:\/\/browsomepro.com\/wp-content\/uploads\/2024\/11\/noemi-developers-browsome-150x150.webp 150w, https:\/\/browsomepro.com\/wp-content\/uploads\/2024\/11\/noemi-developers-browsome-800x800.webp 800w, https:\/\/browsomepro.com\/wp-content\/uploads\/2024\/11\/noemi-developers-browsome-1024x1024.webp 1024w, https:\/\/browsomepro.com\/wp-content\/uploads\/2024\/11\/noemi-developers-browsome-768x768.webp 768w, https:\/\/browsomepro.com\/wp-content\/uploads\/2024\/11\/noemi-developers-browsome-1536x1536.webp 1536w, https:\/\/browsomepro.com\/wp-content\/uploads\/2024\/11\/noemi-developers-browsome-990x990.webp 990w, https:\/\/browsomepro.com\/wp-content\/uploads\/2024\/11\/noemi-developers-browsome-441x441.webp 441w, https:\/\/browsomepro.com\/wp-content\/uploads\/2024\/11\/noemi-developers-browsome-100x100.webp 100w\" sizes=\"(max-width: 360px) 147px, (max-width: 2000px) 100vw, 2000px\" \/>\t\t\t\t\t\t\t\t\t\t\t\t\t\t\t<\/div>\n\t\t\t\t<\/div>\n\t\t\t\t<\/div>\n\t\t<div class=\"elementor-element elementor-element-40c3de6e e-con-full e-flex e-con e-child\" data-id=\"40c3de6e\" data-element_type=\"container\" data-settings=\"{&quot;background_background&quot;:&quot;classic&quot;}\">\n\t\t\t\t<div class=\"elementor-element elementor-element-6652f29c elementor-widget elementor-widget-heading\" data-id=\"6652f29c\" data-element_type=\"widget\" data-widget_type=\"heading.default\">\n\t\t\t\t<div class=\"elementor-widget-container\">\n\t\t\t\t\t<h2 class=\"elementor-heading-title elementor-size-default\">Noemi Developer \u2013 usporedba originalnog i novog<\/h2>\t\t\t\t<\/div>\n\t\t\t\t<\/div>\n\t\t\t\t<div class=\"elementor-element elementor-element-275efff7 elementor-widget elementor-widget-text-editor\" data-id=\"275efff7\" data-element_type=\"widget\" data-widget_type=\"text-editor.default\">\n\t\t\t\t<div class=\"elementor-widget-container\">\n\t\t\t\t\t\t\t\t\t<h3><strong>Originalni razvija\u010d<\/strong><\/h3>\n<ul>\n<li><strong>Zavr\u0161ni efekt:<\/strong> pru\u017ea prirodan, puderasti izgled, idealan za klijentice koje \u017eele nje\u017eniji i suptilniji ton.<\/li>\n<li><strong>Tekstura:<\/strong> kremasta i glatka, osigurava ujedna\u010deno mije\u0161anje s bojom.<\/li>\n<li><strong>Nano\u0161enje:<\/strong> formula koja se ne razlijeva omogu\u0107uje jednostavno nano\u0161enje bez nereda i rasipanja proizvoda.<\/li>\n<li><strong>Omjer mije\u0161anja:<\/strong> 1:1 s Noemi Dye za ujedna\u010dene rezultate.<\/li>\n<\/ul>\n<h3><strong>Novi GEL razvija\u010d<\/strong><\/h3>\n<ul>\n<li><strong>Zavr\u0161ni efekt:<\/strong> pru\u017ea dublji i intenzivniji ton, idealan za klijentice koje \u017eele nagla\u0161en i definiran izgled.<\/li>\n<li><strong>Tekstura: <\/strong>kremasta, sli\u010dna prethodnoj, ali pobolj\u0161ana za bolje mije\u0161anje i preciznost.<\/li>\n<li><strong>Nano\u0161enje: <\/strong>zadr\u017eava kremastu formulu koja se ne razlijeva, omogu\u0107uju\u0107i \u010disto i precizno nano\u0161enje.<\/li>\n<li><strong>Omjer mije\u0161anja:<\/strong> 1:1 s Noemi Dye za besprijekorno spajanje.<\/li>\n<\/ul>\n<p><strong>Klju\u010dna razlika:<\/strong><br \/>Dok <strong>stari razvija\u010d<\/strong> daje prirodan, puderasti zavr\u0161etak, n<strong>ovi GEL razvija\u010d<\/strong> poja\u010dava intenzitet, pru\u017eaju\u0107i definiranije i dugotrajnije rezultate. Bilo da klijentice \u017eele suptilan ili upe\u010datljiv izgled, Noemi sada nudi savr\u0161enu opciju za svaku \u017eelju. <\/p>\n\t\t\t\t\t\t\t\t<\/div>\n\t\t\t\t<\/div>\n\t\t\t\t<\/div>\n\t\t\t\t\t<\/div>\n\t\t\t\t<\/div>\n\t\t\t\t<\/div>\n\t\t","protected":false},"excerpt":{"rendered":"<p><span style=\"font-weight: 400;\">Predstavljamo<\/span> <b>Noemi GEL Developer<\/b><span style=\"font-weight: 400;\"> \u2013 Neizostavan dodatak va\u0161oj rutini bojenja obrva za postizanje intenzivnijih i preciznijih rezultata! Savr\u0161en za klijente koji \u017eele nagla\u0161eniji i dugotrajniji izgled, ovaj inovativni gel razvija\u010d pru\u017ea preciznost i intenzitet iznad standardnog krem razvija\u010da. <\/span><\/p>\n<p><span style=\"font-weight: 400;\">Dok originalni krem razvija\u010d Noemi pru\u017ea nje\u017ean, puderasti zavr\u0161etak, GEL razvija\u010d poja\u010dava efekt boje s \u017eivopisnijim i izra\u017eenijim rezultatom. Bilo da ste novi u Noemi asortimanu ili vjerni korisnik, ovaj gel razvija\u010d je neizostavan dodatak va\u0161em setu za bojenje! <\/span><\/p>\n<p><b>Za\u0161to odabrati Noemi GEL razvija\u010d?<\/b><\/p>\n<ul>\n<li style=\"font-weight: 400;\" aria-level=\"1\"><b>Pove\u0107ana intenzivnost: <\/b><span style=\"font-weight: 400;\">Stvara nagla\u0161en i definiran trag, savr\u0161en za istaknute obrve.<\/span><\/li>\n<\/ul>\n<p><b>Precizna primjena:<\/b> <span style=\"font-weight: 400;\">Gel formula omogu\u0107uje kontrolu, pru\u017eaju\u0107i detaljne i konzistentne rezultate. <\/span>[cg_accordion title=\"Sastojci\"]Aqua, Carbomer, Sodium Stannate, Hydrogen Peroxide, Propylene Glycol, EDTA, Orthophosphoric Acid[\/cg_accordion]<\/p>\n","protected":false},"featured_media":25433,"template":"","meta":{"_acf_changed":false,"_monsterinsights_skip_tracking":false,"_monsterinsights_sitenote_active":false,"_monsterinsights_sitenote_note":"","_monsterinsights_sitenote_category":0},"product_brand":[],"product_cat":[538,580,531,577,537,562,536],"product_tag":[],"class_list":{"0":"post-25432","1":"product","2":"type-product","3":"status-publish","4":"has-post-thumbnail","6":"product_cat-boja-za-obrve","7":"product_cat-boja-za-obrve-hr-3","8":"product_cat-istrazi-po-brendu","9":"product_cat-laminacija-obrva-hr-4","10":"product_cat-laminacija-obrva","11":"product_cat-noemi-hr","12":"product_cat-obrve","14":"first","15":"instock","16":"taxable","17":"shipping-taxable","18":"purchasable","19":"product-type-simple"},"acf":[],"aioseo_notices":[],"_links":{"self":[{"href":"https:\/\/browsomepro.com\/hr\/wp-json\/wp\/v2\/product\/25432","targetHints":{"allow":["GET"]}}],"collection":[{"href":"https:\/\/browsomepro.com\/hr\/wp-json\/wp\/v2\/product"}],"about":[{"href":"https:\/\/browsomepro.com\/hr\/wp-json\/wp\/v2\/types\/product"}],"version-history":[{"count":1,"href":"https:\/\/browsomepro.com\/hr\/wp-json\/wp\/v2\/product\/25432\/revisions"}],"predecessor-version":[{"id":25434,"href":"https:\/\/browsomepro.com\/hr\/wp-json\/wp\/v2\/product\/25432\/revisions\/25434"}],"wp:featuredmedia":[{"embeddable":true,"href":"https:\/\/browsomepro.com\/hr\/wp-json\/wp\/v2\/media\/25433"}],"wp:attachment":[{"href":"https:\/\/browsomepro.com\/hr\/wp-json\/wp\/v2\/media?parent=25432"}],"wp:term":[{"taxonomy":"product_brand","embeddable":true,"href":"https:\/\/browsomepro.com\/hr\/wp-json\/wp\/v2\/product_brand?post=25432"},{"taxonomy":"product_cat","embeddable":true,"href":"https:\/\/browsomepro.com\/hr\/wp-json\/wp\/v2\/product_cat?post=25432"},{"taxonomy":"product_tag","embeddable":true,"href":"https:\/\/browsomepro.com\/hr\/wp-json\/wp\/v2\/product_tag?post=25432"}],"curies":[{"name":"wp","href":"https:\/\/api.w.org\/{rel}","templated":true}]}}