{"id":25253,"date":"2025-01-15T12:26:18","date_gmt":"2025-01-15T11:26:18","guid":{"rendered":"https:\/\/browsomepro.com\/product\/disal-make-up-brush-cleaner-200-ml\/"},"modified":"2025-11-13T11:22:41","modified_gmt":"2025-11-13T10:22:41","slug":"disal-make-up-brush-cleaner-200-ml","status":"publish","type":"product","link":"https:\/\/browsomepro.com\/hr\/proizvod\/disal-make-up-brush-cleaner-200-ml\/","title":{"rendered":"disAL &#8211; Make up Brush Cleaner 200 ML"},"content":{"rendered":"\t\t<div data-elementor-type=\"product-post\" data-elementor-id=\"25253\" class=\"elementor elementor-25253 elementor-18669\" data-elementor-post-type=\"product\">\n\t\t\t\t<div class=\"elementor-element elementor-element-75d31477 e-flex e-con-boxed e-con e-parent\" data-id=\"75d31477\" data-element_type=\"container\">\n\t\t\t\t\t<div class=\"e-con-inner\">\n\t\t<div class=\"elementor-element elementor-element-87c04f3 e-con-full e-flex e-con e-child\" data-id=\"87c04f3\" data-element_type=\"container\" data-settings=\"{&quot;background_background&quot;:&quot;classic&quot;}\">\n\t\t\t\t<div class=\"elementor-element elementor-element-62855e3b elementor-widget elementor-widget-heading\" data-id=\"62855e3b\" data-element_type=\"widget\" data-widget_type=\"heading.default\">\n\t\t\t\t<div class=\"elementor-widget-container\">\n\t\t\t\t\t<h2 class=\"elementor-heading-title elementor-size-default\">Savr\u0161ena higijena salona: Profesionalna rje\u0161enja za \u010di\u0161\u0107enje<\/h2>\t\t\t\t<\/div>\n\t\t\t\t<\/div>\n\t\t\t\t<div class=\"elementor-element elementor-element-737d5f56 elementor-widget elementor-widget-text-editor\" data-id=\"737d5f56\" data-element_type=\"widget\" data-widget_type=\"text-editor.default\">\n\t\t\t\t<div class=\"elementor-widget-container\">\n\t\t\t\t\t\t\t\t\t<p>Transformirajte svoj radni prostor profesionalnim sredstvima za \u010di\u0161\u0107enje, posebno dizajniranim za beauty i frizerske salone te barber shopove. Od odr\u017eavanja besprijekornih alata do osiguravanja higijenskih povr\u0161ina, disAL napredna rje\u0161enja savr\u0161ena su za \u010duvanje \u010disto\u0107e, urednosti i privla\u010dnosti va\u0161eg salona. <\/p>\n<p>Dizajnirani s naglaskom na kvalitetu i u\u010dinkovitost, ovi proizvodi zadovoljavaju razne potrebe \u010di\u0161\u0107enja, nude\u0107i brzinu, svestranost i jednostavnost upotrebe. Podignite profesionalne standarde uz sprejeve za \u010di\u0161\u0107enje koji pru\u017eaju vrhunske rezultate svaki put. <\/p>\n<p><em><strong>Odaberite izvrsnost \u2013 odaberite higijenu!<\/strong><\/em><\/p>\n\t\t\t\t\t\t\t\t<\/div>\n\t\t\t\t<\/div>\n\t\t\t\t<div class=\"elementor-element elementor-element-2b26beb8 elementor-widget elementor-widget-toggle\" data-id=\"2b26beb8\" data-element_type=\"widget\" data-widget_type=\"toggle.default\">\n\t\t\t\t<div class=\"elementor-widget-container\">\n\t\t\t\t\t\t\t<div class=\"elementor-toggle\">\n\t\t\t\t\t\t\t<div class=\"elementor-toggle-item\">\n\t\t\t\t\t<div id=\"elementor-tab-title-7231\" class=\"elementor-tab-title\" data-tab=\"1\" role=\"button\" aria-controls=\"elementor-tab-content-7231\" aria-expanded=\"false\">\n\t\t\t\t\t\t\t\t\t\t\t\t<span class=\"elementor-toggle-icon elementor-toggle-icon-left\" aria-hidden=\"true\">\n\t\t\t\t\t\t\t\t\t\t\t\t\t\t\t<span class=\"elementor-toggle-icon-closed\"><svg class=\"e-font-icon-svg e-fas-caret-right\" viewBox=\"0 0 192 512\" xmlns=\"http:\/\/www.w3.org\/2000\/svg\"><path d=\"M0 384.662V127.338c0-17.818 21.543-26.741 34.142-14.142l128.662 128.662c7.81 7.81 7.81 20.474 0 28.284L34.142 398.804C21.543 411.404 0 402.48 0 384.662z\"><\/path><\/svg><\/span>\n\t\t\t\t\t\t\t\t<span class=\"elementor-toggle-icon-opened\"><svg class=\"elementor-toggle-icon-opened e-font-icon-svg e-fas-caret-up\" viewBox=\"0 0 320 512\" xmlns=\"http:\/\/www.w3.org\/2000\/svg\"><path d=\"M288.662 352H31.338c-17.818 0-26.741-21.543-14.142-34.142l128.662-128.662c7.81-7.81 20.474-7.81 28.284 0l128.662 128.662c12.6 12.599 3.676 34.142-14.142 34.142z\"><\/path><\/svg><\/span>\n\t\t\t\t\t\t\t\t\t\t\t\t\t<\/span>\n\t\t\t\t\t\t\t\t\t\t\t\t<a class=\"elementor-toggle-title\" tabindex=\"0\">Make-up Brush Cleaner<\/a>\n\t\t\t\t\t<\/div>\n\n\t\t\t\t\t<div id=\"elementor-tab-content-7231\" class=\"elementor-tab-content elementor-clearfix\" data-tab=\"1\" role=\"region\" aria-labelledby=\"elementor-tab-title-7231\"><p>Profesionalni sprej za \u010di\u0161\u0107enje i odma\u0161\u0107ivanje kistova za make-up. U\u010dinkovito otapa i uklanja puder, vodootpornu olovku za o\u010di i podlogu, ostavljaju\u0107i kistove besprijekornima i higijenskima.  <\/p>\n<\/div>\n\t\t\t\t<\/div>\n\t\t\t\t\t\t\t<div class=\"elementor-toggle-item\">\n\t\t\t\t\t<div id=\"elementor-tab-title-7232\" class=\"elementor-tab-title\" data-tab=\"2\" role=\"button\" aria-controls=\"elementor-tab-content-7232\" aria-expanded=\"false\">\n\t\t\t\t\t\t\t\t\t\t\t\t<span class=\"elementor-toggle-icon elementor-toggle-icon-left\" aria-hidden=\"true\">\n\t\t\t\t\t\t\t\t\t\t\t\t\t\t\t<span class=\"elementor-toggle-icon-closed\"><svg class=\"e-font-icon-svg e-fas-caret-right\" viewBox=\"0 0 192 512\" xmlns=\"http:\/\/www.w3.org\/2000\/svg\"><path d=\"M0 384.662V127.338c0-17.818 21.543-26.741 34.142-14.142l128.662 128.662c7.81 7.81 7.81 20.474 0 28.284L34.142 398.804C21.543 411.404 0 402.48 0 384.662z\"><\/path><\/svg><\/span>\n\t\t\t\t\t\t\t\t<span class=\"elementor-toggle-icon-opened\"><svg class=\"elementor-toggle-icon-opened e-font-icon-svg e-fas-caret-up\" viewBox=\"0 0 320 512\" xmlns=\"http:\/\/www.w3.org\/2000\/svg\"><path d=\"M288.662 352H31.338c-17.818 0-26.741-21.543-14.142-34.142l128.662-128.662c7.81-7.81 20.474-7.81 28.284 0l128.662 128.662c12.6 12.599 3.676 34.142-14.142 34.142z\"><\/path><\/svg><\/span>\n\t\t\t\t\t\t\t\t\t\t\t\t\t<\/span>\n\t\t\t\t\t\t\t\t\t\t\t\t<a class=\"elementor-toggle-title\" tabindex=\"0\">Multi-surface Cleaner<\/a>\n\t\t\t\t\t<\/div>\n\n\t\t\t\t\t<div id=\"elementor-tab-content-7232\" class=\"elementor-tab-content elementor-clearfix\" data-tab=\"2\" role=\"region\" aria-labelledby=\"elementor-tab-title-7232\"><p>Odr\u017eavajte svoj salon besprijekornim uz <strong>Multi-Surface Cleaner<\/strong>, dizajniran za beauty i frizerske salone te barber shopove. Savr\u0161en za glatke povr\u0161ine poput keramike, stakla, plastike i nehr\u0111aju\u0107eg \u010delika, lako uklanja prljav\u0161tinu i mrlje. <\/p>\n<\/div>\n\t\t\t\t<\/div>\n\t\t\t\t\t\t\t<div class=\"elementor-toggle-item\">\n\t\t\t\t\t<div id=\"elementor-tab-title-7233\" class=\"elementor-tab-title\" data-tab=\"3\" role=\"button\" aria-controls=\"elementor-tab-content-7233\" aria-expanded=\"false\">\n\t\t\t\t\t\t\t\t\t\t\t\t<span class=\"elementor-toggle-icon elementor-toggle-icon-left\" aria-hidden=\"true\">\n\t\t\t\t\t\t\t\t\t\t\t\t\t\t\t<span class=\"elementor-toggle-icon-closed\"><svg class=\"e-font-icon-svg e-fas-caret-right\" viewBox=\"0 0 192 512\" xmlns=\"http:\/\/www.w3.org\/2000\/svg\"><path d=\"M0 384.662V127.338c0-17.818 21.543-26.741 34.142-14.142l128.662 128.662c7.81 7.81 7.81 20.474 0 28.284L34.142 398.804C21.543 411.404 0 402.48 0 384.662z\"><\/path><\/svg><\/span>\n\t\t\t\t\t\t\t\t<span class=\"elementor-toggle-icon-opened\"><svg class=\"elementor-toggle-icon-opened e-font-icon-svg e-fas-caret-up\" viewBox=\"0 0 320 512\" xmlns=\"http:\/\/www.w3.org\/2000\/svg\"><path d=\"M288.662 352H31.338c-17.818 0-26.741-21.543-14.142-34.142l128.662-128.662c7.81-7.81 20.474-7.81 28.284 0l128.662 128.662c12.6 12.599 3.676 34.142-14.142 34.142z\"><\/path><\/svg><\/span>\n\t\t\t\t\t\t\t\t\t\t\t\t\t<\/span>\n\t\t\t\t\t\t\t\t\t\t\t\t<a class=\"elementor-toggle-title\" tabindex=\"0\">Beauty Tool Cleaner<\/a>\n\t\t\t\t\t<\/div>\n\n\t\t\t\t\t<div id=\"elementor-tab-content-7233\" class=\"elementor-tab-content elementor-clearfix\" data-tab=\"3\" role=\"region\" aria-labelledby=\"elementor-tab-title-7233\"><p>Odr\u017eavajte higijenske alate uz <strong>Beauty Tool Cleaner,<\/strong> svestrani sprej za brzo i u\u010dinkovito \u010di\u0161\u0107enje kozmeti\u010dkih alata u beauty i frizerskim salonima te barber shopovima.<\/p>\n<p>Kompatibilan s nehr\u0111aju\u0107im \u010delikom, obojenim metalima i plastikom, ovo sredstvo za \u010di\u0161\u0107enje pru\u017ea pouzdano rje\u0161enje za odr\u017eavanje \u010disto\u0107e i dugovje\u010dnosti va\u0161ih profesionalnih alata.<\/p>\n<\/div>\n\t\t\t\t<\/div>\n\t\t\t\t\t\t\t\t<\/div>\n\t\t\t\t\t\t<\/div>\n\t\t\t\t<\/div>\n\t\t\t\t<\/div>\n\t\t<div class=\"elementor-element elementor-element-49ceb979 e-con-full e-flex e-con e-child\" data-id=\"49ceb979\" data-element_type=\"container\">\n\t\t\t\t<div class=\"elementor-element elementor-element-4806116e elementor-widget elementor-widget-image\" data-id=\"4806116e\" data-element_type=\"widget\" data-widget_type=\"image.default\">\n\t\t\t\t<div class=\"elementor-widget-container\">\n\t\t\t\t\t\t\t\t\t\t\t\t\t\t\t<img fetchpriority=\"high\" decoding=\"async\" width=\"1080\" height=\"1080\" src=\"https:\/\/browsomepro.com\/wp-content\/uploads\/2025\/01\/disal_all_last.png\" class=\"attachment-full size-full wp-image-25255\" alt=\"\" srcset=\"https:\/\/browsomepro.com\/wp-content\/uploads\/2025\/01\/disal_all_last.png 1080w, https:\/\/browsomepro.com\/wp-content\/uploads\/2025\/01\/disal_all_last-300x300.png 300w, https:\/\/browsomepro.com\/wp-content\/uploads\/2025\/01\/disal_all_last-150x150.png 150w, https:\/\/browsomepro.com\/wp-content\/uploads\/2025\/01\/disal_all_last-800x800.png 800w, https:\/\/browsomepro.com\/wp-content\/uploads\/2025\/01\/disal_all_last-1024x1024.png 1024w, https:\/\/browsomepro.com\/wp-content\/uploads\/2025\/01\/disal_all_last-768x768.png 768w, https:\/\/browsomepro.com\/wp-content\/uploads\/2025\/01\/disal_all_last-990x990.png 990w, https:\/\/browsomepro.com\/wp-content\/uploads\/2025\/01\/disal_all_last-441x441.png 441w, https:\/\/browsomepro.com\/wp-content\/uploads\/2025\/01\/disal_all_last-100x100.png 100w\" sizes=\"(max-width: 360px) 147px, (max-width: 1080px) 100vw, 1080px\" \/>\t\t\t\t\t\t\t\t\t\t\t\t\t\t\t<\/div>\n\t\t\t\t<\/div>\n\t\t\t\t<\/div>\n\t\t\t\t\t<\/div>\n\t\t\t\t<\/div>\n\t\t\t\t<\/div>\n\t\t","protected":false},"excerpt":{"rendered":"<p>Odr\u017eavajte svoje kistove za make-up besprijekornima i higijenskima uz <strong>disAL Professional Brush Cleaning Spray<\/strong>. Posebno dizajniran za dubinsko \u010di\u0161\u0107enje i odma\u0161\u0107ivanje, ovaj sprej u\u010dinkovito otapa i uklanja tvrdokorne ostatke make-upa, uklju\u010duju\u0107i puder, vodootpornu olovku za o\u010di i podlogu. <\/p>\n<p>Bilo da ste profesionalni make-up umjetnik ili zaljubljenik u ljepotu, ovaj proizvod osigurava da va\u0161i kistovi uvijek budu u vrhunskom stanju za besprijekornu primjenu. Sa svojom sna\u017enom, a ipak nje\u017enom formulom, temeljito \u010disti bez o\u0161te\u0107ivanja dla\u010dica, produ\u017euju\u0107i \u017eivotni vijek va\u0161ih kistova. <\/p>\n<p><strong>Upute za upotrebu<\/strong><\/p>\n<p>Protresite bo\u010dicu 3\u20135 sekundi prije svake upotrebe. Nanesite malu koli\u010dinu na suh kist, zatim nje\u017eno uklonite ostatke kru\u017enim pokretima po papirnatom ubrusu. Za optimalne rezultate, isperite kist vodom nakon primjene sredstva i pustite da se potpuno osu\u0161i kako biste izbjegli iritaciju osjetljive ko\u017ee. <\/p>\n<p>Koli\u010dina: 200 ml<\/p>\n<p>Zemlja podrijetla: Turska<\/p>\n<p>Sastojci: Cyclopentasiloxane, Didecyldimonium chloride, Fragrance (esans), Benzyl salicylate, Hydroxycitronellal, Linalool<\/p>\n","protected":false},"featured_media":25254,"template":"","meta":{"_acf_changed":false,"_monsterinsights_skip_tracking":false,"_monsterinsights_sitenote_active":false,"_monsterinsights_sitenote_note":"","_monsterinsights_sitenote_category":0},"product_brand":[],"product_cat":[565],"product_tag":[],"class_list":{"0":"post-25253","1":"product","2":"type-product","3":"status-publish","4":"has-post-thumbnail","6":"product_cat-disal-hr","8":"first","9":"instock","10":"taxable","11":"shipping-taxable","12":"purchasable","13":"product-type-simple"},"acf":[],"aioseo_notices":[],"_links":{"self":[{"href":"https:\/\/browsomepro.com\/hr\/wp-json\/wp\/v2\/product\/25253","targetHints":{"allow":["GET"]}}],"collection":[{"href":"https:\/\/browsomepro.com\/hr\/wp-json\/wp\/v2\/product"}],"about":[{"href":"https:\/\/browsomepro.com\/hr\/wp-json\/wp\/v2\/types\/product"}],"version-history":[{"count":1,"href":"https:\/\/browsomepro.com\/hr\/wp-json\/wp\/v2\/product\/25253\/revisions"}],"predecessor-version":[{"id":25256,"href":"https:\/\/browsomepro.com\/hr\/wp-json\/wp\/v2\/product\/25253\/revisions\/25256"}],"wp:featuredmedia":[{"embeddable":true,"href":"https:\/\/browsomepro.com\/hr\/wp-json\/wp\/v2\/media\/25254"}],"wp:attachment":[{"href":"https:\/\/browsomepro.com\/hr\/wp-json\/wp\/v2\/media?parent=25253"}],"wp:term":[{"taxonomy":"product_brand","embeddable":true,"href":"https:\/\/browsomepro.com\/hr\/wp-json\/wp\/v2\/product_brand?post=25253"},{"taxonomy":"product_cat","embeddable":true,"href":"https:\/\/browsomepro.com\/hr\/wp-json\/wp\/v2\/product_cat?post=25253"},{"taxonomy":"product_tag","embeddable":true,"href":"https:\/\/browsomepro.com\/hr\/wp-json\/wp\/v2\/product_tag?post=25253"}],"curies":[{"name":"wp","href":"https:\/\/api.w.org\/{rel}","templated":true}]}}