{"id":25186,"date":"2025-01-17T19:51:03","date_gmt":"2025-01-17T18:51:03","guid":{"rendered":"https:\/\/browsomepro.com\/product\/elan-oxidant-1\/"},"modified":"2026-04-08T10:43:43","modified_gmt":"2026-04-08T09:43:43","slug":"elan-oxidant-1","status":"publish","type":"product","link":"https:\/\/browsomepro.com\/hr\/proizvod\/elan-oxidant-1\/","title":{"rendered":"\u00c9lan &#8211; Oxidant 1%"},"content":{"rendered":"\t\t<div data-elementor-type=\"product-post\" data-elementor-id=\"25186\" class=\"elementor elementor-25186 elementor-18830\" data-elementor-post-type=\"product\">\n\t\t\t\t<div class=\"elementor-element elementor-element-5368c60c e-flex e-con-boxed e-con e-parent\" data-id=\"5368c60c\" data-element_type=\"container\">\n\t\t\t\t\t<div class=\"e-con-inner\">\n\t\t<div class=\"elementor-element elementor-element-3f30da7a e-con-full e-flex e-con e-child\" data-id=\"3f30da7a\" data-element_type=\"container\">\n\t\t\t\t<div class=\"elementor-element elementor-element-7a174806 elementor-widget elementor-widget-image\" data-id=\"7a174806\" data-element_type=\"widget\" data-widget_type=\"image.default\">\n\t\t\t\t<div class=\"elementor-widget-container\">\n\t\t\t\t\t\t\t\t\t\t\t\t\t\t\t<img fetchpriority=\"high\" decoding=\"async\" width=\"1080\" height=\"1080\" src=\"https:\/\/browsomepro.com\/wp-content\/uploads\/2025\/01\/Elan_Gel-tint_set.png\" class=\"attachment-full size-full wp-image-25198\" alt=\"\" srcset=\"https:\/\/browsomepro.com\/wp-content\/uploads\/2025\/01\/Elan_Gel-tint_set.png 1080w, https:\/\/browsomepro.com\/wp-content\/uploads\/2025\/01\/Elan_Gel-tint_set-300x300.png 300w, https:\/\/browsomepro.com\/wp-content\/uploads\/2025\/01\/Elan_Gel-tint_set-150x150.png 150w, https:\/\/browsomepro.com\/wp-content\/uploads\/2025\/01\/Elan_Gel-tint_set-800x800.png 800w, https:\/\/browsomepro.com\/wp-content\/uploads\/2025\/01\/Elan_Gel-tint_set-1024x1024.png 1024w, https:\/\/browsomepro.com\/wp-content\/uploads\/2025\/01\/Elan_Gel-tint_set-768x768.png 768w, https:\/\/browsomepro.com\/wp-content\/uploads\/2025\/01\/Elan_Gel-tint_set-990x990.png 990w, https:\/\/browsomepro.com\/wp-content\/uploads\/2025\/01\/Elan_Gel-tint_set-441x441.png 441w, https:\/\/browsomepro.com\/wp-content\/uploads\/2025\/01\/Elan_Gel-tint_set-100x100.png 100w\" sizes=\"(max-width: 360px) 147px, (max-width: 1080px) 100vw, 1080px\" \/>\t\t\t\t\t\t\t\t\t\t\t\t\t\t\t<\/div>\n\t\t\t\t<\/div>\n\t\t\t\t<\/div>\n\t\t<div class=\"elementor-element elementor-element-6f67eb57 e-con-full e-flex e-con e-child\" data-id=\"6f67eb57\" data-element_type=\"container\" data-settings=\"{&quot;background_background&quot;:&quot;classic&quot;}\">\n\t\t\t\t<div class=\"elementor-element elementor-element-298d9f31 elementor-widget elementor-widget-heading\" data-id=\"298d9f31\" data-element_type=\"widget\" data-widget_type=\"heading.default\">\n\t\t\t\t<div class=\"elementor-widget-container\">\n\t\t\t\t\t<h2 class=\"elementor-heading-title elementor-size-default\">Dugotrajna savr\u0161enost obrva<\/h2>\t\t\t\t<\/div>\n\t\t\t\t<\/div>\n\t\t\t\t<div class=\"elementor-element elementor-element-314429c0 elementor-widget elementor-widget-text-editor\" data-id=\"314429c0\" data-element_type=\"widget\" data-widget_type=\"text-editor.default\">\n\t\t\t\t<div class=\"elementor-widget-container\">\n\t\t\t\t\t\t\t\t\t<p>Istaknite svoje obrve uz <strong>Gel Tint<\/strong>, savr\u0161eno rje\u0161enje za profesionalno bojenje obrva. Ovaj gel pru\u017ea besprijekoran i dugotrajan rezultat, osiguravaju\u0107i ujedna\u010den ton, dok istovremeno njeguje dla\u010dice tijekom tretmana. Savr\u0161en je za one koji \u017eele prirodan i definiran izgled, a oboga\u0107en je veganskim proteinom koji njeguje obrve.  <\/p>\n<p>-\u00c9lan Brow Gel Tint Neutral Brown<br \/>-\u00c9lan Brow Gel Tint Cold Blond<br \/>-\u00c9lan Oxidant 1%<\/p>\n\t\t\t\t\t\t\t\t<\/div>\n\t\t\t\t<\/div>\n\t\t\t\t<div class=\"elementor-element elementor-element-6436f17c elementor-widget elementor-widget-toggle\" data-id=\"6436f17c\" data-element_type=\"widget\" data-widget_type=\"toggle.default\">\n\t\t\t\t<div class=\"elementor-widget-container\">\n\t\t\t\t\t\t\t<div class=\"elementor-toggle\">\n\t\t\t\t\t\t\t<div class=\"elementor-toggle-item\">\n\t\t\t\t\t<div id=\"elementor-tab-title-1681\" class=\"elementor-tab-title\" data-tab=\"1\" role=\"button\" aria-controls=\"elementor-tab-content-1681\" aria-expanded=\"false\">\n\t\t\t\t\t\t\t\t\t\t\t\t<span class=\"elementor-toggle-icon elementor-toggle-icon-left\" aria-hidden=\"true\">\n\t\t\t\t\t\t\t\t\t\t\t\t\t\t\t<span class=\"elementor-toggle-icon-closed\"><svg class=\"e-font-icon-svg e-fas-caret-right\" viewBox=\"0 0 192 512\" xmlns=\"http:\/\/www.w3.org\/2000\/svg\"><path d=\"M0 384.662V127.338c0-17.818 21.543-26.741 34.142-14.142l128.662 128.662c7.81 7.81 7.81 20.474 0 28.284L34.142 398.804C21.543 411.404 0 402.48 0 384.662z\"><\/path><\/svg><\/span>\n\t\t\t\t\t\t\t\t<span class=\"elementor-toggle-icon-opened\"><svg class=\"elementor-toggle-icon-opened e-font-icon-svg e-fas-caret-up\" viewBox=\"0 0 320 512\" xmlns=\"http:\/\/www.w3.org\/2000\/svg\"><path d=\"M288.662 352H31.338c-17.818 0-26.741-21.543-14.142-34.142l128.662-128.662c7.81-7.81 20.474-7.81 28.284 0l128.662 128.662c12.6 12.599 3.676 34.142-14.142 34.142z\"><\/path><\/svg><\/span>\n\t\t\t\t\t\t\t\t\t\t\t\t\t<\/span>\n\t\t\t\t\t\t\t\t\t\t\t\t<a class=\"elementor-toggle-title\" tabindex=\"0\">Kako koristiti Gel Tint za bojenje obrva<\/a>\n\t\t\t\t\t<\/div>\n\n\t\t\t\t\t<div id=\"elementor-tab-content-1681\" class=\"elementor-tab-content elementor-clearfix\" data-tab=\"1\" role=\"region\" aria-labelledby=\"elementor-tab-title-1681\"><h4>Korak 1: Priprema<\/h4>\n<p>Prije bojenja o\u010distite ko\u017eu i obrve pomo\u0107u <strong>ELAN DETOX-MOUSSE.<\/strong> Pjenu uklonite pamu\u010dnim jastu\u010di\u0107em navla\u017eenim vodom kako biste osigurali \u010distu i pripremljenu povr\u0161inu. <\/p>\n<h4>Korak 2: Oblikovanje obrva<\/h4>\n<p>Oblikujte obrve koriste\u0107i odgovaraju\u0107i alat ili proizvod kako biste definirali \u017eeljeni oblik.<\/p>\n<h4>Korak 3: Priprema boje<\/h4>\n<p>Pomije\u0161ajte<strong> BROW GEL TINT<\/strong> s <strong>1% OXIDANTOM<\/strong> u omjeru 1:1 u posudi koja nije od metala.<\/p>\n<h4>Korak 4: Nano\u0161enje<\/h4>\n<p>Nanesite pripremljenu boju na obrve prema prethodno definiranom obliku. Ostavite da djeluje 5\u201315 minuta, ovisno o \u017eeljenoj intenzitetu boje. Zatim uklonite boju pamu\u010dnim jastu\u010di\u0107em navla\u017eenim vodom ili pomo\u0107u <strong>ELAN DETOX-MOUSSE.<\/strong>  <\/p>\n<p>Sav vi\u0161ak boje izvan \u017eeljenog oblika odmah uklonite pamu\u010dnim \u0161tapi\u0107em natopljenim <strong>Smart Skin COLOUR REMOVER<\/strong> ili <strong>Skin Colour CREAM REMOVER.<\/strong><\/p>\n<h4>Korak 5: Zavr\u0161na obrada<\/h4>\n<p>Za fiksiranje boje nanesite <strong>ELAN COLOUR FIX<\/strong> teku\u0107inu na obojene obrve kako biste postigli dugotrajan rezultat.<\/p>\n<\/div>\n\t\t\t\t<\/div>\n\t\t\t\t\t\t\t<div class=\"elementor-toggle-item\">\n\t\t\t\t\t<div id=\"elementor-tab-title-1682\" class=\"elementor-tab-title\" data-tab=\"2\" role=\"button\" aria-controls=\"elementor-tab-content-1682\" aria-expanded=\"false\">\n\t\t\t\t\t\t\t\t\t\t\t\t<span class=\"elementor-toggle-icon elementor-toggle-icon-left\" aria-hidden=\"true\">\n\t\t\t\t\t\t\t\t\t\t\t\t\t\t\t<span class=\"elementor-toggle-icon-closed\"><svg class=\"e-font-icon-svg e-fas-caret-right\" viewBox=\"0 0 192 512\" xmlns=\"http:\/\/www.w3.org\/2000\/svg\"><path d=\"M0 384.662V127.338c0-17.818 21.543-26.741 34.142-14.142l128.662 128.662c7.81 7.81 7.81 20.474 0 28.284L34.142 398.804C21.543 411.404 0 402.48 0 384.662z\"><\/path><\/svg><\/span>\n\t\t\t\t\t\t\t\t<span class=\"elementor-toggle-icon-opened\"><svg class=\"elementor-toggle-icon-opened e-font-icon-svg e-fas-caret-up\" viewBox=\"0 0 320 512\" xmlns=\"http:\/\/www.w3.org\/2000\/svg\"><path d=\"M288.662 352H31.338c-17.818 0-26.741-21.543-14.142-34.142l128.662-128.662c7.81-7.81 20.474-7.81 28.284 0l128.662 128.662c12.6 12.599 3.676 34.142-14.142 34.142z\"><\/path><\/svg><\/span>\n\t\t\t\t\t\t\t\t\t\t\t\t\t<\/span>\n\t\t\t\t\t\t\t\t\t\t\t\t<a class=\"elementor-toggle-title\" tabindex=\"0\">Va\u017ene napomene<\/a>\n\t\t\t\t\t<\/div>\n\n\t\t\t\t\t<div id=\"elementor-tab-content-1682\" class=\"elementor-tab-content elementor-clearfix\" data-tab=\"2\" role=\"region\" aria-labelledby=\"elementor-tab-title-1682\"><ol>\n<li>\n<h4><strong>Nemojte koristiti u slu\u010daju:<\/strong><\/h4>\n<ul>\n<li>Osip na licu ili osjetljiva, iritirana ili o\u0161te\u0107ena ko\u017ea.<\/li>\n<li>Ako ste imali reakciju na boju za kosu ili privremenu \u201ccrnu kanu\u201d (black henna) tetova\u017eu.<\/li>\n<\/ul>\n<\/li>\n<li>Uvijek koristite za\u0161titne rukavice i izbjegavajte metalne alate.<\/li>\n<li>Nije prikladno za bojenje trepavica.<\/li>\n<li>Izbjegavajte kontakt s o\u010dima. Ako do\u0111e do kontakta, temeljito isperite vodom. <\/li>\n<\/ol>\n<\/div>\n\t\t\t\t<\/div>\n\t\t\t\t\t\t\t\t<\/div>\n\t\t\t\t\t\t<\/div>\n\t\t\t\t<\/div>\n\t\t\t\t<\/div>\n\t\t\t\t\t<\/div>\n\t\t\t\t<\/div>\n\t\t\t\t<\/div>\n\t\t","protected":false},"excerpt":{"rendered":"<p>\u00c9LAN Oxidant 1% posebno je formuliran za mije\u0161anje s profesionalnom linijom \u00c9LAN Brow Gel Tint, osiguravaju\u0107i glatku i preciznu primjenu boje. Pru\u017ea nje\u017enu i dugotrajnu boju za dla\u010dice obrva i ko\u017eu, stvaraju\u0107i lijepo definirane obrve pri svakom tretmanu. <\/p>\n<p><strong>Koli\u010dina:<\/strong> 30 ml<\/p>\n<p><strong>Rok trajanja: <\/strong>24 mjeseca<\/p>\n<p><strong>Rok trajanja nakon otvaranja: <\/strong>3 mjeseca<\/p>\n<p>Zemlja podrijetla: Turska<\/p>\n[cg_accordion title=\"Sastojci\"] Aqua (voda), Cetearyl Alcohol (cetearyl alkohol), Glycerin (glicerin), Ceteareth-20, Paraffinum Liquidum (teku\u0107i parafin), Ethylhexyl Stearate (etilheksil stearat), Hydrogen Peroxide (vodikov peroksid), Argania Spinosa Kernel Oil (arganovo ulje), Hydrolyzed Collagen (hidrolizirani kolagen), Cetrimonium Chloride (cetrimonium klorid), Sodium Stannate (natrijev stannat), Tetrasodium Pyrophosphate (tetrasodij pirofosfat), Disodium EDTA (dinatrij EDTA), Citric Acid (limunska kiselina), Phosphoric Acid (fosforna kiselina), Sodium Carbonate (natrijev karbonat), Sodium Hydroxide (natrijev hidroksid). [\/cg_accordion]\n","protected":false},"featured_media":25187,"template":"","meta":{"_acf_changed":false,"_monsterinsights_skip_tracking":false,"_monsterinsights_sitenote_active":false,"_monsterinsights_sitenote_note":"","_monsterinsights_sitenote_category":0},"product_brand":[],"product_cat":[538,540,536],"product_tag":[],"class_list":{"0":"post-25186","1":"product","2":"type-product","3":"status-publish","4":"has-post-thumbnail","6":"product_cat-boja-za-obrve","7":"product_cat-elan-hr","8":"product_cat-obrve","10":"first","11":"instock","12":"taxable","13":"shipping-taxable","14":"purchasable","15":"product-type-simple"},"acf":[],"aioseo_notices":[],"_links":{"self":[{"href":"https:\/\/browsomepro.com\/hr\/wp-json\/wp\/v2\/product\/25186","targetHints":{"allow":["GET"]}}],"collection":[{"href":"https:\/\/browsomepro.com\/hr\/wp-json\/wp\/v2\/product"}],"about":[{"href":"https:\/\/browsomepro.com\/hr\/wp-json\/wp\/v2\/types\/product"}],"version-history":[{"count":1,"href":"https:\/\/browsomepro.com\/hr\/wp-json\/wp\/v2\/product\/25186\/revisions"}],"predecessor-version":[{"id":25190,"href":"https:\/\/browsomepro.com\/hr\/wp-json\/wp\/v2\/product\/25186\/revisions\/25190"}],"wp:featuredmedia":[{"embeddable":true,"href":"https:\/\/browsomepro.com\/hr\/wp-json\/wp\/v2\/media\/25187"}],"wp:attachment":[{"href":"https:\/\/browsomepro.com\/hr\/wp-json\/wp\/v2\/media?parent=25186"}],"wp:term":[{"taxonomy":"product_brand","embeddable":true,"href":"https:\/\/browsomepro.com\/hr\/wp-json\/wp\/v2\/product_brand?post=25186"},{"taxonomy":"product_cat","embeddable":true,"href":"https:\/\/browsomepro.com\/hr\/wp-json\/wp\/v2\/product_cat?post=25186"},{"taxonomy":"product_tag","embeddable":true,"href":"https:\/\/browsomepro.com\/hr\/wp-json\/wp\/v2\/product_tag?post=25186"}],"curies":[{"name":"wp","href":"https:\/\/api.w.org\/{rel}","templated":true}]}}