{"id":25182,"date":"2025-01-17T19:59:07","date_gmt":"2025-01-17T18:59:07","guid":{"rendered":"https:\/\/browsomepro.com\/product\/elan-baby-brush-za-trepavice-i-obrve-blue\/"},"modified":"2025-11-12T19:39:42","modified_gmt":"2025-11-12T18:39:42","slug":"elan-baby-brush-za-trepavice-i-obrve-blue","status":"publish","type":"product","link":"https:\/\/browsomepro.com\/hr\/proizvod\/elan-baby-brush-za-trepavice-i-obrve-blue\/","title":{"rendered":"\u00c9lan \u2013 Baby Brush za trepavice i obrve \u2013 Blue"},"content":{"rendered":"","protected":false},"excerpt":{"rendered":"<p>Ove baby \u010detkice osmi\u0161ljene su za preciznu primjenu proizvoda za njegu obrva i trepavica. Posebna duljina dla\u010dica osigurava ravnomjerno nano\u0161enje kozmeti\u010dkih proizvoda za besprijekorne rezultate. Savr\u0161ene su za nano\u0161enje voska za obrve i drugih beauty tretmana, omogu\u0107uju\u0107i vam jednostavno postizanje profesionalnog izgleda obrva i trepavica.  <\/p>\n<p><strong>Koli\u010dina:<\/strong> 10 komada<br \/>\n<strong>Boja:<\/strong> plava<br \/>\nZemlja podrijetla: Kina<\/p>\n","protected":false},"featured_media":25183,"template":"","meta":{"_acf_changed":false,"_monsterinsights_skip_tracking":false,"_monsterinsights_sitenote_active":false,"_monsterinsights_sitenote_note":"","_monsterinsights_sitenote_category":0},"product_brand":[],"product_cat":[561,579,540],"product_tag":[],"class_list":{"0":"post-25182","1":"product","2":"type-product","3":"status-publish","4":"has-post-thumbnail","6":"product_cat-dodaci","7":"product_cat-dodaci-hr-2","8":"product_cat-elan-hr","10":"first","11":"instock","12":"taxable","13":"shipping-taxable","14":"purchasable","15":"product-type-simple"},"acf":[],"aioseo_notices":[],"_links":{"self":[{"href":"https:\/\/browsomepro.com\/hr\/wp-json\/wp\/v2\/product\/25182","targetHints":{"allow":["GET"]}}],"collection":[{"href":"https:\/\/browsomepro.com\/hr\/wp-json\/wp\/v2\/product"}],"about":[{"href":"https:\/\/browsomepro.com\/hr\/wp-json\/wp\/v2\/types\/product"}],"version-history":[{"count":1,"href":"https:\/\/browsomepro.com\/hr\/wp-json\/wp\/v2\/product\/25182\/revisions"}],"predecessor-version":[{"id":25185,"href":"https:\/\/browsomepro.com\/hr\/wp-json\/wp\/v2\/product\/25182\/revisions\/25185"}],"wp:featuredmedia":[{"embeddable":true,"href":"https:\/\/browsomepro.com\/hr\/wp-json\/wp\/v2\/media\/25183"}],"wp:attachment":[{"href":"https:\/\/browsomepro.com\/hr\/wp-json\/wp\/v2\/media?parent=25182"}],"wp:term":[{"taxonomy":"product_brand","embeddable":true,"href":"https:\/\/browsomepro.com\/hr\/wp-json\/wp\/v2\/product_brand?post=25182"},{"taxonomy":"product_cat","embeddable":true,"href":"https:\/\/browsomepro.com\/hr\/wp-json\/wp\/v2\/product_cat?post=25182"},{"taxonomy":"product_tag","embeddable":true,"href":"https:\/\/browsomepro.com\/hr\/wp-json\/wp\/v2\/product_tag?post=25182"}],"curies":[{"name":"wp","href":"https:\/\/api.w.org\/{rel}","templated":true}]}}