{"id":24749,"date":"2025-04-17T18:52:59","date_gmt":"2025-04-17T17:52:59","guid":{"rendered":"https:\/\/browsomepro.com\/product\/noemi-gel-dye-beige-2\/"},"modified":"2026-03-16T17:24:23","modified_gmt":"2026-03-16T16:24:23","slug":"noemi-gel-dye-beige-2","status":"publish","type":"product","link":"https:\/\/browsomepro.com\/hr\/proizvod\/noemi-gel-dye-beige-2\/","title":{"rendered":"Noemi &#8211; Gel Dye Beige"},"content":{"rendered":"\t\t<div data-elementor-type=\"product-post\" data-elementor-id=\"24749\" class=\"elementor elementor-24749 elementor-20317\" data-elementor-post-type=\"product\">\n\t\t\t\t<div class=\"elementor-element elementor-element-95c7a38 e-flex e-con-boxed e-con e-parent\" data-id=\"95c7a38\" data-element_type=\"container\">\n\t\t\t\t\t<div class=\"e-con-inner\">\n\t\t<div class=\"elementor-element elementor-element-6892a73 e-con-full e-flex e-con e-child\" data-id=\"6892a73\" data-element_type=\"container\">\n\t\t\t\t<div class=\"elementor-element elementor-element-4ec95d6 elementor-widget elementor-widget-image\" data-id=\"4ec95d6\" data-element_type=\"widget\" data-widget_type=\"image.default\">\n\t\t\t\t<div class=\"elementor-widget-container\">\n\t\t\t\t\t\t\t\t\t\t\t\t\t\t\t<img fetchpriority=\"high\" decoding=\"async\" width=\"1080\" height=\"1080\" src=\"https:\/\/browsomepro.com\/wp-content\/uploads\/2025\/04\/Gel-Dye-Beige-Photo-4.png\" class=\"attachment-full size-full wp-image-24751\" alt=\"\" srcset=\"https:\/\/browsomepro.com\/wp-content\/uploads\/2025\/04\/Gel-Dye-Beige-Photo-4.png 1080w, https:\/\/browsomepro.com\/wp-content\/uploads\/2025\/04\/Gel-Dye-Beige-Photo-4-300x300.png 300w, https:\/\/browsomepro.com\/wp-content\/uploads\/2025\/04\/Gel-Dye-Beige-Photo-4-150x150.png 150w, https:\/\/browsomepro.com\/wp-content\/uploads\/2025\/04\/Gel-Dye-Beige-Photo-4-800x800.png 800w, https:\/\/browsomepro.com\/wp-content\/uploads\/2025\/04\/Gel-Dye-Beige-Photo-4-1024x1024.png 1024w, https:\/\/browsomepro.com\/wp-content\/uploads\/2025\/04\/Gel-Dye-Beige-Photo-4-768x768.png 768w, https:\/\/browsomepro.com\/wp-content\/uploads\/2025\/04\/Gel-Dye-Beige-Photo-4-990x990.png 990w, https:\/\/browsomepro.com\/wp-content\/uploads\/2025\/04\/Gel-Dye-Beige-Photo-4-441x441.png 441w, https:\/\/browsomepro.com\/wp-content\/uploads\/2025\/04\/Gel-Dye-Beige-Photo-4-100x100.png 100w\" sizes=\"(max-width: 360px) 147px, (max-width: 1080px) 100vw, 1080px\" \/>\t\t\t\t\t\t\t\t\t\t\t\t\t\t\t<\/div>\n\t\t\t\t<\/div>\n\t\t\t\t<\/div>\n\t\t<div class=\"elementor-element elementor-element-24c5f20 e-con-full e-flex e-con e-child\" data-id=\"24c5f20\" data-element_type=\"container\" data-settings=\"{&quot;background_background&quot;:&quot;classic&quot;}\">\n\t\t\t\t<div class=\"elementor-element elementor-element-d7e8037 elementor-widget elementor-widget-heading\" data-id=\"d7e8037\" data-element_type=\"widget\" data-widget_type=\"heading.default\">\n\t\t\t\t<div class=\"elementor-widget-container\">\n\t\t\t\t\t<h2 class=\"elementor-heading-title elementor-size-default\">Dugotrajna, njegovana, prilagodljiva<\/h2>\t\t\t\t<\/div>\n\t\t\t\t<\/div>\n\t\t\t\t<div class=\"elementor-element elementor-element-2b61fdb elementor-widget elementor-widget-text-editor\" data-id=\"2b61fdb\" data-element_type=\"widget\" data-widget_type=\"text-editor.default\">\n\t\t\t\t<div class=\"elementor-widget-container\">\n\t\t\t\t\t\t\t\t\t<p>Ultimativna hibridna formula za intenzivne i dugotrajne rezultate<\/p>\n<p class=\"\" data-start=\"160\" data-end=\"560\">Ova inovativna 2-u-1 boja spaja intenzivnu nijansu s njeguju\u0107om formulom, zahvaljuju\u0107i hidratantnim sastojcima poput hidroliziranih proteina, ulja kore limuna i niacinamida. <strong data-start=\"433\" data-end=\"452\">Njezina glatka gel tekstura<\/strong> omogu\u0107uje jednostavno nano\u0161enje i precizno obojenje ko\u017ee, \u010dine\u0107i je omiljenom me\u0111u beauty profesionalcima. <\/p>\n<p class=\"\" data-start=\"562\" data-end=\"797\">Odr\u017eava boju <strong data-start=\"567\" data-end=\"595\">do 8 dana na ko\u017ei <\/strong>i <strong data-start=\"600\" data-end=\"625\">do 6 tjedana na dla\u010dicama<\/strong>, uz <strong data-start=\"632\" data-end=\"652\">5 nijansi koje se mogu kombinirati<\/strong> (kompatibilnih s originalnom formulom), Noemi GEL Dye pru\u017ea neograni\u010dene mogu\u0107nosti za prilagodljive, intenzivne rezultate na <strong data-start=\"776\" data-end=\"796\">obrvama i trepavicama<\/strong>.<\/p>\n\t\t\t\t\t\t\t\t<\/div>\n\t\t\t\t<\/div>\n\t\t\t\t<div class=\"elementor-element elementor-element-f1e9321 elementor-widget elementor-widget-toggle\" data-id=\"f1e9321\" data-element_type=\"widget\" data-widget_type=\"toggle.default\">\n\t\t\t\t<div class=\"elementor-widget-container\">\n\t\t\t\t\t\t\t<div class=\"elementor-toggle\">\n\t\t\t\t\t\t\t<div class=\"elementor-toggle-item\">\n\t\t\t\t\t<div id=\"elementor-tab-title-2531\" class=\"elementor-tab-title\" data-tab=\"1\" role=\"button\" aria-controls=\"elementor-tab-content-2531\" aria-expanded=\"false\">\n\t\t\t\t\t\t\t\t\t\t\t\t<span class=\"elementor-toggle-icon elementor-toggle-icon-left\" aria-hidden=\"true\">\n\t\t\t\t\t\t\t\t\t\t\t\t\t\t\t<span class=\"elementor-toggle-icon-closed\"><svg class=\"e-font-icon-svg e-fas-caret-right\" viewBox=\"0 0 192 512\" xmlns=\"http:\/\/www.w3.org\/2000\/svg\"><path d=\"M0 384.662V127.338c0-17.818 21.543-26.741 34.142-14.142l128.662 128.662c7.81 7.81 7.81 20.474 0 28.284L34.142 398.804C21.543 411.404 0 402.48 0 384.662z\"><\/path><\/svg><\/span>\n\t\t\t\t\t\t\t\t<span class=\"elementor-toggle-icon-opened\"><svg class=\"elementor-toggle-icon-opened e-font-icon-svg e-fas-caret-up\" viewBox=\"0 0 320 512\" xmlns=\"http:\/\/www.w3.org\/2000\/svg\"><path d=\"M288.662 352H31.338c-17.818 0-26.741-21.543-14.142-34.142l128.662-128.662c7.81-7.81 20.474-7.81 28.284 0l128.662 128.662c12.6 12.599 3.676 34.142-14.142 34.142z\"><\/path><\/svg><\/span>\n\t\t\t\t\t\t\t\t\t\t\t\t\t<\/span>\n\t\t\t\t\t\t\t\t\t\t\t\t<a class=\"elementor-toggle-title\" tabindex=\"0\">Kako koristiti Gel Dye<\/a>\n\t\t\t\t\t<\/div>\n\n\t\t\t\t\t<div id=\"elementor-tab-content-2531\" class=\"elementor-tab-content elementor-clearfix\" data-tab=\"1\" role=\"region\" aria-labelledby=\"elementor-tab-title-2531\"><h4>Korak 1 \u2013 Mije\u0161anje boje<\/h4>\n<p>Nakon \u010di\u0161\u0107enja podru\u010dja obrva, pomije\u0161ajte odabranu boju\/nijansu s jednakom koli\u010dinom odabranog razvija\u010da (krema ili gel) dok smjesa ne postane potpuno ujedna\u010dena.<\/p>\n<h4>Korak 2 \u2013 Ozna\u010davanje podru\u010dja obrva<\/h4>\n<p>Pomo\u0107u Noemi Mapping Paste ili Mapping String ozna\u010dite podru\u010dje obrva.<\/p>\n<h4>Korak 3 \u2013 Nanos boje<\/h4>\n<p><strong>Za ravnomjerno bojenje ko\u017ee i dla\u010dica, nanesite tanki sloj proizvoda na \u010detkicu i prema\u017eite dla\u010dice, pritiskaju\u0107i i na ko\u017eu za ujedna\u010den i intenzivan efekt. Preporu\u010dujemo da po\u010dnete od repa obrve.  <\/strong><\/p>\n<h4>Korak 4 \u2013 Nano\u0161enje slojeva<\/h4>\n<p>Nakon \u0161to ste nanijeli prvi sloj proizvoda, nanesite jo\u0161 2\u20133 ujedna\u010dena sloja boje preko obrva.<\/p>\n<h4>Korak 5 \u2013 Depilacija voskom<\/h4>\n<p>Ako je potrebno, preporu\u010dujemo depilaciju obrva voskom tijekom djelovanja boje.<\/p>\n<h4>Korak 5 \u2013 Uklanjanje<\/h4>\n<p>Nakon isteka vremena djelovanja, boju uklonite pomo\u0107u vla\u017enog vatom oblo\u017eenog diska.<br \/>Noemi Gel Dye djeluje 5\u201315 minuta, \u0161to vam omogu\u0107uje da intenzitet prilagodite \u017eeljama klijentice i prirodnoj boji obrva. <\/p>\n<p>Nano\u0161enje od 5\u20138 minuta daje suptilan, prirodan izgled, dok du\u017ee vrijeme djelovanja stvara intenzivniji efekt s dugotrajnijim rezultatima.<\/p>\n<h4>Zavr\u0161na obrada<\/h4>\n<p>Ako ste depilirali podru\u010dje obrva, preporu\u010dujemo kori\u0161tenje Noemi Neutraliser kako biste smanjili crvenilo i dodatno istaknuli obrve.<br \/>Ako depilacija nije izvr\u0161ena, Noemi Concealer Palette tako\u0111er je idealna za isticanje obrva.<\/p>\n<h4>Korak 7 \u2013 Rezultat i njega nakon tretmana<\/h4>\n<p>Preporu\u010dujemo nastavak ku\u0107ne njege uz hranjive serume ili kreme kako biste odr\u017eali zdrave i lijepe rezultate.<\/p>\n<h4>Savjet: Ombre efekt<\/h4>\n<p>Za ombre efekt, po\u010dnite uklanjati i posvjetljivati proizvod na prednjem dijelu obrve nakon 90 sekundi od nano\u0161enja. Svakih 60\u201390 sekundi uklonite male dijelove boje kako biste postigli postupni prijelaz. <\/p>\n<p>Ako nanosite Noemi Dye nakon laminacije, boja \u0107e djelovati br\u017ee jer dla\u010dice br\u017ee upijaju pigment. Preporu\u010dujemo da boju nanesete nakon 2. koraka laminacije kako biste postigli optimalan rezultat. <\/p>\n<\/div>\n\t\t\t\t<\/div>\n\t\t\t\t\t\t\t\t<\/div>\n\t\t\t\t\t\t<\/div>\n\t\t\t\t<\/div>\n\t\t\t\t<\/div>\n\t\t\t\t\t<\/div>\n\t\t\t\t<\/div>\n\t\t<div class=\"elementor-element elementor-element-e51f610 e-flex e-con-boxed e-con e-parent\" data-id=\"e51f610\" data-element_type=\"container\">\n\t\t\t\t\t<div class=\"e-con-inner\">\n\t\t<div class=\"elementor-element elementor-element-ef58851 e-con-full e-flex e-con e-child\" data-id=\"ef58851\" data-element_type=\"container\">\n\t\t\t\t<div class=\"elementor-element elementor-element-bb07ef6 elementor-widget elementor-widget-image\" data-id=\"bb07ef6\" data-element_type=\"widget\" data-widget_type=\"image.default\">\n\t\t\t\t<div class=\"elementor-widget-container\">\n\t\t\t\t\t\t\t\t\t\t\t\t\t\t\t<img decoding=\"async\" width=\"1080\" height=\"1080\" src=\"https:\/\/browsomepro.com\/wp-content\/uploads\/2025\/04\/Gel-Dye-All-colors-2.png\" class=\"attachment-full size-full wp-image-24776\" alt=\"\" srcset=\"https:\/\/browsomepro.com\/wp-content\/uploads\/2025\/04\/Gel-Dye-All-colors-2.png 1080w, https:\/\/browsomepro.com\/wp-content\/uploads\/2025\/04\/Gel-Dye-All-colors-2-300x300.png 300w, https:\/\/browsomepro.com\/wp-content\/uploads\/2025\/04\/Gel-Dye-All-colors-2-150x150.png 150w, https:\/\/browsomepro.com\/wp-content\/uploads\/2025\/04\/Gel-Dye-All-colors-2-800x800.png 800w, https:\/\/browsomepro.com\/wp-content\/uploads\/2025\/04\/Gel-Dye-All-colors-2-1024x1024.png 1024w, https:\/\/browsomepro.com\/wp-content\/uploads\/2025\/04\/Gel-Dye-All-colors-2-768x768.png 768w, https:\/\/browsomepro.com\/wp-content\/uploads\/2025\/04\/Gel-Dye-All-colors-2-990x990.png 990w, https:\/\/browsomepro.com\/wp-content\/uploads\/2025\/04\/Gel-Dye-All-colors-2-441x441.png 441w, https:\/\/browsomepro.com\/wp-content\/uploads\/2025\/04\/Gel-Dye-All-colors-2-100x100.png 100w\" sizes=\"(max-width: 360px) 147px, (max-width: 1080px) 100vw, 1080px\" \/>\t\t\t\t\t\t\t\t\t\t\t\t\t\t\t<\/div>\n\t\t\t\t<\/div>\n\t\t\t\t<\/div>\n\t\t<div class=\"elementor-element elementor-element-1720ee8 e-con-full e-flex e-con e-child\" data-id=\"1720ee8\" data-element_type=\"container\" data-settings=\"{&quot;background_background&quot;:&quot;classic&quot;}\">\n\t\t\t\t<div class=\"elementor-element elementor-element-b302d63 elementor-widget elementor-widget-heading\" data-id=\"b302d63\" data-element_type=\"widget\" data-widget_type=\"heading.default\">\n\t\t\t\t<div class=\"elementor-widget-container\">\n\t\t\t\t\t<h2 class=\"elementor-heading-title elementor-size-default\">Opis nijansi<\/h2>\t\t\t\t<\/div>\n\t\t\t\t<\/div>\n\t\t\t\t<div class=\"elementor-element elementor-element-b72b7e2 elementor-widget elementor-widget-text-editor\" data-id=\"b72b7e2\" data-element_type=\"widget\" data-widget_type=\"text-editor.default\">\n\t\t\t\t<div class=\"elementor-widget-container\">\n\t\t\t\t\t\t\t\t\t<p><b>Pearl: <\/b>za plavu\u0161e i svijetlosme\u0111u kosu, od zlatno-prirodnih do hladnih pepeljasto-bisernih tonova.<\/p>\n<p><b>Beige:<\/b> za plavu\u0161e i svijetlosme\u0111u kosu, od bakreno-zlatnih do prirodnih pepeljastih tonova.<\/p>\n<p><b>Grey:<\/b> za tamnosme\u0111u i sme\u0111u kosu, od prirodnih do hladnih tonova.<\/p>\n<p><b>Espresso:<\/b> za tamnosme\u0111u i sme\u0111u kosu, od toplih do prirodnih tonova.<\/p>\n\t\t\t\t\t\t\t\t<\/div>\n\t\t\t\t<\/div>\n\t\t\t\t<\/div>\n\t\t\t\t\t<\/div>\n\t\t\t\t<\/div>\n\t\t\t\t<\/div>\n\t\t","protected":false},"excerpt":{"rendered":"<p>Upoznajte Noemi GEL Dye \u2013 revolucionarnu hibridnu formulu koja spaja intenzivnu boju s dubinskom njegom. Namijenjena obrvama i trepavicama, ova inovativna gel boja pru\u017ea bogat, dugotrajan pigment, istovremeno oboga\u0107uju\u0107i svaku dla\u010dicu hidratantnim i ja\u010daju\u0107im sastojcima poput hidroliziranih proteina, ulja kore limuna i niacinamida. <\/p>\n<p>S pH vrijedno\u0161\u0107u 9\u201310, prodire u strukturu dla\u010dice kako bi osigurao do 8 dana boje na ko\u017ei i 5\u20136 tjedana na dla\u010dicama. Idealno za klijentice koje \u017eele nagla\u0161ene, definirane obrve i trepavice \u2014 uz dodatnu njegu. <\/p>\n<p>Rok upotrebe nakon otvaranja (PAO): 12 mjeseci<br \/>\nSadr\u017eaj: 10 ml<br \/>\n&nbsp;<br \/>\nPregled nijansi:<br \/>\nIdealno za plavu\u0161e i svijetlosme\u0111u kosu, od bakreno-zlatnih do prirodnih pepeljastih tonova.<\/p>\n[cg_accordion title=\"Sastojci\"]<\/p>\n<p>Aqua (voda), Monoethanolamine, Isopropyl Alcohol, Propylene Glycol, Cellulose, Resorcinol, Sodium Erythorbate, Citrus Lemon Peel Oil, Niacinamide, Hydrolysed Corn Protein, Hydrolysed Soya Protein<\/p>\n<p>[\/cg_accordion]\n","protected":false},"featured_media":24750,"template":"","meta":{"_acf_changed":false,"_monsterinsights_skip_tracking":false,"_monsterinsights_sitenote_active":false,"_monsterinsights_sitenote_note":"","_monsterinsights_sitenote_category":0},"product_brand":[],"product_cat":[580,538,531,562,536],"product_tag":[],"class_list":{"0":"post-24749","1":"product","2":"type-product","3":"status-publish","4":"has-post-thumbnail","6":"product_cat-boja-za-obrve-hr-3","7":"product_cat-boja-za-obrve","8":"product_cat-istrazi-po-brendu","9":"product_cat-noemi-hr","10":"product_cat-obrve","12":"first","13":"instock","14":"taxable","15":"shipping-taxable","16":"purchasable","17":"product-type-simple"},"acf":[],"aioseo_notices":[],"_links":{"self":[{"href":"https:\/\/browsomepro.com\/hr\/wp-json\/wp\/v2\/product\/24749","targetHints":{"allow":["GET"]}}],"collection":[{"href":"https:\/\/browsomepro.com\/hr\/wp-json\/wp\/v2\/product"}],"about":[{"href":"https:\/\/browsomepro.com\/hr\/wp-json\/wp\/v2\/types\/product"}],"version-history":[{"count":2,"href":"https:\/\/browsomepro.com\/hr\/wp-json\/wp\/v2\/product\/24749\/revisions"}],"predecessor-version":[{"id":27203,"href":"https:\/\/browsomepro.com\/hr\/wp-json\/wp\/v2\/product\/24749\/revisions\/27203"}],"wp:featuredmedia":[{"embeddable":true,"href":"https:\/\/browsomepro.com\/hr\/wp-json\/wp\/v2\/media\/24750"}],"wp:attachment":[{"href":"https:\/\/browsomepro.com\/hr\/wp-json\/wp\/v2\/media?parent=24749"}],"wp:term":[{"taxonomy":"product_brand","embeddable":true,"href":"https:\/\/browsomepro.com\/hr\/wp-json\/wp\/v2\/product_brand?post=24749"},{"taxonomy":"product_cat","embeddable":true,"href":"https:\/\/browsomepro.com\/hr\/wp-json\/wp\/v2\/product_cat?post=24749"},{"taxonomy":"product_tag","embeddable":true,"href":"https:\/\/browsomepro.com\/hr\/wp-json\/wp\/v2\/product_tag?post=24749"}],"curies":[{"name":"wp","href":"https:\/\/api.w.org\/{rel}","templated":true}]}}