{"id":24740,"date":"2025-04-22T07:54:10","date_gmt":"2025-04-22T06:54:10","guid":{"rendered":"https:\/\/browsomepro.com\/product\/noemi-reshields-2\/"},"modified":"2026-02-19T07:48:18","modified_gmt":"2026-02-19T06:48:18","slug":"noemi-reshields-2","status":"publish","type":"product","link":"https:\/\/browsomepro.com\/hr\/proizvod\/noemi-reshields-2\/","title":{"rendered":"Noemi &#8211; Reshields"},"content":{"rendered":"\t\t<div data-elementor-type=\"product-post\" data-elementor-id=\"24740\" class=\"elementor elementor-24740 elementor-20345\" data-elementor-post-type=\"product\">\n\t\t\t\t<div class=\"elementor-element elementor-element-6146df7 e-flex e-con-boxed e-con e-parent\" data-id=\"6146df7\" data-element_type=\"container\">\n\t\t\t\t\t<div class=\"e-con-inner\">\n\t\t<div class=\"elementor-element elementor-element-593ae0d e-con-full e-flex e-con e-child\" data-id=\"593ae0d\" data-element_type=\"container\">\n\t\t\t\t<div class=\"elementor-element elementor-element-94031f5 elementor-widget elementor-widget-image\" data-id=\"94031f5\" data-element_type=\"widget\" data-widget_type=\"image.default\">\n\t\t\t\t<div class=\"elementor-widget-container\">\n\t\t\t\t\t\t\t\t\t\t\t\t\t\t\t<img fetchpriority=\"high\" decoding=\"async\" width=\"1080\" height=\"1080\" src=\"https:\/\/browsomepro.com\/wp-content\/uploads\/2025\/04\/Noemi-pink-reshields.png\" class=\"attachment-full size-full wp-image-24743\" alt=\"\" srcset=\"https:\/\/browsomepro.com\/wp-content\/uploads\/2025\/04\/Noemi-pink-reshields.png 1080w, https:\/\/browsomepro.com\/wp-content\/uploads\/2025\/04\/Noemi-pink-reshields-300x300.png 300w, https:\/\/browsomepro.com\/wp-content\/uploads\/2025\/04\/Noemi-pink-reshields-150x150.png 150w, https:\/\/browsomepro.com\/wp-content\/uploads\/2025\/04\/Noemi-pink-reshields-800x800.png 800w, https:\/\/browsomepro.com\/wp-content\/uploads\/2025\/04\/Noemi-pink-reshields-1024x1024.png 1024w, https:\/\/browsomepro.com\/wp-content\/uploads\/2025\/04\/Noemi-pink-reshields-768x768.png 768w, https:\/\/browsomepro.com\/wp-content\/uploads\/2025\/04\/Noemi-pink-reshields-990x990.png 990w, https:\/\/browsomepro.com\/wp-content\/uploads\/2025\/04\/Noemi-pink-reshields-441x441.png 441w, https:\/\/browsomepro.com\/wp-content\/uploads\/2025\/04\/Noemi-pink-reshields-100x100.png 100w\" sizes=\"(max-width: 360px) 147px, (max-width: 1080px) 100vw, 1080px\" \/>\t\t\t\t\t\t\t\t\t\t\t\t\t\t\t<\/div>\n\t\t\t\t<\/div>\n\t\t\t\t<\/div>\n\t\t<div class=\"elementor-element elementor-element-f3560e7 e-con-full e-flex e-con e-child\" data-id=\"f3560e7\" data-element_type=\"container\" data-settings=\"{&quot;background_background&quot;:&quot;classic&quot;}\">\n\t\t\t\t<div class=\"elementor-element elementor-element-5c5be47 elementor-widget elementor-widget-heading\" data-id=\"5c5be47\" data-element_type=\"widget\" data-widget_type=\"heading.default\">\n\t\t\t\t<div class=\"elementor-widget-container\">\n\t\t\t\t\t<h2 class=\"elementor-heading-title elementor-size-default\">Perfect Reshields za savr\u0161ene rezultate<\/h2>\t\t\t\t<\/div>\n\t\t\t\t<\/div>\n\t\t\t\t<div class=\"elementor-element elementor-element-82c9765 elementor-widget elementor-widget-text-editor\" data-id=\"82c9765\" data-element_type=\"widget\" data-widget_type=\"text-editor.default\">\n\t\t\t\t<div class=\"elementor-widget-container\">\n\t\t\t\t\t\t\t\t\t<p>Noemi Reshields su multifunkcionalni jastu\u010di\u0107i za o\u010di, dizajnirani za napredne tehnike liftinga trepavica. Osiguravaju potpuno prekrivanje trepavica, \u0161tite osjetljivo podru\u010dje o\u010diju i omogu\u0107uju precizne, \u010diste rezultate \u2014 idealni za lifting, korekcije, bojenje i nje\u017eno uklanjanje ekstenzija. <\/p>\n\t\t\t\t\t\t\t\t<\/div>\n\t\t\t\t<\/div>\n\t\t\t\t<div class=\"elementor-element elementor-element-10670f9 elementor-widget elementor-widget-toggle\" data-id=\"10670f9\" data-element_type=\"widget\" data-widget_type=\"toggle.default\">\n\t\t\t\t<div class=\"elementor-widget-container\">\n\t\t\t\t\t\t\t<div class=\"elementor-toggle\">\n\t\t\t\t\t\t\t<div class=\"elementor-toggle-item\">\n\t\t\t\t\t<div id=\"elementor-tab-title-1711\" class=\"elementor-tab-title\" data-tab=\"1\" role=\"button\" aria-controls=\"elementor-tab-content-1711\" aria-expanded=\"false\">\n\t\t\t\t\t\t\t\t\t\t\t\t<span class=\"elementor-toggle-icon elementor-toggle-icon-left\" aria-hidden=\"true\">\n\t\t\t\t\t\t\t\t\t\t\t\t\t\t\t<span class=\"elementor-toggle-icon-closed\"><svg class=\"e-font-icon-svg e-fas-caret-right\" viewBox=\"0 0 192 512\" xmlns=\"http:\/\/www.w3.org\/2000\/svg\"><path d=\"M0 384.662V127.338c0-17.818 21.543-26.741 34.142-14.142l128.662 128.662c7.81 7.81 7.81 20.474 0 28.284L34.142 398.804C21.543 411.404 0 402.48 0 384.662z\"><\/path><\/svg><\/span>\n\t\t\t\t\t\t\t\t<span class=\"elementor-toggle-icon-opened\"><svg class=\"elementor-toggle-icon-opened e-font-icon-svg e-fas-caret-up\" viewBox=\"0 0 320 512\" xmlns=\"http:\/\/www.w3.org\/2000\/svg\"><path d=\"M288.662 352H31.338c-17.818 0-26.741-21.543-14.142-34.142l128.662-128.662c7.81-7.81 20.474-7.81 28.284 0l128.662 128.662c12.6 12.599 3.676 34.142-14.142 34.142z\"><\/path><\/svg><\/span>\n\t\t\t\t\t\t\t\t\t\t\t\t\t<\/span>\n\t\t\t\t\t\t\t\t\t\t\t\t<a class=\"elementor-toggle-title\" tabindex=\"0\">Klju\u010dne zna\u010dajke<\/a>\n\t\t\t\t\t<\/div>\n\n\t\t\t\t\t<div id=\"elementor-tab-content-1711\" class=\"elementor-tab-content elementor-clearfix\" data-tab=\"1\" role=\"region\" aria-labelledby=\"elementor-tab-title-1711\"><p>Savr\u0161eno za napredne tehnike oblikovanja trepavica<br \/>Idealno za specijalizirane metode poput Asian Lash Lift i tehnika bez ljepila.<\/p>\n<p>Savr\u0161ena kompatibilnost<br \/>Dizajnirani za besprijekornu upotrebu s Noemi Gooey Powder Lift i Lifting Step 1 temeljenim na cisteaminu.<\/p>\n<p>Potpuno prekrivanje trepavica<br \/>Osigurava ravnomjerno i temeljito nano\u0161enje otopina, za dosljedne rezultate oblikovanja trepavica.<\/p>\n<p>Dvostruka za\u0161tita o\u010diju<br \/>\u0160titi gornje i donje trepavice tijekom bojenja, sprje\u010davaju\u0107i iritacije i mrlje.<\/p>\n<p>Rezultati bez razmazivanja<br \/>Odr\u017eava \u010dist izgled sprje\u010davaju\u0107i razmazivanje tijekom cijelog tretmana.<\/p>\n<p>Precizna korekcija<br \/>Omogu\u0107uje ciljano nano\u0161enje proizvoda za korekciju neuspjelih podizanja trepavica.<\/p>\n<p>Pomo\u0107 pri uklanjanju ekstenzija<br \/>Poma\u017ee u nje\u017enom i u\u010dinkovitom uklanjanju ekstenzija trepavica.<\/p>\n<p>Za\u0161tita osjetljive ko\u017ee<br \/>\u0160titi osjetljivo podru\u010dje o\u010diju i okolnu ko\u017eu tijekom svih tretmana trepavica.<\/p>\n<\/div>\n\t\t\t\t<\/div>\n\t\t\t\t\t\t\t\t<\/div>\n\t\t\t\t\t\t<\/div>\n\t\t\t\t<\/div>\n\t\t\t\t<\/div>\n\t\t\t\t\t<\/div>\n\t\t\t\t<\/div>\n\t\t\t\t<\/div>\n\t\t","protected":false},"excerpt":{"rendered":"<p>Noemi Reshields su stru\u010dno izra\u0111eni kako bi unaprijedili napredne tehnike liftinga trepavica. Dizajnirani su za savr\u0161enu upotrebu s Noemi Gooey Powder Lift i Lifting Step 1 temeljenim na cisteaminu, osiguravaju\u0107i potpuno prekrivanje povr\u0161ine trepavica za optimalne rezultate. <\/p>\n<p>Izra\u0111eni s precizno\u0161\u0107u, njihovi inovativni oblici \u0161tite o\u010di tijekom bojenja trepavica, sprje\u010davaju ne\u017eeljeno razmazivanje i omogu\u0107uju besprijekornu korekciju nepravilno podignutih trepavica. Tako\u0111er poma\u017eu pri sigurnom i nje\u017enom uklanjanju ekstenzija, osiguravaju\u0107i maksimalnu njegu osjetljivog podru\u010dja o\u010diju. <\/p>\n","protected":false},"featured_media":24741,"template":"","meta":{"_acf_changed":false,"_monsterinsights_skip_tracking":false,"_monsterinsights_sitenote_active":false,"_monsterinsights_sitenote_note":"","_monsterinsights_sitenote_category":0},"product_brand":[],"product_cat":[531,534,562,550,570,529],"product_tag":[],"class_list":{"0":"post-24740","1":"product","2":"type-product","3":"status-publish","4":"has-post-thumbnail","6":"product_cat-istrazi-po-brendu","7":"product_cat-korean-lash-lift-hr","8":"product_cat-noemi-hr","9":"product_cat-silikonski-jastucici-i-dodaci","10":"product_cat-silikonski-jastucici-i-dodaci-hr-2","11":"product_cat-trepavice","13":"first","14":"instock","15":"taxable","16":"shipping-taxable","17":"purchasable","18":"product-type-simple"},"acf":[],"aioseo_notices":[],"_links":{"self":[{"href":"https:\/\/browsomepro.com\/hr\/wp-json\/wp\/v2\/product\/24740","targetHints":{"allow":["GET"]}}],"collection":[{"href":"https:\/\/browsomepro.com\/hr\/wp-json\/wp\/v2\/product"}],"about":[{"href":"https:\/\/browsomepro.com\/hr\/wp-json\/wp\/v2\/types\/product"}],"version-history":[{"count":2,"href":"https:\/\/browsomepro.com\/hr\/wp-json\/wp\/v2\/product\/24740\/revisions"}],"predecessor-version":[{"id":30082,"href":"https:\/\/browsomepro.com\/hr\/wp-json\/wp\/v2\/product\/24740\/revisions\/30082"}],"wp:featuredmedia":[{"embeddable":true,"href":"https:\/\/browsomepro.com\/hr\/wp-json\/wp\/v2\/media\/24741"}],"wp:attachment":[{"href":"https:\/\/browsomepro.com\/hr\/wp-json\/wp\/v2\/media?parent=24740"}],"wp:term":[{"taxonomy":"product_brand","embeddable":true,"href":"https:\/\/browsomepro.com\/hr\/wp-json\/wp\/v2\/product_brand?post=24740"},{"taxonomy":"product_cat","embeddable":true,"href":"https:\/\/browsomepro.com\/hr\/wp-json\/wp\/v2\/product_cat?post=24740"},{"taxonomy":"product_tag","embeddable":true,"href":"https:\/\/browsomepro.com\/hr\/wp-json\/wp\/v2\/product_tag?post=24740"}],"curies":[{"name":"wp","href":"https:\/\/api.w.org\/{rel}","templated":true}]}}