{"id":24655,"date":"2025-07-21T17:57:57","date_gmt":"2025-07-21T16:57:57","guid":{"rendered":"https:\/\/browsomepro.com\/product\/elan-keraveg-lash-lift-system-mini-set-2\/"},"modified":"2026-03-16T17:23:51","modified_gmt":"2026-03-16T16:23:51","slug":"elan-keraveg-lash-lift-system-mini-set-2","status":"publish","type":"product","link":"https:\/\/browsomepro.com\/hr\/proizvod\/elan-keraveg-lash-lift-system-mini-set-2\/","title":{"rendered":"\u00c9LAN \u2013 KeraVEG Lash Lift System Mini set"},"content":{"rendered":"\t\t<div data-elementor-type=\"product-post\" data-elementor-id=\"24655\" class=\"elementor elementor-24655 elementor-21700\" data-elementor-post-type=\"product\">\n\t\t\t\t<div class=\"elementor-element elementor-element-e8a38c7 e-flex e-con-boxed e-con e-parent\" data-id=\"e8a38c7\" data-element_type=\"container\">\n\t\t\t\t\t<div class=\"e-con-inner\">\n\t\t<div class=\"elementor-element elementor-element-ee72997 e-con-full e-flex e-con e-child\" data-id=\"ee72997\" data-element_type=\"container\">\n\t\t\t\t<div class=\"elementor-element elementor-element-737d9ae elementor-widget elementor-widget-image\" data-id=\"737d9ae\" data-element_type=\"widget\" data-widget_type=\"image.default\">\n\t\t\t\t<div class=\"elementor-widget-container\">\n\t\t\t\t\t\t\t\t\t\t\t\t\t\t\t<img fetchpriority=\"high\" decoding=\"async\" width=\"1080\" height=\"1080\" src=\"https:\/\/browsomepro.com\/wp-content\/uploads\/2025\/04\/Elan-Lash-Lift-Set.png\" class=\"attachment-full size-full wp-image-25495\" alt=\"\" srcset=\"https:\/\/browsomepro.com\/wp-content\/uploads\/2025\/04\/Elan-Lash-Lift-Set.png 1080w, https:\/\/browsomepro.com\/wp-content\/uploads\/2025\/04\/Elan-Lash-Lift-Set-300x300.png 300w, https:\/\/browsomepro.com\/wp-content\/uploads\/2025\/04\/Elan-Lash-Lift-Set-150x150.png 150w, https:\/\/browsomepro.com\/wp-content\/uploads\/2025\/04\/Elan-Lash-Lift-Set-800x800.png 800w, https:\/\/browsomepro.com\/wp-content\/uploads\/2025\/04\/Elan-Lash-Lift-Set-1024x1024.png 1024w, https:\/\/browsomepro.com\/wp-content\/uploads\/2025\/04\/Elan-Lash-Lift-Set-768x768.png 768w, https:\/\/browsomepro.com\/wp-content\/uploads\/2025\/04\/Elan-Lash-Lift-Set-990x990.png 990w, https:\/\/browsomepro.com\/wp-content\/uploads\/2025\/04\/Elan-Lash-Lift-Set-441x441.png 441w, https:\/\/browsomepro.com\/wp-content\/uploads\/2025\/04\/Elan-Lash-Lift-Set-100x100.png 100w\" sizes=\"(max-width: 360px) 147px, (max-width: 1080px) 100vw, 1080px\" \/>\t\t\t\t\t\t\t\t\t\t\t\t\t\t\t<\/div>\n\t\t\t\t<\/div>\n\t\t\t\t<\/div>\n\t\t<div class=\"elementor-element elementor-element-ca306aa e-con-full e-flex e-con e-child\" data-id=\"ca306aa\" data-element_type=\"container\" data-settings=\"{&quot;background_background&quot;:&quot;classic&quot;}\">\n\t\t\t\t<div class=\"elementor-element elementor-element-dcb8fec elementor-widget elementor-widget-heading\" data-id=\"dcb8fec\" data-element_type=\"widget\" data-widget_type=\"heading.default\">\n\t\t\t\t<div class=\"elementor-widget-container\">\n\t\t\t\t\t<h2 class=\"elementor-heading-title elementor-size-default\">Profesionalni set za lifting trepavica<br>s inovativnim KeraVEG sustavom<\/h2>\t\t\t\t<\/div>\n\t\t\t\t<\/div>\n\t\t\t\t<div class=\"elementor-element elementor-element-0d67493 elementor-widget elementor-widget-toggle\" data-id=\"0d67493\" data-element_type=\"widget\" data-widget_type=\"toggle.default\">\n\t\t\t\t<div class=\"elementor-widget-container\">\n\t\t\t\t\t\t\t<div class=\"elementor-toggle\">\n\t\t\t\t\t\t\t<div class=\"elementor-toggle-item\">\n\t\t\t\t\t<div id=\"elementor-tab-title-1401\" class=\"elementor-tab-title\" data-tab=\"1\" role=\"button\" aria-controls=\"elementor-tab-content-1401\" aria-expanded=\"false\">\n\t\t\t\t\t\t\t\t\t\t\t\t<span class=\"elementor-toggle-icon elementor-toggle-icon-left\" aria-hidden=\"true\">\n\t\t\t\t\t\t\t\t\t\t\t\t\t\t\t<span class=\"elementor-toggle-icon-closed\"><svg class=\"e-font-icon-svg e-fas-caret-right\" viewBox=\"0 0 192 512\" xmlns=\"http:\/\/www.w3.org\/2000\/svg\"><path d=\"M0 384.662V127.338c0-17.818 21.543-26.741 34.142-14.142l128.662 128.662c7.81 7.81 7.81 20.474 0 28.284L34.142 398.804C21.543 411.404 0 402.48 0 384.662z\"><\/path><\/svg><\/span>\n\t\t\t\t\t\t\t\t<span class=\"elementor-toggle-icon-opened\"><svg class=\"elementor-toggle-icon-opened e-font-icon-svg e-fas-caret-up\" viewBox=\"0 0 320 512\" xmlns=\"http:\/\/www.w3.org\/2000\/svg\"><path d=\"M288.662 352H31.338c-17.818 0-26.741-21.543-14.142-34.142l128.662-128.662c7.81-7.81 20.474-7.81 28.284 0l128.662 128.662c12.6 12.599 3.676 34.142-14.142 34.142z\"><\/path><\/svg><\/span>\n\t\t\t\t\t\t\t\t\t\t\t\t\t<\/span>\n\t\t\t\t\t\t\t\t\t\t\t\t<a class=\"elementor-toggle-title\" tabindex=\"0\">KeraSoft Lash Lifting Serum Korak 1 (10 ml) <\/a>\n\t\t\t\t\t<\/div>\n\n\t\t\t\t\t<div id=\"elementor-tab-content-1401\" class=\"elementor-tab-content elementor-clearfix\" data-tab=\"1\" role=\"region\" aria-labelledby=\"elementor-tab-title-1401\"><p class=\"\" data-start=\"252\" data-end=\"308\">Prvi korak u procesu laminacije i podizanja trepavica.<\/p>\n<ul data-start=\"310\" data-end=\"615\">\n<li class=\"\" data-start=\"310\" data-end=\"369\">\n<p class=\"\" data-start=\"312\" data-end=\"369\">Nje\u017eno omek\u0161ava i priprema trepavice za oblikovanje.<\/p>\n<\/li>\n<li class=\"\" data-start=\"370\" data-end=\"460\">\n<p class=\"\" data-start=\"372\" data-end=\"460\">Nje\u017eno omek\u0161ava i priprema dla\u010dice trepavica za oblikovanje.<\/p>\n<\/li>\n<li class=\"\" data-start=\"461\" data-end=\"615\">\n<p class=\"\" data-start=\"463\" data-end=\"615\">Formuliran s njeguju\u0107im kompleksom <strong data-start=\"499\" data-end=\"528\">veganskog proteina<\/strong>, ulja jojobe i <strong data-start=\"534\" data-end=\"547\">trehaloze<\/strong> koji \u0161tite trepavice od isu\u0161ivanja i lomljenja tijekom tretmana.<\/p>\n<\/li>\n<\/ul>\n<\/div>\n\t\t\t\t<\/div>\n\t\t\t\t\t\t\t<div class=\"elementor-toggle-item\">\n\t\t\t\t\t<div id=\"elementor-tab-title-1402\" class=\"elementor-tab-title\" data-tab=\"2\" role=\"button\" aria-controls=\"elementor-tab-content-1402\" aria-expanded=\"false\">\n\t\t\t\t\t\t\t\t\t\t\t\t<span class=\"elementor-toggle-icon elementor-toggle-icon-left\" aria-hidden=\"true\">\n\t\t\t\t\t\t\t\t\t\t\t\t\t\t\t<span class=\"elementor-toggle-icon-closed\"><svg class=\"e-font-icon-svg e-fas-caret-right\" viewBox=\"0 0 192 512\" xmlns=\"http:\/\/www.w3.org\/2000\/svg\"><path d=\"M0 384.662V127.338c0-17.818 21.543-26.741 34.142-14.142l128.662 128.662c7.81 7.81 7.81 20.474 0 28.284L34.142 398.804C21.543 411.404 0 402.48 0 384.662z\"><\/path><\/svg><\/span>\n\t\t\t\t\t\t\t\t<span class=\"elementor-toggle-icon-opened\"><svg class=\"elementor-toggle-icon-opened e-font-icon-svg e-fas-caret-up\" viewBox=\"0 0 320 512\" xmlns=\"http:\/\/www.w3.org\/2000\/svg\"><path d=\"M288.662 352H31.338c-17.818 0-26.741-21.543-14.142-34.142l128.662-128.662c7.81-7.81 20.474-7.81 28.284 0l128.662 128.662c12.6 12.599 3.676 34.142-14.142 34.142z\"><\/path><\/svg><\/span>\n\t\t\t\t\t\t\t\t\t\t\t\t\t<\/span>\n\t\t\t\t\t\t\t\t\t\t\t\t<a class=\"elementor-toggle-title\" tabindex=\"0\">KeraBoost Lash &amp; Brow Fiksiraju\u0107i serum Korak 2 (30 ml) <\/a>\n\t\t\t\t\t<\/div>\n\n\t\t\t\t\t<div id=\"elementor-tab-content-1402\" class=\"elementor-tab-content elementor-clearfix\" data-tab=\"2\" role=\"region\" aria-labelledby=\"elementor-tab-title-1402\"><p class=\"\" data-start=\"683\" data-end=\"747\">Drugi korak u postupku liftinga trepavica ili laminacije obrva.<\/p>\n<ul data-start=\"749\" data-end=\"1050\">\n<li class=\"\" data-start=\"749\" data-end=\"828\">\n<p class=\"\" data-start=\"751\" data-end=\"828\">Fiksira novi oblik i smjer dla\u010dica za dugotrajan rezultat.<\/p>\n<\/li>\n<li class=\"\" data-start=\"829\" data-end=\"960\">\n<p class=\"\" data-start=\"831\" data-end=\"960\">Mo\u017ee se koristiti samostalno ili u kombinaciji s <strong data-start=\"863\" data-end=\"885\">KeraTint Lash Tint bojom<\/strong> za istovremeno podizanje i bojenje trepavica \u2014 \u0161tedi vrijeme, a zadr\u017eava savr\u0161en rezultat.<\/p>\n<\/li>\n<li class=\"\" data-start=\"961\" data-end=\"1050\">\n<p class=\"\" data-start=\"963\" data-end=\"1050\">Oboga\u0107en veganskim proteinom i <strong data-start=\"977\" data-end=\"994\">glicerinom<\/strong> za dodatnu meko\u0107u i njegu.<\/p>\n<\/li>\n<\/ul>\n<\/div>\n\t\t\t\t<\/div>\n\t\t\t\t\t\t\t<div class=\"elementor-toggle-item\">\n\t\t\t\t\t<div id=\"elementor-tab-title-1403\" class=\"elementor-tab-title\" data-tab=\"3\" role=\"button\" aria-controls=\"elementor-tab-content-1403\" aria-expanded=\"false\">\n\t\t\t\t\t\t\t\t\t\t\t\t<span class=\"elementor-toggle-icon elementor-toggle-icon-left\" aria-hidden=\"true\">\n\t\t\t\t\t\t\t\t\t\t\t\t\t\t\t<span class=\"elementor-toggle-icon-closed\"><svg class=\"e-font-icon-svg e-fas-caret-right\" viewBox=\"0 0 192 512\" xmlns=\"http:\/\/www.w3.org\/2000\/svg\"><path d=\"M0 384.662V127.338c0-17.818 21.543-26.741 34.142-14.142l128.662 128.662c7.81 7.81 7.81 20.474 0 28.284L34.142 398.804C21.543 411.404 0 402.48 0 384.662z\"><\/path><\/svg><\/span>\n\t\t\t\t\t\t\t\t<span class=\"elementor-toggle-icon-opened\"><svg class=\"elementor-toggle-icon-opened e-font-icon-svg e-fas-caret-up\" viewBox=\"0 0 320 512\" xmlns=\"http:\/\/www.w3.org\/2000\/svg\"><path d=\"M288.662 352H31.338c-17.818 0-26.741-21.543-14.142-34.142l128.662-128.662c7.81-7.81 20.474-7.81 28.284 0l128.662 128.662c12.6 12.599 3.676 34.142-14.142 34.142z\"><\/path><\/svg><\/span>\n\t\t\t\t\t\t\t\t\t\t\t\t\t<\/span>\n\t\t\t\t\t\t\t\t\t\t\t\t<a class=\"elementor-toggle-title\" tabindex=\"0\">KeraTint Lash Tint (10 ml)<\/a>\n\t\t\t\t\t<\/div>\n\n\t\t\t\t\t<div id=\"elementor-tab-content-1403\" class=\"elementor-tab-content elementor-clearfix\" data-tab=\"3\" role=\"region\" aria-labelledby=\"elementor-tab-title-1403\"><p class=\"\" data-start=\"1094\" data-end=\"1155\">Svestrana boja za trepavice koja nagla\u0161ava i produbljuje njihovu prirodnu nijansu.<\/p>\n<ul data-start=\"1157\" data-end=\"1444\">\n<li class=\"\" data-start=\"1157\" data-end=\"1279\">\n<p class=\"\" data-start=\"1159\" data-end=\"1279\">Mo\u017ee se koristiti kao <strong data-start=\"1176\" data-end=\"1209\">samostalan tretman bojenja<\/strong> ili u kombinaciji s <strong data-start=\"1227\" data-end=\"1247\">KeraBoost Korakom 2<\/strong> tijekom postupka liftinga trepavica.<\/p>\n<\/li>\n<li class=\"\" data-start=\"1280\" data-end=\"1352\">\n<p class=\"\" data-start=\"1282\" data-end=\"1352\">Pru\u017ea intenzivnu, postojanu boju i istovremeno pojednostavljuje postupak.<\/p>\n<\/li>\n<li class=\"\" data-start=\"1353\" data-end=\"1444\">\n<p class=\"\" data-start=\"1355\" data-end=\"1444\">Oboga\u0107ena <strong data-start=\"1368\" data-end=\"1385\">veganskim proteinom<\/strong> i <strong data-start=\"1390\" data-end=\"1416\">ekstraktom sjemenki suncokreta<\/strong> za dodatnu njegu i hranjivost.<\/p>\n<\/li>\n<\/ul>\n<\/div>\n\t\t\t\t<\/div>\n\t\t\t\t\t\t\t<div class=\"elementor-toggle-item\">\n\t\t\t\t\t<div id=\"elementor-tab-title-1404\" class=\"elementor-tab-title\" data-tab=\"4\" role=\"button\" aria-controls=\"elementor-tab-content-1404\" aria-expanded=\"false\">\n\t\t\t\t\t\t\t\t\t\t\t\t<span class=\"elementor-toggle-icon elementor-toggle-icon-left\" aria-hidden=\"true\">\n\t\t\t\t\t\t\t\t\t\t\t\t\t\t\t<span class=\"elementor-toggle-icon-closed\"><svg class=\"e-font-icon-svg e-fas-caret-right\" viewBox=\"0 0 192 512\" xmlns=\"http:\/\/www.w3.org\/2000\/svg\"><path d=\"M0 384.662V127.338c0-17.818 21.543-26.741 34.142-14.142l128.662 128.662c7.81 7.81 7.81 20.474 0 28.284L34.142 398.804C21.543 411.404 0 402.48 0 384.662z\"><\/path><\/svg><\/span>\n\t\t\t\t\t\t\t\t<span class=\"elementor-toggle-icon-opened\"><svg class=\"elementor-toggle-icon-opened e-font-icon-svg e-fas-caret-up\" viewBox=\"0 0 320 512\" xmlns=\"http:\/\/www.w3.org\/2000\/svg\"><path d=\"M288.662 352H31.338c-17.818 0-26.741-21.543-14.142-34.142l128.662-128.662c7.81-7.81 20.474-7.81 28.284 0l128.662 128.662c12.6 12.599 3.676 34.142-14.142 34.142z\"><\/path><\/svg><\/span>\n\t\t\t\t\t\t\t\t\t\t\t\t\t<\/span>\n\t\t\t\t\t\t\t\t\t\t\t\t<a class=\"elementor-toggle-title\" tabindex=\"0\">KeraCare Lash &amp; Brow Njeguju\u0107i serum Korak 3 (10 ml)<\/a>\n\t\t\t\t\t<\/div>\n\n\t\t\t\t\t<div id=\"elementor-tab-content-1404\" class=\"elementor-tab-content elementor-clearfix\" data-tab=\"4\" role=\"region\" aria-labelledby=\"elementor-tab-title-1404\"><p class=\"\" data-start=\"1511\" data-end=\"1579\">Zavr\u0161ni korak njege trepavica i obrva nakon liftinga ili laminacije.<\/p>\n<ul data-start=\"1581\" data-end=\"1937\">\n<li class=\"\" data-start=\"1581\" data-end=\"1696\">\n<p class=\"\" data-start=\"1583\" data-end=\"1696\">Intenzivno <strong data-start=\"1595\" data-end=\"1618\">hrani, hidratizira<\/strong> i <strong data-start=\"1624\" data-end=\"1639\">ja\u010da<\/strong> zahvaljuju\u0107i sna\u017enoj kombinaciji <strong data-start=\"1665\" data-end=\"1693\">veganskih i p\u0161eni\u010dnih proteina<\/strong>.<\/p>\n<\/li>\n<li class=\"\" data-start=\"1697\" data-end=\"1786\">\n<p class=\"\" data-start=\"1699\" data-end=\"1786\"><strong data-start=\"1699\" data-end=\"1712\">Ceramidi<\/strong> poma\u017eu u obnavljanju prirodne hidrolipidne barijere i pobolj\u0161avaju strukturu dla\u010dica.<\/p>\n<\/li>\n<li class=\"\" data-start=\"1787\" data-end=\"1855\">\n<p class=\"\" data-start=\"1789\" data-end=\"1855\"><strong data-start=\"1789\" data-end=\"1802\">Trehaloza<\/strong> i <strong data-start=\"1807\" data-end=\"1821\">ulje jojobe<\/strong> pru\u017eaju antioksidativnu za\u0161titu.<\/p>\n<\/li>\n<li class=\"\" data-start=\"1856\" data-end=\"1937\">\n<p class=\"\" data-start=\"1858\" data-end=\"1937\">Mo\u017ee se koristiti i <strong data-start=\"1875\" data-end=\"1893\">prije bojenja<\/strong> kako bi se smanjio rizik od pretamnog rezultata na obrvama.<\/p>\n<\/li>\n<\/ul>\n<\/div>\n\t\t\t\t<\/div>\n\t\t\t\t\t\t\t<div class=\"elementor-toggle-item\">\n\t\t\t\t\t<div id=\"elementor-tab-title-1405\" class=\"elementor-tab-title\" data-tab=\"5\" role=\"button\" aria-controls=\"elementor-tab-content-1405\" aria-expanded=\"false\">\n\t\t\t\t\t\t\t\t\t\t\t\t<span class=\"elementor-toggle-icon elementor-toggle-icon-left\" aria-hidden=\"true\">\n\t\t\t\t\t\t\t\t\t\t\t\t\t\t\t<span class=\"elementor-toggle-icon-closed\"><svg class=\"e-font-icon-svg e-fas-caret-right\" viewBox=\"0 0 192 512\" xmlns=\"http:\/\/www.w3.org\/2000\/svg\"><path d=\"M0 384.662V127.338c0-17.818 21.543-26.741 34.142-14.142l128.662 128.662c7.81 7.81 7.81 20.474 0 28.284L34.142 398.804C21.543 411.404 0 402.48 0 384.662z\"><\/path><\/svg><\/span>\n\t\t\t\t\t\t\t\t<span class=\"elementor-toggle-icon-opened\"><svg class=\"elementor-toggle-icon-opened e-font-icon-svg e-fas-caret-up\" viewBox=\"0 0 320 512\" xmlns=\"http:\/\/www.w3.org\/2000\/svg\"><path d=\"M288.662 352H31.338c-17.818 0-26.741-21.543-14.142-34.142l128.662-128.662c7.81-7.81 20.474-7.81 28.284 0l128.662 128.662c12.6 12.599 3.676 34.142-14.142 34.142z\"><\/path><\/svg><\/span>\n\t\t\t\t\t\t\t\t\t\t\t\t\t<\/span>\n\t\t\t\t\t\t\t\t\t\t\t\t<a class=\"elementor-toggle-title\" tabindex=\"0\">Koraci postupka liftinga trepavica<\/a>\n\t\t\t\t\t<\/div>\n\n\t\t\t\t\t<div id=\"elementor-tab-content-1405\" class=\"elementor-tab-content elementor-clearfix\" data-tab=\"5\" role=\"region\" aria-labelledby=\"elementor-tab-title-1405\"><p class=\"\" data-start=\"1511\" data-end=\"1579\">1) Analizirajte stanje trepavica klijentice<\/p>\n<p>Odredite vrijeme djelovanja i vrstu otopine \u2014 KeraSoft Lash &amp; Brow Lifting Serum Korak 1 ili KeraSoft Lash Lifting Serum Korak 1, prema uputama u nastavku:<\/p>\n<p>1. tip: trepavice su guste i ravne, bez prethodnih kemijskih tretmana (lifting, bojenje ili izbjeljivanje) \u2014 koristi se KeraSoft Lash Lifting Serum Korak 1, vrijeme djelovanja 8\u201310 minuta.<\/p>\n<p>2. tip: trepavice su srednje debljine ili tanke, bez prethodnih kemijskih tretmana (lifting, bojenje ili izbjeljivanje) \u2014 koristi se KeraSoft Lash Lifting Serum Korak 1, vrijeme djelovanja 5\u20137 minuta.<\/p>\n<p>3. tip: trepavice su srednje debljine i prethodno su bile podvrgnute kemijskim tretmanima (lifting, bojenje ili izbjeljivanje) \u2014 koristi se KeraSoft Lash &amp; Brow Lifting Serum Korak 1, vrijeme djelovanja 8\u201310 minuta.<\/p>\n<p>4. tip: trepavice su tanke i prethodno su bile podvrgnute kemijskim tretmanima (lifting, bojenje ili izbjeljivanje) \u2014 koristi se KeraSoft Lash &amp; Brow Lifting Serum Korak 1, vrijeme djelovanja 5\u20137 minuta.<\/p>\n<p>NAPOMENA: maksimalno vrijeme djelovanja seruma KeraSoft Lash &amp; Brow Lifting Serum Korak 1 i KeraSoft Lash Lifting Serum Korak 1 iznosi 10 minuta. <\/p>\n<p>NAPOMENA: temperatura zraka u prostoriji izravno utje\u010de na brzinu djelovanja otopine \u2014 \u0161to je temperatura vi\u0161a, vrijeme reakcije je kra\u0107e.  <\/p>\n<p>Vrijeme djelovanja seruma KeraBoost Lash &amp; Brow Fiksiraju\u0107i serum Korak 2 iznosi 7 minuta i ne ovisi o stanju trepavica klijentice niti o vremenu djelovanja seruma KeraSoft Lash &amp; Brow Lifting Serum Korak 1 ili KeraSoft Lash Lifting Serum Korak 1.<\/p>\n<p>2) Pripremite trepavice za postupak liftinga<\/p>\n<p>2.1 Koristite \u00c9LAN Detox-Mousse za \u010di\u0161\u0107enje trepavica prije postupka liftinga. Uklonite pjenu vatom navla\u017eenom vodom. <\/p>\n<p>2.2 Postavite silikonski jastu\u010di\u0107 odgovaraju\u0107e veli\u010dine na gornji kapak.<\/p>\n<p>2.3 Rasporedite i u\u010dvrstite trepavice na silikonskom jastu\u010di\u0107u pomo\u0107u fixing gela TM \u00c9LAN professional line i aplikatora.<\/p>\n<p>3) Oblikujte uvijenost trepavica \u2014 KeraSoft Lash &amp; Brow Lifting Serum Korak 1 ili KeraSoft Lash Lifting Serum Korak 1<\/p>\n<p>3.1 Nanesite KeraSoft Korak 1 na podru\u010dje formiranja uvijenosti trepavica. Vrijeme djelovanja: 5\u201310 minuta. <\/p>\n<p>NAPOMENA: vrijeme djelovanja i vrsta otopine (KeraSoft Lash &amp; Brow Lifting Serum Korak 1 ili KeraSoft Lash Lifting Serum Korak 1) moraju odgovarati uputama za odabrani tip trepavica. <\/p>\n<p>3.2 Uklonite vi\u0161ak otopine suhim kistom za \u0161minku u smjeru rasta trepavica, a zatim mikro\u010detkicom ili vatom navla\u017eenom vodom.<\/p>\n<p>4) Fiksirajte smjer trepavica \u2014 KeraBoost Lash &amp; Brow Fiksiraju\u0107i serum Korak 2<\/p>\n<p>4.1 Fiksiranje smjera trepavica bez bojenja<\/p>\n<p>4.1.1. Nanesite deblji sloj KeraBoost Lash &amp; Brow Fiksiraju\u0107eg seruma Korak 2 na cijelo podru\u010dje trepavica. Vrijeme djelovanja: 7 minuta. <\/p>\n<p>4.1.2 Uklonite vi\u0161ak otopine najprije suhim kistom za \u0161minku u smjeru rasta trepavica, zatim mikro\u010detkicom ili vatom navla\u017eenom vodom ili \u00c9LAN Detox-Mousse pjenom. Ako koristite \u00c9LAN Detox-Mousse, pjenu uklonite vatom navla\u017eenom vodom. <\/p>\n<p>4.2 Fiksiranje smjera trepavica uz bojenje na jastu\u010di\u0107u \u2014 KeraBoost Lash &amp; Brow Fiksiraju\u0107i serum Korak 2 + KeraTint Lash Tint<\/p>\n<p>4.2.1 Pomije\u0161ajte KeraTint Lash Tint i KeraBoost Lash &amp; Brow Fiksiraju\u0107i serum Korak 2 u omjeru 1:2 u nemetalnoj posudici.<\/p>\n<p>NAPOMENA: boja proizvoda u bo\u010dici mo\u017ee varirati od svijetlosme\u0111e do crne zbog kontakta s zrakom nakon otvaranja pakiranja. To je uobi\u010dajeno za sastojke u formuli boje i ne utje\u010de na krajnji rezultat bojenja trepavica.  <\/p>\n<p>4.2.2 Nanesite deblji sloj smjese na cijelo podru\u010dje trepavica. Vrijeme djelovanja: 7 minuta. <\/p>\n<p>4.2.3 Uklonite vi\u0161ak otopine najprije suhim kistom za \u0161minku, prate\u0107i smjer rasta trepavica.<br \/>Zatim o\u010distite mikro\u010detkicom ili vatom navla\u017eenom vodom ili \u00c9LAN Detox-Mousse pjenom.<br \/>Ako koristite \u00c9LAN Detox-Mousse, nakon \u010di\u0161\u0107enja uklonite pjenu vatom navla\u017eenom vodom. <\/p>\n<p>4.2.4 Nanesite \u00c9LAN Colour Fix za fiksiranje postignutog rezultata.<\/p>\n<p>5) Njega trepavica \u2014 KeraCare Lash &amp; Brow Njeguju\u0107i serum Korak 3<\/p>\n<p>5.1 Nakon kori\u0161tenja KeraBoost Lash &amp; Brow Fiksiraju\u0107eg seruma Korak 2 ili smjese KeraTint Lash Tint + KeraBoost Lash &amp; Brow Fiksiraju\u0107i serum Korak 2, nanesite malu koli\u010dinu KeraCare Lash &amp; Brow Njeguju\u0107eg seruma Korak 3 na o\u010di\u0161\u0107ene trepavice i ravnomjerno rasporedite.<br \/>Ostavite da se potpuno upije. Ne ispirati.  <\/p>\n<p>PREPORUKE NAKON LASH LIFT TRETMANA<\/p>\n<p>! Preporu\u010duje se izbjegavati saune, solarije te bilo kakvo mehani\u010dko o\u0161te\u0107enje oblikovanih trepavica (npr. spavanje licem na jastuku). Trepavice se ne smiju \u010de\u0161ljati unutar 24 sata nakon tretmana.<\/p>\n<p>! Preporu\u010duje se izbjegavati kori\u0161tenje agresivnih kozmeti\u010dkih proizvoda te provo\u0111enje intenzivnih kozmeti\u010dkih tretmana (poput pilinga, kemijskih eksfolijacija, losiona na bazi alkohola ili laserskih tretmana) 48 sati nakon postupka.<\/p>\n<p>KONTRAINDIKACIJE ZA LASH LIFT TRETMAN<\/p>\n<p>Apsolutne kontraindikacije za lash lift tretman uklju\u010duju: individualnu preosjetljivost na sastojke otopine, o\u0161te\u0107enja ko\u017ee u podru\u010dju oko o\u010diju, crvenilo, osipe bilo kojeg podrijetla, alergijske reakcije te posjet solariju ili provo\u0111enje laserskih tretmana unutar 24 sata prije postupka.<\/p>\n<p>UPOZORENJE<\/p>\n<p>KeraSoft sadr\u017ei tioglikolat i amonijak, KeraBoost sadr\u017ei vodikov peroksid, a KeraTint sadr\u017ei fenilendiamin, toluilendiamine i resorcinol.Proizvodi mogu izazvati alergijske reakcije. Potrebno je provesti test osjetljivosti ko\u017ee prije upotrebe: nanesite 2 kapi svake otopine na mali dio ko\u017ee unutarnjeg dijela lakta 48 sati prije upotrebe.<br \/>Ako se ne pojavi crvenilo, upala ili osip \u2014 tretman se mo\u017ee sigurno provesti.   <\/p>\n<p>Samo za profesionalnu upotrebu. Pa\u017eljivo pro\u010ditajte i slijedite upute za primjenu. Nosite za\u0161titne rukavice. Samo za vanjsku upotrebu. Ne koristite metalne predmete tijekom rada s proizvodima. Izbjegavajte kontakt s o\u010dima. U slu\u010daju kontakta s o\u010dima, odmah isperite vodom. Ako se pojavi alergijska reakcija, obratite se dermatologu.       <\/p>\n<p>KeraTint nije namijenjen za upotrebu kod osoba mla\u0111ih od 16 godina. Privremene tetova\u017ee s \u201ecrnom kanom\u201d mogu pove\u0107ati rizik od alergijske reakcije. Ne bojte trepavice ako:  <\/p>\n<p>\u2013 imate osip na licu ili osjetljivo, nadra\u017eeno ili o\u0161te\u0107eno vlasi\u0161te;<\/p>\n<p>\u2013 ste ikada imali reakciju nakon bojenja kose ili trepavica;<\/p>\n<p>\u2013 ste u pro\u0161losti imali reakciju na privremenu tetova\u017eu s \u201ecrnom kanom\u201d.<\/p>\n<\/div>\n\t\t\t\t<\/div>\n\t\t\t\t\t\t\t\t<\/div>\n\t\t\t\t\t\t<\/div>\n\t\t\t\t<\/div>\n\t\t\t\t<\/div>\n\t\t\t\t\t<\/div>\n\t\t\t\t<\/div>\n\t\t\t\t<\/div>\n\t\t","protected":false},"excerpt":{"rendered":"<p class=\"\" data-start=\"222\" data-end=\"388\">Postignite zapanjuju\u0107e, profesionalne rezultate uz ovaj set za podizanje trepavica s KeraVEG sustavom \u2014 biljnom inovacijom koja poti\u010de zdravije i sna\u017enije trepavice.<\/p>\n<p class=\"\" data-start=\"390\" data-end=\"407\">Set sadr\u017ei:<\/p>\n<ol data-start=\"409\" data-end=\"639\">\n<li class=\"\" data-start=\"409\" data-end=\"467\">\n<p class=\"\" data-start=\"412\" data-end=\"467\">KeraSoft Lash Lifting Serum Korak 1 (10 ml) \u2013 1 kom<\/p>\n<\/li>\n<li class=\"\" data-start=\"468\" data-end=\"533\">\n<p class=\"\" data-start=\"471\" data-end=\"533\">KeraBoost Lash &amp; Brow Fiksiraju\u0107i serum Korak 2 (30 ml) \u2013 1 kom<\/p>\n<\/li>\n<li class=\"\" data-start=\"577\" data-end=\"639\">\n<p class=\"\" data-start=\"580\" data-end=\"639\">KeraCare Lash &amp; Brow Njeguju\u0107i serum Korak 3 (10 ml) \u2013 1 kom<\/p>\n<\/li>\n<\/ol>\n[cg_accordion title=\"Sastojci\"]<\/p>\n<p>1. KeraSoft za trepavice:<br \/>\nAqua, Thioglycolic Acid, Cetearyl Alcohol, Ethanolamine, Ammonium Hydroxide, Cysteamine HCl, Propylene Glycol, Paraffinum Liquidum, Dimethylamino Methylpropanol, Ethylhexyl Stearate, Sodium Erythorbate, Isopropyl Palmitate, Ceteareth-20, Ethylhexylglycerin, Trehalose, Simmondsia Chinensis Seed Oil, Cetrimonium Chloride, Disodium EDTA, Polyquaternium-22, Hydrolyzed Vegetable Protein, Phenoxyethanol, Sodium Benzoate, Benzyl Alcohol, Dehydroacetic Acid, Citric Acid, Parfum, Limonene, Linalool.<\/p>\n<p>2. KeraBoost:<br \/>\nAqua, Cetearyl Alcohol, Glycerin, Hydrogen Peroxide, Ceteareth-20, Isopropyl Palmitate, Phosphoric Acid, Cetrimonium Chloride, Citric Acid, Ethylhexyl Stearate, Disodium EDTA, Tetrasodium Pyrophosphate, Sodium Stannate, Sodium Carbonate, Sodium Hydroxide, Hydrolyzed Vegetable Protein, Benzyl Alcohol, Dehydroacetic Acid.<\/p>\n<p>3. KeraCare:<br \/>\nAqua, Cetearyl Alcohol, Glycerin, Hydrogenated Polyisobutene, Dicaprylyl Ether, Cetyl Esters, Trehalose, Phenoxyethanol, Ethylhexylglycerin, Glucosyl Ceramide, Phospholipids, Acrylates\/C10-30 Alkyl Acrylate Crosspolymer, Cholesterol, Sodium Hydroxide, Ceteareth-20, Simmondsia Chinensis Seed Oil, Hydrolyzed Wheat Protein, Hydroxyethylcellulose, Hydrolyzed Vegetable Protein, Tocopherol, Potassium Sorbate, Benzyl Alcohol, Dehydroacetic Acid, Sodium Chloride, Sodium Sulfate, Parfum, Citric Acid, CI 61570, CI 47005.<\/p>\n<p>[\/cg_accordion]\n","protected":false},"featured_media":21706,"template":"","meta":{"_acf_changed":false,"_monsterinsights_skip_tracking":false,"_monsterinsights_sitenote_active":false,"_monsterinsights_sitenote_note":"","_monsterinsights_sitenote_category":0},"product_brand":[],"product_cat":[587,540,531,534,616,558,553,552,529],"product_tag":[],"class_list":{"0":"post-24655","1":"product","2":"type-product","3":"status-publish","4":"has-post-thumbnail","6":"product_cat-ekskluzivni-setovi","7":"product_cat-elan-hr","8":"product_cat-istrazi-po-brendu","9":"product_cat-korean-lash-lift-hr","10":"product_cat-lash-lift-hr-8","11":"product_cat-lash-lift-hr-3","12":"product_cat-najprodavaniji-proizvodi","13":"product_cat-setovi-za-trepavice","14":"product_cat-trepavice","16":"first","17":"instock","18":"taxable","19":"shipping-taxable","20":"purchasable","21":"product-type-simple"},"acf":[],"aioseo_notices":[],"_links":{"self":[{"href":"https:\/\/browsomepro.com\/hr\/wp-json\/wp\/v2\/product\/24655","targetHints":{"allow":["GET"]}}],"collection":[{"href":"https:\/\/browsomepro.com\/hr\/wp-json\/wp\/v2\/product"}],"about":[{"href":"https:\/\/browsomepro.com\/hr\/wp-json\/wp\/v2\/types\/product"}],"version-history":[{"count":4,"href":"https:\/\/browsomepro.com\/hr\/wp-json\/wp\/v2\/product\/24655\/revisions"}],"predecessor-version":[{"id":27985,"href":"https:\/\/browsomepro.com\/hr\/wp-json\/wp\/v2\/product\/24655\/revisions\/27985"}],"wp:featuredmedia":[{"embeddable":true,"href":"https:\/\/browsomepro.com\/hr\/wp-json\/wp\/v2\/media\/21706"}],"wp:attachment":[{"href":"https:\/\/browsomepro.com\/hr\/wp-json\/wp\/v2\/media?parent=24655"}],"wp:term":[{"taxonomy":"product_brand","embeddable":true,"href":"https:\/\/browsomepro.com\/hr\/wp-json\/wp\/v2\/product_brand?post=24655"},{"taxonomy":"product_cat","embeddable":true,"href":"https:\/\/browsomepro.com\/hr\/wp-json\/wp\/v2\/product_cat?post=24655"},{"taxonomy":"product_tag","embeddable":true,"href":"https:\/\/browsomepro.com\/hr\/wp-json\/wp\/v2\/product_tag?post=24655"}],"curies":[{"name":"wp","href":"https:\/\/api.w.org\/{rel}","templated":true}]}}