{"id":25876,"date":"2024-02-09T10:34:18","date_gmt":"2024-02-09T09:34:18","guid":{"rendered":"https:\/\/browsomepro.com\/politika-privatnosti\/"},"modified":"2025-11-18T20:08:10","modified_gmt":"2025-11-18T19:08:10","slug":"politika-privatnosti","status":"publish","type":"page","link":"https:\/\/browsomepro.com\/hr\/politika-privatnosti\/","title":{"rendered":"Politika privatnosti"},"content":{"rendered":"\t\t<div data-elementor-type=\"wp-page\" data-elementor-id=\"25876\" class=\"elementor elementor-25876 elementor-3\" data-elementor-post-type=\"page\">\n\t\t\t\t<div class=\"elementor-element elementor-element-de1f829 e-flex e-con-boxed e-con e-parent\" data-id=\"de1f829\" data-element_type=\"container\">\n\t\t\t\t\t<div class=\"e-con-inner\">\n\t\t\t\t<div class=\"elementor-element elementor-element-c3cdeb1 elementor-widget elementor-widget-heading\" data-id=\"c3cdeb1\" data-element_type=\"widget\" data-widget_type=\"heading.default\">\n\t\t\t\t<div class=\"elementor-widget-container\">\n\t\t\t\t\t<h2 class=\"elementor-heading-title elementor-size-default\">Politika privatnosti i kola\u010di\u0107i<\/h2>\t\t\t\t<\/div>\n\t\t\t\t<\/div>\n\t\t\t\t<div class=\"elementor-element elementor-element-011bf39 elementor-widget elementor-widget-text-editor\" data-id=\"011bf39\" data-element_type=\"widget\" data-widget_type=\"text-editor.default\">\n\t\t\t\t<div class=\"elementor-widget-container\">\n\t\t\t\t\t\t\t\t\t<div data-id=\"68cbc21\" data-element_type=\"widget\" data-widget_type=\"heading.default\" style=\"flex-basis: var(--flex-basis); flex-grow: var(--flex-grow); flex-shrink: var(--flex-shrink); order: var(--order); align-self: var(--align-self); flex-direction: var(--flex-direction); flex-wrap: var(--flex-wrap); justify-content: var(--justify-content); align-items: var(--align-items); align-content: var(--align-content); gap: var(--gap); --swiper-theme-color: #000; --swiper-navigation-size: 44px; --swiper-pagination-bullet-size: 6px; --swiper-pagination-bullet-horizontal-gap: 6px; --widgets-spacing: 20px 20px; width: 1230px; margin-block-end: 20px; caret-color: rgb(0, 0, 0); font-family: Karla;\">\n<div style=\"transition: background 0.3s,border 0.3s,border-radius 0.3s,box-shadow 0.3s,transform var(--e-transform-transition-duration,0.4s); margin: 0px 0px -10px;\">\n<h2 style=\"margin-bottom: 0px; color: rgb(0, 0, 0); font-size: 28px; font-family: \"Marcellus SC\", sans-serif;\">Za\u0161tita osobnih podataka<\/h2>\n<\/div>\n<\/div>\n<div data-id=\"3ac9878\" data-element_type=\"widget\" data-widget_type=\"text-editor.default\" style=\"flex-basis: var(--flex-basis); flex-grow: var(--flex-grow); flex-shrink: var(--flex-shrink); order: var(--order); align-self: var(--align-self); flex-direction: var(--flex-direction); flex-wrap: var(--flex-wrap); justify-content: var(--justify-content); align-items: var(--align-items); align-content: var(--align-content); gap: var(--gap); --swiper-theme-color: #000; --swiper-navigation-size: 44px; --swiper-pagination-bullet-size: 6px; --swiper-pagination-bullet-horizontal-gap: 6px; --widgets-spacing: 20px 20px; color: rgb(44, 44, 44); font-family: Karla, sans-serif; width: 1230px; margin-block-end: 20px; font-size: 15px;\">\n<div style=\"transition: background 0.3s,border 0.3s,border-radius 0.3s,box-shadow 0.3s,transform var(--e-transform-transition-duration,0.4s); margin: 0px 0px -10px;\">\n<p style=\"margin-bottom: 1.41575em;\">Poduze\u0107e SOLNI HRAM d.o.o., \u0160entjan\u017e pri Dravogradu 175, 2373 \u0160entjan\u017e pri Dravogradu (u nastavku: \u00bbmi\u00ab) prikuplja osobne podatke na na\u010din kako to zahtijeva ili dopu\u0161ta zakonodavstvo. Svi prikupljeni osobni podaci tretiraju se kao povjerljivi. SOLNI HRAM d.o.o. obvezuje se trajno \u010duvati sve osobne podatke kupca. Osobne podatke (ime i prezime, adresu, adresu e-po\u0161te, korisni\u010dko ime i lozinku, PDV ID broj \u2013 ako ste pravna osoba, telefonski broj, naru\u010deni proizvod i postavke te sve ostale podatke koje korisnik dobrovoljno unese u svoj profil ili web-trgovinu) koristit \u0107emo isklju\u010divo za potrebe izvr\u0161enja narud\u017ebe, slanje reklamnog i informativnog materijala, ponuda, ra\u010duna te ostale potrebne komunikacije.<br \/>Podaci korisnika ni u kojem slu\u010daju ne\u0107e biti proslije\u0111eni neovla\u0161tenim osobama.    <\/p>\n<\/div>\n<\/div>\n<div data-id=\"da24331\" data-element_type=\"widget\" data-widget_type=\"heading.default\" style=\"flex-basis: var(--flex-basis); flex-grow: var(--flex-grow); flex-shrink: var(--flex-shrink); order: var(--order); align-self: var(--align-self); flex-direction: var(--flex-direction); flex-wrap: var(--flex-wrap); justify-content: var(--justify-content); align-items: var(--align-items); align-content: var(--align-content); gap: var(--gap); --swiper-theme-color: #000; --swiper-navigation-size: 44px; --swiper-pagination-bullet-size: 6px; --swiper-pagination-bullet-horizontal-gap: 6px; --widgets-spacing: 20px 20px; width: 1230px; margin-block-end: 20px; caret-color: rgb(0, 0, 0); font-family: Karla;\">\n<div style=\"transition: background 0.3s,border 0.3s,border-radius 0.3s,box-shadow 0.3s,transform var(--e-transform-transition-duration,0.4s); margin: 0px 0px -10px;\">\n<h2 style=\"margin-bottom: 0px; color: rgb(0, 0, 0); font-size: 28px; font-family: \"Marcellus SC\", sans-serif;\">Kola\u010di\u0107i<\/h2>\n<\/div>\n<\/div>\n<div data-id=\"316909a\" data-element_type=\"widget\" data-widget_type=\"text-editor.default\" style=\"flex-basis: var(--flex-basis); flex-grow: var(--flex-grow); flex-shrink: var(--flex-shrink); order: var(--order); align-self: var(--align-self); flex-direction: var(--flex-direction); flex-wrap: var(--flex-wrap); justify-content: var(--justify-content); align-items: var(--align-items); align-content: var(--align-content); gap: var(--gap); --swiper-theme-color: #000; --swiper-navigation-size: 44px; --swiper-pagination-bullet-size: 6px; --swiper-pagination-bullet-horizontal-gap: 6px; --widgets-spacing: 20px 20px; color: rgb(44, 44, 44); font-family: Karla, sans-serif; width: 1230px; margin-block-end: 20px; font-size: 15px;\">\n<div style=\"transition: background 0.3s,border 0.3s,border-radius 0.3s,box-shadow 0.3s,transform var(--e-transform-transition-duration,0.4s); margin: 0px 0px -10px;\">\n<p style=\"margin-bottom: 1.41575em;\">Na\u0161a web-stranica koristi kola\u010di\u0107e koji posjetiteljima i korisnicima omogu\u0107uju prikaz i upotrebu stranica prilago\u0111enu njihovim \u017eeljama. Kola\u010di\u0107 je mala tekstualna datoteka koju web-poslu\u017eitelj sprema na disk va\u0161eg ra\u010dunala. Glavna svrha kola\u010di\u0107a je pohrana va\u0161ih postavki i drugih podataka kako ih pri sljede\u0107em posjetu na\u0161im stranicama ne biste morali ponovno unositi. Upotreba kola\u010di\u0107a uobi\u010dajena je na ve\u0107ini web-mjesta. Standardne postavke preglednika omogu\u0107uju njihovo kori\u0161tenje. Ako se s njihovom upotrebom ne sla\u017eete, mo\u017eete promijeniti postavke preglednika i onemogu\u0107iti prihva\u0107anje kola\u010di\u0107a, no to mo\u017ee ograni\u010diti mogu\u0107nost kori\u0161tenja na\u0161e web-stranice. \u010cak i ako ih prihvatite, kola\u010di\u0107e kasnije uvijek mo\u017eete izbrisati pomo\u0107u alata u svom pregledniku.<br \/>Kola\u010di\u0107e koristimo isklju\u010divo radi boljeg korisni\u010dkog iskustva svakog posjetitelja ili korisnika.       <\/p>\n<p style=\"margin-bottom: 1.41575em;\">Na\u0161a web-stranica prikuplja i podatke o va\u0161em kori\u0161tenju na\u0161e stranice i usluga. Na primjer, putem alata za analitiku mo\u017eemo iz va\u0161eg preglednika dobiti informacije o tome s koje ste stranice do\u0161li, kako ste nas prona\u0161li, koje ste stranice pregledali na na\u0161em web-mjestu te koje postavke preglednika koristite. Tako\u0111er prikupljamo uobi\u010dajene podatke koje preglednik \u0161alje svakom web-mjestu koje posjetite, poput IP adrese, vrste i jezika preglednika, vremena pristupa i adresa posje\u0107enih stranica. Svi ovi podaci koriste se isklju\u010divo za statistiku posje\u0107enosti na\u0161e web-stranice.   <\/p>\n<\/div>\n<\/div>\n<div data-id=\"b04a3ab\" data-element_type=\"widget\" data-widget_type=\"heading.default\" style=\"flex-basis: var(--flex-basis); flex-grow: var(--flex-grow); flex-shrink: var(--flex-shrink); order: var(--order); align-self: var(--align-self); flex-direction: var(--flex-direction); flex-wrap: var(--flex-wrap); justify-content: var(--justify-content); align-items: var(--align-items); align-content: var(--align-content); gap: var(--gap); --swiper-theme-color: #000; --swiper-navigation-size: 44px; --swiper-pagination-bullet-size: 6px; --swiper-pagination-bullet-horizontal-gap: 6px; --widgets-spacing: 20px 20px; width: 1230px; margin-block-end: 20px; caret-color: rgb(0, 0, 0); font-family: Karla;\">\n<div style=\"transition: background 0.3s,border 0.3s,border-radius 0.3s,box-shadow 0.3s,transform var(--e-transform-transition-duration,0.4s); margin: 0px 0px -10px;\">\n<h2 style=\"margin-bottom: 0px; color: rgb(0, 0, 0); font-size: 28px; font-family: \"Marcellus SC\", sans-serif;\">Prednosti kola\u010di\u0107a<\/h2>\n<\/div>\n<\/div>\n<div data-id=\"872d660\" data-element_type=\"widget\" data-widget_type=\"text-editor.default\" style=\"flex-basis: var(--flex-basis); flex-grow: var(--flex-grow); flex-shrink: var(--flex-shrink); order: var(--order); align-self: var(--align-self); flex-direction: var(--flex-direction); flex-wrap: var(--flex-wrap); justify-content: var(--justify-content); align-items: var(--align-items); align-content: var(--align-content); gap: var(--gap); --swiper-theme-color: #000; --swiper-navigation-size: 44px; --swiper-pagination-bullet-size: 6px; --swiper-pagination-bullet-horizontal-gap: 6px; --widgets-spacing: 20px 20px; color: rgb(44, 44, 44); font-family: Karla, sans-serif; width: 1230px; margin-block-end: 20px; font-size: 15px;\">\n<div style=\"transition: background 0.3s,border 0.3s,border-radius 0.3s,box-shadow 0.3s,transform var(--e-transform-transition-duration,0.4s); margin: 0px 0px -10px;\">\n<p style=\"margin-bottom: 1.41575em;\">Ako koristite isti ure\u0111aj i preglednik, kola\u010di\u0107i su vrlo korisni jer mogu, primjerice, zapamtiti va\u0161e postavke, pomo\u0107i nam pratiti kako koristite na\u0161e stranice te u\u010diniti prikazani sadr\u017eaj prilago\u0111enijim va\u0161im interesima i potrebama. Nijedan kola\u010di\u0107 koji koristimo na na\u0161im web-stranicama ne prikuplja podatke pomo\u0107u kojih bi vas se moglo osobno identificirati. U nastavku se nalazi tablica s glavnim kola\u010di\u0107ima koji se koriste na na\u0161im stranicama, uz obja\u0161njenje njihove namjene.  <\/p>\n<p style=\"margin-bottom: 1.41575em;\"><strong>Vrijeme pohrane kola\u010di\u0107a<\/strong><br \/>Ovisi o vrsti kola\u010di\u0107a. Kola\u010di\u0107i sesije isteknu kada zatvorite web-preglednik. Trajni kola\u010di\u0107i mogu iste\u0107i nakon nekoliko mjeseci ili \u010dak nekoliko godina.  <\/p>\n<\/div>\n<\/div>\n<div data-id=\"c95901f\" data-element_type=\"widget\" data-widget_type=\"heading.default\" style=\"flex-basis: var(--flex-basis); flex-grow: var(--flex-grow); flex-shrink: var(--flex-shrink); order: var(--order); align-self: var(--align-self); flex-direction: var(--flex-direction); flex-wrap: var(--flex-wrap); justify-content: var(--justify-content); align-items: var(--align-items); align-content: var(--align-content); gap: var(--gap); --swiper-theme-color: #000; --swiper-navigation-size: 44px; --swiper-pagination-bullet-size: 6px; --swiper-pagination-bullet-horizontal-gap: 6px; --widgets-spacing: 20px 20px; width: 1230px; margin-block-end: 20px; caret-color: rgb(0, 0, 0); font-family: Karla;\">\n<div style=\"transition: background 0.3s,border 0.3s,border-radius 0.3s,box-shadow 0.3s,transform var(--e-transform-transition-duration,0.4s); margin: 0px 0px -10px;\">\n<h2 style=\"margin-bottom: 0px; color: rgb(0, 0, 0); font-size: 28px; font-family: \"Marcellus SC\", sans-serif;\">Upravljanje i brisanje kola\u010di\u0107a<\/h2>\n<\/div>\n<\/div>\n<div data-id=\"9730cdb\" data-element_type=\"widget\" data-widget_type=\"text-editor.default\" style=\"flex-basis: var(--flex-basis); flex-grow: var(--flex-grow); flex-shrink: var(--flex-shrink); order: var(--order); align-self: var(--align-self); flex-direction: var(--flex-direction); flex-wrap: var(--flex-wrap); justify-content: var(--justify-content); align-items: var(--align-items); align-content: var(--align-content); gap: var(--gap); --swiper-theme-color: #000; --swiper-navigation-size: 44px; --swiper-pagination-bullet-size: 6px; --swiper-pagination-bullet-horizontal-gap: 6px; --widgets-spacing: 20px 20px; color: rgb(44, 44, 44); font-family: Karla, sans-serif; width: 1230px; font-size: 15px;\">\n<div style=\"transition: background 0.3s,border 0.3s,border-radius 0.3s,box-shadow 0.3s,transform var(--e-transform-transition-duration,0.4s); margin: 0px 0px -10px;\">\n<p style=\"margin-bottom: 1.41575em;\">Kori\u0161tenjem ove web-stranice pristajete na postavljanje kola\u010di\u0107a na svoje ra\u010dunalo ili mobilni ure\u0111aj.<\/p>\n<p style=\"margin-bottom: 1.41575em;\">Ako \u017eelite promijeniti na\u010din na koji va\u0161 preglednik koristi kola\u010di\u0107e \u2014 uklju\u010duju\u0107i njihovo blokiranje ili brisanje \u2014 to mo\u017eete u\u010diniti promjenom postavki preglednika. Postupak upravljanja i brisanja kola\u010di\u0107a razlikuje se ovisno o pregledniku koji koristite. Da biste saznali kako to u\u010diniti u odre\u0111enom pregledniku, mo\u017eete upotrijebiti funkciju \u201ePomo\u0107\u201d u pregledniku ili posjetiti stranicu http:\/\/www.aboutcookies.org, koja korak po korak obja\u0161njava upravljanje i brisanje kola\u010di\u0107a u ve\u0107ini preglednika.  <\/p>\n<\/div>\n<\/div>\n\t\t\t\t\t\t\t\t<\/div>\n\t\t\t\t<\/div>\n\t\t\t\t\t<\/div>\n\t\t\t\t<\/div>\n\t\t\t\t<\/div>\n\t\t","protected":false},"excerpt":{"rendered":"<p>Politika privatnosti i kola\u010di\u0107i Za\u0161tita osobnih podataka Poduze\u0107e SOLNI HRAM d.o.o., \u0160entjan\u017e pri Dravogradu 175, 2373 \u0160entjan\u017e pri Dravogradu (u nastavku: \u00bbmi\u00ab) prikuplja osobne podatke na na\u010din kako to zahtijeva ili dopu\u0161ta zakonodavstvo. Svi prikupljeni osobni podaci tretiraju se kao povjerljivi. SOLNI HRAM d.o.o. obvezuje se trajno \u010duvati sve osobne podatke kupca. Osobne podatke (ime [&hellip;]<\/p>\n","protected":false},"author":1,"featured_media":0,"parent":0,"menu_order":0,"comment_status":"closed","ping_status":"open","template":"template-canvas.php","meta":{"_acf_changed":false,"_monsterinsights_skip_tracking":false,"_monsterinsights_sitenote_active":false,"_monsterinsights_sitenote_note":"","_monsterinsights_sitenote_category":0,"footnotes":""},"class_list":["post-25876","page","type-page","status-publish","hentry"],"acf":[],"aioseo_notices":[],"_links":{"self":[{"href":"https:\/\/browsomepro.com\/hr\/wp-json\/wp\/v2\/pages\/25876","targetHints":{"allow":["GET"]}}],"collection":[{"href":"https:\/\/browsomepro.com\/hr\/wp-json\/wp\/v2\/pages"}],"about":[{"href":"https:\/\/browsomepro.com\/hr\/wp-json\/wp\/v2\/types\/page"}],"author":[{"embeddable":true,"href":"https:\/\/browsomepro.com\/hr\/wp-json\/wp\/v2\/users\/1"}],"replies":[{"embeddable":true,"href":"https:\/\/browsomepro.com\/hr\/wp-json\/wp\/v2\/comments?post=25876"}],"version-history":[{"count":3,"href":"https:\/\/browsomepro.com\/hr\/wp-json\/wp\/v2\/pages\/25876\/revisions"}],"predecessor-version":[{"id":26015,"href":"https:\/\/browsomepro.com\/hr\/wp-json\/wp\/v2\/pages\/25876\/revisions\/26015"}],"wp:attachment":[{"href":"https:\/\/browsomepro.com\/hr\/wp-json\/wp\/v2\/media?parent=25876"}],"curies":[{"name":"wp","href":"https:\/\/api.w.org\/{rel}","templated":true}]}}